{"id":1411,"date":"2021-12-06T08:56:35","date_gmt":"2021-12-06T08:56:35","guid":{"rendered":"https:\/\/wolf-publishing.com\/lady-louisas-teuflisch-zauberhafter-kuss\/"},"modified":"2022-04-29T05:36:45","modified_gmt":"2022-04-29T05:36:45","slug":"lady-louisas-teuflisch-zauberhafter-kuss","status":"publish","type":"page","link":"https:\/\/wolf-publishing.com\/de\/lady-louisas-teuflisch-zauberhafter-kuss\/","title":{"rendered":"Lady Louisas teuflisch zauberhafter Kuss"},"content":{"rendered":"\n<div class=\"wp-block-columns is-layout-flex wp-container-core-columns-is-layout-9d6595d7 wp-block-columns-is-layout-flex\">\n<div class=\"wp-block-column is-layout-flow wp-block-column-is-layout-flow\" style=\"flex-basis:66.66%\">\n<h2 class=\"wp-block-heading\" id=\"1-die-verliebten-whickertons\">#1 Die verliebten Whickertons<\/h2>\n\n\n\n<p class=\"has-luminous-vivid-amber-color has-text-color\">Bree Wolf <\/p>\n\n\n\n<figure class=\"wp-block-image size-medium is-resized\"><img loading=\"lazy\" decoding=\"async\" src=\"https:\/\/wolf-publishing.com\/wp-content\/uploads\/2021\/01\/2-Flame-300x226.png\" alt=\"\" class=\"wp-image-90\" width=\"30\" height=\"20\" srcset=\"https:\/\/wolf-publishing.com\/wp-content\/uploads\/2021\/01\/2-Flame-360x240.png 360w, https:\/\/wolf-publishing.com\/wp-content\/uploads\/2021\/01\/2-Flame-272x182.png 272w\" sizes=\"auto, (max-width: 30px) 100vw, 30px\" \/><\/figure>\n\n\n\n<p><strong>In dieser Regency-Romanze der USA Today-Bestsellerautorin Bree Wolf m\u00fcssen eine eigensinnige Lady und ihr teuflisch charmanter Erzfeind feststellen, dass sich der Liebe zu erwehren nur das Unvermeidliche hinausz\u00f6gert.<\/strong><\/p>\n\n\n\n<p><em>Er liebt nichts mehr, als sie zu necken.<\/em><br\/><em>Sie betrachtet ihn als ihren Erzfeind &#8230;<\/em><br\/><em>&#8230; bis zu dem Tag, an dem sie es nicht tut.<\/em><\/p>\n\n\n\n<p>England 1801: LADY LOUISA, Tochter des EARL OF WHICKERTON, h\u00e4tte nie gedacht, dass sie jemals Grund genug haben w\u00fcrde, jemanden zu hassen; schon gar nicht PHINEAS HAWKE, VISCOUNT BARRINGTON, den Mann mit den verruchtesten dunklen Augen, die sie je sah.<\/p>\n\n\n\n<p>Doch auf einem Ball muss Louisa pl\u00f6tzlich erkennen, dass der Mann, an den sie leicht ihr Herz h\u00e4tte verlieren k\u00f6nnen, ihr schamhaftestes Geheimnis entdeckt zu haben scheint.<\/p>\n\n\n\n<p>Und das ist noch l\u00e4ngst nicht alles.<\/p>\n\n\n\n<p>Lord Barrington macht es sich zur Gewohnheit, sie endlos damit aufzuziehen, w\u00e4hrend sein teuflisches Grinsen und seine wissenden Augen sie verspotten und ihre Entschlossenheit immer wieder auf die Probe stellen. Um ihre Fassung zu bewahren, schw\u00f6rt Louisa, niemals aufzugeben, ihm niemals zu gestehen, wie tief seine leichtsinnigen Worte sie verletzen. Wut macht sich in ihrem Herzen breit und verdr\u00e4ngt alle zarten Gef\u00fchle, w\u00e4hrend sie alles dransetzt, ihn zu ignorieren.<\/p>\n\n\n\n<p>Das ist jedoch leichter gesagt als getan.<\/p>\n\n\n\n<p>PHINEAS HAWKE kennt die reizende LADY LOUISA schon fast sein ganzes Leben lang; nicht gut, aber zumindest aus der Ferne waren sie sich immer bekannt. Ihr Gesicht ist ein vertrauter Anblick, und obwohl er nicht leugnen kann, dass sie gewisse anziehende Reize besitzt, hat Phineas stets lediglich eine von Lord Whickertons T\u00f6chtern in ihr gesehen.<\/p>\n\n\n\n<p>Zumindest, bis ein anderer Gentleman g\u00e4nzlich unerwartet sein Interesse an ihr bekundet.<\/p>\n\n\n\n<p>Pl\u00f6tzlich wird Phineas klar, dass er die Frau, die er seit Jahren kennt, viel zu lange ignoriert hat. Und zu seinem gro\u00dfen Entsetzen scheint sie bei seinem Anblick nichts als Abscheu zu versp\u00fcren. Warum das so ist, wei\u00df er nicht; allerdings wird Phineas nicht einfach so aufgeben.<\/p>\n\n\n\n<p>Louisa offenbar aber auch nicht.<\/p>\n<\/div>\n\n\n\n<div class=\"wp-block-column is-layout-flow wp-block-column-is-layout-flow\" style=\"flex-basis:33.33%\">\n<figure class=\"wp-block-image size-large\"><a href=\"https:\/\/amzn.to\/3IpSk3A\" target=\"_blank\" rel=\"noopener\"><img loading=\"lazy\" decoding=\"async\" width=\"701\" height=\"1024\" src=\"http:\/\/wolf-publishing.com\/wp-content\/uploads\/2021\/12\/Lady-Louisas-teuflisch-zauberhafter-Kuss-Kindle-701x1024.jpg\" alt=\"\" class=\"wp-image-1387\" srcset=\"https:\/\/wolf-publishing.com\/wp-content\/uploads\/2021\/12\/Lady-Louisas-teuflisch-zauberhafter-Kuss-Kindle-701x1024.jpg 701w, https:\/\/wolf-publishing.com\/wp-content\/uploads\/2021\/12\/Lady-Louisas-teuflisch-zauberhafter-Kuss-Kindle-205x300.jpg 205w, https:\/\/wolf-publishing.com\/wp-content\/uploads\/2021\/12\/Lady-Louisas-teuflisch-zauberhafter-Kuss-Kindle-768x1122.jpg 768w, https:\/\/wolf-publishing.com\/wp-content\/uploads\/2021\/12\/Lady-Louisas-teuflisch-zauberhafter-Kuss-Kindle-1052x1536.jpg 1052w, https:\/\/wolf-publishing.com\/wp-content\/uploads\/2021\/12\/Lady-Louisas-teuflisch-zauberhafter-Kuss-Kindle-1402x2048.jpg 1402w, https:\/\/wolf-publishing.com\/wp-content\/uploads\/2021\/12\/Lady-Louisas-teuflisch-zauberhafter-Kuss-Kindle.jpg 1753w\" sizes=\"auto, (max-width: 701px) 100vw, 701px\" \/><\/a><\/figure>\n\n\n\n<div style=\"height:26px\" aria-hidden=\"true\" class=\"wp-block-spacer\"><\/div>\n\n\n\n<div class=\"wp-block-buttons is-layout-flex wp-block-buttons-is-layout-flex\">\n<div class=\"wp-block-button\"><a class=\"wp-block-button__link\" href=\"https:\/\/amzn.to\/3IpSk3A\" target=\"_blank\" rel=\"noreferrer noopener\">E-Book<\/a><\/div>\n\n\n\n<div class=\"wp-block-button\"><a class=\"wp-block-button__link\" href=\"https:\/\/amzn.to\/3tIdeqN\" target=\"_blank\" rel=\"noreferrer noopener\">Taschenbuch<\/a><\/div>\n\n\n\n<div class=\"wp-block-button\"><a class=\"wp-block-button__link\" href=\"https:\/\/amzn.to\/32oKXKE\" target=\"_blank\" rel=\"noreferrer noopener\">Gebundenes Buch<\/a><\/div>\n<\/div>\n<\/div>\n<\/div>\n\n<div style=\"height:30px\" aria-hidden=\"true\" class=\"wp-block-spacer\"><\/div>\n\n<div class=\"wp-block-image\"><figure class=\"aligncenter size-medium is-resized\"><img loading=\"lazy\" decoding=\"async\" src=\"https:\/\/wolf-publishing.com\/wp-content\/uploads\/2021\/01\/Separator-1-300x90.png\" alt=\"\" class=\"wp-image-193\" width=\"150\" height=\"45\" srcset=\"https:\/\/wolf-publishing.com\/wp-content\/uploads\/2021\/01\/Separator-1-300x90.png 300w, https:\/\/wolf-publishing.com\/wp-content\/uploads\/2021\/01\/Separator-1-768x230.png 768w, https:\/\/wolf-publishing.com\/wp-content\/uploads\/2021\/01\/Separator-1.png 1000w\" sizes=\"auto, (max-width: 150px) 100vw, 150px\" \/><\/figure><\/div>\n\n<div style=\"height:30px\" aria-hidden=\"true\" class=\"wp-block-spacer\"><\/div>\n\n<h2 class=\"wp-block-heading\" id=\"die-verliebten-whickertons\">Die verliebten Whickertons<\/h2>\n\n<div style=\"height:30px\" aria-hidden=\"true\" class=\"wp-block-spacer\"><\/div>\n\n<div class=\"wp-block-columns is-layout-flex wp-container-core-columns-is-layout-9d6595d7 wp-block-columns-is-layout-flex\">\n<div class=\"wp-block-column is-layout-flow wp-block-column-is-layout-flow\">\n<div class=\"wp-block-columns is-layout-flex wp-container-core-columns-is-layout-9d6595d7 wp-block-columns-is-layout-flex\">\n<div class=\"wp-block-column is-layout-flow wp-block-column-is-layout-flow\">\n<figure class=\"wp-block-image size-large\"><a href=\"https:\/\/wolf-publishing.com\/miss-annes-missgluckter-mistelzweigkuss\/\"><img loading=\"lazy\" decoding=\"async\" width=\"701\" height=\"1024\" src=\"http:\/\/wolf-publishing.com\/wp-content\/uploads\/2021\/10\/MissAEbook-701x1024.jpg\" alt=\"\" class=\"wp-image-1170\" srcset=\"https:\/\/wolf-publishing.com\/wp-content\/uploads\/2021\/10\/MissAEbook-701x1024.jpg 701w, https:\/\/wolf-publishing.com\/wp-content\/uploads\/2021\/10\/MissAEbook-205x300.jpg 205w, https:\/\/wolf-publishing.com\/wp-content\/uploads\/2021\/10\/MissAEbook-768x1122.jpg 768w, https:\/\/wolf-publishing.com\/wp-content\/uploads\/2021\/10\/MissAEbook-1052x1536.jpg 1052w, https:\/\/wolf-publishing.com\/wp-content\/uploads\/2021\/10\/MissAEbook-1402x2048.jpg 1402w, https:\/\/wolf-publishing.com\/wp-content\/uploads\/2021\/10\/MissAEbook-scaled.jpg 1753w\" sizes=\"auto, (max-width: 701px) 100vw, 701px\" \/><\/a><\/figure>\n<\/div>\n\n\n\n<div class=\"wp-block-column is-layout-flow wp-block-column-is-layout-flow\">\n<figure class=\"wp-block-image size-large\"><img loading=\"lazy\" decoding=\"async\" width=\"701\" height=\"1024\" src=\"http:\/\/wolf-publishing.com\/wp-content\/uploads\/2021\/12\/Lady-Louisas-teuflisch-zauberhafter-Kuss-Kindle-701x1024.jpg\" alt=\"https:\/\/wolf-publishing.com\/lady-louisas-teuflisch-zauberhafter-kuss\/\" class=\"wp-image-1387\" srcset=\"https:\/\/wolf-publishing.com\/wp-content\/uploads\/2021\/12\/Lady-Louisas-teuflisch-zauberhafter-Kuss-Kindle-701x1024.jpg 701w, https:\/\/wolf-publishing.com\/wp-content\/uploads\/2021\/12\/Lady-Louisas-teuflisch-zauberhafter-Kuss-Kindle-205x300.jpg 205w, https:\/\/wolf-publishing.com\/wp-content\/uploads\/2021\/12\/Lady-Louisas-teuflisch-zauberhafter-Kuss-Kindle-768x1122.jpg 768w, https:\/\/wolf-publishing.com\/wp-content\/uploads\/2021\/12\/Lady-Louisas-teuflisch-zauberhafter-Kuss-Kindle-1052x1536.jpg 1052w, https:\/\/wolf-publishing.com\/wp-content\/uploads\/2021\/12\/Lady-Louisas-teuflisch-zauberhafter-Kuss-Kindle-1402x2048.jpg 1402w, https:\/\/wolf-publishing.com\/wp-content\/uploads\/2021\/12\/Lady-Louisas-teuflisch-zauberhafter-Kuss-Kindle.jpg 1753w\" sizes=\"auto, (max-width: 701px) 100vw, 701px\" \/><\/figure>\n<\/div>\n\n\n\n<div class=\"wp-block-column is-layout-flow wp-block-column-is-layout-flow\">\n<figure class=\"wp-block-image size-large\"><img loading=\"lazy\" decoding=\"async\" width=\"701\" height=\"1024\" src=\"http:\/\/wolf-publishing.com\/wp-content\/uploads\/2021\/12\/verfuhrerischeebookUpdate-small-701x1024.jpg\" alt=\"\" class=\"wp-image-1450\" srcset=\"https:\/\/wolf-publishing.com\/wp-content\/uploads\/2021\/12\/verfuhrerischeebookUpdate-small-701x1024.jpg 701w, https:\/\/wolf-publishing.com\/wp-content\/uploads\/2021\/12\/verfuhrerischeebookUpdate-small-205x300.jpg 205w, https:\/\/wolf-publishing.com\/wp-content\/uploads\/2021\/12\/verfuhrerischeebookUpdate-small-768x1122.jpg 768w, https:\/\/wolf-publishing.com\/wp-content\/uploads\/2021\/12\/verfuhrerischeebookUpdate-small.jpg 945w\" sizes=\"auto, (max-width: 701px) 100vw, 701px\" \/><\/figure>\n<\/div>\n<\/div>\n<\/div>\n\n\n\n<div class=\"wp-block-column is-layout-flow wp-block-column-is-layout-flow\">\n<div class=\"wp-block-columns is-layout-flex wp-container-core-columns-is-layout-9d6595d7 wp-block-columns-is-layout-flex\">\n<div class=\"wp-block-column is-layout-flow wp-block-column-is-layout-flow\">\n<figure class=\"wp-block-image size-large\"><a href=\"https:\/\/wolf-publishing.com\/lady-christinas-irritierend-magischer-kuss\/\"><img loading=\"lazy\" decoding=\"async\" width=\"701\" height=\"1024\" src=\"http:\/\/wolf-publishing.com\/wp-content\/uploads\/2022\/03\/ladychristinasEbook-701x1024.jpg\" alt=\"\" class=\"wp-image-1787\" srcset=\"https:\/\/wolf-publishing.com\/wp-content\/uploads\/2022\/03\/ladychristinasEbook-701x1024.jpg 701w, https:\/\/wolf-publishing.com\/wp-content\/uploads\/2022\/03\/ladychristinasEbook-205x300.jpg 205w, https:\/\/wolf-publishing.com\/wp-content\/uploads\/2022\/03\/ladychristinasEbook-768x1122.jpg 768w, https:\/\/wolf-publishing.com\/wp-content\/uploads\/2022\/03\/ladychristinasEbook-1052x1536.jpg 1052w, https:\/\/wolf-publishing.com\/wp-content\/uploads\/2022\/03\/ladychristinasEbook-1402x2048.jpg 1402w, https:\/\/wolf-publishing.com\/wp-content\/uploads\/2022\/03\/ladychristinasEbook-scaled.jpg 1753w\" sizes=\"auto, (max-width: 701px) 100vw, 701px\" \/><\/a><\/figure>\n<\/div>\n\n\n\n<div class=\"wp-block-column is-layout-flow wp-block-column-is-layout-flow\">\n<figure class=\"wp-block-image size-large\"><img loading=\"lazy\" decoding=\"async\" width=\"701\" height=\"1024\" src=\"http:\/\/wolf-publishing.com\/wp-content\/uploads\/2022\/04\/HarrietEbook-701x1024.jpg\" alt=\"\" class=\"wp-image-2079\" srcset=\"https:\/\/wolf-publishing.com\/wp-content\/uploads\/2022\/04\/HarrietEbook-701x1024.jpg 701w, https:\/\/wolf-publishing.com\/wp-content\/uploads\/2022\/04\/HarrietEbook-205x300.jpg 205w, https:\/\/wolf-publishing.com\/wp-content\/uploads\/2022\/04\/HarrietEbook-768x1122.jpg 768w, https:\/\/wolf-publishing.com\/wp-content\/uploads\/2022\/04\/HarrietEbook-1052x1536.jpg 1052w, https:\/\/wolf-publishing.com\/wp-content\/uploads\/2022\/04\/HarrietEbook-1402x2048.jpg 1402w, https:\/\/wolf-publishing.com\/wp-content\/uploads\/2022\/04\/HarrietEbook-scaled.jpg 1753w\" sizes=\"auto, (max-width: 701px) 100vw, 701px\" \/><\/figure>\n<\/div>\n\n\n\n<div class=\"wp-block-column is-layout-flow wp-block-column-is-layout-flow\"><\/div>\n<\/div>\n<\/div>\n<\/div>\n","protected":false},"excerpt":{"rendered":"<p>#1 Die verliebten Whickertons Bree Wolf In dieser Regency-Romanze der USA Today-Bestsellerautorin Bree Wolf m\u00fcssen eine eigensinnige Lady und ihr teuflisch charmanter Erzfeind feststellen, dass sich der Liebe zu erwehren nur das Unvermeidliche hinausz\u00f6gert. Er liebt nichts mehr, als sie&#8230; <a class=\"di-continue-reading\" href=\"https:\/\/wolf-publishing.com\/de\/lady-louisas-teuflisch-zauberhafter-kuss\/\"> Continue Reading&#8230;<\/a><\/p>\n","protected":false},"author":1,"featured_media":0,"parent":0,"menu_order":0,"comment_status":"closed","ping_status":"closed","template":"","meta":{"footnotes":""},"class_list":["post-1411","page","type-page","status-publish","hentry"],"yoast_head":"<!-- This site is optimized with the Yoast SEO plugin v27.3 - https:\/\/yoast.com\/product\/yoast-seo-wordpress\/ -->\n<title>Lady Louisas teuflisch zauberhafter Kuss &#8211; WOLF Publishing<\/title>\n<meta name=\"robots\" content=\"index, follow, max-snippet:-1, max-image-preview:large, max-video-preview:-1\" \/>\n<link rel=\"canonical\" href=\"https:\/\/wolf-publishing.com\/de\/lady-louisas-teuflisch-zauberhafter-kuss\/\" \/>\n<meta property=\"og:locale\" content=\"de_DE\" \/>\n<meta property=\"og:type\" content=\"article\" \/>\n<meta property=\"og:title\" content=\"Lady Louisas teuflisch zauberhafter Kuss &#8211; WOLF Publishing\" \/>\n<meta property=\"og:description\" content=\"#1 Die verliebten Whickertons Bree Wolf In dieser Regency-Romanze der USA Today-Bestsellerautorin Bree Wolf m\u00fcssen eine eigensinnige Lady und ihr teuflisch charmanter Erzfeind feststellen, dass sich der Liebe zu erwehren nur das Unvermeidliche hinausz\u00f6gert. Er liebt nichts mehr, als sie&#8230; Continue Reading&#8230;\" \/>\n<meta property=\"og:url\" content=\"https:\/\/wolf-publishing.com\/de\/lady-louisas-teuflisch-zauberhafter-kuss\/\" \/>\n<meta property=\"og:site_name\" content=\"WOLF Publishing\" \/>\n<meta property=\"article:publisher\" content=\"https:\/\/www.facebook.com\/WOLFPublishing.WhereStorytellingLives\" \/>\n<meta property=\"article:modified_time\" content=\"2022-04-29T05:36:45+00:00\" \/>\n<meta property=\"og:image\" content=\"https:\/\/wolf-publishing.com\/wp-content\/uploads\/2021\/01\/2-Flame-300x226.png\" \/>\n<meta name=\"twitter:card\" content=\"summary_large_image\" \/>\n<meta name=\"twitter:label1\" content=\"Gesch\u00e4tzte Lesezeit\" \/>\n\t<meta name=\"twitter:data1\" content=\"3\u00a0Minuten\" \/>\n<script type=\"application\/ld+json\" class=\"yoast-schema-graph\">{\"@context\":\"https:\\\/\\\/schema.org\",\"@graph\":[{\"@type\":\"WebPage\",\"@id\":\"https:\\\/\\\/wolf-publishing.com\\\/de\\\/lady-louisas-teuflisch-zauberhafter-kuss\\\/\",\"url\":\"https:\\\/\\\/wolf-publishing.com\\\/de\\\/lady-louisas-teuflisch-zauberhafter-kuss\\\/\",\"name\":\"Lady Louisas teuflisch zauberhafter Kuss &#8211; WOLF Publishing\",\"isPartOf\":{\"@id\":\"https:\\\/\\\/wolf-publishing.com\\\/de\\\/#website\"},\"primaryImageOfPage\":{\"@id\":\"https:\\\/\\\/wolf-publishing.com\\\/de\\\/lady-louisas-teuflisch-zauberhafter-kuss\\\/#primaryimage\"},\"image\":{\"@id\":\"https:\\\/\\\/wolf-publishing.com\\\/de\\\/lady-louisas-teuflisch-zauberhafter-kuss\\\/#primaryimage\"},\"thumbnailUrl\":\"https:\\\/\\\/wolf-publishing.com\\\/wp-content\\\/uploads\\\/2021\\\/01\\\/2-Flame-300x226.png\",\"datePublished\":\"2021-12-06T08:56:35+00:00\",\"dateModified\":\"2022-04-29T05:36:45+00:00\",\"breadcrumb\":{\"@id\":\"https:\\\/\\\/wolf-publishing.com\\\/de\\\/lady-louisas-teuflisch-zauberhafter-kuss\\\/#breadcrumb\"},\"inLanguage\":\"de\",\"potentialAction\":[{\"@type\":\"ReadAction\",\"target\":[\"https:\\\/\\\/wolf-publishing.com\\\/de\\\/lady-louisas-teuflisch-zauberhafter-kuss\\\/\"]}]},{\"@type\":\"ImageObject\",\"inLanguage\":\"de\",\"@id\":\"https:\\\/\\\/wolf-publishing.com\\\/de\\\/lady-louisas-teuflisch-zauberhafter-kuss\\\/#primaryimage\",\"url\":\"https:\\\/\\\/wolf-publishing.com\\\/wp-content\\\/uploads\\\/2021\\\/01\\\/2-Flame-300x226.png\",\"contentUrl\":\"https:\\\/\\\/wolf-publishing.com\\\/wp-content\\\/uploads\\\/2021\\\/01\\\/2-Flame-300x226.png\"},{\"@type\":\"BreadcrumbList\",\"@id\":\"https:\\\/\\\/wolf-publishing.com\\\/de\\\/lady-louisas-teuflisch-zauberhafter-kuss\\\/#breadcrumb\",\"itemListElement\":[{\"@type\":\"ListItem\",\"position\":1,\"name\":\"Home\",\"item\":\"https:\\\/\\\/wolf-publishing.com\\\/de\\\/home\\\/\"},{\"@type\":\"ListItem\",\"position\":2,\"name\":\"Lady Louisas teuflisch zauberhafter Kuss\"}]},{\"@type\":\"WebSite\",\"@id\":\"https:\\\/\\\/wolf-publishing.com\\\/de\\\/#website\",\"url\":\"https:\\\/\\\/wolf-publishing.com\\\/de\\\/\",\"name\":\"WOLF Publishing\",\"description\":\"Where Storytelling Lives.\",\"publisher\":{\"@id\":\"https:\\\/\\\/wolf-publishing.com\\\/de\\\/#organization\"},\"potentialAction\":[{\"@type\":\"SearchAction\",\"target\":{\"@type\":\"EntryPoint\",\"urlTemplate\":\"https:\\\/\\\/wolf-publishing.com\\\/de\\\/?s={search_term_string}\"},\"query-input\":{\"@type\":\"PropertyValueSpecification\",\"valueRequired\":true,\"valueName\":\"search_term_string\"}}],\"inLanguage\":\"de\"},{\"@type\":\"Organization\",\"@id\":\"https:\\\/\\\/wolf-publishing.com\\\/de\\\/#organization\",\"name\":\"WOLF Publishing\",\"url\":\"https:\\\/\\\/wolf-publishing.com\\\/de\\\/\",\"logo\":{\"@type\":\"ImageObject\",\"inLanguage\":\"de\",\"@id\":\"https:\\\/\\\/wolf-publishing.com\\\/de\\\/#\\\/schema\\\/logo\\\/image\\\/\",\"url\":\"http:\\\/\\\/wolf-publishing.com\\\/wp-content\\\/uploads\\\/2021\\\/01\\\/BlackLogoFlat-e1609705874221.png\",\"contentUrl\":\"http:\\\/\\\/wolf-publishing.com\\\/wp-content\\\/uploads\\\/2021\\\/01\\\/BlackLogoFlat-e1609705874221.png\",\"width\":300,\"height\":180,\"caption\":\"WOLF Publishing\"},\"image\":{\"@id\":\"https:\\\/\\\/wolf-publishing.com\\\/de\\\/#\\\/schema\\\/logo\\\/image\\\/\"},\"sameAs\":[\"https:\\\/\\\/www.facebook.com\\\/WOLFPublishing.WhereStorytellingLives\",\"https:\\\/\\\/www.instagram.com\\\/wolf.publishing\\\/\"]}]}<\/script>\n<!-- \/ Yoast SEO plugin. -->","yoast_head_json":{"title":"Lady Louisas teuflisch zauberhafter Kuss &#8211; WOLF Publishing","robots":{"index":"index","follow":"follow","max-snippet":"max-snippet:-1","max-image-preview":"max-image-preview:large","max-video-preview":"max-video-preview:-1"},"canonical":"https:\/\/wolf-publishing.com\/de\/lady-louisas-teuflisch-zauberhafter-kuss\/","og_locale":"de_DE","og_type":"article","og_title":"Lady Louisas teuflisch zauberhafter Kuss &#8211; WOLF Publishing","og_description":"#1 Die verliebten Whickertons Bree Wolf In dieser Regency-Romanze der USA Today-Bestsellerautorin Bree Wolf m\u00fcssen eine eigensinnige Lady und ihr teuflisch charmanter Erzfeind feststellen, dass sich der Liebe zu erwehren nur das Unvermeidliche hinausz\u00f6gert. Er liebt nichts mehr, als sie&#8230; Continue Reading&#8230;","og_url":"https:\/\/wolf-publishing.com\/de\/lady-louisas-teuflisch-zauberhafter-kuss\/","og_site_name":"WOLF Publishing","article_publisher":"https:\/\/www.facebook.com\/WOLFPublishing.WhereStorytellingLives","article_modified_time":"2022-04-29T05:36:45+00:00","og_image":[{"url":"https:\/\/wolf-publishing.com\/wp-content\/uploads\/2021\/01\/2-Flame-300x226.png","type":"","width":"","height":""}],"twitter_card":"summary_large_image","twitter_misc":{"Gesch\u00e4tzte Lesezeit":"3\u00a0Minuten"},"schema":{"@context":"https:\/\/schema.org","@graph":[{"@type":"WebPage","@id":"https:\/\/wolf-publishing.com\/de\/lady-louisas-teuflisch-zauberhafter-kuss\/","url":"https:\/\/wolf-publishing.com\/de\/lady-louisas-teuflisch-zauberhafter-kuss\/","name":"Lady Louisas teuflisch zauberhafter Kuss &#8211; WOLF Publishing","isPartOf":{"@id":"https:\/\/wolf-publishing.com\/de\/#website"},"primaryImageOfPage":{"@id":"https:\/\/wolf-publishing.com\/de\/lady-louisas-teuflisch-zauberhafter-kuss\/#primaryimage"},"image":{"@id":"https:\/\/wolf-publishing.com\/de\/lady-louisas-teuflisch-zauberhafter-kuss\/#primaryimage"},"thumbnailUrl":"https:\/\/wolf-publishing.com\/wp-content\/uploads\/2021\/01\/2-Flame-300x226.png","datePublished":"2021-12-06T08:56:35+00:00","dateModified":"2022-04-29T05:36:45+00:00","breadcrumb":{"@id":"https:\/\/wolf-publishing.com\/de\/lady-louisas-teuflisch-zauberhafter-kuss\/#breadcrumb"},"inLanguage":"de","potentialAction":[{"@type":"ReadAction","target":["https:\/\/wolf-publishing.com\/de\/lady-louisas-teuflisch-zauberhafter-kuss\/"]}]},{"@type":"ImageObject","inLanguage":"de","@id":"https:\/\/wolf-publishing.com\/de\/lady-louisas-teuflisch-zauberhafter-kuss\/#primaryimage","url":"https:\/\/wolf-publishing.com\/wp-content\/uploads\/2021\/01\/2-Flame-300x226.png","contentUrl":"https:\/\/wolf-publishing.com\/wp-content\/uploads\/2021\/01\/2-Flame-300x226.png"},{"@type":"BreadcrumbList","@id":"https:\/\/wolf-publishing.com\/de\/lady-louisas-teuflisch-zauberhafter-kuss\/#breadcrumb","itemListElement":[{"@type":"ListItem","position":1,"name":"Home","item":"https:\/\/wolf-publishing.com\/de\/home\/"},{"@type":"ListItem","position":2,"name":"Lady Louisas teuflisch zauberhafter Kuss"}]},{"@type":"WebSite","@id":"https:\/\/wolf-publishing.com\/de\/#website","url":"https:\/\/wolf-publishing.com\/de\/","name":"WOLF Publishing","description":"Where Storytelling Lives.","publisher":{"@id":"https:\/\/wolf-publishing.com\/de\/#organization"},"potentialAction":[{"@type":"SearchAction","target":{"@type":"EntryPoint","urlTemplate":"https:\/\/wolf-publishing.com\/de\/?s={search_term_string}"},"query-input":{"@type":"PropertyValueSpecification","valueRequired":true,"valueName":"search_term_string"}}],"inLanguage":"de"},{"@type":"Organization","@id":"https:\/\/wolf-publishing.com\/de\/#organization","name":"WOLF Publishing","url":"https:\/\/wolf-publishing.com\/de\/","logo":{"@type":"ImageObject","inLanguage":"de","@id":"https:\/\/wolf-publishing.com\/de\/#\/schema\/logo\/image\/","url":"http:\/\/wolf-publishing.com\/wp-content\/uploads\/2021\/01\/BlackLogoFlat-e1609705874221.png","contentUrl":"http:\/\/wolf-publishing.com\/wp-content\/uploads\/2021\/01\/BlackLogoFlat-e1609705874221.png","width":300,"height":180,"caption":"WOLF Publishing"},"image":{"@id":"https:\/\/wolf-publishing.com\/de\/#\/schema\/logo\/image\/"},"sameAs":["https:\/\/www.facebook.com\/WOLFPublishing.WhereStorytellingLives","https:\/\/www.instagram.com\/wolf.publishing\/"]}]}},"_links":{"self":[{"href":"https:\/\/wolf-publishing.com\/de\/wp-json\/wp\/v2\/pages\/1411","targetHints":{"allow":["GET"]}}],"collection":[{"href":"https:\/\/wolf-publishing.com\/de\/wp-json\/wp\/v2\/pages"}],"about":[{"href":"https:\/\/wolf-publishing.com\/de\/wp-json\/wp\/v2\/types\/page"}],"author":[{"embeddable":true,"href":"https:\/\/wolf-publishing.com\/de\/wp-json\/wp\/v2\/users\/1"}],"replies":[{"embeddable":true,"href":"https:\/\/wolf-publishing.com\/de\/wp-json\/wp\/v2\/comments?post=1411"}],"version-history":[{"count":18,"href":"https:\/\/wolf-publishing.com\/de\/wp-json\/wp\/v2\/pages\/1411\/revisions"}],"predecessor-version":[{"id":2124,"href":"https:\/\/wolf-publishing.com\/de\/wp-json\/wp\/v2\/pages\/1411\/revisions\/2124"}],"wp:attachment":[{"href":"https:\/\/wolf-publishing.com\/de\/wp-json\/wp\/v2\/media?parent=1411"}],"curies":[{"name":"wp","href":"https:\/\/api.w.org\/{rel}","templated":true}]}}