{"id":1614,"date":"2022-02-08T14:54:26","date_gmt":"2022-02-08T14:54:26","guid":{"rendered":"https:\/\/wolf-publishing.com\/lady-leonoras-schrecklich-verfuehrerischer-kuss\/"},"modified":"2022-04-29T05:36:24","modified_gmt":"2022-04-29T05:36:24","slug":"lady-leonoras-schrecklich-verfuehrerischer-kuss","status":"publish","type":"page","link":"https:\/\/wolf-publishing.com\/de\/lady-leonoras-schrecklich-verfuehrerischer-kuss\/","title":{"rendered":"Lady Leonoras schrecklich verf\u00fchrerischer Kuss"},"content":{"rendered":"\n<div class=\"wp-block-columns is-layout-flex wp-container-core-columns-is-layout-9d6595d7 wp-block-columns-is-layout-flex\">\n<div class=\"wp-block-column is-layout-flow wp-block-column-is-layout-flow\" style=\"flex-basis:66.66%\">\n<h2 class=\"wp-block-heading\" id=\"2-die-verliebten-whickertons\">#2 Die verliebten Whickertons<\/h2>\n\n\n\n<p class=\"has-luminous-vivid-amber-color has-text-color\">Bree Wolf <\/p>\n\n\n\n<figure class=\"wp-block-image size-medium is-resized\"><img loading=\"lazy\" decoding=\"async\" src=\"https:\/\/wolf-publishing.com\/wp-content\/uploads\/2021\/01\/2-Flame-300x226.png\" alt=\"\" class=\"wp-image-90\" width=\"30\" height=\"20\" srcset=\"https:\/\/wolf-publishing.com\/wp-content\/uploads\/2021\/01\/2-Flame-360x240.png 360w, https:\/\/wolf-publishing.com\/wp-content\/uploads\/2021\/01\/2-Flame-272x182.png 272w\" sizes=\"auto, (max-width: 30px) 100vw, 30px\" \/><\/figure>\n\n\n\n<p><strong>In dieser Regency-Romanze der USA Today-Bestsellerautorin BREE WOLF erkennen ein gr\u00fcblerischer Marquess und eine lernbegierige Lady, dass die Liebe alles erobern kann &#8230; vor allem dann, wenn man es am wenigsten erwartet.<\/strong><\/p>\n\n\n\n<p><em>Ein Marquess, der auf Rache sinnt.<\/em><br\/><em>Eine Dame, die von ihrer Vergangenheit verfolgt wird.<\/em><br\/><em>Und eine Begegnung, die ihrer beider Leben rettet.<\/em><\/p>\n\n\n\n<p>England 1802: LADY LEONORA, Tochter des EARL OF WHICKERTON, sehnt sich danach, die Welt in ihrer Gesamtheit zu verstehen, insbesondere die menschliche Natur. Stets beobachtet Leonora die Menschen um sich herum und ist fasziniert von dem, was sie sagen und tun, wie ihre Augen das widerspiegeln, was in ihren Herzen ist, und wie sich jede einzelne Emotion im Gesicht eines anderen ablesen l\u00e4sst. Es ist eine Sprache f\u00fcr sich, und Leonora ist fest entschlossen, jede kleine Entdeckung in ihrem vertrauten Notizbuch festzuhalten, ihrem st\u00e4ndigen Begleiter &#8230; selbst im Ballsaal.<\/p>\n\n\n\n<p>Ungl\u00fccklicherweise f\u00fchrt Leonoras Neugier sie eines Nachts in die Irre und zwingt ihr eine Lektion auf, die sie nicht vergessen kann: Das gr\u00f6\u00dfte \u00dcbel verbirgt sich hinter dem charmantesten L\u00e4cheln.<\/p>\n\n\n\n<p>DRAKE SHAW, MARQUESS OF PEMBERTON, lebt ein Leben voller Reue und Scham. Unf\u00e4hig, ein Unrecht aus seiner Vergangenheit wiedergutzumachen, bem\u00fcht er sich nach Kr\u00e4ften, die Ehrlosen zu bestrafen. Er lebt f\u00fcr die Jagd auf M\u00e4nner, die es wagen, die Hand gegen diejenigen zu erheben, die sie eigentlich sch\u00fctzen sollten. Im Laufe der Zeit hat Drake ein Gesp\u00fcr f\u00fcr verletzte Frauen entwickelt. Er erkennt den Ausdruck von Angst und Schmerz in ihren Augen und versteht ihn als das, was er ist: das Bed\u00fcrfnis nach Rache.<\/p>\n\n\n\n<p>Bis Drake eines Tages einer jungen Dame gegen\u00fcbersteht, die ihn auf Schritt und Tritt \u00fcberrascht. Sie ist verletzlich und \u00e4ngstlich, aber auch mutig und &#8230; unerschrocken. Aus dem Gleichgewicht geworfen, erkennt Drake bald, dass ein Leben im Zeichen der Rache vielleicht nicht mehr alles ist, was er sich w\u00fcnscht.<\/p>\n<\/div>\n\n\n\n<div class=\"wp-block-column is-layout-flow wp-block-column-is-layout-flow\" style=\"flex-basis:33.33%\">\n<figure class=\"wp-block-image size-large\"><a href=\"https:\/\/amzn.to\/3HbscZe\" target=\"_blank\" rel=\"noopener\"><img loading=\"lazy\" decoding=\"async\" width=\"701\" height=\"1024\" src=\"http:\/\/wolf-publishing.com\/wp-content\/uploads\/2021\/12\/verfuhrerischeebookUpdate-small-701x1024.jpg\" alt=\"\" class=\"wp-image-1450\" srcset=\"https:\/\/wolf-publishing.com\/wp-content\/uploads\/2021\/12\/verfuhrerischeebookUpdate-small-701x1024.jpg 701w, https:\/\/wolf-publishing.com\/wp-content\/uploads\/2021\/12\/verfuhrerischeebookUpdate-small-205x300.jpg 205w, https:\/\/wolf-publishing.com\/wp-content\/uploads\/2021\/12\/verfuhrerischeebookUpdate-small-768x1122.jpg 768w, https:\/\/wolf-publishing.com\/wp-content\/uploads\/2021\/12\/verfuhrerischeebookUpdate-small.jpg 945w\" sizes=\"auto, (max-width: 701px) 100vw, 701px\" \/><\/a><\/figure>\n\n\n\n<p><\/p>\n\n\n\n<p><\/p>\n\n\n\n<div style=\"height:15px\" aria-hidden=\"true\" class=\"wp-block-spacer\"><\/div>\n\n\n\n<div class=\"wp-block-buttons is-layout-flex wp-block-buttons-is-layout-flex\">\n<div class=\"wp-block-button\"><a class=\"wp-block-button__link\" href=\"https:\/\/amzn.to\/3HbscZe\">E-Book<\/a><\/div>\n\n\n\n<div class=\"wp-block-button\"><a class=\"wp-block-button__link\" href=\"https:\/\/amzn.to\/3s8K6HT\" target=\"_blank\" rel=\"noreferrer noopener\">Taschenbuch<\/a><\/div>\n\n\n\n<div class=\"wp-block-button\"><a class=\"wp-block-button__link\" href=\"https:\/\/amzn.to\/35kf46Q\" target=\"_blank\" rel=\"noreferrer noopener\">Gebundene Ausgabe<\/a><\/div>\n<\/div>\n<\/div>\n<\/div>\n\n<div style=\"height:28px\" aria-hidden=\"true\" class=\"wp-block-spacer\"><\/div>\n\n<div class=\"wp-block-image\"><figure class=\"aligncenter size-medium is-resized\"><img loading=\"lazy\" decoding=\"async\" src=\"https:\/\/wolf-publishing.com\/wp-content\/uploads\/2021\/01\/Separator-1-300x90.png\" alt=\"\" class=\"wp-image-193\" width=\"150\" height=\"45\" srcset=\"https:\/\/wolf-publishing.com\/wp-content\/uploads\/2021\/01\/Separator-1-300x90.png 300w, https:\/\/wolf-publishing.com\/wp-content\/uploads\/2021\/01\/Separator-1-768x230.png 768w, https:\/\/wolf-publishing.com\/wp-content\/uploads\/2021\/01\/Separator-1.png 1000w\" sizes=\"auto, (max-width: 150px) 100vw, 150px\" \/><\/figure><\/div>\n\n<div style=\"height:39px\" aria-hidden=\"true\" class=\"wp-block-spacer\"><\/div>\n\n<h2 class=\"wp-block-heading\" id=\"die-verliebten-whickertons\">Die verliebten Whickertons<\/h2>\n\n<div style=\"height:33px\" aria-hidden=\"true\" class=\"wp-block-spacer\"><\/div>\n\n<div class=\"wp-block-columns is-layout-flex wp-container-core-columns-is-layout-9d6595d7 wp-block-columns-is-layout-flex\">\n<div class=\"wp-block-column is-layout-flow wp-block-column-is-layout-flow\">\n<div class=\"wp-block-columns is-layout-flex wp-container-core-columns-is-layout-9d6595d7 wp-block-columns-is-layout-flex\">\n<div class=\"wp-block-column is-layout-flow wp-block-column-is-layout-flow\">\n<div class=\"wp-block-columns is-layout-flex wp-container-core-columns-is-layout-9d6595d7 wp-block-columns-is-layout-flex\">\n<div class=\"wp-block-column is-layout-flow wp-block-column-is-layout-flow\">\n<figure class=\"wp-block-image size-large\"><a href=\"https:\/\/wolf-publishing.com\/miss-annes-missgluckter-mistelzweigkuss\/\"><img loading=\"lazy\" decoding=\"async\" width=\"701\" height=\"1024\" src=\"http:\/\/wolf-publishing.com\/wp-content\/uploads\/2021\/10\/MissAEbook-701x1024.jpg\" alt=\"\" class=\"wp-image-1170\" srcset=\"https:\/\/wolf-publishing.com\/wp-content\/uploads\/2021\/10\/MissAEbook-701x1024.jpg 701w, https:\/\/wolf-publishing.com\/wp-content\/uploads\/2021\/10\/MissAEbook-205x300.jpg 205w, https:\/\/wolf-publishing.com\/wp-content\/uploads\/2021\/10\/MissAEbook-768x1122.jpg 768w, https:\/\/wolf-publishing.com\/wp-content\/uploads\/2021\/10\/MissAEbook-1052x1536.jpg 1052w, https:\/\/wolf-publishing.com\/wp-content\/uploads\/2021\/10\/MissAEbook-1402x2048.jpg 1402w, https:\/\/wolf-publishing.com\/wp-content\/uploads\/2021\/10\/MissAEbook-scaled.jpg 1753w\" sizes=\"auto, (max-width: 701px) 100vw, 701px\" \/><\/a><\/figure>\n<\/div>\n\n\n\n<div class=\"wp-block-column is-layout-flow wp-block-column-is-layout-flow\">\n<figure class=\"wp-block-image size-large\"><a href=\"https:\/\/wolf-publishing.com\/lady-louisas-teuflisch-zauberhafter-kuss\/\"><img loading=\"lazy\" decoding=\"async\" width=\"701\" height=\"1024\" src=\"http:\/\/wolf-publishing.com\/wp-content\/uploads\/2021\/12\/Lady-Louisas-teuflisch-zauberhafter-Kuss-Kindle-701x1024.jpg\" alt=\"https:\/\/wolf-publishing.com\/lady-louisas-teuflisch-zauberhafter-kuss\/\" class=\"wp-image-1387\" srcset=\"https:\/\/wolf-publishing.com\/wp-content\/uploads\/2021\/12\/Lady-Louisas-teuflisch-zauberhafter-Kuss-Kindle-701x1024.jpg 701w, https:\/\/wolf-publishing.com\/wp-content\/uploads\/2021\/12\/Lady-Louisas-teuflisch-zauberhafter-Kuss-Kindle-205x300.jpg 205w, https:\/\/wolf-publishing.com\/wp-content\/uploads\/2021\/12\/Lady-Louisas-teuflisch-zauberhafter-Kuss-Kindle-768x1122.jpg 768w, https:\/\/wolf-publishing.com\/wp-content\/uploads\/2021\/12\/Lady-Louisas-teuflisch-zauberhafter-Kuss-Kindle-1052x1536.jpg 1052w, https:\/\/wolf-publishing.com\/wp-content\/uploads\/2021\/12\/Lady-Louisas-teuflisch-zauberhafter-Kuss-Kindle-1402x2048.jpg 1402w, https:\/\/wolf-publishing.com\/wp-content\/uploads\/2021\/12\/Lady-Louisas-teuflisch-zauberhafter-Kuss-Kindle.jpg 1753w\" sizes=\"auto, (max-width: 701px) 100vw, 701px\" \/><\/a><\/figure>\n<\/div>\n\n\n\n<div class=\"wp-block-column is-layout-flow wp-block-column-is-layout-flow\">\n<figure class=\"wp-block-image size-large\"><img loading=\"lazy\" decoding=\"async\" width=\"701\" height=\"1024\" src=\"http:\/\/wolf-publishing.com\/wp-content\/uploads\/2021\/12\/verfuhrerischeebookUpdate-small-701x1024.jpg\" alt=\"\" class=\"wp-image-1450\" srcset=\"https:\/\/wolf-publishing.com\/wp-content\/uploads\/2021\/12\/verfuhrerischeebookUpdate-small-701x1024.jpg 701w, https:\/\/wolf-publishing.com\/wp-content\/uploads\/2021\/12\/verfuhrerischeebookUpdate-small-205x300.jpg 205w, https:\/\/wolf-publishing.com\/wp-content\/uploads\/2021\/12\/verfuhrerischeebookUpdate-small-768x1122.jpg 768w, https:\/\/wolf-publishing.com\/wp-content\/uploads\/2021\/12\/verfuhrerischeebookUpdate-small.jpg 945w\" sizes=\"auto, (max-width: 701px) 100vw, 701px\" \/><\/figure>\n<\/div>\n<\/div>\n<\/div>\n\n\n\n<div class=\"wp-block-column is-layout-flow wp-block-column-is-layout-flow\">\n<div class=\"wp-block-columns is-layout-flex wp-container-core-columns-is-layout-9d6595d7 wp-block-columns-is-layout-flex\">\n<div class=\"wp-block-column is-layout-flow wp-block-column-is-layout-flow\">\n<figure class=\"wp-block-image size-large\"><a href=\"https:\/\/wolf-publishing.com\/lady-christinas-irritierend-magischer-kuss\/\"><img loading=\"lazy\" decoding=\"async\" width=\"701\" height=\"1024\" src=\"http:\/\/wolf-publishing.com\/wp-content\/uploads\/2022\/03\/ladychristinasEbook-701x1024.jpg\" alt=\"\" class=\"wp-image-1787\" srcset=\"https:\/\/wolf-publishing.com\/wp-content\/uploads\/2022\/03\/ladychristinasEbook-701x1024.jpg 701w, https:\/\/wolf-publishing.com\/wp-content\/uploads\/2022\/03\/ladychristinasEbook-205x300.jpg 205w, https:\/\/wolf-publishing.com\/wp-content\/uploads\/2022\/03\/ladychristinasEbook-768x1122.jpg 768w, https:\/\/wolf-publishing.com\/wp-content\/uploads\/2022\/03\/ladychristinasEbook-1052x1536.jpg 1052w, https:\/\/wolf-publishing.com\/wp-content\/uploads\/2022\/03\/ladychristinasEbook-1402x2048.jpg 1402w, https:\/\/wolf-publishing.com\/wp-content\/uploads\/2022\/03\/ladychristinasEbook-scaled.jpg 1753w\" sizes=\"auto, (max-width: 701px) 100vw, 701px\" \/><\/a><\/figure>\n<\/div>\n\n\n\n<div class=\"wp-block-column is-layout-flow wp-block-column-is-layout-flow\">\n<figure class=\"wp-block-image size-large\"><img loading=\"lazy\" decoding=\"async\" width=\"701\" height=\"1024\" src=\"http:\/\/wolf-publishing.com\/wp-content\/uploads\/2022\/04\/HarrietEbook-701x1024.jpg\" alt=\"\" class=\"wp-image-2079\" srcset=\"https:\/\/wolf-publishing.com\/wp-content\/uploads\/2022\/04\/HarrietEbook-701x1024.jpg 701w, https:\/\/wolf-publishing.com\/wp-content\/uploads\/2022\/04\/HarrietEbook-205x300.jpg 205w, https:\/\/wolf-publishing.com\/wp-content\/uploads\/2022\/04\/HarrietEbook-768x1122.jpg 768w, https:\/\/wolf-publishing.com\/wp-content\/uploads\/2022\/04\/HarrietEbook-1052x1536.jpg 1052w, https:\/\/wolf-publishing.com\/wp-content\/uploads\/2022\/04\/HarrietEbook-1402x2048.jpg 1402w, https:\/\/wolf-publishing.com\/wp-content\/uploads\/2022\/04\/HarrietEbook-scaled.jpg 1753w\" sizes=\"auto, (max-width: 701px) 100vw, 701px\" \/><\/figure>\n<\/div>\n\n\n\n<div class=\"wp-block-column is-layout-flow wp-block-column-is-layout-flow\"><\/div>\n<\/div>\n<\/div>\n<\/div>\n<\/div>\n<\/div>\n","protected":false},"excerpt":{"rendered":"<p>#2 Die verliebten Whickertons Bree Wolf In dieser Regency-Romanze der USA Today-Bestsellerautorin BREE WOLF erkennen ein gr\u00fcblerischer Marquess und eine lernbegierige Lady, dass die Liebe alles erobern kann &#8230; vor allem dann, wenn man es am wenigsten erwartet. Ein Marquess,&#8230; <a class=\"di-continue-reading\" href=\"https:\/\/wolf-publishing.com\/de\/lady-leonoras-schrecklich-verfuehrerischer-kuss\/\"> Continue Reading&#8230;<\/a><\/p>\n","protected":false},"author":1,"featured_media":0,"parent":0,"menu_order":0,"comment_status":"closed","ping_status":"closed","template":"","meta":{"footnotes":""},"class_list":["post-1614","page","type-page","status-publish","hentry"],"yoast_head":"<!-- This site is optimized with the Yoast SEO plugin v27.3 - https:\/\/yoast.com\/product\/yoast-seo-wordpress\/ -->\n<title>Lady Leonoras schrecklich verf\u00fchrerischer Kuss &#8211; WOLF Publishing<\/title>\n<meta name=\"robots\" content=\"index, follow, max-snippet:-1, max-image-preview:large, max-video-preview:-1\" \/>\n<link rel=\"canonical\" href=\"https:\/\/wolf-publishing.com\/de\/lady-leonoras-schrecklich-verfuehrerischer-kuss\/\" \/>\n<meta property=\"og:locale\" content=\"de_DE\" \/>\n<meta property=\"og:type\" content=\"article\" \/>\n<meta property=\"og:title\" content=\"Lady Leonoras schrecklich verf\u00fchrerischer Kuss &#8211; WOLF Publishing\" \/>\n<meta property=\"og:description\" content=\"#2 Die verliebten Whickertons Bree Wolf In dieser Regency-Romanze der USA Today-Bestsellerautorin BREE WOLF erkennen ein gr\u00fcblerischer Marquess und eine lernbegierige Lady, dass die Liebe alles erobern kann &#8230; vor allem dann, wenn man es am wenigsten erwartet. Ein Marquess,&#8230; Continue Reading&#8230;\" \/>\n<meta property=\"og:url\" content=\"https:\/\/wolf-publishing.com\/de\/lady-leonoras-schrecklich-verfuehrerischer-kuss\/\" \/>\n<meta property=\"og:site_name\" content=\"WOLF Publishing\" \/>\n<meta property=\"article:publisher\" content=\"https:\/\/www.facebook.com\/WOLFPublishing.WhereStorytellingLives\" \/>\n<meta property=\"article:modified_time\" content=\"2022-04-29T05:36:24+00:00\" \/>\n<meta property=\"og:image\" content=\"https:\/\/wolf-publishing.com\/wp-content\/uploads\/2021\/01\/2-Flame-300x226.png\" \/>\n<meta name=\"twitter:card\" content=\"summary_large_image\" \/>\n<meta name=\"twitter:label1\" content=\"Gesch\u00e4tzte Lesezeit\" \/>\n\t<meta name=\"twitter:data1\" content=\"3\u00a0Minuten\" \/>\n<script type=\"application\/ld+json\" class=\"yoast-schema-graph\">{\"@context\":\"https:\\\/\\\/schema.org\",\"@graph\":[{\"@type\":\"WebPage\",\"@id\":\"https:\\\/\\\/wolf-publishing.com\\\/de\\\/lady-leonoras-schrecklich-verfuehrerischer-kuss\\\/\",\"url\":\"https:\\\/\\\/wolf-publishing.com\\\/de\\\/lady-leonoras-schrecklich-verfuehrerischer-kuss\\\/\",\"name\":\"Lady Leonoras schrecklich verf\u00fchrerischer Kuss &#8211; WOLF Publishing\",\"isPartOf\":{\"@id\":\"https:\\\/\\\/wolf-publishing.com\\\/de\\\/#website\"},\"primaryImageOfPage\":{\"@id\":\"https:\\\/\\\/wolf-publishing.com\\\/de\\\/lady-leonoras-schrecklich-verfuehrerischer-kuss\\\/#primaryimage\"},\"image\":{\"@id\":\"https:\\\/\\\/wolf-publishing.com\\\/de\\\/lady-leonoras-schrecklich-verfuehrerischer-kuss\\\/#primaryimage\"},\"thumbnailUrl\":\"https:\\\/\\\/wolf-publishing.com\\\/wp-content\\\/uploads\\\/2021\\\/01\\\/2-Flame-300x226.png\",\"datePublished\":\"2022-02-08T14:54:26+00:00\",\"dateModified\":\"2022-04-29T05:36:24+00:00\",\"breadcrumb\":{\"@id\":\"https:\\\/\\\/wolf-publishing.com\\\/de\\\/lady-leonoras-schrecklich-verfuehrerischer-kuss\\\/#breadcrumb\"},\"inLanguage\":\"de\",\"potentialAction\":[{\"@type\":\"ReadAction\",\"target\":[\"https:\\\/\\\/wolf-publishing.com\\\/de\\\/lady-leonoras-schrecklich-verfuehrerischer-kuss\\\/\"]}]},{\"@type\":\"ImageObject\",\"inLanguage\":\"de\",\"@id\":\"https:\\\/\\\/wolf-publishing.com\\\/de\\\/lady-leonoras-schrecklich-verfuehrerischer-kuss\\\/#primaryimage\",\"url\":\"https:\\\/\\\/wolf-publishing.com\\\/wp-content\\\/uploads\\\/2021\\\/01\\\/2-Flame-300x226.png\",\"contentUrl\":\"https:\\\/\\\/wolf-publishing.com\\\/wp-content\\\/uploads\\\/2021\\\/01\\\/2-Flame-300x226.png\"},{\"@type\":\"BreadcrumbList\",\"@id\":\"https:\\\/\\\/wolf-publishing.com\\\/de\\\/lady-leonoras-schrecklich-verfuehrerischer-kuss\\\/#breadcrumb\",\"itemListElement\":[{\"@type\":\"ListItem\",\"position\":1,\"name\":\"Home\",\"item\":\"https:\\\/\\\/wolf-publishing.com\\\/de\\\/home\\\/\"},{\"@type\":\"ListItem\",\"position\":2,\"name\":\"Lady Leonoras schrecklich verf\u00fchrerischer Kuss\"}]},{\"@type\":\"WebSite\",\"@id\":\"https:\\\/\\\/wolf-publishing.com\\\/de\\\/#website\",\"url\":\"https:\\\/\\\/wolf-publishing.com\\\/de\\\/\",\"name\":\"WOLF Publishing\",\"description\":\"Where Storytelling Lives.\",\"publisher\":{\"@id\":\"https:\\\/\\\/wolf-publishing.com\\\/de\\\/#organization\"},\"potentialAction\":[{\"@type\":\"SearchAction\",\"target\":{\"@type\":\"EntryPoint\",\"urlTemplate\":\"https:\\\/\\\/wolf-publishing.com\\\/de\\\/?s={search_term_string}\"},\"query-input\":{\"@type\":\"PropertyValueSpecification\",\"valueRequired\":true,\"valueName\":\"search_term_string\"}}],\"inLanguage\":\"de\"},{\"@type\":\"Organization\",\"@id\":\"https:\\\/\\\/wolf-publishing.com\\\/de\\\/#organization\",\"name\":\"WOLF Publishing\",\"url\":\"https:\\\/\\\/wolf-publishing.com\\\/de\\\/\",\"logo\":{\"@type\":\"ImageObject\",\"inLanguage\":\"de\",\"@id\":\"https:\\\/\\\/wolf-publishing.com\\\/de\\\/#\\\/schema\\\/logo\\\/image\\\/\",\"url\":\"http:\\\/\\\/wolf-publishing.com\\\/wp-content\\\/uploads\\\/2021\\\/01\\\/BlackLogoFlat-e1609705874221.png\",\"contentUrl\":\"http:\\\/\\\/wolf-publishing.com\\\/wp-content\\\/uploads\\\/2021\\\/01\\\/BlackLogoFlat-e1609705874221.png\",\"width\":300,\"height\":180,\"caption\":\"WOLF Publishing\"},\"image\":{\"@id\":\"https:\\\/\\\/wolf-publishing.com\\\/de\\\/#\\\/schema\\\/logo\\\/image\\\/\"},\"sameAs\":[\"https:\\\/\\\/www.facebook.com\\\/WOLFPublishing.WhereStorytellingLives\",\"https:\\\/\\\/www.instagram.com\\\/wolf.publishing\\\/\"]}]}<\/script>\n<!-- \/ Yoast SEO plugin. -->","yoast_head_json":{"title":"Lady Leonoras schrecklich verf\u00fchrerischer Kuss &#8211; WOLF Publishing","robots":{"index":"index","follow":"follow","max-snippet":"max-snippet:-1","max-image-preview":"max-image-preview:large","max-video-preview":"max-video-preview:-1"},"canonical":"https:\/\/wolf-publishing.com\/de\/lady-leonoras-schrecklich-verfuehrerischer-kuss\/","og_locale":"de_DE","og_type":"article","og_title":"Lady Leonoras schrecklich verf\u00fchrerischer Kuss &#8211; WOLF Publishing","og_description":"#2 Die verliebten Whickertons Bree Wolf In dieser Regency-Romanze der USA Today-Bestsellerautorin BREE WOLF erkennen ein gr\u00fcblerischer Marquess und eine lernbegierige Lady, dass die Liebe alles erobern kann &#8230; vor allem dann, wenn man es am wenigsten erwartet. Ein Marquess,&#8230; Continue Reading&#8230;","og_url":"https:\/\/wolf-publishing.com\/de\/lady-leonoras-schrecklich-verfuehrerischer-kuss\/","og_site_name":"WOLF Publishing","article_publisher":"https:\/\/www.facebook.com\/WOLFPublishing.WhereStorytellingLives","article_modified_time":"2022-04-29T05:36:24+00:00","og_image":[{"url":"https:\/\/wolf-publishing.com\/wp-content\/uploads\/2021\/01\/2-Flame-300x226.png","type":"","width":"","height":""}],"twitter_card":"summary_large_image","twitter_misc":{"Gesch\u00e4tzte Lesezeit":"3\u00a0Minuten"},"schema":{"@context":"https:\/\/schema.org","@graph":[{"@type":"WebPage","@id":"https:\/\/wolf-publishing.com\/de\/lady-leonoras-schrecklich-verfuehrerischer-kuss\/","url":"https:\/\/wolf-publishing.com\/de\/lady-leonoras-schrecklich-verfuehrerischer-kuss\/","name":"Lady Leonoras schrecklich verf\u00fchrerischer Kuss &#8211; WOLF Publishing","isPartOf":{"@id":"https:\/\/wolf-publishing.com\/de\/#website"},"primaryImageOfPage":{"@id":"https:\/\/wolf-publishing.com\/de\/lady-leonoras-schrecklich-verfuehrerischer-kuss\/#primaryimage"},"image":{"@id":"https:\/\/wolf-publishing.com\/de\/lady-leonoras-schrecklich-verfuehrerischer-kuss\/#primaryimage"},"thumbnailUrl":"https:\/\/wolf-publishing.com\/wp-content\/uploads\/2021\/01\/2-Flame-300x226.png","datePublished":"2022-02-08T14:54:26+00:00","dateModified":"2022-04-29T05:36:24+00:00","breadcrumb":{"@id":"https:\/\/wolf-publishing.com\/de\/lady-leonoras-schrecklich-verfuehrerischer-kuss\/#breadcrumb"},"inLanguage":"de","potentialAction":[{"@type":"ReadAction","target":["https:\/\/wolf-publishing.com\/de\/lady-leonoras-schrecklich-verfuehrerischer-kuss\/"]}]},{"@type":"ImageObject","inLanguage":"de","@id":"https:\/\/wolf-publishing.com\/de\/lady-leonoras-schrecklich-verfuehrerischer-kuss\/#primaryimage","url":"https:\/\/wolf-publishing.com\/wp-content\/uploads\/2021\/01\/2-Flame-300x226.png","contentUrl":"https:\/\/wolf-publishing.com\/wp-content\/uploads\/2021\/01\/2-Flame-300x226.png"},{"@type":"BreadcrumbList","@id":"https:\/\/wolf-publishing.com\/de\/lady-leonoras-schrecklich-verfuehrerischer-kuss\/#breadcrumb","itemListElement":[{"@type":"ListItem","position":1,"name":"Home","item":"https:\/\/wolf-publishing.com\/de\/home\/"},{"@type":"ListItem","position":2,"name":"Lady Leonoras schrecklich verf\u00fchrerischer Kuss"}]},{"@type":"WebSite","@id":"https:\/\/wolf-publishing.com\/de\/#website","url":"https:\/\/wolf-publishing.com\/de\/","name":"WOLF Publishing","description":"Where Storytelling Lives.","publisher":{"@id":"https:\/\/wolf-publishing.com\/de\/#organization"},"potentialAction":[{"@type":"SearchAction","target":{"@type":"EntryPoint","urlTemplate":"https:\/\/wolf-publishing.com\/de\/?s={search_term_string}"},"query-input":{"@type":"PropertyValueSpecification","valueRequired":true,"valueName":"search_term_string"}}],"inLanguage":"de"},{"@type":"Organization","@id":"https:\/\/wolf-publishing.com\/de\/#organization","name":"WOLF Publishing","url":"https:\/\/wolf-publishing.com\/de\/","logo":{"@type":"ImageObject","inLanguage":"de","@id":"https:\/\/wolf-publishing.com\/de\/#\/schema\/logo\/image\/","url":"http:\/\/wolf-publishing.com\/wp-content\/uploads\/2021\/01\/BlackLogoFlat-e1609705874221.png","contentUrl":"http:\/\/wolf-publishing.com\/wp-content\/uploads\/2021\/01\/BlackLogoFlat-e1609705874221.png","width":300,"height":180,"caption":"WOLF Publishing"},"image":{"@id":"https:\/\/wolf-publishing.com\/de\/#\/schema\/logo\/image\/"},"sameAs":["https:\/\/www.facebook.com\/WOLFPublishing.WhereStorytellingLives","https:\/\/www.instagram.com\/wolf.publishing\/"]}]}},"_links":{"self":[{"href":"https:\/\/wolf-publishing.com\/de\/wp-json\/wp\/v2\/pages\/1614","targetHints":{"allow":["GET"]}}],"collection":[{"href":"https:\/\/wolf-publishing.com\/de\/wp-json\/wp\/v2\/pages"}],"about":[{"href":"https:\/\/wolf-publishing.com\/de\/wp-json\/wp\/v2\/types\/page"}],"author":[{"embeddable":true,"href":"https:\/\/wolf-publishing.com\/de\/wp-json\/wp\/v2\/users\/1"}],"replies":[{"embeddable":true,"href":"https:\/\/wolf-publishing.com\/de\/wp-json\/wp\/v2\/comments?post=1614"}],"version-history":[{"count":17,"href":"https:\/\/wolf-publishing.com\/de\/wp-json\/wp\/v2\/pages\/1614\/revisions"}],"predecessor-version":[{"id":2117,"href":"https:\/\/wolf-publishing.com\/de\/wp-json\/wp\/v2\/pages\/1614\/revisions\/2117"}],"wp:attachment":[{"href":"https:\/\/wolf-publishing.com\/de\/wp-json\/wp\/v2\/media?parent=1614"}],"curies":[{"name":"wp","href":"https:\/\/api.w.org\/{rel}","templated":true}]}}