{"id":2113,"date":"2022-04-29T05:36:02","date_gmt":"2022-04-29T05:36:02","guid":{"rendered":"https:\/\/wolf-publishing.com\/lady-christinas-irritierend-magischer-kuss\/"},"modified":"2022-04-29T05:36:02","modified_gmt":"2022-04-29T05:36:02","slug":"lady-christinas-irritierend-magischer-kuss","status":"publish","type":"page","link":"https:\/\/wolf-publishing.com\/de\/lady-christinas-irritierend-magischer-kuss\/","title":{"rendered":"Lady Christinas irritierend magischer Kuss"},"content":{"rendered":"\n<div class=\"wp-block-columns is-layout-flex wp-container-core-columns-is-layout-9d6595d7 wp-block-columns-is-layout-flex\">\n<div class=\"wp-block-column is-layout-flow wp-block-column-is-layout-flow\" style=\"flex-basis:66.66%\">\n<h2 class=\"wp-block-heading\" id=\"2-die-verliebten-whickertons\">#3 Die verliebten Whickertons<\/h2>\n\n\n\n<p class=\"has-luminous-vivid-amber-color has-text-color\">Bree Wolf <\/p>\n\n\n\n<figure class=\"wp-block-image size-medium is-resized\"><img loading=\"lazy\" decoding=\"async\" src=\"https:\/\/wolf-publishing.com\/wp-content\/uploads\/2021\/01\/2-Flame-300x226.png\" alt=\"\" class=\"wp-image-90\" width=\"30\" height=\"20\" srcset=\"https:\/\/wolf-publishing.com\/wp-content\/uploads\/2021\/01\/2-Flame-360x240.png 360w, https:\/\/wolf-publishing.com\/wp-content\/uploads\/2021\/01\/2-Flame-272x182.png 272w\" sizes=\"auto, (max-width: 30px) 100vw, 30px\" \/><\/figure>\n\n\n\n<p><strong>In dieser Regency-Romanze der USA Today-Bestseller Autorin BREE WOLF stellen eine aufbrausende Lady und ihr alles andere als gew\u00f6hnlicher Ehemann fest, dass eine zuf\u00e4llige Ehe doch ihre Vorteile haben kann.<\/strong><\/p>\n\n\n\n<p>Eine Dame mit einer Mission.<br\/>Ein missverstandener Schurke.<br\/>Und ein h\u00f6chst kompromittierender Moment.<\/p>\n\n\n\n<p>England 1803: LADY CHRISTINA BEAUMONT, Tochter des EARL OF WHICKERTON, befindet sich auf einer Mission. Eine Mission, um ihre beste Freundin davor zu bewahren, in eine Ehe gezwungen zu werden, die ihr zartes Herz brechen und ihrer Sensibilit\u00e4t Schaden zuf\u00fcgen w\u00fcrde. Tief verschuldet, hat Lord Hartmore zugestimmt, seine Tochter mit einem Schurken zu verheiraten. Einem Mann, der weit entfernt von Londons High Society aufgewachsen ist. Ein Mann, der nicht wei\u00df, wie man eine Dame behandelt. Ein Mann, der sich abscheulich und v\u00f6llig unpassend benimmt.<br\/>Ein Mann, der nicht als Gentleman bezeichnet werden kann.<\/p>\n\n\n\n<p>Mit einem Blick erkennt Christina, dass Mr. Sharpe ihre Freundin nur aus einem einzigen Grund heiraten will, und zwar um in die Londoner High Society aufgenommen zu werden &#8230; und sie wird den Teufel tun, bevor sie das zul\u00e4sst. Seine smaragdgr\u00fcnen Augen und sein neckisches L\u00e4cheln k\u00f6nnen sie nicht t\u00e4uschen, und so heckt sie einen Plan aus, um ihre Freundin zu sch\u00fctzen. Ungl\u00fccklicherweise findet sich Christina als Opfer eines fremden Plans wieder, bevor sie ihren eigenen in die Tat umsetzt kann.<\/p>\n\n\n\n<p>THORNE SHARPE ist ein Selfmademan. Aufgewachsen mit keinerlei Verm\u00f6gen, verdiente er sich seine ersten M\u00fcnzen in Boxk\u00e4mpfen. Er wusste jedoch, dass er sich auf seinen Verstand statt auf seine F\u00e4uste verlassen musste, sollte er jemals etwas aus sich machen wollen. Er sparte das Wenige, das er verdiente, und begann zu investieren, immer mit offenen Augen und Ohren, entschlossen, in der Welt voranzukommen.<\/p>\n\n\n\n<p>In die gehobene Gesellschaft Londons einzuheiraten verspricht Thorne nun schlie\u00dflich den n\u00f6tigen Einfluss, welchen er braucht, um etwas zu bewirken \u2026 f\u00fcr all jene, die noch immer jeden Tag ums \u00dcberleben k\u00e4mpfen. W\u00e4hrend die junge Dame, auf die er ein Auge geworfen hat, freundlich und gutherzig\u2014wenn auch etwas \u00e4ngstlich\u2014zu sein scheint, verweilt Thornes Blick stattdessen auf ihrer temperamentvollen Freundin, einer Sirene mit goldenen Locken und Augen, die ihm bei jeder Gelegenheit Pfeile entgegenschie\u00dfen.<\/p>\n\n\n\n<p>Noch nie hat Thorne gez\u00f6gert, wenn sich ihm eine Gelegenheit bot.<br\/>Und er wird jetzt nicht damit anfangen.<br\/>Er wei\u00df, was er will, und was er will, ist &#8230; sie.<\/p>\n<\/div>\n\n\n\n<div class=\"wp-block-column is-layout-flow wp-block-column-is-layout-flow\" style=\"flex-basis:33.33%\">\n<figure class=\"wp-block-image size-large\"><img loading=\"lazy\" decoding=\"async\" width=\"701\" height=\"1024\" src=\"http:\/\/wolf-publishing.com\/wp-content\/uploads\/2022\/03\/ladychristinasEbook-701x1024.jpg\" alt=\"\" class=\"wp-image-1787\" srcset=\"https:\/\/wolf-publishing.com\/wp-content\/uploads\/2022\/03\/ladychristinasEbook-701x1024.jpg 701w, https:\/\/wolf-publishing.com\/wp-content\/uploads\/2022\/03\/ladychristinasEbook-205x300.jpg 205w, https:\/\/wolf-publishing.com\/wp-content\/uploads\/2022\/03\/ladychristinasEbook-768x1122.jpg 768w, https:\/\/wolf-publishing.com\/wp-content\/uploads\/2022\/03\/ladychristinasEbook-1052x1536.jpg 1052w, https:\/\/wolf-publishing.com\/wp-content\/uploads\/2022\/03\/ladychristinasEbook-1402x2048.jpg 1402w, https:\/\/wolf-publishing.com\/wp-content\/uploads\/2022\/03\/ladychristinasEbook-scaled.jpg 1753w\" sizes=\"auto, (max-width: 701px) 100vw, 701px\" \/><\/figure>\n\n\n\n<div style=\"height:34px\" aria-hidden=\"true\" class=\"wp-block-spacer\"><\/div>\n\n\n\n<div class=\"wp-block-buttons is-layout-flex wp-block-buttons-is-layout-flex\">\n<div class=\"wp-block-button\"><a class=\"wp-block-button__link\" href=\"https:\/\/amzn.to\/3khQGXU\">E-Book<\/a><\/div>\n\n\n\n<div class=\"wp-block-button\"><a class=\"wp-block-button__link\" href=\"https:\/\/amzn.to\/3rZ0tGE\">Taschenbuch<\/a><\/div>\n\n\n\n<div class=\"wp-block-button\"><a class=\"wp-block-button__link\" href=\"https:\/\/amzn.to\/3vrAUQI\">Gebundene Ausgabe<\/a><\/div>\n<\/div>\n<\/div>\n<\/div>\n\n<div style=\"height:32px\" aria-hidden=\"true\" class=\"wp-block-spacer\"><\/div>\n\n<div class=\"wp-block-image\"><figure class=\"aligncenter size-medium is-resized\"><img loading=\"lazy\" decoding=\"async\" src=\"https:\/\/wolf-publishing.com\/wp-content\/uploads\/2021\/01\/Separator-1-300x90.png\" alt=\"\" class=\"wp-image-193\" width=\"150\" height=\"45\" srcset=\"https:\/\/wolf-publishing.com\/wp-content\/uploads\/2021\/01\/Separator-1-300x90.png 300w, https:\/\/wolf-publishing.com\/wp-content\/uploads\/2021\/01\/Separator-1-768x230.png 768w, https:\/\/wolf-publishing.com\/wp-content\/uploads\/2021\/01\/Separator-1.png 1000w\" sizes=\"auto, (max-width: 150px) 100vw, 150px\" \/><\/figure><\/div>\n\n<div style=\"height:33px\" aria-hidden=\"true\" class=\"wp-block-spacer\"><\/div>\n\n<h2 class=\"wp-block-heading\">Die verliebten Whickertons<\/h2>\n\n<div style=\"height:33px\" aria-hidden=\"true\" class=\"wp-block-spacer\"><\/div>\n\n<div class=\"wp-block-columns is-layout-flex wp-container-core-columns-is-layout-9d6595d7 wp-block-columns-is-layout-flex\">\n<div class=\"wp-block-column is-layout-flow wp-block-column-is-layout-flow\">\n<div class=\"wp-block-columns is-layout-flex wp-container-core-columns-is-layout-9d6595d7 wp-block-columns-is-layout-flex\">\n<div class=\"wp-block-column is-layout-flow wp-block-column-is-layout-flow\">\n<figure class=\"wp-block-image size-large\"><a href=\"https:\/\/wolf-publishing.com\/miss-annes-missgluckter-mistelzweigkuss\/\"><img loading=\"lazy\" decoding=\"async\" width=\"701\" height=\"1024\" src=\"http:\/\/wolf-publishing.com\/wp-content\/uploads\/2021\/10\/MissAEbook-701x1024.jpg\" alt=\"\" class=\"wp-image-1170\" srcset=\"https:\/\/wolf-publishing.com\/wp-content\/uploads\/2021\/10\/MissAEbook-701x1024.jpg 701w, https:\/\/wolf-publishing.com\/wp-content\/uploads\/2021\/10\/MissAEbook-205x300.jpg 205w, https:\/\/wolf-publishing.com\/wp-content\/uploads\/2021\/10\/MissAEbook-768x1122.jpg 768w, https:\/\/wolf-publishing.com\/wp-content\/uploads\/2021\/10\/MissAEbook-1052x1536.jpg 1052w, https:\/\/wolf-publishing.com\/wp-content\/uploads\/2021\/10\/MissAEbook-1402x2048.jpg 1402w, https:\/\/wolf-publishing.com\/wp-content\/uploads\/2021\/10\/MissAEbook-scaled.jpg 1753w\" sizes=\"auto, (max-width: 701px) 100vw, 701px\" \/><\/a><\/figure>\n<\/div>\n\n\n\n<div class=\"wp-block-column is-layout-flow wp-block-column-is-layout-flow\">\n<figure class=\"wp-block-image size-large\"><a href=\"https:\/\/wolf-publishing.com\/lady-louisas-teuflisch-zauberhafter-kuss\/\"><img loading=\"lazy\" decoding=\"async\" width=\"701\" height=\"1024\" src=\"http:\/\/wolf-publishing.com\/wp-content\/uploads\/2021\/12\/Lady-Louisas-teuflisch-zauberhafter-Kuss-Kindle-701x1024.jpg\" alt=\"https:\/\/wolf-publishing.com\/lady-louisas-teuflisch-zauberhafter-kuss\/\" class=\"wp-image-1387\" srcset=\"https:\/\/wolf-publishing.com\/wp-content\/uploads\/2021\/12\/Lady-Louisas-teuflisch-zauberhafter-Kuss-Kindle-701x1024.jpg 701w, https:\/\/wolf-publishing.com\/wp-content\/uploads\/2021\/12\/Lady-Louisas-teuflisch-zauberhafter-Kuss-Kindle-205x300.jpg 205w, https:\/\/wolf-publishing.com\/wp-content\/uploads\/2021\/12\/Lady-Louisas-teuflisch-zauberhafter-Kuss-Kindle-768x1122.jpg 768w, https:\/\/wolf-publishing.com\/wp-content\/uploads\/2021\/12\/Lady-Louisas-teuflisch-zauberhafter-Kuss-Kindle-1052x1536.jpg 1052w, https:\/\/wolf-publishing.com\/wp-content\/uploads\/2021\/12\/Lady-Louisas-teuflisch-zauberhafter-Kuss-Kindle-1402x2048.jpg 1402w, https:\/\/wolf-publishing.com\/wp-content\/uploads\/2021\/12\/Lady-Louisas-teuflisch-zauberhafter-Kuss-Kindle.jpg 1753w\" sizes=\"auto, (max-width: 701px) 100vw, 701px\" \/><\/a><\/figure>\n<\/div>\n\n\n\n<div class=\"wp-block-column is-layout-flow wp-block-column-is-layout-flow\">\n<figure class=\"wp-block-image size-large\"><a href=\"https:\/\/wolf-publishing.com\/lady-leonoras-schrecklich-verfuhrerischer-kuss\/\"><img loading=\"lazy\" decoding=\"async\" width=\"701\" height=\"1024\" src=\"http:\/\/wolf-publishing.com\/wp-content\/uploads\/2021\/12\/verfuhrerischeebookUpdate-small-701x1024.jpg\" alt=\"\" class=\"wp-image-1450\" srcset=\"https:\/\/wolf-publishing.com\/wp-content\/uploads\/2021\/12\/verfuhrerischeebookUpdate-small-701x1024.jpg 701w, https:\/\/wolf-publishing.com\/wp-content\/uploads\/2021\/12\/verfuhrerischeebookUpdate-small-205x300.jpg 205w, https:\/\/wolf-publishing.com\/wp-content\/uploads\/2021\/12\/verfuhrerischeebookUpdate-small-768x1122.jpg 768w, https:\/\/wolf-publishing.com\/wp-content\/uploads\/2021\/12\/verfuhrerischeebookUpdate-small.jpg 945w\" sizes=\"auto, (max-width: 701px) 100vw, 701px\" \/><\/a><\/figure>\n<\/div>\n<\/div>\n<\/div>\n\n\n\n<div class=\"wp-block-column is-layout-flow wp-block-column-is-layout-flow\">\n<div class=\"wp-block-columns is-layout-flex wp-container-core-columns-is-layout-9d6595d7 wp-block-columns-is-layout-flex\">\n<div class=\"wp-block-column is-layout-flow wp-block-column-is-layout-flow\">\n<figure class=\"wp-block-image size-large\"><img loading=\"lazy\" decoding=\"async\" width=\"701\" height=\"1024\" src=\"http:\/\/wolf-publishing.com\/wp-content\/uploads\/2022\/03\/ladychristinasEbook-701x1024.jpg\" alt=\"\" class=\"wp-image-1787\" srcset=\"https:\/\/wolf-publishing.com\/wp-content\/uploads\/2022\/03\/ladychristinasEbook-701x1024.jpg 701w, https:\/\/wolf-publishing.com\/wp-content\/uploads\/2022\/03\/ladychristinasEbook-205x300.jpg 205w, https:\/\/wolf-publishing.com\/wp-content\/uploads\/2022\/03\/ladychristinasEbook-768x1122.jpg 768w, https:\/\/wolf-publishing.com\/wp-content\/uploads\/2022\/03\/ladychristinasEbook-1052x1536.jpg 1052w, https:\/\/wolf-publishing.com\/wp-content\/uploads\/2022\/03\/ladychristinasEbook-1402x2048.jpg 1402w, https:\/\/wolf-publishing.com\/wp-content\/uploads\/2022\/03\/ladychristinasEbook-scaled.jpg 1753w\" sizes=\"auto, (max-width: 701px) 100vw, 701px\" \/><\/figure>\n<\/div>\n\n\n\n<div class=\"wp-block-column is-layout-flow wp-block-column-is-layout-flow\">\n<figure class=\"wp-block-image size-large\"><img loading=\"lazy\" decoding=\"async\" width=\"701\" height=\"1024\" src=\"http:\/\/wolf-publishing.com\/wp-content\/uploads\/2022\/04\/HarrietEbook-701x1024.jpg\" alt=\"\" class=\"wp-image-2079\" srcset=\"https:\/\/wolf-publishing.com\/wp-content\/uploads\/2022\/04\/HarrietEbook-701x1024.jpg 701w, https:\/\/wolf-publishing.com\/wp-content\/uploads\/2022\/04\/HarrietEbook-205x300.jpg 205w, https:\/\/wolf-publishing.com\/wp-content\/uploads\/2022\/04\/HarrietEbook-768x1122.jpg 768w, https:\/\/wolf-publishing.com\/wp-content\/uploads\/2022\/04\/HarrietEbook-1052x1536.jpg 1052w, https:\/\/wolf-publishing.com\/wp-content\/uploads\/2022\/04\/HarrietEbook-1402x2048.jpg 1402w, https:\/\/wolf-publishing.com\/wp-content\/uploads\/2022\/04\/HarrietEbook-scaled.jpg 1753w\" sizes=\"auto, (max-width: 701px) 100vw, 701px\" \/><\/figure>\n<\/div>\n\n\n\n<div class=\"wp-block-column is-layout-flow wp-block-column-is-layout-flow\"><\/div>\n<\/div>\n<\/div>\n<\/div>\n","protected":false},"excerpt":{"rendered":"<p>#3 Die verliebten Whickertons Bree Wolf In dieser Regency-Romanze der USA Today-Bestseller Autorin BREE WOLF stellen eine aufbrausende Lady und ihr alles andere als gew\u00f6hnlicher Ehemann fest, dass eine zuf\u00e4llige Ehe doch ihre Vorteile haben kann. Eine Dame mit einer&#8230; <a class=\"di-continue-reading\" href=\"https:\/\/wolf-publishing.com\/de\/lady-christinas-irritierend-magischer-kuss\/\"> Continue Reading&#8230;<\/a><\/p>\n","protected":false},"author":1,"featured_media":0,"parent":0,"menu_order":0,"comment_status":"closed","ping_status":"closed","template":"","meta":{"footnotes":""},"class_list":["post-2113","page","type-page","status-publish","hentry"],"yoast_head":"<!-- This site is optimized with the Yoast SEO plugin v27.3 - https:\/\/yoast.com\/product\/yoast-seo-wordpress\/ -->\n<title>Lady Christinas irritierend magischer Kuss &#8211; WOLF Publishing<\/title>\n<meta name=\"robots\" content=\"index, follow, max-snippet:-1, max-image-preview:large, max-video-preview:-1\" \/>\n<link rel=\"canonical\" href=\"https:\/\/wolf-publishing.com\/de\/lady-christinas-irritierend-magischer-kuss\/\" \/>\n<meta property=\"og:locale\" content=\"de_DE\" \/>\n<meta property=\"og:type\" content=\"article\" \/>\n<meta property=\"og:title\" content=\"Lady Christinas irritierend magischer Kuss &#8211; WOLF Publishing\" \/>\n<meta property=\"og:description\" content=\"#3 Die verliebten Whickertons Bree Wolf In dieser Regency-Romanze der USA Today-Bestseller Autorin BREE WOLF stellen eine aufbrausende Lady und ihr alles andere als gew\u00f6hnlicher Ehemann fest, dass eine zuf\u00e4llige Ehe doch ihre Vorteile haben kann. Eine Dame mit einer&#8230; Continue Reading&#8230;\" \/>\n<meta property=\"og:url\" content=\"https:\/\/wolf-publishing.com\/de\/lady-christinas-irritierend-magischer-kuss\/\" \/>\n<meta property=\"og:site_name\" content=\"WOLF Publishing\" \/>\n<meta property=\"article:publisher\" content=\"https:\/\/www.facebook.com\/WOLFPublishing.WhereStorytellingLives\" \/>\n<meta property=\"og:image\" content=\"https:\/\/wolf-publishing.com\/wp-content\/uploads\/2021\/01\/2-Flame-300x226.png\" \/>\n<meta name=\"twitter:card\" content=\"summary_large_image\" \/>\n<meta name=\"twitter:label1\" content=\"Gesch\u00e4tzte Lesezeit\" \/>\n\t<meta name=\"twitter:data1\" content=\"2\u00a0Minuten\" \/>\n<script type=\"application\/ld+json\" class=\"yoast-schema-graph\">{\"@context\":\"https:\\\/\\\/schema.org\",\"@graph\":[{\"@type\":\"WebPage\",\"@id\":\"https:\\\/\\\/wolf-publishing.com\\\/de\\\/lady-christinas-irritierend-magischer-kuss\\\/\",\"url\":\"https:\\\/\\\/wolf-publishing.com\\\/de\\\/lady-christinas-irritierend-magischer-kuss\\\/\",\"name\":\"Lady Christinas irritierend magischer Kuss &#8211; WOLF Publishing\",\"isPartOf\":{\"@id\":\"https:\\\/\\\/wolf-publishing.com\\\/de\\\/#website\"},\"primaryImageOfPage\":{\"@id\":\"https:\\\/\\\/wolf-publishing.com\\\/de\\\/lady-christinas-irritierend-magischer-kuss\\\/#primaryimage\"},\"image\":{\"@id\":\"https:\\\/\\\/wolf-publishing.com\\\/de\\\/lady-christinas-irritierend-magischer-kuss\\\/#primaryimage\"},\"thumbnailUrl\":\"https:\\\/\\\/wolf-publishing.com\\\/wp-content\\\/uploads\\\/2021\\\/01\\\/2-Flame-300x226.png\",\"datePublished\":\"2022-04-29T05:36:02+00:00\",\"breadcrumb\":{\"@id\":\"https:\\\/\\\/wolf-publishing.com\\\/de\\\/lady-christinas-irritierend-magischer-kuss\\\/#breadcrumb\"},\"inLanguage\":\"de\",\"potentialAction\":[{\"@type\":\"ReadAction\",\"target\":[\"https:\\\/\\\/wolf-publishing.com\\\/de\\\/lady-christinas-irritierend-magischer-kuss\\\/\"]}]},{\"@type\":\"ImageObject\",\"inLanguage\":\"de\",\"@id\":\"https:\\\/\\\/wolf-publishing.com\\\/de\\\/lady-christinas-irritierend-magischer-kuss\\\/#primaryimage\",\"url\":\"https:\\\/\\\/wolf-publishing.com\\\/wp-content\\\/uploads\\\/2021\\\/01\\\/2-Flame-300x226.png\",\"contentUrl\":\"https:\\\/\\\/wolf-publishing.com\\\/wp-content\\\/uploads\\\/2021\\\/01\\\/2-Flame-300x226.png\"},{\"@type\":\"BreadcrumbList\",\"@id\":\"https:\\\/\\\/wolf-publishing.com\\\/de\\\/lady-christinas-irritierend-magischer-kuss\\\/#breadcrumb\",\"itemListElement\":[{\"@type\":\"ListItem\",\"position\":1,\"name\":\"Home\",\"item\":\"https:\\\/\\\/wolf-publishing.com\\\/de\\\/home\\\/\"},{\"@type\":\"ListItem\",\"position\":2,\"name\":\"Lady Christinas irritierend magischer Kuss\"}]},{\"@type\":\"WebSite\",\"@id\":\"https:\\\/\\\/wolf-publishing.com\\\/de\\\/#website\",\"url\":\"https:\\\/\\\/wolf-publishing.com\\\/de\\\/\",\"name\":\"WOLF Publishing\",\"description\":\"Where Storytelling Lives.\",\"publisher\":{\"@id\":\"https:\\\/\\\/wolf-publishing.com\\\/de\\\/#organization\"},\"potentialAction\":[{\"@type\":\"SearchAction\",\"target\":{\"@type\":\"EntryPoint\",\"urlTemplate\":\"https:\\\/\\\/wolf-publishing.com\\\/de\\\/?s={search_term_string}\"},\"query-input\":{\"@type\":\"PropertyValueSpecification\",\"valueRequired\":true,\"valueName\":\"search_term_string\"}}],\"inLanguage\":\"de\"},{\"@type\":\"Organization\",\"@id\":\"https:\\\/\\\/wolf-publishing.com\\\/de\\\/#organization\",\"name\":\"WOLF Publishing\",\"url\":\"https:\\\/\\\/wolf-publishing.com\\\/de\\\/\",\"logo\":{\"@type\":\"ImageObject\",\"inLanguage\":\"de\",\"@id\":\"https:\\\/\\\/wolf-publishing.com\\\/de\\\/#\\\/schema\\\/logo\\\/image\\\/\",\"url\":\"http:\\\/\\\/wolf-publishing.com\\\/wp-content\\\/uploads\\\/2021\\\/01\\\/BlackLogoFlat-e1609705874221.png\",\"contentUrl\":\"http:\\\/\\\/wolf-publishing.com\\\/wp-content\\\/uploads\\\/2021\\\/01\\\/BlackLogoFlat-e1609705874221.png\",\"width\":300,\"height\":180,\"caption\":\"WOLF Publishing\"},\"image\":{\"@id\":\"https:\\\/\\\/wolf-publishing.com\\\/de\\\/#\\\/schema\\\/logo\\\/image\\\/\"},\"sameAs\":[\"https:\\\/\\\/www.facebook.com\\\/WOLFPublishing.WhereStorytellingLives\",\"https:\\\/\\\/www.instagram.com\\\/wolf.publishing\\\/\"]}]}<\/script>\n<!-- \/ Yoast SEO plugin. -->","yoast_head_json":{"title":"Lady Christinas irritierend magischer Kuss &#8211; WOLF Publishing","robots":{"index":"index","follow":"follow","max-snippet":"max-snippet:-1","max-image-preview":"max-image-preview:large","max-video-preview":"max-video-preview:-1"},"canonical":"https:\/\/wolf-publishing.com\/de\/lady-christinas-irritierend-magischer-kuss\/","og_locale":"de_DE","og_type":"article","og_title":"Lady Christinas irritierend magischer Kuss &#8211; WOLF Publishing","og_description":"#3 Die verliebten Whickertons Bree Wolf In dieser Regency-Romanze der USA Today-Bestseller Autorin BREE WOLF stellen eine aufbrausende Lady und ihr alles andere als gew\u00f6hnlicher Ehemann fest, dass eine zuf\u00e4llige Ehe doch ihre Vorteile haben kann. Eine Dame mit einer&#8230; Continue Reading&#8230;","og_url":"https:\/\/wolf-publishing.com\/de\/lady-christinas-irritierend-magischer-kuss\/","og_site_name":"WOLF Publishing","article_publisher":"https:\/\/www.facebook.com\/WOLFPublishing.WhereStorytellingLives","og_image":[{"url":"https:\/\/wolf-publishing.com\/wp-content\/uploads\/2021\/01\/2-Flame-300x226.png","type":"","width":"","height":""}],"twitter_card":"summary_large_image","twitter_misc":{"Gesch\u00e4tzte Lesezeit":"2\u00a0Minuten"},"schema":{"@context":"https:\/\/schema.org","@graph":[{"@type":"WebPage","@id":"https:\/\/wolf-publishing.com\/de\/lady-christinas-irritierend-magischer-kuss\/","url":"https:\/\/wolf-publishing.com\/de\/lady-christinas-irritierend-magischer-kuss\/","name":"Lady Christinas irritierend magischer Kuss &#8211; WOLF Publishing","isPartOf":{"@id":"https:\/\/wolf-publishing.com\/de\/#website"},"primaryImageOfPage":{"@id":"https:\/\/wolf-publishing.com\/de\/lady-christinas-irritierend-magischer-kuss\/#primaryimage"},"image":{"@id":"https:\/\/wolf-publishing.com\/de\/lady-christinas-irritierend-magischer-kuss\/#primaryimage"},"thumbnailUrl":"https:\/\/wolf-publishing.com\/wp-content\/uploads\/2021\/01\/2-Flame-300x226.png","datePublished":"2022-04-29T05:36:02+00:00","breadcrumb":{"@id":"https:\/\/wolf-publishing.com\/de\/lady-christinas-irritierend-magischer-kuss\/#breadcrumb"},"inLanguage":"de","potentialAction":[{"@type":"ReadAction","target":["https:\/\/wolf-publishing.com\/de\/lady-christinas-irritierend-magischer-kuss\/"]}]},{"@type":"ImageObject","inLanguage":"de","@id":"https:\/\/wolf-publishing.com\/de\/lady-christinas-irritierend-magischer-kuss\/#primaryimage","url":"https:\/\/wolf-publishing.com\/wp-content\/uploads\/2021\/01\/2-Flame-300x226.png","contentUrl":"https:\/\/wolf-publishing.com\/wp-content\/uploads\/2021\/01\/2-Flame-300x226.png"},{"@type":"BreadcrumbList","@id":"https:\/\/wolf-publishing.com\/de\/lady-christinas-irritierend-magischer-kuss\/#breadcrumb","itemListElement":[{"@type":"ListItem","position":1,"name":"Home","item":"https:\/\/wolf-publishing.com\/de\/home\/"},{"@type":"ListItem","position":2,"name":"Lady Christinas irritierend magischer Kuss"}]},{"@type":"WebSite","@id":"https:\/\/wolf-publishing.com\/de\/#website","url":"https:\/\/wolf-publishing.com\/de\/","name":"WOLF Publishing","description":"Where Storytelling Lives.","publisher":{"@id":"https:\/\/wolf-publishing.com\/de\/#organization"},"potentialAction":[{"@type":"SearchAction","target":{"@type":"EntryPoint","urlTemplate":"https:\/\/wolf-publishing.com\/de\/?s={search_term_string}"},"query-input":{"@type":"PropertyValueSpecification","valueRequired":true,"valueName":"search_term_string"}}],"inLanguage":"de"},{"@type":"Organization","@id":"https:\/\/wolf-publishing.com\/de\/#organization","name":"WOLF Publishing","url":"https:\/\/wolf-publishing.com\/de\/","logo":{"@type":"ImageObject","inLanguage":"de","@id":"https:\/\/wolf-publishing.com\/de\/#\/schema\/logo\/image\/","url":"http:\/\/wolf-publishing.com\/wp-content\/uploads\/2021\/01\/BlackLogoFlat-e1609705874221.png","contentUrl":"http:\/\/wolf-publishing.com\/wp-content\/uploads\/2021\/01\/BlackLogoFlat-e1609705874221.png","width":300,"height":180,"caption":"WOLF Publishing"},"image":{"@id":"https:\/\/wolf-publishing.com\/de\/#\/schema\/logo\/image\/"},"sameAs":["https:\/\/www.facebook.com\/WOLFPublishing.WhereStorytellingLives","https:\/\/www.instagram.com\/wolf.publishing\/"]}]}},"_links":{"self":[{"href":"https:\/\/wolf-publishing.com\/de\/wp-json\/wp\/v2\/pages\/2113","targetHints":{"allow":["GET"]}}],"collection":[{"href":"https:\/\/wolf-publishing.com\/de\/wp-json\/wp\/v2\/pages"}],"about":[{"href":"https:\/\/wolf-publishing.com\/de\/wp-json\/wp\/v2\/types\/page"}],"author":[{"embeddable":true,"href":"https:\/\/wolf-publishing.com\/de\/wp-json\/wp\/v2\/users\/1"}],"replies":[{"embeddable":true,"href":"https:\/\/wolf-publishing.com\/de\/wp-json\/wp\/v2\/comments?post=2113"}],"version-history":[{"count":1,"href":"https:\/\/wolf-publishing.com\/de\/wp-json\/wp\/v2\/pages\/2113\/revisions"}],"predecessor-version":[{"id":2114,"href":"https:\/\/wolf-publishing.com\/de\/wp-json\/wp\/v2\/pages\/2113\/revisions\/2114"}],"wp:attachment":[{"href":"https:\/\/wolf-publishing.com\/de\/wp-json\/wp\/v2\/media?parent=2113"}],"curies":[{"name":"wp","href":"https:\/\/api.w.org\/{rel}","templated":true}]}}