{"id":2594,"date":"2022-11-02T10:55:42","date_gmt":"2022-11-02T10:55:42","guid":{"rendered":"https:\/\/wolf-publishing.com\/?page_id=2594"},"modified":"2023-08-15T13:21:11","modified_gmt":"2023-08-15T13:21:11","slug":"sarah-zahn","status":"publish","type":"page","link":"https:\/\/wolf-publishing.com\/de\/sarah-zahn\/","title":{"rendered":"Sarah Zahn"},"content":{"rendered":"\n<figure class=\"wp-block-image size-large\"><img loading=\"lazy\" decoding=\"async\" width=\"1024\" height=\"272\" src=\"http:\/\/wolf-publishing.com\/wp-content\/uploads\/2021\/06\/WP-Header-Summer-German-1024x272.jpg\" alt=\"\" class=\"wp-image-875\" srcset=\"https:\/\/wolf-publishing.com\/wp-content\/uploads\/2021\/06\/WP-Header-Summer-German-1024x272.jpg 1024w, https:\/\/wolf-publishing.com\/wp-content\/uploads\/2021\/06\/WP-Header-Summer-German-300x80.jpg 300w, https:\/\/wolf-publishing.com\/wp-content\/uploads\/2021\/06\/WP-Header-Summer-German-768x204.jpg 768w, https:\/\/wolf-publishing.com\/wp-content\/uploads\/2021\/06\/WP-Header-Summer-German.jpg 1350w\" sizes=\"auto, (max-width: 1024px) 100vw, 1024px\" \/><\/figure>\n\n\n\n<div style=\"height:28px\" aria-hidden=\"true\" class=\"wp-block-spacer\"><\/div>\n\n\n\n<div class=\"wp-block-columns is-layout-flex wp-container-core-columns-is-layout-9d6595d7 wp-block-columns-is-layout-flex\">\n<div class=\"wp-block-column is-layout-flow wp-block-column-is-layout-flow\" style=\"flex-basis:33.33%\"><\/div>\n\n\n\n<div class=\"wp-block-column is-layout-flow wp-block-column-is-layout-flow\" style=\"flex-basis:66.66%\">\n<p>Sarah Zahn hat schon immer gern gelesen und das nicht nur auf Deutsch, weswegen sie sich f\u00fcr ihren Masterabschluss in Literatur\u00fcbersetzen an der Universit\u00e4t in D\u00fcsseldorf entschieden hat. Mit ihrer \u201efound family\u201c und zwei s\u00fc\u00dfen Katzen lebt sie in Neuss. Wenn sie nicht \u00fcbersetzt, dann schreibt sie gern selbst, liest und spielt Videospiele. Seit kurzem bringt sie die wunderbare Regency-Romantik von WOLF Publishing auch den deutschen LeserInnen n\u00e4her.<\/p>\n<\/div>\n<\/div>\n\n\n\n<div style=\"height:30px\" aria-hidden=\"true\" class=\"wp-block-spacer\"><\/div>\n\n\n\n<h2 class=\"wp-block-heading\">\u00dcbersetzte Werke mit WOLF Publishing<\/h2>\n\n\n\n<div style=\"height:18px\" aria-hidden=\"true\" class=\"wp-block-spacer\"><\/div>\n\n\n\n<h3 class=\"wp-block-heading\">Tracy Sumner&#8217;s: Die Duchess Society<\/h3>\n\n\n\n<div style=\"height:28px\" aria-hidden=\"true\" class=\"wp-block-spacer\"><\/div>\n\n\n\n<div class=\"wp-block-columns is-layout-flex wp-container-core-columns-is-layout-9d6595d7 wp-block-columns-is-layout-flex\">\n<div class=\"wp-block-column is-layout-flow wp-block-column-is-layout-flow\">\n<div class=\"wp-block-columns is-layout-flex wp-container-core-columns-is-layout-9d6595d7 wp-block-columns-is-layout-flex\">\n<div class=\"wp-block-column is-layout-flow wp-block-column-is-layout-flow\">\n<figure class=\"wp-block-image size-full\"><a href=\"https:\/\/wolf-publishing.com\/de\/die-wette-des-tollkuehnen-blaustrumpfs\/\"><img loading=\"lazy\" decoding=\"async\" width=\"1753\" height=\"2560\" src=\"https:\/\/wolf-publishing.com\/wp-content\/uploads\/2023\/05\/Die-Wette-des-tollkuhnen-Blaustrumpfs-Kindle.jpg\" alt=\"\" class=\"wp-image-3055\" srcset=\"https:\/\/wolf-publishing.com\/wp-content\/uploads\/2023\/05\/Die-Wette-des-tollkuhnen-Blaustrumpfs-Kindle.jpg 1753w, https:\/\/wolf-publishing.com\/wp-content\/uploads\/2023\/05\/Die-Wette-des-tollkuhnen-Blaustrumpfs-Kindle-205x300.jpg 205w, https:\/\/wolf-publishing.com\/wp-content\/uploads\/2023\/05\/Die-Wette-des-tollkuhnen-Blaustrumpfs-Kindle-701x1024.jpg 701w, https:\/\/wolf-publishing.com\/wp-content\/uploads\/2023\/05\/Die-Wette-des-tollkuhnen-Blaustrumpfs-Kindle-768x1122.jpg 768w, https:\/\/wolf-publishing.com\/wp-content\/uploads\/2023\/05\/Die-Wette-des-tollkuhnen-Blaustrumpfs-Kindle-1052x1536.jpg 1052w, https:\/\/wolf-publishing.com\/wp-content\/uploads\/2023\/05\/Die-Wette-des-tollkuhnen-Blaustrumpfs-Kindle-1402x2048.jpg 1402w\" sizes=\"auto, (max-width: 1753px) 100vw, 1753px\" \/><\/a><figcaption class=\"wp-element-caption\">Buch 1<\/figcaption><\/figure>\n<\/div>\n\n\n\n<div class=\"wp-block-column is-layout-flow wp-block-column-is-layout-flow\">\n<figure class=\"wp-block-image size-full\"><a href=\"https:\/\/wolf-publishing.com\/de\/eine-kuehne-lady-fuer-den-duke\/\"><img loading=\"lazy\" decoding=\"async\" width=\"456\" height=\"666\" src=\"http:\/\/wolf-publishing.com\/wp-content\/uploads\/2023\/05\/VixenGermanEbook-72dpi.jpg\" alt=\"\" class=\"wp-image-3057\" srcset=\"https:\/\/wolf-publishing.com\/wp-content\/uploads\/2023\/05\/VixenGermanEbook-72dpi.jpg 456w, https:\/\/wolf-publishing.com\/wp-content\/uploads\/2023\/05\/VixenGermanEbook-72dpi-205x300.jpg 205w\" sizes=\"auto, (max-width: 456px) 100vw, 456px\" \/><\/a><figcaption class=\"wp-element-caption\">Buch 2<\/figcaption><\/figure>\n<\/div>\n\n\n\n<div class=\"wp-block-column is-layout-flow wp-block-column-is-layout-flow\">\n<figure class=\"wp-block-image size-full\"><img loading=\"lazy\" decoding=\"async\" width=\"456\" height=\"666\" src=\"http:\/\/wolf-publishing.com\/wp-content\/uploads\/2023\/05\/WallflowerGermanEbook-72dpi.jpg\" alt=\"\" class=\"wp-image-3059\" srcset=\"https:\/\/wolf-publishing.com\/wp-content\/uploads\/2023\/05\/WallflowerGermanEbook-72dpi.jpg 456w, https:\/\/wolf-publishing.com\/wp-content\/uploads\/2023\/05\/WallflowerGermanEbook-72dpi-205x300.jpg 205w\" sizes=\"auto, (max-width: 456px) 100vw, 456px\" \/><figcaption class=\"wp-element-caption\">Buch 3<\/figcaption><\/figure>\n<\/div>\n<\/div>\n<\/div>\n\n\n\n<div class=\"wp-block-column is-layout-flow wp-block-column-is-layout-flow\">\n<div class=\"wp-block-columns is-layout-flex wp-container-core-columns-is-layout-9d6595d7 wp-block-columns-is-layout-flex\">\n<div class=\"wp-block-column is-layout-flow wp-block-column-is-layout-flow\"><\/div>\n\n\n\n<div class=\"wp-block-column is-layout-flow wp-block-column-is-layout-flow\">\n<figure class=\"wp-block-image size-full\"><a href=\"https:\/\/wolf-publishing.com\/de\/das-gluecksspiel-der-gouvernante\/\"><img loading=\"lazy\" decoding=\"async\" width=\"1753\" height=\"2560\" src=\"https:\/\/wolf-publishing.com\/wp-content\/uploads\/2023\/01\/Das-Glucksspiel-der-Gouvernante-Kindle.jpg\" alt=\"\" class=\"wp-image-2890\" srcset=\"https:\/\/wolf-publishing.com\/wp-content\/uploads\/2023\/01\/Das-Glucksspiel-der-Gouvernante-Kindle.jpg 1753w, https:\/\/wolf-publishing.com\/wp-content\/uploads\/2023\/01\/Das-Glucksspiel-der-Gouvernante-Kindle-205x300.jpg 205w, https:\/\/wolf-publishing.com\/wp-content\/uploads\/2023\/01\/Das-Glucksspiel-der-Gouvernante-Kindle-701x1024.jpg 701w, https:\/\/wolf-publishing.com\/wp-content\/uploads\/2023\/01\/Das-Glucksspiel-der-Gouvernante-Kindle-768x1122.jpg 768w, https:\/\/wolf-publishing.com\/wp-content\/uploads\/2023\/01\/Das-Glucksspiel-der-Gouvernante-Kindle-1052x1536.jpg 1052w, https:\/\/wolf-publishing.com\/wp-content\/uploads\/2023\/01\/Das-Glucksspiel-der-Gouvernante-Kindle-1402x2048.jpg 1402w\" sizes=\"auto, (max-width: 1753px) 100vw, 1753px\" \/><\/a><figcaption class=\"wp-element-caption\"><em>Weihnachtsnovelle<\/em><\/figcaption><\/figure>\n<\/div>\n\n\n\n<div class=\"wp-block-column is-layout-flow wp-block-column-is-layout-flow\"><\/div>\n<\/div>\n<\/div>\n<\/div>\n","protected":false},"excerpt":{"rendered":"<p>Sarah Zahn hat schon immer gern gelesen und das nicht nur auf Deutsch, weswegen sie sich f\u00fcr ihren Masterabschluss in Literatur\u00fcbersetzen an der Universit\u00e4t in D\u00fcsseldorf entschieden hat. Mit ihrer \u201efound family\u201c und zwei s\u00fc\u00dfen Katzen lebt sie in Neuss.&#8230; <a class=\"di-continue-reading\" href=\"https:\/\/wolf-publishing.com\/de\/sarah-zahn\/\"> Continue Reading&#8230;<\/a><\/p>\n","protected":false},"author":1,"featured_media":0,"parent":0,"menu_order":0,"comment_status":"closed","ping_status":"closed","template":"","meta":{"footnotes":""},"class_list":["post-2594","page","type-page","status-publish","hentry"],"yoast_head":"<!-- This site is optimized with the Yoast SEO plugin v27.4 - https:\/\/yoast.com\/product\/yoast-seo-wordpress\/ -->\n<title>Sarah Zahn &#8211; WOLF Publishing<\/title>\n<meta name=\"robots\" content=\"index, follow, max-snippet:-1, max-image-preview:large, max-video-preview:-1\" \/>\n<link rel=\"canonical\" href=\"https:\/\/wolf-publishing.com\/de\/sarah-zahn\/\" \/>\n<meta property=\"og:locale\" content=\"de_DE\" \/>\n<meta property=\"og:type\" content=\"article\" \/>\n<meta property=\"og:title\" content=\"Sarah Zahn &#8211; WOLF Publishing\" \/>\n<meta property=\"og:description\" content=\"Sarah Zahn hat schon immer gern gelesen und das nicht nur auf Deutsch, weswegen sie sich f\u00fcr ihren Masterabschluss in Literatur\u00fcbersetzen an der Universit\u00e4t in D\u00fcsseldorf entschieden hat. Mit ihrer \u201efound family\u201c und zwei s\u00fc\u00dfen Katzen lebt sie in Neuss.&#8230; Continue Reading&#8230;\" \/>\n<meta property=\"og:url\" content=\"https:\/\/wolf-publishing.com\/de\/sarah-zahn\/\" \/>\n<meta property=\"og:site_name\" content=\"WOLF Publishing\" \/>\n<meta property=\"article:publisher\" content=\"https:\/\/www.facebook.com\/WOLFPublishing.WhereStorytellingLives\" \/>\n<meta property=\"article:modified_time\" content=\"2023-08-15T13:21:11+00:00\" \/>\n<meta property=\"og:image\" content=\"http:\/\/wolf-publishing.com\/wp-content\/uploads\/2021\/06\/WP-Header-Summer-German-1024x272.jpg\" \/>\n<meta name=\"twitter:card\" content=\"summary_large_image\" \/>\n<meta name=\"twitter:label1\" content=\"Gesch\u00e4tzte Lesezeit\" \/>\n\t<meta name=\"twitter:data1\" content=\"2\u00a0Minuten\" \/>\n<script type=\"application\/ld+json\" class=\"yoast-schema-graph\">{\"@context\":\"https:\\\/\\\/schema.org\",\"@graph\":[{\"@type\":\"WebPage\",\"@id\":\"https:\\\/\\\/wolf-publishing.com\\\/de\\\/sarah-zahn\\\/\",\"url\":\"https:\\\/\\\/wolf-publishing.com\\\/de\\\/sarah-zahn\\\/\",\"name\":\"Sarah Zahn &#8211; WOLF Publishing\",\"isPartOf\":{\"@id\":\"https:\\\/\\\/wolf-publishing.com\\\/de\\\/#website\"},\"primaryImageOfPage\":{\"@id\":\"https:\\\/\\\/wolf-publishing.com\\\/de\\\/sarah-zahn\\\/#primaryimage\"},\"image\":{\"@id\":\"https:\\\/\\\/wolf-publishing.com\\\/de\\\/sarah-zahn\\\/#primaryimage\"},\"thumbnailUrl\":\"http:\\\/\\\/wolf-publishing.com\\\/wp-content\\\/uploads\\\/2021\\\/06\\\/WP-Header-Summer-German-1024x272.jpg\",\"datePublished\":\"2022-11-02T10:55:42+00:00\",\"dateModified\":\"2023-08-15T13:21:11+00:00\",\"breadcrumb\":{\"@id\":\"https:\\\/\\\/wolf-publishing.com\\\/de\\\/sarah-zahn\\\/#breadcrumb\"},\"inLanguage\":\"de\",\"potentialAction\":[{\"@type\":\"ReadAction\",\"target\":[\"https:\\\/\\\/wolf-publishing.com\\\/de\\\/sarah-zahn\\\/\"]}]},{\"@type\":\"ImageObject\",\"inLanguage\":\"de\",\"@id\":\"https:\\\/\\\/wolf-publishing.com\\\/de\\\/sarah-zahn\\\/#primaryimage\",\"url\":\"http:\\\/\\\/wolf-publishing.com\\\/wp-content\\\/uploads\\\/2021\\\/06\\\/WP-Header-Summer-German-1024x272.jpg\",\"contentUrl\":\"http:\\\/\\\/wolf-publishing.com\\\/wp-content\\\/uploads\\\/2021\\\/06\\\/WP-Header-Summer-German-1024x272.jpg\"},{\"@type\":\"BreadcrumbList\",\"@id\":\"https:\\\/\\\/wolf-publishing.com\\\/de\\\/sarah-zahn\\\/#breadcrumb\",\"itemListElement\":[{\"@type\":\"ListItem\",\"position\":1,\"name\":\"Home\",\"item\":\"https:\\\/\\\/wolf-publishing.com\\\/de\\\/home\\\/\"},{\"@type\":\"ListItem\",\"position\":2,\"name\":\"Sarah Zahn\"}]},{\"@type\":\"WebSite\",\"@id\":\"https:\\\/\\\/wolf-publishing.com\\\/de\\\/#website\",\"url\":\"https:\\\/\\\/wolf-publishing.com\\\/de\\\/\",\"name\":\"WOLF Publishing\",\"description\":\"Where Storytelling Lives.\",\"publisher\":{\"@id\":\"https:\\\/\\\/wolf-publishing.com\\\/de\\\/#organization\"},\"potentialAction\":[{\"@type\":\"SearchAction\",\"target\":{\"@type\":\"EntryPoint\",\"urlTemplate\":\"https:\\\/\\\/wolf-publishing.com\\\/de\\\/?s={search_term_string}\"},\"query-input\":{\"@type\":\"PropertyValueSpecification\",\"valueRequired\":true,\"valueName\":\"search_term_string\"}}],\"inLanguage\":\"de\"},{\"@type\":\"Organization\",\"@id\":\"https:\\\/\\\/wolf-publishing.com\\\/de\\\/#organization\",\"name\":\"WOLF Publishing\",\"url\":\"https:\\\/\\\/wolf-publishing.com\\\/de\\\/\",\"logo\":{\"@type\":\"ImageObject\",\"inLanguage\":\"de\",\"@id\":\"https:\\\/\\\/wolf-publishing.com\\\/de\\\/#\\\/schema\\\/logo\\\/image\\\/\",\"url\":\"http:\\\/\\\/wolf-publishing.com\\\/wp-content\\\/uploads\\\/2021\\\/01\\\/BlackLogoFlat-e1609705874221.png\",\"contentUrl\":\"http:\\\/\\\/wolf-publishing.com\\\/wp-content\\\/uploads\\\/2021\\\/01\\\/BlackLogoFlat-e1609705874221.png\",\"width\":300,\"height\":180,\"caption\":\"WOLF Publishing\"},\"image\":{\"@id\":\"https:\\\/\\\/wolf-publishing.com\\\/de\\\/#\\\/schema\\\/logo\\\/image\\\/\"},\"sameAs\":[\"https:\\\/\\\/www.facebook.com\\\/WOLFPublishing.WhereStorytellingLives\",\"https:\\\/\\\/www.instagram.com\\\/wolf.publishing\\\/\"]}]}<\/script>\n<!-- \/ Yoast SEO plugin. -->","yoast_head_json":{"title":"Sarah Zahn &#8211; WOLF Publishing","robots":{"index":"index","follow":"follow","max-snippet":"max-snippet:-1","max-image-preview":"max-image-preview:large","max-video-preview":"max-video-preview:-1"},"canonical":"https:\/\/wolf-publishing.com\/de\/sarah-zahn\/","og_locale":"de_DE","og_type":"article","og_title":"Sarah Zahn &#8211; WOLF Publishing","og_description":"Sarah Zahn hat schon immer gern gelesen und das nicht nur auf Deutsch, weswegen sie sich f\u00fcr ihren Masterabschluss in Literatur\u00fcbersetzen an der Universit\u00e4t in D\u00fcsseldorf entschieden hat. Mit ihrer \u201efound family\u201c und zwei s\u00fc\u00dfen Katzen lebt sie in Neuss.&#8230; Continue Reading&#8230;","og_url":"https:\/\/wolf-publishing.com\/de\/sarah-zahn\/","og_site_name":"WOLF Publishing","article_publisher":"https:\/\/www.facebook.com\/WOLFPublishing.WhereStorytellingLives","article_modified_time":"2023-08-15T13:21:11+00:00","og_image":[{"url":"http:\/\/wolf-publishing.com\/wp-content\/uploads\/2021\/06\/WP-Header-Summer-German-1024x272.jpg","type":"","width":"","height":""}],"twitter_card":"summary_large_image","twitter_misc":{"Gesch\u00e4tzte Lesezeit":"2\u00a0Minuten"},"schema":{"@context":"https:\/\/schema.org","@graph":[{"@type":"WebPage","@id":"https:\/\/wolf-publishing.com\/de\/sarah-zahn\/","url":"https:\/\/wolf-publishing.com\/de\/sarah-zahn\/","name":"Sarah Zahn &#8211; WOLF Publishing","isPartOf":{"@id":"https:\/\/wolf-publishing.com\/de\/#website"},"primaryImageOfPage":{"@id":"https:\/\/wolf-publishing.com\/de\/sarah-zahn\/#primaryimage"},"image":{"@id":"https:\/\/wolf-publishing.com\/de\/sarah-zahn\/#primaryimage"},"thumbnailUrl":"http:\/\/wolf-publishing.com\/wp-content\/uploads\/2021\/06\/WP-Header-Summer-German-1024x272.jpg","datePublished":"2022-11-02T10:55:42+00:00","dateModified":"2023-08-15T13:21:11+00:00","breadcrumb":{"@id":"https:\/\/wolf-publishing.com\/de\/sarah-zahn\/#breadcrumb"},"inLanguage":"de","potentialAction":[{"@type":"ReadAction","target":["https:\/\/wolf-publishing.com\/de\/sarah-zahn\/"]}]},{"@type":"ImageObject","inLanguage":"de","@id":"https:\/\/wolf-publishing.com\/de\/sarah-zahn\/#primaryimage","url":"http:\/\/wolf-publishing.com\/wp-content\/uploads\/2021\/06\/WP-Header-Summer-German-1024x272.jpg","contentUrl":"http:\/\/wolf-publishing.com\/wp-content\/uploads\/2021\/06\/WP-Header-Summer-German-1024x272.jpg"},{"@type":"BreadcrumbList","@id":"https:\/\/wolf-publishing.com\/de\/sarah-zahn\/#breadcrumb","itemListElement":[{"@type":"ListItem","position":1,"name":"Home","item":"https:\/\/wolf-publishing.com\/de\/home\/"},{"@type":"ListItem","position":2,"name":"Sarah Zahn"}]},{"@type":"WebSite","@id":"https:\/\/wolf-publishing.com\/de\/#website","url":"https:\/\/wolf-publishing.com\/de\/","name":"WOLF Publishing","description":"Where Storytelling Lives.","publisher":{"@id":"https:\/\/wolf-publishing.com\/de\/#organization"},"potentialAction":[{"@type":"SearchAction","target":{"@type":"EntryPoint","urlTemplate":"https:\/\/wolf-publishing.com\/de\/?s={search_term_string}"},"query-input":{"@type":"PropertyValueSpecification","valueRequired":true,"valueName":"search_term_string"}}],"inLanguage":"de"},{"@type":"Organization","@id":"https:\/\/wolf-publishing.com\/de\/#organization","name":"WOLF Publishing","url":"https:\/\/wolf-publishing.com\/de\/","logo":{"@type":"ImageObject","inLanguage":"de","@id":"https:\/\/wolf-publishing.com\/de\/#\/schema\/logo\/image\/","url":"http:\/\/wolf-publishing.com\/wp-content\/uploads\/2021\/01\/BlackLogoFlat-e1609705874221.png","contentUrl":"http:\/\/wolf-publishing.com\/wp-content\/uploads\/2021\/01\/BlackLogoFlat-e1609705874221.png","width":300,"height":180,"caption":"WOLF Publishing"},"image":{"@id":"https:\/\/wolf-publishing.com\/de\/#\/schema\/logo\/image\/"},"sameAs":["https:\/\/www.facebook.com\/WOLFPublishing.WhereStorytellingLives","https:\/\/www.instagram.com\/wolf.publishing\/"]}]}},"_links":{"self":[{"href":"https:\/\/wolf-publishing.com\/de\/wp-json\/wp\/v2\/pages\/2594","targetHints":{"allow":["GET"]}}],"collection":[{"href":"https:\/\/wolf-publishing.com\/de\/wp-json\/wp\/v2\/pages"}],"about":[{"href":"https:\/\/wolf-publishing.com\/de\/wp-json\/wp\/v2\/types\/page"}],"author":[{"embeddable":true,"href":"https:\/\/wolf-publishing.com\/de\/wp-json\/wp\/v2\/users\/1"}],"replies":[{"embeddable":true,"href":"https:\/\/wolf-publishing.com\/de\/wp-json\/wp\/v2\/comments?post=2594"}],"version-history":[{"count":5,"href":"https:\/\/wolf-publishing.com\/de\/wp-json\/wp\/v2\/pages\/2594\/revisions"}],"predecessor-version":[{"id":3146,"href":"https:\/\/wolf-publishing.com\/de\/wp-json\/wp\/v2\/pages\/2594\/revisions\/3146"}],"wp:attachment":[{"href":"https:\/\/wolf-publishing.com\/de\/wp-json\/wp\/v2\/media?parent=2594"}],"curies":[{"name":"wp","href":"https:\/\/api.w.org\/{rel}","templated":true}]}}