{"id":2681,"date":"2022-11-24T10:29:00","date_gmt":"2022-11-24T10:29:00","guid":{"rendered":"https:\/\/wolf-publishing.com\/ueber-shannon-gilmore\/"},"modified":"2023-09-25T08:31:52","modified_gmt":"2023-09-25T08:31:52","slug":"ueber-shannon-gilmore","status":"publish","type":"page","link":"https:\/\/wolf-publishing.com\/de\/ueber-shannon-gilmore\/","title":{"rendered":"\u00dcber Shannon Gilmore"},"content":{"rendered":"\n<figure class=\"wp-block-image size-large\"><img loading=\"lazy\" decoding=\"async\" width=\"1024\" height=\"272\" src=\"http:\/\/wolf-publishing.com\/wp-content\/uploads\/2021\/01\/WP-Header-1024x272.jpg\" alt=\"\" class=\"wp-image-95\" srcset=\"https:\/\/wolf-publishing.com\/wp-content\/uploads\/2021\/01\/WP-Header-1024x272.jpg 1024w, https:\/\/wolf-publishing.com\/wp-content\/uploads\/2021\/01\/WP-Header-300x80.jpg 300w, https:\/\/wolf-publishing.com\/wp-content\/uploads\/2021\/01\/WP-Header-768x204.jpg 768w, https:\/\/wolf-publishing.com\/wp-content\/uploads\/2021\/01\/WP-Header.jpg 1350w\" sizes=\"auto, (max-width: 1024px) 100vw, 1024px\" \/><\/figure>\n\n<div style=\"height:43px\" aria-hidden=\"true\" class=\"wp-block-spacer\"><\/div>\n\n<div class=\"wp-block-columns is-layout-flex wp-container-core-columns-is-layout-9d6595d7 wp-block-columns-is-layout-flex\">\n<div class=\"wp-block-column is-layout-flow wp-block-column-is-layout-flow\" style=\"flex-basis:33.33%\">\n<figure class=\"wp-block-image size-full\"><img loading=\"lazy\" decoding=\"async\" width=\"600\" height=\"900\" src=\"http:\/\/wolf-publishing.com\/wp-content\/uploads\/2022\/11\/Bio-pic.jpg\" alt=\"\" class=\"wp-image-2660\" srcset=\"https:\/\/wolf-publishing.com\/wp-content\/uploads\/2022\/11\/Bio-pic.jpg 600w, https:\/\/wolf-publishing.com\/wp-content\/uploads\/2022\/11\/Bio-pic-200x300.jpg 200w\" sizes=\"auto, (max-width: 600px) 100vw, 600px\" \/><\/figure>\n<\/div>\n\n\n\n<div class=\"wp-block-column is-layout-flow wp-block-column-is-layout-flow\" style=\"flex-basis:66.66%\">\n<p><strong>Shannon Gilmore<\/strong> liebt es, Liebesromane mit starken Charackteren zu schreiben, mit viel Witz und Neckerein bei denen sich die sexy Szenen wie von Zauberhand einf\u00fcgen.<\/p>\n\n\n\n<p>Shannon, eine mehrfach preisgekr\u00f6nte Autorin historischer Liebesromane, stammt aus Kalifornien und entdeckte ihre Leidenschaft f\u00fcr Liebesromane, nachdem sie ihr erstes Buch von Johanna Lindsey gelesen hatte. Ihr zweites Buch der Ruined Rakes-Reihe wurde von der FAB five-Jury mit dem Silver Quill\u00ae Award ausgezeichnet. Every Time You&#8217;re Near wurde au\u00dferdem f\u00fcr das begehrte Golden Heart\u00ae nominiert.<\/p>\n\n\n\n<p>In ihren B\u00fcchern findet der Leser meist eine unbegleitete Heldin und einen Helden, der zu wissen glaubt, was er will. <\/p>\n\n\n\n<p>Und wenn sie sich nicht gerade mit schriftstellerischen Dingen wie Kaffee trinken mit reichlich Schokolade besch\u00e4ftigt, bastelt, quiltet und h\u00e4kelt sie und lauscht den Ger\u00e4uschen des Eishockeys mit ihrem Ehemann aus dem wahren Leben.<\/p>\n<\/div>\n<\/div>\n\n<p>Shannon arbeitet derzeit mit dem WOLF Publishing an ihrer neuesten Reihe,<em>Breaking the Rules of the Beau Monde<\/em>,in der eine Gruppe von Freunden und ein gr\u00fcblerischer Duke vor nichts zur\u00fcckschrecken, um gl\u00fccklich zu werden, auch wenn das bedeutet, ein paar Regeln zu brechen. <\/p>\n\n<p><em>Ver\u00f6ffentlichungsjahr: 2024!<\/em><\/p>\n\n<p>Besuchen Sie Shannon auf <a href=\"http:\/\/www.ShannonGilmoreAuthor.com\" target=\"_blank\" rel=\"noreferrer noopener\">www.ShannonGilmoreAuthor.com<\/a>.<\/p>\n\n<div style=\"height:41px\" aria-hidden=\"true\" class=\"wp-block-spacer\"><\/div>\n\n<h2 class=\"wp-block-heading\">Fragen &amp; Antworte mit Shannon<\/h2>\n\n<div style=\"height:41px\" aria-hidden=\"true\" class=\"wp-block-spacer\"><\/div>\n\n<blockquote class=\"wp-block-quote is-layout-flow wp-block-quote-is-layout-flow\">\n<p>W\u00fcrden Sie gerne in der Zeit und an den Orten leben, \u00fcber die Sie in Ihren B\u00fcchern schreiben? <\/p>\n<cite>Nein. Ich liebe die Romantik, weil sie das Beste ist, was man sich vorstellen kann, aber ich k\u00f6nnte nicht ohne flie\u00dfendes Wasser, meine elektrische Zahnb\u00fcrste und Eis auf Kommando leben.<\/cite><\/blockquote>\n\n<blockquote class=\"wp-block-quote is-layout-flow wp-block-quote-is-layout-flow\">\n<p>Was ist Ihr &#8222;Kryptonit&#8220;, wenn es ums Schreiben geht?<\/p>\n<cite>Talking and singing. That means musicals of any kind. If there\u2019s a Disney movie on anywhere within hearing, I\u2019m cooked.&nbsp;<\/cite><\/blockquote>\n\n<blockquote class=\"wp-block-quote is-layout-flow wp-block-quote-is-layout-flow\">\n<p>Was ist die Ethik des Schreibens \u00fcber historische Pers\u00f6nlichkeiten?<\/p>\n<cite>Ich denke, es ist wichtig, sich daran zu erinnern, dass sie nicht die gleichen M\u00f6glichkeiten hatten wie wir, und einen angemessenen Abstand zwischen den Freiheiten von heute und den Standards von gestern zu wahren. Ich denke, man muss ein Gleichgewicht finden, wenn man eine Epoche wie die der Regentschaftszeit und das viktorianische Zeitalter romantisiert. Das Schreiben von Liebesromanen ist wie das Schreiben eines M\u00e4rchens: Es muss nicht alle Regeln befolgen, um unterhaltsam zu sein, aber dennoch die Wichtigen. Welche das sind, bleibt wohl dem Autor \u00fcberlassen.<\/cite><\/blockquote>\n\n<blockquote class=\"wp-block-quote is-layout-flow wp-block-quote-is-layout-flow\">\n<p>Was w\u00fcrden Sie als Schriftsteller als Ihr Maskottchen oder Avatar w\u00e4hlen?<\/p>\n<cite>Das ist einfach. Ein Lama. Meine Kinder haben mich immer das Lama genannt, und ich habe sie \u00fcberall in meinem B\u00fcro.<\/cite><\/blockquote>\n","protected":false},"excerpt":{"rendered":"<p>Shannon Gilmore liebt es, Liebesromane mit starken Charackteren zu schreiben, mit viel Witz und Neckerein bei denen sich die sexy Szenen wie von Zauberhand einf\u00fcgen. Shannon, eine mehrfach preisgekr\u00f6nte Autorin historischer Liebesromane, stammt aus Kalifornien und entdeckte ihre Leidenschaft f\u00fcr&#8230; <a class=\"di-continue-reading\" href=\"https:\/\/wolf-publishing.com\/de\/ueber-shannon-gilmore\/\"> Continue Reading&#8230;<\/a><\/p>\n","protected":false},"author":1,"featured_media":0,"parent":0,"menu_order":0,"comment_status":"closed","ping_status":"closed","template":"","meta":{"footnotes":""},"class_list":["post-2681","page","type-page","status-publish","hentry"],"yoast_head":"<!-- This site is optimized with the Yoast SEO plugin v27.4 - https:\/\/yoast.com\/product\/yoast-seo-wordpress\/ -->\n<title>\u00dcber Shannon Gilmore &#8211; WOLF Publishing<\/title>\n<meta name=\"robots\" content=\"index, follow, max-snippet:-1, max-image-preview:large, max-video-preview:-1\" \/>\n<link rel=\"canonical\" href=\"https:\/\/wolf-publishing.com\/de\/ueber-shannon-gilmore\/\" \/>\n<meta property=\"og:locale\" content=\"de_DE\" \/>\n<meta property=\"og:type\" content=\"article\" \/>\n<meta property=\"og:title\" content=\"\u00dcber Shannon Gilmore &#8211; WOLF Publishing\" \/>\n<meta property=\"og:description\" content=\"Shannon Gilmore liebt es, Liebesromane mit starken Charackteren zu schreiben, mit viel Witz und Neckerein bei denen sich die sexy Szenen wie von Zauberhand einf\u00fcgen. Shannon, eine mehrfach preisgekr\u00f6nte Autorin historischer Liebesromane, stammt aus Kalifornien und entdeckte ihre Leidenschaft f\u00fcr&#8230; Continue Reading&#8230;\" \/>\n<meta property=\"og:url\" content=\"https:\/\/wolf-publishing.com\/de\/ueber-shannon-gilmore\/\" \/>\n<meta property=\"og:site_name\" content=\"WOLF Publishing\" \/>\n<meta property=\"article:publisher\" content=\"https:\/\/www.facebook.com\/WOLFPublishing.WhereStorytellingLives\" \/>\n<meta property=\"article:modified_time\" content=\"2023-09-25T08:31:52+00:00\" \/>\n<meta property=\"og:image\" content=\"http:\/\/wolf-publishing.com\/wp-content\/uploads\/2021\/01\/WP-Header-1024x272.jpg\" \/>\n<meta name=\"twitter:card\" content=\"summary_large_image\" \/>\n<meta name=\"twitter:label1\" content=\"Gesch\u00e4tzte Lesezeit\" \/>\n\t<meta name=\"twitter:data1\" content=\"2\u00a0Minuten\" \/>\n<script type=\"application\/ld+json\" class=\"yoast-schema-graph\">{\"@context\":\"https:\\\/\\\/schema.org\",\"@graph\":[{\"@type\":\"WebPage\",\"@id\":\"https:\\\/\\\/wolf-publishing.com\\\/de\\\/ueber-shannon-gilmore\\\/\",\"url\":\"https:\\\/\\\/wolf-publishing.com\\\/de\\\/ueber-shannon-gilmore\\\/\",\"name\":\"\u00dcber Shannon Gilmore &#8211; WOLF Publishing\",\"isPartOf\":{\"@id\":\"https:\\\/\\\/wolf-publishing.com\\\/de\\\/#website\"},\"primaryImageOfPage\":{\"@id\":\"https:\\\/\\\/wolf-publishing.com\\\/de\\\/ueber-shannon-gilmore\\\/#primaryimage\"},\"image\":{\"@id\":\"https:\\\/\\\/wolf-publishing.com\\\/de\\\/ueber-shannon-gilmore\\\/#primaryimage\"},\"thumbnailUrl\":\"http:\\\/\\\/wolf-publishing.com\\\/wp-content\\\/uploads\\\/2021\\\/01\\\/WP-Header-1024x272.jpg\",\"datePublished\":\"2022-11-24T10:29:00+00:00\",\"dateModified\":\"2023-09-25T08:31:52+00:00\",\"breadcrumb\":{\"@id\":\"https:\\\/\\\/wolf-publishing.com\\\/de\\\/ueber-shannon-gilmore\\\/#breadcrumb\"},\"inLanguage\":\"de\",\"potentialAction\":[{\"@type\":\"ReadAction\",\"target\":[\"https:\\\/\\\/wolf-publishing.com\\\/de\\\/ueber-shannon-gilmore\\\/\"]}]},{\"@type\":\"ImageObject\",\"inLanguage\":\"de\",\"@id\":\"https:\\\/\\\/wolf-publishing.com\\\/de\\\/ueber-shannon-gilmore\\\/#primaryimage\",\"url\":\"http:\\\/\\\/wolf-publishing.com\\\/wp-content\\\/uploads\\\/2021\\\/01\\\/WP-Header-1024x272.jpg\",\"contentUrl\":\"http:\\\/\\\/wolf-publishing.com\\\/wp-content\\\/uploads\\\/2021\\\/01\\\/WP-Header-1024x272.jpg\"},{\"@type\":\"BreadcrumbList\",\"@id\":\"https:\\\/\\\/wolf-publishing.com\\\/de\\\/ueber-shannon-gilmore\\\/#breadcrumb\",\"itemListElement\":[{\"@type\":\"ListItem\",\"position\":1,\"name\":\"Home\",\"item\":\"https:\\\/\\\/wolf-publishing.com\\\/de\\\/home\\\/\"},{\"@type\":\"ListItem\",\"position\":2,\"name\":\"\u00dcber Shannon Gilmore\"}]},{\"@type\":\"WebSite\",\"@id\":\"https:\\\/\\\/wolf-publishing.com\\\/de\\\/#website\",\"url\":\"https:\\\/\\\/wolf-publishing.com\\\/de\\\/\",\"name\":\"WOLF Publishing\",\"description\":\"Where Storytelling Lives.\",\"publisher\":{\"@id\":\"https:\\\/\\\/wolf-publishing.com\\\/de\\\/#organization\"},\"potentialAction\":[{\"@type\":\"SearchAction\",\"target\":{\"@type\":\"EntryPoint\",\"urlTemplate\":\"https:\\\/\\\/wolf-publishing.com\\\/de\\\/?s={search_term_string}\"},\"query-input\":{\"@type\":\"PropertyValueSpecification\",\"valueRequired\":true,\"valueName\":\"search_term_string\"}}],\"inLanguage\":\"de\"},{\"@type\":\"Organization\",\"@id\":\"https:\\\/\\\/wolf-publishing.com\\\/de\\\/#organization\",\"name\":\"WOLF Publishing\",\"url\":\"https:\\\/\\\/wolf-publishing.com\\\/de\\\/\",\"logo\":{\"@type\":\"ImageObject\",\"inLanguage\":\"de\",\"@id\":\"https:\\\/\\\/wolf-publishing.com\\\/de\\\/#\\\/schema\\\/logo\\\/image\\\/\",\"url\":\"http:\\\/\\\/wolf-publishing.com\\\/wp-content\\\/uploads\\\/2021\\\/01\\\/BlackLogoFlat-e1609705874221.png\",\"contentUrl\":\"http:\\\/\\\/wolf-publishing.com\\\/wp-content\\\/uploads\\\/2021\\\/01\\\/BlackLogoFlat-e1609705874221.png\",\"width\":300,\"height\":180,\"caption\":\"WOLF Publishing\"},\"image\":{\"@id\":\"https:\\\/\\\/wolf-publishing.com\\\/de\\\/#\\\/schema\\\/logo\\\/image\\\/\"},\"sameAs\":[\"https:\\\/\\\/www.facebook.com\\\/WOLFPublishing.WhereStorytellingLives\",\"https:\\\/\\\/www.instagram.com\\\/wolf.publishing\\\/\"]}]}<\/script>\n<!-- \/ Yoast SEO plugin. -->","yoast_head_json":{"title":"\u00dcber Shannon Gilmore &#8211; WOLF Publishing","robots":{"index":"index","follow":"follow","max-snippet":"max-snippet:-1","max-image-preview":"max-image-preview:large","max-video-preview":"max-video-preview:-1"},"canonical":"https:\/\/wolf-publishing.com\/de\/ueber-shannon-gilmore\/","og_locale":"de_DE","og_type":"article","og_title":"\u00dcber Shannon Gilmore &#8211; WOLF Publishing","og_description":"Shannon Gilmore liebt es, Liebesromane mit starken Charackteren zu schreiben, mit viel Witz und Neckerein bei denen sich die sexy Szenen wie von Zauberhand einf\u00fcgen. Shannon, eine mehrfach preisgekr\u00f6nte Autorin historischer Liebesromane, stammt aus Kalifornien und entdeckte ihre Leidenschaft f\u00fcr&#8230; Continue Reading&#8230;","og_url":"https:\/\/wolf-publishing.com\/de\/ueber-shannon-gilmore\/","og_site_name":"WOLF Publishing","article_publisher":"https:\/\/www.facebook.com\/WOLFPublishing.WhereStorytellingLives","article_modified_time":"2023-09-25T08:31:52+00:00","og_image":[{"url":"http:\/\/wolf-publishing.com\/wp-content\/uploads\/2021\/01\/WP-Header-1024x272.jpg","type":"","width":"","height":""}],"twitter_card":"summary_large_image","twitter_misc":{"Gesch\u00e4tzte Lesezeit":"2\u00a0Minuten"},"schema":{"@context":"https:\/\/schema.org","@graph":[{"@type":"WebPage","@id":"https:\/\/wolf-publishing.com\/de\/ueber-shannon-gilmore\/","url":"https:\/\/wolf-publishing.com\/de\/ueber-shannon-gilmore\/","name":"\u00dcber Shannon Gilmore &#8211; WOLF Publishing","isPartOf":{"@id":"https:\/\/wolf-publishing.com\/de\/#website"},"primaryImageOfPage":{"@id":"https:\/\/wolf-publishing.com\/de\/ueber-shannon-gilmore\/#primaryimage"},"image":{"@id":"https:\/\/wolf-publishing.com\/de\/ueber-shannon-gilmore\/#primaryimage"},"thumbnailUrl":"http:\/\/wolf-publishing.com\/wp-content\/uploads\/2021\/01\/WP-Header-1024x272.jpg","datePublished":"2022-11-24T10:29:00+00:00","dateModified":"2023-09-25T08:31:52+00:00","breadcrumb":{"@id":"https:\/\/wolf-publishing.com\/de\/ueber-shannon-gilmore\/#breadcrumb"},"inLanguage":"de","potentialAction":[{"@type":"ReadAction","target":["https:\/\/wolf-publishing.com\/de\/ueber-shannon-gilmore\/"]}]},{"@type":"ImageObject","inLanguage":"de","@id":"https:\/\/wolf-publishing.com\/de\/ueber-shannon-gilmore\/#primaryimage","url":"http:\/\/wolf-publishing.com\/wp-content\/uploads\/2021\/01\/WP-Header-1024x272.jpg","contentUrl":"http:\/\/wolf-publishing.com\/wp-content\/uploads\/2021\/01\/WP-Header-1024x272.jpg"},{"@type":"BreadcrumbList","@id":"https:\/\/wolf-publishing.com\/de\/ueber-shannon-gilmore\/#breadcrumb","itemListElement":[{"@type":"ListItem","position":1,"name":"Home","item":"https:\/\/wolf-publishing.com\/de\/home\/"},{"@type":"ListItem","position":2,"name":"\u00dcber Shannon Gilmore"}]},{"@type":"WebSite","@id":"https:\/\/wolf-publishing.com\/de\/#website","url":"https:\/\/wolf-publishing.com\/de\/","name":"WOLF Publishing","description":"Where Storytelling Lives.","publisher":{"@id":"https:\/\/wolf-publishing.com\/de\/#organization"},"potentialAction":[{"@type":"SearchAction","target":{"@type":"EntryPoint","urlTemplate":"https:\/\/wolf-publishing.com\/de\/?s={search_term_string}"},"query-input":{"@type":"PropertyValueSpecification","valueRequired":true,"valueName":"search_term_string"}}],"inLanguage":"de"},{"@type":"Organization","@id":"https:\/\/wolf-publishing.com\/de\/#organization","name":"WOLF Publishing","url":"https:\/\/wolf-publishing.com\/de\/","logo":{"@type":"ImageObject","inLanguage":"de","@id":"https:\/\/wolf-publishing.com\/de\/#\/schema\/logo\/image\/","url":"http:\/\/wolf-publishing.com\/wp-content\/uploads\/2021\/01\/BlackLogoFlat-e1609705874221.png","contentUrl":"http:\/\/wolf-publishing.com\/wp-content\/uploads\/2021\/01\/BlackLogoFlat-e1609705874221.png","width":300,"height":180,"caption":"WOLF Publishing"},"image":{"@id":"https:\/\/wolf-publishing.com\/de\/#\/schema\/logo\/image\/"},"sameAs":["https:\/\/www.facebook.com\/WOLFPublishing.WhereStorytellingLives","https:\/\/www.instagram.com\/wolf.publishing\/"]}]}},"_links":{"self":[{"href":"https:\/\/wolf-publishing.com\/de\/wp-json\/wp\/v2\/pages\/2681","targetHints":{"allow":["GET"]}}],"collection":[{"href":"https:\/\/wolf-publishing.com\/de\/wp-json\/wp\/v2\/pages"}],"about":[{"href":"https:\/\/wolf-publishing.com\/de\/wp-json\/wp\/v2\/types\/page"}],"author":[{"embeddable":true,"href":"https:\/\/wolf-publishing.com\/de\/wp-json\/wp\/v2\/users\/1"}],"replies":[{"embeddable":true,"href":"https:\/\/wolf-publishing.com\/de\/wp-json\/wp\/v2\/comments?post=2681"}],"version-history":[{"count":5,"href":"https:\/\/wolf-publishing.com\/de\/wp-json\/wp\/v2\/pages\/2681\/revisions"}],"predecessor-version":[{"id":3213,"href":"https:\/\/wolf-publishing.com\/de\/wp-json\/wp\/v2\/pages\/2681\/revisions\/3213"}],"wp:attachment":[{"href":"https:\/\/wolf-publishing.com\/de\/wp-json\/wp\/v2\/media?parent=2681"}],"curies":[{"name":"wp","href":"https:\/\/api.w.org\/{rel}","templated":true}]}}