{"id":2876,"date":"2023-01-18T11:20:26","date_gmt":"2023-01-18T11:20:26","guid":{"rendered":"https:\/\/wolf-publishing.com\/ueber-collette-cameron\/"},"modified":"2023-09-25T08:29:23","modified_gmt":"2023-09-25T08:29:23","slug":"ueber-collette-cameron","status":"publish","type":"page","link":"https:\/\/wolf-publishing.com\/de\/ueber-collette-cameron\/","title":{"rendered":"\u00dcber Collette Cameron"},"content":{"rendered":"\n<figure class=\"wp-block-image size-large\"><img loading=\"lazy\" decoding=\"async\" width=\"1024\" height=\"272\" src=\"http:\/\/wolf-publishing.com\/wp-content\/uploads\/2021\/01\/WP-Header-1024x272.jpg\" alt=\"\" class=\"wp-image-95\" srcset=\"https:\/\/wolf-publishing.com\/wp-content\/uploads\/2021\/01\/WP-Header-1024x272.jpg 1024w, https:\/\/wolf-publishing.com\/wp-content\/uploads\/2021\/01\/WP-Header-300x80.jpg 300w, https:\/\/wolf-publishing.com\/wp-content\/uploads\/2021\/01\/WP-Header-768x204.jpg 768w, https:\/\/wolf-publishing.com\/wp-content\/uploads\/2021\/01\/WP-Header.jpg 1350w\" sizes=\"auto, (max-width: 1024px) 100vw, 1024px\" \/><\/figure>\n\n<div style=\"height:29px\" aria-hidden=\"true\" class=\"wp-block-spacer\"><\/div>\n\n<div class=\"wp-block-columns is-layout-flex wp-container-core-columns-is-layout-9d6595d7 wp-block-columns-is-layout-flex\">\n<div class=\"wp-block-column is-layout-flow wp-block-column-is-layout-flow\" style=\"flex-basis:33.33%\">\n<figure class=\"wp-block-image size-full\"><img loading=\"lazy\" decoding=\"async\" width=\"280\" height=\"280\" src=\"http:\/\/wolf-publishing.com\/wp-content\/uploads\/2023\/01\/280x280.jpg\" alt=\"\" class=\"wp-image-2868\" srcset=\"https:\/\/wolf-publishing.com\/wp-content\/uploads\/2023\/01\/280x280.jpg 280w, https:\/\/wolf-publishing.com\/wp-content\/uploads\/2023\/01\/280x280-150x150.jpg 150w, https:\/\/wolf-publishing.com\/wp-content\/uploads\/2023\/01\/280x280-90x90.jpg 90w\" sizes=\"auto, (max-width: 280px) 100vw, 280px\" \/><\/figure>\n<\/div>\n\n\n\n<div class=\"wp-block-column is-layout-flow wp-block-column-is-layout-flow\" style=\"flex-basis:66.66%\">\n<p>Die preisgekr\u00f6nte USA-Today-Bestsellerautorin COLLETTE CAMERON\u00ae schreibt historische schottische und Regency-Romane mit verwegenen Sch\u00fcrtzenj\u00e4gern, Halunken und den temperamentvollen Heldinnen, die sie bekehren. Sie ist mit einer \u00fcberaktiven und witzigen Muse gesegnet, die ihr immer wieder neue Romanzen ins Ohr fl\u00fcstert, und hat ihr ganzes Leben in Oregon verbracht. Allerdings tr\u00e4umt sie davon, teilweise in Schottland zu leben. Als bekennende Cadbury-Schokoladenliebhaberin finden Sie in ihren zeitlosen Romanzen\u00ae immer eine Prise Inspiration und eine Prise Humor.<\/p>\n<\/div>\n<\/div>\n\n<div class=\"wp-block-columns is-layout-flex wp-container-core-columns-is-layout-9d6595d7 wp-block-columns-is-layout-flex\">\n<div class=\"wp-block-column is-layout-flow wp-block-column-is-layout-flow\" style=\"flex-basis:66.66%\">\n<p><em>Witzige, gef\u00fchlvolle Geschichten mit einer Prise Inspiration und einer Prise Intrige, die Sie noch lange nach dem Lesen der letzten Seite nicht loslassen.<\/em><\/p>\n\n\n\n<p>Das erste Band von Collette&#8217;s new <strong>Ladies of Opportunity Series<\/strong> wird von WOLF Publishing im Jahr 2024 ver\u00f6ffentlicht.<\/p>\n\n\n\n<p>Besuche Collette auf <a href=\"http:\/\/www.collettecameron.com\/\" target=\"_blank\" rel=\"noreferrer noopener\">www.collettecameron.com<\/a>.<\/p>\n<\/div>\n\n\n\n<div class=\"wp-block-column is-layout-flow wp-block-column-is-layout-flow\" style=\"flex-basis:33.33%\">\n<figure class=\"wp-block-image size-full\"><img loading=\"lazy\" decoding=\"async\" width=\"400\" height=\"165\" src=\"http:\/\/wolf-publishing.com\/wp-content\/uploads\/2023\/01\/Outlook-fkshofis-1.png\" alt=\"\" class=\"wp-image-2866\" srcset=\"https:\/\/wolf-publishing.com\/wp-content\/uploads\/2023\/01\/Outlook-fkshofis-1.png 400w, https:\/\/wolf-publishing.com\/wp-content\/uploads\/2023\/01\/Outlook-fkshofis-1-300x124.png 300w\" sizes=\"auto, (max-width: 400px) 100vw, 400px\" \/><\/figure>\n<\/div>\n<\/div>\n\n<div style=\"height:42px\" aria-hidden=\"true\" class=\"wp-block-spacer\"><\/div>\n<div class=\"wp-block-image\">\n<figure class=\"aligncenter size-medium is-resized\"><img loading=\"lazy\" decoding=\"async\" src=\"https:\/\/wolf-publishing.com\/wp-content\/uploads\/2021\/01\/Separator-1-300x90.png\" alt=\"\" class=\"wp-image-193\" style=\"width:225px;height:68px\" width=\"225\" height=\"68\" srcset=\"https:\/\/wolf-publishing.com\/wp-content\/uploads\/2021\/01\/Separator-1-300x90.png 300w, https:\/\/wolf-publishing.com\/wp-content\/uploads\/2021\/01\/Separator-1-768x230.png 768w, https:\/\/wolf-publishing.com\/wp-content\/uploads\/2021\/01\/Separator-1.png 1000w\" sizes=\"auto, (max-width: 225px) 100vw, 225px\" \/><\/figure>\n<\/div>\n<div style=\"height:42px\" aria-hidden=\"true\" class=\"wp-block-spacer\"><\/div>\n\n<h2 class=\"wp-block-heading\">Fragen &amp; Antworten mit Collette<\/h2>\n\n<div style=\"height:42px\" aria-hidden=\"true\" class=\"wp-block-spacer\"><\/div>\n\n<blockquote class=\"wp-block-quote is-layout-flow wp-block-quote-is-layout-flow\">\n<p>Was steht f\u00fcr Sie an erster Stelle &#8211; die Handlung oder die Figuren &#8211; und warum?<\/p>\n<cite>My characters come first. I make an effort to really get to know them before and during the writing process. They often take their stories in directions I didn\u2019t anticipate and the romance is better for it.&nbsp;<\/cite><\/blockquote>\n\n<blockquote class=\"wp-block-quote is-layout-flow wp-block-quote-is-layout-flow\">\n<p>Wie gehen Sie beim Schreiben vor? Sind Sie eher ein &#8222;Plotter&#8220; oder ein &#8222;Pantser&#8220;?<\/p>\n<cite>I\u2019m a linear pantser. I tried plotting and failed dismally. After the first 2-3 chapters, they characters rebelled and did want they darn well wanted.&nbsp;<\/cite><\/blockquote>\n\n<blockquote class=\"wp-block-quote is-layout-flow wp-block-quote-is-layout-flow\">\n<p>Sind Ihnen jemals Haustiere beim Schreiben in die Quere gekommen? <\/p>\n<cite>Actually, my chiweenie, Ayva, is usually with me when I write. I wrote five or six books with her on my lap when she was a tiny puppy. When she got too big, I put a bed beneath my desk. I don\u2019t write at my desk much anymore, so she sits beside me on the sofa.&nbsp;<\/cite><\/blockquote>\n\n<blockquote class=\"wp-block-quote is-layout-flow wp-block-quote-is-layout-flow\">\n<p>Wenn Sie sich in nur drei Worten beschreiben m\u00fcssten, wie w\u00fcrden diese lauten?<\/p>\n<cite>Funny, organized, creative.&nbsp;<\/cite><\/blockquote>\n","protected":false},"excerpt":{"rendered":"<p>Die preisgekr\u00f6nte USA-Today-Bestsellerautorin COLLETTE CAMERON\u00ae schreibt historische schottische und Regency-Romane mit verwegenen Sch\u00fcrtzenj\u00e4gern, Halunken und den temperamentvollen Heldinnen, die sie bekehren. Sie ist mit einer \u00fcberaktiven und witzigen Muse gesegnet, die ihr immer wieder neue Romanzen ins Ohr fl\u00fcstert, und&#8230; <a class=\"di-continue-reading\" href=\"https:\/\/wolf-publishing.com\/de\/ueber-collette-cameron\/\"> Continue Reading&#8230;<\/a><\/p>\n","protected":false},"author":1,"featured_media":0,"parent":0,"menu_order":0,"comment_status":"closed","ping_status":"closed","template":"","meta":{"footnotes":""},"class_list":["post-2876","page","type-page","status-publish","hentry"],"yoast_head":"<!-- This site is optimized with the Yoast SEO plugin v27.3 - https:\/\/yoast.com\/product\/yoast-seo-wordpress\/ -->\n<title>\u00dcber Collette Cameron &#8211; WOLF Publishing<\/title>\n<meta name=\"robots\" content=\"index, follow, max-snippet:-1, max-image-preview:large, max-video-preview:-1\" \/>\n<link rel=\"canonical\" href=\"https:\/\/wolf-publishing.com\/de\/ueber-collette-cameron\/\" \/>\n<meta property=\"og:locale\" content=\"de_DE\" \/>\n<meta property=\"og:type\" content=\"article\" \/>\n<meta property=\"og:title\" content=\"\u00dcber Collette Cameron &#8211; WOLF Publishing\" \/>\n<meta property=\"og:description\" content=\"Die preisgekr\u00f6nte USA-Today-Bestsellerautorin COLLETTE CAMERON\u00ae schreibt historische schottische und Regency-Romane mit verwegenen Sch\u00fcrtzenj\u00e4gern, Halunken und den temperamentvollen Heldinnen, die sie bekehren. Sie ist mit einer \u00fcberaktiven und witzigen Muse gesegnet, die ihr immer wieder neue Romanzen ins Ohr fl\u00fcstert, und&#8230; Continue Reading&#8230;\" \/>\n<meta property=\"og:url\" content=\"https:\/\/wolf-publishing.com\/de\/ueber-collette-cameron\/\" \/>\n<meta property=\"og:site_name\" content=\"WOLF Publishing\" \/>\n<meta property=\"article:publisher\" content=\"https:\/\/www.facebook.com\/WOLFPublishing.WhereStorytellingLives\" \/>\n<meta property=\"article:modified_time\" content=\"2023-09-25T08:29:23+00:00\" \/>\n<meta property=\"og:image\" content=\"http:\/\/wolf-publishing.com\/wp-content\/uploads\/2021\/01\/WP-Header-1024x272.jpg\" \/>\n<meta name=\"twitter:card\" content=\"summary_large_image\" \/>\n<meta name=\"twitter:label1\" content=\"Gesch\u00e4tzte Lesezeit\" \/>\n\t<meta name=\"twitter:data1\" content=\"2\u00a0Minuten\" \/>\n<script type=\"application\/ld+json\" class=\"yoast-schema-graph\">{\"@context\":\"https:\\\/\\\/schema.org\",\"@graph\":[{\"@type\":\"WebPage\",\"@id\":\"https:\\\/\\\/wolf-publishing.com\\\/de\\\/ueber-collette-cameron\\\/\",\"url\":\"https:\\\/\\\/wolf-publishing.com\\\/de\\\/ueber-collette-cameron\\\/\",\"name\":\"\u00dcber Collette Cameron &#8211; WOLF Publishing\",\"isPartOf\":{\"@id\":\"https:\\\/\\\/wolf-publishing.com\\\/de\\\/#website\"},\"primaryImageOfPage\":{\"@id\":\"https:\\\/\\\/wolf-publishing.com\\\/de\\\/ueber-collette-cameron\\\/#primaryimage\"},\"image\":{\"@id\":\"https:\\\/\\\/wolf-publishing.com\\\/de\\\/ueber-collette-cameron\\\/#primaryimage\"},\"thumbnailUrl\":\"http:\\\/\\\/wolf-publishing.com\\\/wp-content\\\/uploads\\\/2021\\\/01\\\/WP-Header-1024x272.jpg\",\"datePublished\":\"2023-01-18T11:20:26+00:00\",\"dateModified\":\"2023-09-25T08:29:23+00:00\",\"breadcrumb\":{\"@id\":\"https:\\\/\\\/wolf-publishing.com\\\/de\\\/ueber-collette-cameron\\\/#breadcrumb\"},\"inLanguage\":\"de\",\"potentialAction\":[{\"@type\":\"ReadAction\",\"target\":[\"https:\\\/\\\/wolf-publishing.com\\\/de\\\/ueber-collette-cameron\\\/\"]}]},{\"@type\":\"ImageObject\",\"inLanguage\":\"de\",\"@id\":\"https:\\\/\\\/wolf-publishing.com\\\/de\\\/ueber-collette-cameron\\\/#primaryimage\",\"url\":\"http:\\\/\\\/wolf-publishing.com\\\/wp-content\\\/uploads\\\/2021\\\/01\\\/WP-Header-1024x272.jpg\",\"contentUrl\":\"http:\\\/\\\/wolf-publishing.com\\\/wp-content\\\/uploads\\\/2021\\\/01\\\/WP-Header-1024x272.jpg\"},{\"@type\":\"BreadcrumbList\",\"@id\":\"https:\\\/\\\/wolf-publishing.com\\\/de\\\/ueber-collette-cameron\\\/#breadcrumb\",\"itemListElement\":[{\"@type\":\"ListItem\",\"position\":1,\"name\":\"Home\",\"item\":\"https:\\\/\\\/wolf-publishing.com\\\/de\\\/home\\\/\"},{\"@type\":\"ListItem\",\"position\":2,\"name\":\"\u00dcber Collette Cameron\"}]},{\"@type\":\"WebSite\",\"@id\":\"https:\\\/\\\/wolf-publishing.com\\\/de\\\/#website\",\"url\":\"https:\\\/\\\/wolf-publishing.com\\\/de\\\/\",\"name\":\"WOLF Publishing\",\"description\":\"Where Storytelling Lives.\",\"publisher\":{\"@id\":\"https:\\\/\\\/wolf-publishing.com\\\/de\\\/#organization\"},\"potentialAction\":[{\"@type\":\"SearchAction\",\"target\":{\"@type\":\"EntryPoint\",\"urlTemplate\":\"https:\\\/\\\/wolf-publishing.com\\\/de\\\/?s={search_term_string}\"},\"query-input\":{\"@type\":\"PropertyValueSpecification\",\"valueRequired\":true,\"valueName\":\"search_term_string\"}}],\"inLanguage\":\"de\"},{\"@type\":\"Organization\",\"@id\":\"https:\\\/\\\/wolf-publishing.com\\\/de\\\/#organization\",\"name\":\"WOLF Publishing\",\"url\":\"https:\\\/\\\/wolf-publishing.com\\\/de\\\/\",\"logo\":{\"@type\":\"ImageObject\",\"inLanguage\":\"de\",\"@id\":\"https:\\\/\\\/wolf-publishing.com\\\/de\\\/#\\\/schema\\\/logo\\\/image\\\/\",\"url\":\"http:\\\/\\\/wolf-publishing.com\\\/wp-content\\\/uploads\\\/2021\\\/01\\\/BlackLogoFlat-e1609705874221.png\",\"contentUrl\":\"http:\\\/\\\/wolf-publishing.com\\\/wp-content\\\/uploads\\\/2021\\\/01\\\/BlackLogoFlat-e1609705874221.png\",\"width\":300,\"height\":180,\"caption\":\"WOLF Publishing\"},\"image\":{\"@id\":\"https:\\\/\\\/wolf-publishing.com\\\/de\\\/#\\\/schema\\\/logo\\\/image\\\/\"},\"sameAs\":[\"https:\\\/\\\/www.facebook.com\\\/WOLFPublishing.WhereStorytellingLives\",\"https:\\\/\\\/www.instagram.com\\\/wolf.publishing\\\/\"]}]}<\/script>\n<!-- \/ Yoast SEO plugin. -->","yoast_head_json":{"title":"\u00dcber Collette Cameron &#8211; WOLF Publishing","robots":{"index":"index","follow":"follow","max-snippet":"max-snippet:-1","max-image-preview":"max-image-preview:large","max-video-preview":"max-video-preview:-1"},"canonical":"https:\/\/wolf-publishing.com\/de\/ueber-collette-cameron\/","og_locale":"de_DE","og_type":"article","og_title":"\u00dcber Collette Cameron &#8211; WOLF Publishing","og_description":"Die preisgekr\u00f6nte USA-Today-Bestsellerautorin COLLETTE CAMERON\u00ae schreibt historische schottische und Regency-Romane mit verwegenen Sch\u00fcrtzenj\u00e4gern, Halunken und den temperamentvollen Heldinnen, die sie bekehren. Sie ist mit einer \u00fcberaktiven und witzigen Muse gesegnet, die ihr immer wieder neue Romanzen ins Ohr fl\u00fcstert, und&#8230; Continue Reading&#8230;","og_url":"https:\/\/wolf-publishing.com\/de\/ueber-collette-cameron\/","og_site_name":"WOLF Publishing","article_publisher":"https:\/\/www.facebook.com\/WOLFPublishing.WhereStorytellingLives","article_modified_time":"2023-09-25T08:29:23+00:00","og_image":[{"url":"http:\/\/wolf-publishing.com\/wp-content\/uploads\/2021\/01\/WP-Header-1024x272.jpg","type":"","width":"","height":""}],"twitter_card":"summary_large_image","twitter_misc":{"Gesch\u00e4tzte Lesezeit":"2\u00a0Minuten"},"schema":{"@context":"https:\/\/schema.org","@graph":[{"@type":"WebPage","@id":"https:\/\/wolf-publishing.com\/de\/ueber-collette-cameron\/","url":"https:\/\/wolf-publishing.com\/de\/ueber-collette-cameron\/","name":"\u00dcber Collette Cameron &#8211; WOLF Publishing","isPartOf":{"@id":"https:\/\/wolf-publishing.com\/de\/#website"},"primaryImageOfPage":{"@id":"https:\/\/wolf-publishing.com\/de\/ueber-collette-cameron\/#primaryimage"},"image":{"@id":"https:\/\/wolf-publishing.com\/de\/ueber-collette-cameron\/#primaryimage"},"thumbnailUrl":"http:\/\/wolf-publishing.com\/wp-content\/uploads\/2021\/01\/WP-Header-1024x272.jpg","datePublished":"2023-01-18T11:20:26+00:00","dateModified":"2023-09-25T08:29:23+00:00","breadcrumb":{"@id":"https:\/\/wolf-publishing.com\/de\/ueber-collette-cameron\/#breadcrumb"},"inLanguage":"de","potentialAction":[{"@type":"ReadAction","target":["https:\/\/wolf-publishing.com\/de\/ueber-collette-cameron\/"]}]},{"@type":"ImageObject","inLanguage":"de","@id":"https:\/\/wolf-publishing.com\/de\/ueber-collette-cameron\/#primaryimage","url":"http:\/\/wolf-publishing.com\/wp-content\/uploads\/2021\/01\/WP-Header-1024x272.jpg","contentUrl":"http:\/\/wolf-publishing.com\/wp-content\/uploads\/2021\/01\/WP-Header-1024x272.jpg"},{"@type":"BreadcrumbList","@id":"https:\/\/wolf-publishing.com\/de\/ueber-collette-cameron\/#breadcrumb","itemListElement":[{"@type":"ListItem","position":1,"name":"Home","item":"https:\/\/wolf-publishing.com\/de\/home\/"},{"@type":"ListItem","position":2,"name":"\u00dcber Collette Cameron"}]},{"@type":"WebSite","@id":"https:\/\/wolf-publishing.com\/de\/#website","url":"https:\/\/wolf-publishing.com\/de\/","name":"WOLF Publishing","description":"Where Storytelling Lives.","publisher":{"@id":"https:\/\/wolf-publishing.com\/de\/#organization"},"potentialAction":[{"@type":"SearchAction","target":{"@type":"EntryPoint","urlTemplate":"https:\/\/wolf-publishing.com\/de\/?s={search_term_string}"},"query-input":{"@type":"PropertyValueSpecification","valueRequired":true,"valueName":"search_term_string"}}],"inLanguage":"de"},{"@type":"Organization","@id":"https:\/\/wolf-publishing.com\/de\/#organization","name":"WOLF Publishing","url":"https:\/\/wolf-publishing.com\/de\/","logo":{"@type":"ImageObject","inLanguage":"de","@id":"https:\/\/wolf-publishing.com\/de\/#\/schema\/logo\/image\/","url":"http:\/\/wolf-publishing.com\/wp-content\/uploads\/2021\/01\/BlackLogoFlat-e1609705874221.png","contentUrl":"http:\/\/wolf-publishing.com\/wp-content\/uploads\/2021\/01\/BlackLogoFlat-e1609705874221.png","width":300,"height":180,"caption":"WOLF Publishing"},"image":{"@id":"https:\/\/wolf-publishing.com\/de\/#\/schema\/logo\/image\/"},"sameAs":["https:\/\/www.facebook.com\/WOLFPublishing.WhereStorytellingLives","https:\/\/www.instagram.com\/wolf.publishing\/"]}]}},"_links":{"self":[{"href":"https:\/\/wolf-publishing.com\/de\/wp-json\/wp\/v2\/pages\/2876","targetHints":{"allow":["GET"]}}],"collection":[{"href":"https:\/\/wolf-publishing.com\/de\/wp-json\/wp\/v2\/pages"}],"about":[{"href":"https:\/\/wolf-publishing.com\/de\/wp-json\/wp\/v2\/types\/page"}],"author":[{"embeddable":true,"href":"https:\/\/wolf-publishing.com\/de\/wp-json\/wp\/v2\/users\/1"}],"replies":[{"embeddable":true,"href":"https:\/\/wolf-publishing.com\/de\/wp-json\/wp\/v2\/comments?post=2876"}],"version-history":[{"count":4,"href":"https:\/\/wolf-publishing.com\/de\/wp-json\/wp\/v2\/pages\/2876\/revisions"}],"predecessor-version":[{"id":3206,"href":"https:\/\/wolf-publishing.com\/de\/wp-json\/wp\/v2\/pages\/2876\/revisions\/3206"}],"wp:attachment":[{"href":"https:\/\/wolf-publishing.com\/de\/wp-json\/wp\/v2\/media?parent=2876"}],"curies":[{"name":"wp","href":"https:\/\/api.w.org\/{rel}","templated":true}]}}