{"id":3053,"date":"2023-05-08T18:18:17","date_gmt":"2023-05-08T18:18:17","guid":{"rendered":"https:\/\/wolf-publishing.com\/?page_id=3053"},"modified":"2023-08-15T13:11:16","modified_gmt":"2023-08-15T13:11:16","slug":"die-wette-des-tollkuehnen-blaustrumpfs","status":"publish","type":"page","link":"https:\/\/wolf-publishing.com\/de\/die-wette-des-tollkuehnen-blaustrumpfs\/","title":{"rendered":"Die Wette des tollk\u00fchnen Blaustrumpfs"},"content":{"rendered":"\n<div class=\"wp-block-columns is-layout-flex wp-container-core-columns-is-layout-9d6595d7 wp-block-columns-is-layout-flex\">\n<div class=\"wp-block-column is-layout-flow wp-block-column-is-layout-flow\" style=\"flex-basis:66.66%\">\n<h2 class=\"wp-block-heading\" id=\"2-die-verliebten-whickertons\">#1 Die Duchess Society<\/h2>\n\n\n\n<p class=\"has-luminous-vivid-amber-color has-text-color\">Tracy Sumner <\/p>\n\n\n\n<p><em>In der \u00dcbersetzung von <a href=\"https:\/\/wolf-publishing.com\/de\/sarah-zahn\/\" target=\"_blank\" rel=\"noreferrer noopener\">Sarah Zahn<\/a><\/em><\/p>\n\n\n\n<figure class=\"wp-block-image size-medium is-resized\"><img loading=\"lazy\" decoding=\"async\" src=\"https:\/\/wolf-publishing.com\/wp-content\/uploads\/2021\/01\/5-Flames-300x91.png\" alt=\"\" class=\"wp-image-531\" style=\"width:75px;height:23px\" width=\"75\" height=\"23\" srcset=\"https:\/\/wolf-publishing.com\/wp-content\/uploads\/2021\/01\/5-Flames-300x91.png 300w, https:\/\/wolf-publishing.com\/wp-content\/uploads\/2021\/01\/5-Flames-768x234.png 768w, https:\/\/wolf-publishing.com\/wp-content\/uploads\/2021\/01\/5-Flames.png 984w\" sizes=\"auto, (max-width: 75px) 100vw, 75px\" \/><\/figure>\n\n\n\n<p><strong>In diesem sinnlichen Regency-Roman der&nbsp;<em>USA Today<\/em>&nbsp;Bestsellerautorin Tracy Sumner trifft ein eigensinniger Blaustrumpf auf einen teuflischen Schurken, von dem sie nie erwartet h\u00e4tte, dass sie ihn mit jedem Schlag ihres Herzens begehren w\u00fcrde.<\/strong><\/p>\n\n\n\n<p><em>Eine trotzige Ausgesto\u00dfene der Gesellschaft.<\/em><br><em>Ein skandal\u00f6ser Schurke, der nicht an die Liebe glaubt.<\/em><br><em>Und eine leidenschaftliche Wette.<\/em><\/p>\n\n\n\n<p>Lady Hildegard Templeton, Tochter eines Earls, erf\u00fcllt so gar nicht die Erwartungen der Gesellschaft an eine Frau ihres Standes. Denn sie hat eine einzigartige Organisation gegr\u00fcndet, die Damen des Adels bereits vor dem Gang zum Traualtar zu mehr Rechten in der Ehe verhelfen will \u2026 die&nbsp;<em>Duchess Society<\/em>.<\/p>\n\n\n\n<p>In den Augen der Gesellschaft ist sie ein Blaustrumpf und hinter verschlossenen Salont\u00fcren wird sie mit noch schlimmeren Namen betitelt. Doch Hildy schw\u00f6rt, wenn, dann nur aus Liebe zu heiraten. Doch das Gef\u00fchl der wahren Liebe l\u00e4sst noch auf sich warten. Bis sie&nbsp;<em>ihm<\/em>&nbsp;begegnet.<\/p>\n\n\n\n<p>Als unehelicher Sohn eines Viscounts und&nbsp;<em>K\u00f6nig der Londoner Gassen<\/em>&nbsp;hat Tobias Streeter aus dem Nichts sein Imperium aufgebaut und wird seinem Ruf als Schurkenk\u00f6nig nur zu oft gerecht.<br>Nun braucht er die&nbsp;<em>Duchess Society<\/em>, um eine geeignete Ehefrau zu finden, die ihm seinen Platz in der Gesellschaft sichert. Dennoch schw\u00f6rt er, dass seine Suche rein gar nichts mit Liebe und nur mit Rache zu tun haben wird. Bis er&nbsp;<em>ihr<\/em>begegnet.<\/p>\n\n\n\n<p>Schon bald geraten Tobias&#8216; und Hildys Pl\u00e4ne in Aufruhr, sp\u00fcren sie doch die knisternde Spannung zwischen sich, und sie m\u00fcssen sich zwischen dem Erreichen ihrer Ziele und einem Leben voller Liebe und Leidenschaft entscheiden.<\/p>\n<\/div>\n\n\n\n<div class=\"wp-block-column is-layout-flow wp-block-column-is-layout-flow\" style=\"flex-basis:33.33%\">\n<figure class=\"wp-block-image size-large\"><a href=\"https:\/\/amzn.to\/3YH3FG4\" target=\"_blank\" rel=\"noreferrer noopener\"><img loading=\"lazy\" decoding=\"async\" width=\"701\" height=\"1024\" src=\"http:\/\/wolf-publishing.com\/wp-content\/uploads\/2023\/05\/Die-Wette-des-tollkuhnen-Blaustrumpfs-Kindle-701x1024.jpg\" alt=\"\" class=\"wp-image-3055\" srcset=\"https:\/\/wolf-publishing.com\/wp-content\/uploads\/2023\/05\/Die-Wette-des-tollkuhnen-Blaustrumpfs-Kindle-701x1024.jpg 701w, https:\/\/wolf-publishing.com\/wp-content\/uploads\/2023\/05\/Die-Wette-des-tollkuhnen-Blaustrumpfs-Kindle-205x300.jpg 205w, https:\/\/wolf-publishing.com\/wp-content\/uploads\/2023\/05\/Die-Wette-des-tollkuhnen-Blaustrumpfs-Kindle-768x1122.jpg 768w, https:\/\/wolf-publishing.com\/wp-content\/uploads\/2023\/05\/Die-Wette-des-tollkuhnen-Blaustrumpfs-Kindle-1052x1536.jpg 1052w, https:\/\/wolf-publishing.com\/wp-content\/uploads\/2023\/05\/Die-Wette-des-tollkuhnen-Blaustrumpfs-Kindle-1402x2048.jpg 1402w, https:\/\/wolf-publishing.com\/wp-content\/uploads\/2023\/05\/Die-Wette-des-tollkuhnen-Blaustrumpfs-Kindle.jpg 1753w\" sizes=\"auto, (max-width: 701px) 100vw, 701px\" \/><\/a><\/figure>\n\n\n\n<div style=\"height:34px\" aria-hidden=\"true\" class=\"wp-block-spacer\"><\/div>\n\n\n\n<div class=\"wp-block-buttons is-layout-flex wp-block-buttons-is-layout-flex\">\n<div class=\"wp-block-button\"><a class=\"wp-block-button__link wp-element-button\" href=\"https:\/\/amzn.to\/3YH3FG4\" target=\"_blank\" rel=\"noreferrer noopener\">E-Book<\/a><\/div>\n\n\n\n<div class=\"wp-block-button\"><a class=\"wp-block-button__link wp-element-button\" href=\"https:\/\/amzn.to\/3KFSRlK\" target=\"_blank\" rel=\"noreferrer noopener\">Taschenbuch<\/a><\/div>\n\n\n\n<div class=\"wp-block-button\"><a class=\"wp-block-button__link wp-element-button\" href=\"https:\/\/amzn.to\/3DTbsXI\" target=\"_blank\" rel=\"noreferrer noopener\">Gebundene Ausgabe<\/a><\/div>\n<\/div>\n<\/div>\n<\/div>\n\n\n\n<div style=\"height:41px\" aria-hidden=\"true\" class=\"wp-block-spacer\"><\/div>\n\n\n<div class=\"wp-block-image\">\n<figure class=\"aligncenter size-full is-resized\"><img loading=\"lazy\" decoding=\"async\" src=\"http:\/\/wolf-publishing.com\/wp-content\/uploads\/2021\/01\/Separator-1.png\" alt=\"\" class=\"wp-image-541\" style=\"width:250px;height:75px\" width=\"250\" height=\"75\" srcset=\"https:\/\/wolf-publishing.com\/wp-content\/uploads\/2021\/01\/Separator-1.png 1000w, https:\/\/wolf-publishing.com\/wp-content\/uploads\/2021\/01\/Separator-1-300x90.png 300w, https:\/\/wolf-publishing.com\/wp-content\/uploads\/2021\/01\/Separator-1-768x230.png 768w\" sizes=\"auto, (max-width: 250px) 100vw, 250px\" \/><\/figure>\n<\/div>\n\n\n<div style=\"height:41px\" aria-hidden=\"true\" class=\"wp-block-spacer\"><\/div>\n\n\n\n<h2 class=\"wp-block-heading\">Die Duchess Society<\/h2>\n\n\n\n<div style=\"height:41px\" aria-hidden=\"true\" class=\"wp-block-spacer\"><\/div>\n\n\n\n<div class=\"wp-block-columns is-layout-flex wp-container-core-columns-is-layout-9d6595d7 wp-block-columns-is-layout-flex\">\n<div class=\"wp-block-column is-layout-flow wp-block-column-is-layout-flow\">\n<div class=\"wp-block-columns is-layout-flex wp-container-core-columns-is-layout-9d6595d7 wp-block-columns-is-layout-flex\">\n<div class=\"wp-block-column is-layout-flow wp-block-column-is-layout-flow\">\n<figure class=\"wp-block-image size-full\"><a href=\"https:\/\/wolf-publishing.com\/de\/die-wette-des-tollkuehnen-blaustrumpfs\/\"><img loading=\"lazy\" decoding=\"async\" width=\"1753\" height=\"2560\" src=\"https:\/\/wolf-publishing.com\/wp-content\/uploads\/2023\/05\/Die-Wette-des-tollkuhnen-Blaustrumpfs-Kindle.jpg\" alt=\"\" class=\"wp-image-3055\" srcset=\"https:\/\/wolf-publishing.com\/wp-content\/uploads\/2023\/05\/Die-Wette-des-tollkuhnen-Blaustrumpfs-Kindle.jpg 1753w, https:\/\/wolf-publishing.com\/wp-content\/uploads\/2023\/05\/Die-Wette-des-tollkuhnen-Blaustrumpfs-Kindle-205x300.jpg 205w, https:\/\/wolf-publishing.com\/wp-content\/uploads\/2023\/05\/Die-Wette-des-tollkuhnen-Blaustrumpfs-Kindle-701x1024.jpg 701w, https:\/\/wolf-publishing.com\/wp-content\/uploads\/2023\/05\/Die-Wette-des-tollkuhnen-Blaustrumpfs-Kindle-768x1122.jpg 768w, https:\/\/wolf-publishing.com\/wp-content\/uploads\/2023\/05\/Die-Wette-des-tollkuhnen-Blaustrumpfs-Kindle-1052x1536.jpg 1052w, https:\/\/wolf-publishing.com\/wp-content\/uploads\/2023\/05\/Die-Wette-des-tollkuhnen-Blaustrumpfs-Kindle-1402x2048.jpg 1402w\" sizes=\"auto, (max-width: 1753px) 100vw, 1753px\" \/><\/a><figcaption class=\"wp-element-caption\">Buch 1<\/figcaption><\/figure>\n<\/div>\n\n\n\n<div class=\"wp-block-column is-layout-flow wp-block-column-is-layout-flow\">\n<figure class=\"wp-block-image size-full\"><a href=\"https:\/\/wolf-publishing.com\/de\/eine-kuehne-lady-fuer-den-duke\/\"><img loading=\"lazy\" decoding=\"async\" width=\"456\" height=\"666\" src=\"http:\/\/wolf-publishing.com\/wp-content\/uploads\/2023\/05\/VixenGermanEbook-72dpi.jpg\" alt=\"\" class=\"wp-image-3057\" srcset=\"https:\/\/wolf-publishing.com\/wp-content\/uploads\/2023\/05\/VixenGermanEbook-72dpi.jpg 456w, https:\/\/wolf-publishing.com\/wp-content\/uploads\/2023\/05\/VixenGermanEbook-72dpi-205x300.jpg 205w\" sizes=\"auto, (max-width: 456px) 100vw, 456px\" \/><\/a><figcaption class=\"wp-element-caption\">Buch 2<\/figcaption><\/figure>\n<\/div>\n\n\n\n<div class=\"wp-block-column is-layout-flow wp-block-column-is-layout-flow\">\n<figure class=\"wp-block-image size-full\"><img loading=\"lazy\" decoding=\"async\" width=\"456\" height=\"666\" src=\"http:\/\/wolf-publishing.com\/wp-content\/uploads\/2023\/05\/WallflowerGermanEbook-72dpi.jpg\" alt=\"\" class=\"wp-image-3059\" srcset=\"https:\/\/wolf-publishing.com\/wp-content\/uploads\/2023\/05\/WallflowerGermanEbook-72dpi.jpg 456w, https:\/\/wolf-publishing.com\/wp-content\/uploads\/2023\/05\/WallflowerGermanEbook-72dpi-205x300.jpg 205w\" sizes=\"auto, (max-width: 456px) 100vw, 456px\" \/><figcaption class=\"wp-element-caption\">Buch 3<\/figcaption><\/figure>\n<\/div>\n<\/div>\n<\/div>\n\n\n\n<div class=\"wp-block-column is-layout-flow wp-block-column-is-layout-flow\">\n<div class=\"wp-block-columns is-layout-flex wp-container-core-columns-is-layout-9d6595d7 wp-block-columns-is-layout-flex\">\n<div class=\"wp-block-column is-layout-flow wp-block-column-is-layout-flow\"><\/div>\n\n\n\n<div class=\"wp-block-column is-layout-flow wp-block-column-is-layout-flow\">\n<figure class=\"wp-block-image size-full\"><a href=\"https:\/\/wolf-publishing.com\/de\/das-gluecksspiel-der-gouvernante\/\"><img loading=\"lazy\" decoding=\"async\" width=\"1753\" height=\"2560\" src=\"https:\/\/wolf-publishing.com\/wp-content\/uploads\/2023\/01\/Das-Glucksspiel-der-Gouvernante-Kindle.jpg\" alt=\"\" class=\"wp-image-2890\" srcset=\"https:\/\/wolf-publishing.com\/wp-content\/uploads\/2023\/01\/Das-Glucksspiel-der-Gouvernante-Kindle.jpg 1753w, https:\/\/wolf-publishing.com\/wp-content\/uploads\/2023\/01\/Das-Glucksspiel-der-Gouvernante-Kindle-205x300.jpg 205w, https:\/\/wolf-publishing.com\/wp-content\/uploads\/2023\/01\/Das-Glucksspiel-der-Gouvernante-Kindle-701x1024.jpg 701w, https:\/\/wolf-publishing.com\/wp-content\/uploads\/2023\/01\/Das-Glucksspiel-der-Gouvernante-Kindle-768x1122.jpg 768w, https:\/\/wolf-publishing.com\/wp-content\/uploads\/2023\/01\/Das-Glucksspiel-der-Gouvernante-Kindle-1052x1536.jpg 1052w, https:\/\/wolf-publishing.com\/wp-content\/uploads\/2023\/01\/Das-Glucksspiel-der-Gouvernante-Kindle-1402x2048.jpg 1402w\" sizes=\"auto, (max-width: 1753px) 100vw, 1753px\" \/><\/a><figcaption class=\"wp-element-caption\"><em>Weihnachtsnovelle<\/em><\/figcaption><\/figure>\n<\/div>\n\n\n\n<div class=\"wp-block-column is-layout-flow wp-block-column-is-layout-flow\"><\/div>\n<\/div>\n<\/div>\n<\/div>\n","protected":false},"excerpt":{"rendered":"<p>#1 Die Duchess Society Tracy Sumner In der \u00dcbersetzung von Sarah Zahn In diesem sinnlichen Regency-Roman der&nbsp;USA Today&nbsp;Bestsellerautorin Tracy Sumner trifft ein eigensinniger Blaustrumpf auf einen teuflischen Schurken, von dem sie nie erwartet h\u00e4tte, dass sie ihn mit jedem Schlag&#8230; <a class=\"di-continue-reading\" href=\"https:\/\/wolf-publishing.com\/de\/die-wette-des-tollkuehnen-blaustrumpfs\/\"> Continue Reading&#8230;<\/a><\/p>\n","protected":false},"author":1,"featured_media":0,"parent":0,"menu_order":0,"comment_status":"closed","ping_status":"closed","template":"","meta":{"footnotes":""},"class_list":["post-3053","page","type-page","status-publish","hentry"],"yoast_head":"<!-- This site is optimized with the Yoast SEO plugin v27.4 - https:\/\/yoast.com\/product\/yoast-seo-wordpress\/ -->\n<title>Die Wette des tollk\u00fchnen Blaustrumpfs &#8211; WOLF Publishing<\/title>\n<meta name=\"robots\" content=\"index, follow, max-snippet:-1, max-image-preview:large, max-video-preview:-1\" \/>\n<link rel=\"canonical\" href=\"https:\/\/wolf-publishing.com\/de\/die-wette-des-tollkuehnen-blaustrumpfs\/\" \/>\n<meta property=\"og:locale\" content=\"de_DE\" \/>\n<meta property=\"og:type\" content=\"article\" \/>\n<meta property=\"og:title\" content=\"Die Wette des tollk\u00fchnen Blaustrumpfs &#8211; WOLF Publishing\" \/>\n<meta property=\"og:description\" content=\"#1 Die Duchess Society Tracy Sumner In der \u00dcbersetzung von Sarah Zahn In diesem sinnlichen Regency-Roman der&nbsp;USA Today&nbsp;Bestsellerautorin Tracy Sumner trifft ein eigensinniger Blaustrumpf auf einen teuflischen Schurken, von dem sie nie erwartet h\u00e4tte, dass sie ihn mit jedem Schlag&#8230; Continue Reading&#8230;\" \/>\n<meta property=\"og:url\" content=\"https:\/\/wolf-publishing.com\/de\/die-wette-des-tollkuehnen-blaustrumpfs\/\" \/>\n<meta property=\"og:site_name\" content=\"WOLF Publishing\" \/>\n<meta property=\"article:publisher\" content=\"https:\/\/www.facebook.com\/WOLFPublishing.WhereStorytellingLives\" \/>\n<meta property=\"article:modified_time\" content=\"2023-08-15T13:11:16+00:00\" \/>\n<meta property=\"og:image\" content=\"https:\/\/wolf-publishing.com\/wp-content\/uploads\/2021\/01\/5-Flames-300x91.png\" \/>\n<meta name=\"twitter:card\" content=\"summary_large_image\" \/>\n<meta name=\"twitter:label1\" content=\"Gesch\u00e4tzte Lesezeit\" \/>\n\t<meta name=\"twitter:data1\" content=\"3\u00a0Minuten\" \/>\n<script type=\"application\/ld+json\" class=\"yoast-schema-graph\">{\"@context\":\"https:\\\/\\\/schema.org\",\"@graph\":[{\"@type\":\"WebPage\",\"@id\":\"https:\\\/\\\/wolf-publishing.com\\\/de\\\/die-wette-des-tollkuehnen-blaustrumpfs\\\/\",\"url\":\"https:\\\/\\\/wolf-publishing.com\\\/de\\\/die-wette-des-tollkuehnen-blaustrumpfs\\\/\",\"name\":\"Die Wette des tollk\u00fchnen Blaustrumpfs &#8211; WOLF Publishing\",\"isPartOf\":{\"@id\":\"https:\\\/\\\/wolf-publishing.com\\\/de\\\/#website\"},\"primaryImageOfPage\":{\"@id\":\"https:\\\/\\\/wolf-publishing.com\\\/de\\\/die-wette-des-tollkuehnen-blaustrumpfs\\\/#primaryimage\"},\"image\":{\"@id\":\"https:\\\/\\\/wolf-publishing.com\\\/de\\\/die-wette-des-tollkuehnen-blaustrumpfs\\\/#primaryimage\"},\"thumbnailUrl\":\"https:\\\/\\\/wolf-publishing.com\\\/wp-content\\\/uploads\\\/2021\\\/01\\\/5-Flames-300x91.png\",\"datePublished\":\"2023-05-08T18:18:17+00:00\",\"dateModified\":\"2023-08-15T13:11:16+00:00\",\"breadcrumb\":{\"@id\":\"https:\\\/\\\/wolf-publishing.com\\\/de\\\/die-wette-des-tollkuehnen-blaustrumpfs\\\/#breadcrumb\"},\"inLanguage\":\"de\",\"potentialAction\":[{\"@type\":\"ReadAction\",\"target\":[\"https:\\\/\\\/wolf-publishing.com\\\/de\\\/die-wette-des-tollkuehnen-blaustrumpfs\\\/\"]}]},{\"@type\":\"ImageObject\",\"inLanguage\":\"de\",\"@id\":\"https:\\\/\\\/wolf-publishing.com\\\/de\\\/die-wette-des-tollkuehnen-blaustrumpfs\\\/#primaryimage\",\"url\":\"https:\\\/\\\/wolf-publishing.com\\\/wp-content\\\/uploads\\\/2021\\\/01\\\/5-Flames-300x91.png\",\"contentUrl\":\"https:\\\/\\\/wolf-publishing.com\\\/wp-content\\\/uploads\\\/2021\\\/01\\\/5-Flames-300x91.png\"},{\"@type\":\"BreadcrumbList\",\"@id\":\"https:\\\/\\\/wolf-publishing.com\\\/de\\\/die-wette-des-tollkuehnen-blaustrumpfs\\\/#breadcrumb\",\"itemListElement\":[{\"@type\":\"ListItem\",\"position\":1,\"name\":\"Home\",\"item\":\"https:\\\/\\\/wolf-publishing.com\\\/de\\\/home\\\/\"},{\"@type\":\"ListItem\",\"position\":2,\"name\":\"Die Wette des tollk\u00fchnen Blaustrumpfs\"}]},{\"@type\":\"WebSite\",\"@id\":\"https:\\\/\\\/wolf-publishing.com\\\/de\\\/#website\",\"url\":\"https:\\\/\\\/wolf-publishing.com\\\/de\\\/\",\"name\":\"WOLF Publishing\",\"description\":\"Where Storytelling Lives.\",\"publisher\":{\"@id\":\"https:\\\/\\\/wolf-publishing.com\\\/de\\\/#organization\"},\"potentialAction\":[{\"@type\":\"SearchAction\",\"target\":{\"@type\":\"EntryPoint\",\"urlTemplate\":\"https:\\\/\\\/wolf-publishing.com\\\/de\\\/?s={search_term_string}\"},\"query-input\":{\"@type\":\"PropertyValueSpecification\",\"valueRequired\":true,\"valueName\":\"search_term_string\"}}],\"inLanguage\":\"de\"},{\"@type\":\"Organization\",\"@id\":\"https:\\\/\\\/wolf-publishing.com\\\/de\\\/#organization\",\"name\":\"WOLF Publishing\",\"url\":\"https:\\\/\\\/wolf-publishing.com\\\/de\\\/\",\"logo\":{\"@type\":\"ImageObject\",\"inLanguage\":\"de\",\"@id\":\"https:\\\/\\\/wolf-publishing.com\\\/de\\\/#\\\/schema\\\/logo\\\/image\\\/\",\"url\":\"http:\\\/\\\/wolf-publishing.com\\\/wp-content\\\/uploads\\\/2021\\\/01\\\/BlackLogoFlat-e1609705874221.png\",\"contentUrl\":\"http:\\\/\\\/wolf-publishing.com\\\/wp-content\\\/uploads\\\/2021\\\/01\\\/BlackLogoFlat-e1609705874221.png\",\"width\":300,\"height\":180,\"caption\":\"WOLF Publishing\"},\"image\":{\"@id\":\"https:\\\/\\\/wolf-publishing.com\\\/de\\\/#\\\/schema\\\/logo\\\/image\\\/\"},\"sameAs\":[\"https:\\\/\\\/www.facebook.com\\\/WOLFPublishing.WhereStorytellingLives\",\"https:\\\/\\\/www.instagram.com\\\/wolf.publishing\\\/\"]}]}<\/script>\n<!-- \/ Yoast SEO plugin. -->","yoast_head_json":{"title":"Die Wette des tollk\u00fchnen Blaustrumpfs &#8211; WOLF Publishing","robots":{"index":"index","follow":"follow","max-snippet":"max-snippet:-1","max-image-preview":"max-image-preview:large","max-video-preview":"max-video-preview:-1"},"canonical":"https:\/\/wolf-publishing.com\/de\/die-wette-des-tollkuehnen-blaustrumpfs\/","og_locale":"de_DE","og_type":"article","og_title":"Die Wette des tollk\u00fchnen Blaustrumpfs &#8211; WOLF Publishing","og_description":"#1 Die Duchess Society Tracy Sumner In der \u00dcbersetzung von Sarah Zahn In diesem sinnlichen Regency-Roman der&nbsp;USA Today&nbsp;Bestsellerautorin Tracy Sumner trifft ein eigensinniger Blaustrumpf auf einen teuflischen Schurken, von dem sie nie erwartet h\u00e4tte, dass sie ihn mit jedem Schlag&#8230; Continue Reading&#8230;","og_url":"https:\/\/wolf-publishing.com\/de\/die-wette-des-tollkuehnen-blaustrumpfs\/","og_site_name":"WOLF Publishing","article_publisher":"https:\/\/www.facebook.com\/WOLFPublishing.WhereStorytellingLives","article_modified_time":"2023-08-15T13:11:16+00:00","og_image":[{"url":"https:\/\/wolf-publishing.com\/wp-content\/uploads\/2021\/01\/5-Flames-300x91.png","type":"","width":"","height":""}],"twitter_card":"summary_large_image","twitter_misc":{"Gesch\u00e4tzte Lesezeit":"3\u00a0Minuten"},"schema":{"@context":"https:\/\/schema.org","@graph":[{"@type":"WebPage","@id":"https:\/\/wolf-publishing.com\/de\/die-wette-des-tollkuehnen-blaustrumpfs\/","url":"https:\/\/wolf-publishing.com\/de\/die-wette-des-tollkuehnen-blaustrumpfs\/","name":"Die Wette des tollk\u00fchnen Blaustrumpfs &#8211; WOLF Publishing","isPartOf":{"@id":"https:\/\/wolf-publishing.com\/de\/#website"},"primaryImageOfPage":{"@id":"https:\/\/wolf-publishing.com\/de\/die-wette-des-tollkuehnen-blaustrumpfs\/#primaryimage"},"image":{"@id":"https:\/\/wolf-publishing.com\/de\/die-wette-des-tollkuehnen-blaustrumpfs\/#primaryimage"},"thumbnailUrl":"https:\/\/wolf-publishing.com\/wp-content\/uploads\/2021\/01\/5-Flames-300x91.png","datePublished":"2023-05-08T18:18:17+00:00","dateModified":"2023-08-15T13:11:16+00:00","breadcrumb":{"@id":"https:\/\/wolf-publishing.com\/de\/die-wette-des-tollkuehnen-blaustrumpfs\/#breadcrumb"},"inLanguage":"de","potentialAction":[{"@type":"ReadAction","target":["https:\/\/wolf-publishing.com\/de\/die-wette-des-tollkuehnen-blaustrumpfs\/"]}]},{"@type":"ImageObject","inLanguage":"de","@id":"https:\/\/wolf-publishing.com\/de\/die-wette-des-tollkuehnen-blaustrumpfs\/#primaryimage","url":"https:\/\/wolf-publishing.com\/wp-content\/uploads\/2021\/01\/5-Flames-300x91.png","contentUrl":"https:\/\/wolf-publishing.com\/wp-content\/uploads\/2021\/01\/5-Flames-300x91.png"},{"@type":"BreadcrumbList","@id":"https:\/\/wolf-publishing.com\/de\/die-wette-des-tollkuehnen-blaustrumpfs\/#breadcrumb","itemListElement":[{"@type":"ListItem","position":1,"name":"Home","item":"https:\/\/wolf-publishing.com\/de\/home\/"},{"@type":"ListItem","position":2,"name":"Die Wette des tollk\u00fchnen Blaustrumpfs"}]},{"@type":"WebSite","@id":"https:\/\/wolf-publishing.com\/de\/#website","url":"https:\/\/wolf-publishing.com\/de\/","name":"WOLF Publishing","description":"Where Storytelling Lives.","publisher":{"@id":"https:\/\/wolf-publishing.com\/de\/#organization"},"potentialAction":[{"@type":"SearchAction","target":{"@type":"EntryPoint","urlTemplate":"https:\/\/wolf-publishing.com\/de\/?s={search_term_string}"},"query-input":{"@type":"PropertyValueSpecification","valueRequired":true,"valueName":"search_term_string"}}],"inLanguage":"de"},{"@type":"Organization","@id":"https:\/\/wolf-publishing.com\/de\/#organization","name":"WOLF Publishing","url":"https:\/\/wolf-publishing.com\/de\/","logo":{"@type":"ImageObject","inLanguage":"de","@id":"https:\/\/wolf-publishing.com\/de\/#\/schema\/logo\/image\/","url":"http:\/\/wolf-publishing.com\/wp-content\/uploads\/2021\/01\/BlackLogoFlat-e1609705874221.png","contentUrl":"http:\/\/wolf-publishing.com\/wp-content\/uploads\/2021\/01\/BlackLogoFlat-e1609705874221.png","width":300,"height":180,"caption":"WOLF Publishing"},"image":{"@id":"https:\/\/wolf-publishing.com\/de\/#\/schema\/logo\/image\/"},"sameAs":["https:\/\/www.facebook.com\/WOLFPublishing.WhereStorytellingLives","https:\/\/www.instagram.com\/wolf.publishing\/"]}]}},"_links":{"self":[{"href":"https:\/\/wolf-publishing.com\/de\/wp-json\/wp\/v2\/pages\/3053","targetHints":{"allow":["GET"]}}],"collection":[{"href":"https:\/\/wolf-publishing.com\/de\/wp-json\/wp\/v2\/pages"}],"about":[{"href":"https:\/\/wolf-publishing.com\/de\/wp-json\/wp\/v2\/types\/page"}],"author":[{"embeddable":true,"href":"https:\/\/wolf-publishing.com\/de\/wp-json\/wp\/v2\/users\/1"}],"replies":[{"embeddable":true,"href":"https:\/\/wolf-publishing.com\/de\/wp-json\/wp\/v2\/comments?post=3053"}],"version-history":[{"count":5,"href":"https:\/\/wolf-publishing.com\/de\/wp-json\/wp\/v2\/pages\/3053\/revisions"}],"predecessor-version":[{"id":3138,"href":"https:\/\/wolf-publishing.com\/de\/wp-json\/wp\/v2\/pages\/3053\/revisions\/3138"}],"wp:attachment":[{"href":"https:\/\/wolf-publishing.com\/de\/wp-json\/wp\/v2\/media?parent=3053"}],"curies":[{"name":"wp","href":"https:\/\/api.w.org\/{rel}","templated":true}]}}