{"id":3054,"date":"2023-05-08T18:18:14","date_gmt":"2023-05-08T18:18:14","guid":{"rendered":"https:\/\/wolf-publishing.com\/?page_id=3054"},"modified":"2023-08-15T13:11:11","modified_gmt":"2023-08-15T13:11:11","slug":"das-gluecksspiel-der-gouvernante","status":"publish","type":"page","link":"https:\/\/wolf-publishing.com\/de\/das-gluecksspiel-der-gouvernante\/","title":{"rendered":"Das Gl\u00fccksspiel der Gouvernante"},"content":{"rendered":"\n<div class=\"wp-block-columns is-layout-flex wp-container-core-columns-is-layout-9d6595d7 wp-block-columns-is-layout-flex\">\n<div class=\"wp-block-column is-layout-flow wp-block-column-is-layout-flow\" style=\"flex-basis:66.66%\">\n<h3 class=\"wp-block-heading\" id=\"2-die-verliebten-whickertons\">Eine Weihnachtsnovelle der Duchess Society<\/h3>\n\n\n\n<p class=\"has-luminous-vivid-amber-color has-text-color\">Tracy Sumner <\/p>\n\n\n\n<p><em>In der \u00dcbersetzung von <a href=\"https:\/\/wolf-publishing.com\/de\/sarah-zahn\/\" target=\"_blank\" rel=\"noreferrer noopener\">Sarah Zahn<\/a><\/em><\/p>\n\n\n\n<figure class=\"wp-block-image size-medium is-resized\"><img loading=\"lazy\" decoding=\"async\" src=\"https:\/\/wolf-publishing.com\/wp-content\/uploads\/2021\/01\/5-Flames-300x91.png\" alt=\"\" class=\"wp-image-531\" style=\"width:75px;height:23px\" width=\"75\" height=\"23\" srcset=\"https:\/\/wolf-publishing.com\/wp-content\/uploads\/2021\/01\/5-Flames-300x91.png 300w, https:\/\/wolf-publishing.com\/wp-content\/uploads\/2021\/01\/5-Flames-768x234.png 768w, https:\/\/wolf-publishing.com\/wp-content\/uploads\/2021\/01\/5-Flames.png 984w\" sizes=\"auto, (max-width: 75px) 100vw, 75px\" \/><\/figure>\n\n\n\n<p><strong>Eine Frau aus einer anderen Welt&#8230;<\/strong><\/p>\n\n\n\n<p>Die amerikanische Erbin Francine Shaw h\u00e4tte sich nie tr\u00e4umen lassen, dass sie einmal eine Gouvernante werden w\u00fcrde! Aber verzweifelte Zeiten erfordern verzweifelte Ma\u00dfnahmen, als Francine nach London fliehen muss, um einem Skandal zu entgehen, ihren Ruf zu retten und&#8230; einen adligen Mann zum Heiraten zu finden oder den Verlust ihrer Familie zu riskieren.<br>Aber als sich ihr neuer Arbeitgeber als ein Sch\u00fcrzenj\u00e4ger entpuppt, der sie liebt und verl\u00e4sst, sitzt Fanny in mehr als einer Hinsicht in der Falle. \u00dcbermannt von der lodernden Hitze, die sich zwischen ihr und dem gut aussehenden und r\u00e4tselhaften Viscount Remington entwickelt, macht sie ihm mutig ein Angebot, das er nicht ablehnen kann&#8230;<\/p>\n\n\n\n<p><strong>Er ist nicht der, f\u00fcr den sie ihn h\u00e4lt&#8230;<\/strong><\/p>\n\n\n\n<p>Wie sich herausstellt, ist Francine nicht die Einzige, die ihre wahre Identit\u00e4t verbirgt. Trotz seines teuflischen Rufs hat Chance Allerton ein zartes Herz aus Gold &#8211; und hat insgeheim geschworen, nur aus Liebe zu heiraten. Als er kurz vor Weihnachten erf\u00e4hrt, dass er ein M\u00fcndel hat, bittet er die Duchess Society um Hilfe, um eine Gouvernante f\u00fcr das Kind zu finden. Als stattdessen eine sch\u00f6ne, kluge Amerikanerin vor seiner T\u00fcr auftaucht, steht Chance bald vor einem R\u00e4tsel.<br>Francine Shaw \u00fcbertrifft alle seine Erwartungen &#8230; und schon bald ist Chance v\u00f6llig vernarrt in sie.<\/p>\n\n\n\n<p><strong>Kann ein verruchter Viscount lernen zu lieben? Oder ist die T\u00e4ndelei mit der Gouvernante nur ein weihnachtliches Stelldichein, dazu bestimmt in Herzschmerz zu enden?<\/strong><\/p>\n<\/div>\n\n\n\n<div class=\"wp-block-column is-layout-flow wp-block-column-is-layout-flow\" style=\"flex-basis:33.33%\">\n<figure class=\"wp-block-image size-large\"><a href=\"https:\/\/amzn.to\/44eEprI\" target=\"_blank\" rel=\"noreferrer noopener\"><img loading=\"lazy\" decoding=\"async\" width=\"701\" height=\"1024\" src=\"http:\/\/wolf-publishing.com\/wp-content\/uploads\/2023\/01\/Das-Glucksspiel-der-Gouvernante-Kindle-701x1024.jpg\" alt=\"\" class=\"wp-image-2890\" srcset=\"https:\/\/wolf-publishing.com\/wp-content\/uploads\/2023\/01\/Das-Glucksspiel-der-Gouvernante-Kindle-701x1024.jpg 701w, https:\/\/wolf-publishing.com\/wp-content\/uploads\/2023\/01\/Das-Glucksspiel-der-Gouvernante-Kindle-205x300.jpg 205w, https:\/\/wolf-publishing.com\/wp-content\/uploads\/2023\/01\/Das-Glucksspiel-der-Gouvernante-Kindle-768x1122.jpg 768w, https:\/\/wolf-publishing.com\/wp-content\/uploads\/2023\/01\/Das-Glucksspiel-der-Gouvernante-Kindle-1052x1536.jpg 1052w, https:\/\/wolf-publishing.com\/wp-content\/uploads\/2023\/01\/Das-Glucksspiel-der-Gouvernante-Kindle-1402x2048.jpg 1402w, https:\/\/wolf-publishing.com\/wp-content\/uploads\/2023\/01\/Das-Glucksspiel-der-Gouvernante-Kindle.jpg 1753w\" sizes=\"auto, (max-width: 701px) 100vw, 701px\" \/><\/a><\/figure>\n\n\n\n<div style=\"height:34px\" aria-hidden=\"true\" class=\"wp-block-spacer\"><\/div>\n\n\n\n<div class=\"wp-block-buttons is-layout-flex wp-block-buttons-is-layout-flex\">\n<div class=\"wp-block-button\"><a class=\"wp-block-button__link wp-element-button\" href=\"https:\/\/amzn.to\/44eEprI\" target=\"_blank\" rel=\"noreferrer noopener\">E-Book<\/a><\/div>\n\n\n\n<div class=\"wp-block-button\"><a class=\"wp-block-button__link wp-element-button\" href=\"https:\/\/amzn.to\/3QEZyIp\" target=\"_blank\" rel=\"noreferrer noopener\">Taschenbuch<\/a><\/div>\n\n\n\n<div class=\"wp-block-button\"><a class=\"wp-block-button__link wp-element-button\" href=\"https:\/\/amzn.to\/44a5GLR\" target=\"_blank\" rel=\"noreferrer noopener\">Gebundene Ausgabe<\/a><\/div>\n<\/div>\n<\/div>\n<\/div>\n\n\n\n<div style=\"height:48px\" aria-hidden=\"true\" class=\"wp-block-spacer\"><\/div>\n\n\n<div class=\"wp-block-image\">\n<figure class=\"aligncenter size-full is-resized\"><img loading=\"lazy\" decoding=\"async\" src=\"http:\/\/wolf-publishing.com\/wp-content\/uploads\/2021\/01\/Separator-1.png\" alt=\"\" class=\"wp-image-541\" style=\"width:250px;height:75px\" width=\"250\" height=\"75\" srcset=\"https:\/\/wolf-publishing.com\/wp-content\/uploads\/2021\/01\/Separator-1.png 1000w, https:\/\/wolf-publishing.com\/wp-content\/uploads\/2021\/01\/Separator-1-300x90.png 300w, https:\/\/wolf-publishing.com\/wp-content\/uploads\/2021\/01\/Separator-1-768x230.png 768w\" sizes=\"auto, (max-width: 250px) 100vw, 250px\" \/><\/figure>\n<\/div>\n\n\n<div style=\"height:48px\" aria-hidden=\"true\" class=\"wp-block-spacer\"><\/div>\n\n\n\n<h2 class=\"wp-block-heading\">Die Duchess Society<\/h2>\n\n\n\n<div style=\"height:48px\" aria-hidden=\"true\" class=\"wp-block-spacer\"><\/div>\n\n\n\n<div class=\"wp-block-columns is-layout-flex wp-container-core-columns-is-layout-9d6595d7 wp-block-columns-is-layout-flex\">\n<div class=\"wp-block-column is-layout-flow wp-block-column-is-layout-flow\">\n<div class=\"wp-block-columns is-layout-flex wp-container-core-columns-is-layout-9d6595d7 wp-block-columns-is-layout-flex\">\n<div class=\"wp-block-column is-layout-flow wp-block-column-is-layout-flow\">\n<figure class=\"wp-block-image size-full\"><a href=\"https:\/\/wolf-publishing.com\/de\/die-wette-des-tollkuehnen-blaustrumpfs\/\"><img loading=\"lazy\" decoding=\"async\" width=\"1753\" height=\"2560\" src=\"https:\/\/wolf-publishing.com\/wp-content\/uploads\/2023\/05\/Die-Wette-des-tollkuhnen-Blaustrumpfs-Kindle.jpg\" alt=\"\" class=\"wp-image-3055\" srcset=\"https:\/\/wolf-publishing.com\/wp-content\/uploads\/2023\/05\/Die-Wette-des-tollkuhnen-Blaustrumpfs-Kindle.jpg 1753w, https:\/\/wolf-publishing.com\/wp-content\/uploads\/2023\/05\/Die-Wette-des-tollkuhnen-Blaustrumpfs-Kindle-205x300.jpg 205w, https:\/\/wolf-publishing.com\/wp-content\/uploads\/2023\/05\/Die-Wette-des-tollkuhnen-Blaustrumpfs-Kindle-701x1024.jpg 701w, https:\/\/wolf-publishing.com\/wp-content\/uploads\/2023\/05\/Die-Wette-des-tollkuhnen-Blaustrumpfs-Kindle-768x1122.jpg 768w, https:\/\/wolf-publishing.com\/wp-content\/uploads\/2023\/05\/Die-Wette-des-tollkuhnen-Blaustrumpfs-Kindle-1052x1536.jpg 1052w, https:\/\/wolf-publishing.com\/wp-content\/uploads\/2023\/05\/Die-Wette-des-tollkuhnen-Blaustrumpfs-Kindle-1402x2048.jpg 1402w\" sizes=\"auto, (max-width: 1753px) 100vw, 1753px\" \/><\/a><figcaption class=\"wp-element-caption\">Buch 1<\/figcaption><\/figure>\n<\/div>\n\n\n\n<div class=\"wp-block-column is-layout-flow wp-block-column-is-layout-flow\">\n<figure class=\"wp-block-image size-full\"><a href=\"https:\/\/wolf-publishing.com\/de\/eine-kuehne-lady-fuer-den-duke\/\"><img loading=\"lazy\" decoding=\"async\" width=\"456\" height=\"666\" src=\"http:\/\/wolf-publishing.com\/wp-content\/uploads\/2023\/05\/VixenGermanEbook-72dpi.jpg\" alt=\"\" class=\"wp-image-3057\" srcset=\"https:\/\/wolf-publishing.com\/wp-content\/uploads\/2023\/05\/VixenGermanEbook-72dpi.jpg 456w, https:\/\/wolf-publishing.com\/wp-content\/uploads\/2023\/05\/VixenGermanEbook-72dpi-205x300.jpg 205w\" sizes=\"auto, (max-width: 456px) 100vw, 456px\" \/><\/a><figcaption class=\"wp-element-caption\">Buch 2<\/figcaption><\/figure>\n<\/div>\n\n\n\n<div class=\"wp-block-column is-layout-flow wp-block-column-is-layout-flow\">\n<figure class=\"wp-block-image size-full\"><img loading=\"lazy\" decoding=\"async\" width=\"456\" height=\"666\" src=\"http:\/\/wolf-publishing.com\/wp-content\/uploads\/2023\/05\/WallflowerGermanEbook-72dpi.jpg\" alt=\"\" class=\"wp-image-3059\" srcset=\"https:\/\/wolf-publishing.com\/wp-content\/uploads\/2023\/05\/WallflowerGermanEbook-72dpi.jpg 456w, https:\/\/wolf-publishing.com\/wp-content\/uploads\/2023\/05\/WallflowerGermanEbook-72dpi-205x300.jpg 205w\" sizes=\"auto, (max-width: 456px) 100vw, 456px\" \/><figcaption class=\"wp-element-caption\">Buch 3<\/figcaption><\/figure>\n<\/div>\n<\/div>\n<\/div>\n\n\n\n<div class=\"wp-block-column is-layout-flow wp-block-column-is-layout-flow\">\n<div class=\"wp-block-columns is-layout-flex wp-container-core-columns-is-layout-9d6595d7 wp-block-columns-is-layout-flex\">\n<div class=\"wp-block-column is-layout-flow wp-block-column-is-layout-flow\"><\/div>\n\n\n\n<div class=\"wp-block-column is-layout-flow wp-block-column-is-layout-flow\">\n<figure class=\"wp-block-image size-full\"><a href=\"https:\/\/wolf-publishing.com\/de\/das-gluecksspiel-der-gouvernante\/\"><img loading=\"lazy\" decoding=\"async\" width=\"1753\" height=\"2560\" src=\"https:\/\/wolf-publishing.com\/wp-content\/uploads\/2023\/01\/Das-Glucksspiel-der-Gouvernante-Kindle.jpg\" alt=\"\" class=\"wp-image-2890\" srcset=\"https:\/\/wolf-publishing.com\/wp-content\/uploads\/2023\/01\/Das-Glucksspiel-der-Gouvernante-Kindle.jpg 1753w, https:\/\/wolf-publishing.com\/wp-content\/uploads\/2023\/01\/Das-Glucksspiel-der-Gouvernante-Kindle-205x300.jpg 205w, https:\/\/wolf-publishing.com\/wp-content\/uploads\/2023\/01\/Das-Glucksspiel-der-Gouvernante-Kindle-701x1024.jpg 701w, https:\/\/wolf-publishing.com\/wp-content\/uploads\/2023\/01\/Das-Glucksspiel-der-Gouvernante-Kindle-768x1122.jpg 768w, https:\/\/wolf-publishing.com\/wp-content\/uploads\/2023\/01\/Das-Glucksspiel-der-Gouvernante-Kindle-1052x1536.jpg 1052w, https:\/\/wolf-publishing.com\/wp-content\/uploads\/2023\/01\/Das-Glucksspiel-der-Gouvernante-Kindle-1402x2048.jpg 1402w\" sizes=\"auto, (max-width: 1753px) 100vw, 1753px\" \/><\/a><figcaption class=\"wp-element-caption\"><em>Weihnachtsnovelle<\/em><\/figcaption><\/figure>\n<\/div>\n\n\n\n<div class=\"wp-block-column is-layout-flow wp-block-column-is-layout-flow\"><\/div>\n<\/div>\n<\/div>\n<\/div>\n","protected":false},"excerpt":{"rendered":"<p>Eine Weihnachtsnovelle der Duchess Society Tracy Sumner In der \u00dcbersetzung von Sarah Zahn Eine Frau aus einer anderen Welt&#8230; Die amerikanische Erbin Francine Shaw h\u00e4tte sich nie tr\u00e4umen lassen, dass sie einmal eine Gouvernante werden w\u00fcrde! Aber verzweifelte Zeiten erfordern&#8230; <a class=\"di-continue-reading\" href=\"https:\/\/wolf-publishing.com\/de\/das-gluecksspiel-der-gouvernante\/\"> Continue Reading&#8230;<\/a><\/p>\n","protected":false},"author":1,"featured_media":0,"parent":0,"menu_order":0,"comment_status":"closed","ping_status":"closed","template":"","meta":{"footnotes":""},"class_list":["post-3054","page","type-page","status-publish","hentry"],"yoast_head":"<!-- This site is optimized with the Yoast SEO plugin v27.4 - https:\/\/yoast.com\/product\/yoast-seo-wordpress\/ -->\n<title>Das Gl\u00fccksspiel der Gouvernante &#8211; WOLF Publishing<\/title>\n<meta name=\"robots\" content=\"index, follow, max-snippet:-1, max-image-preview:large, max-video-preview:-1\" \/>\n<link rel=\"canonical\" href=\"https:\/\/wolf-publishing.com\/de\/das-gluecksspiel-der-gouvernante\/\" \/>\n<meta property=\"og:locale\" content=\"de_DE\" \/>\n<meta property=\"og:type\" content=\"article\" \/>\n<meta property=\"og:title\" content=\"Das Gl\u00fccksspiel der Gouvernante &#8211; WOLF Publishing\" \/>\n<meta property=\"og:description\" content=\"Eine Weihnachtsnovelle der Duchess Society Tracy Sumner In der \u00dcbersetzung von Sarah Zahn Eine Frau aus einer anderen Welt&#8230; Die amerikanische Erbin Francine Shaw h\u00e4tte sich nie tr\u00e4umen lassen, dass sie einmal eine Gouvernante werden w\u00fcrde! Aber verzweifelte Zeiten erfordern&#8230; Continue Reading&#8230;\" \/>\n<meta property=\"og:url\" content=\"https:\/\/wolf-publishing.com\/de\/das-gluecksspiel-der-gouvernante\/\" \/>\n<meta property=\"og:site_name\" content=\"WOLF Publishing\" \/>\n<meta property=\"article:publisher\" content=\"https:\/\/www.facebook.com\/WOLFPublishing.WhereStorytellingLives\" \/>\n<meta property=\"article:modified_time\" content=\"2023-08-15T13:11:11+00:00\" \/>\n<meta property=\"og:image\" content=\"https:\/\/wolf-publishing.com\/wp-content\/uploads\/2021\/01\/5-Flames-300x91.png\" \/>\n<meta name=\"twitter:card\" content=\"summary_large_image\" \/>\n<meta name=\"twitter:label1\" content=\"Gesch\u00e4tzte Lesezeit\" \/>\n\t<meta name=\"twitter:data1\" content=\"3\u00a0Minuten\" \/>\n<script type=\"application\/ld+json\" class=\"yoast-schema-graph\">{\"@context\":\"https:\\\/\\\/schema.org\",\"@graph\":[{\"@type\":\"WebPage\",\"@id\":\"https:\\\/\\\/wolf-publishing.com\\\/de\\\/das-gluecksspiel-der-gouvernante\\\/\",\"url\":\"https:\\\/\\\/wolf-publishing.com\\\/de\\\/das-gluecksspiel-der-gouvernante\\\/\",\"name\":\"Das Gl\u00fccksspiel der Gouvernante &#8211; WOLF Publishing\",\"isPartOf\":{\"@id\":\"https:\\\/\\\/wolf-publishing.com\\\/de\\\/#website\"},\"primaryImageOfPage\":{\"@id\":\"https:\\\/\\\/wolf-publishing.com\\\/de\\\/das-gluecksspiel-der-gouvernante\\\/#primaryimage\"},\"image\":{\"@id\":\"https:\\\/\\\/wolf-publishing.com\\\/de\\\/das-gluecksspiel-der-gouvernante\\\/#primaryimage\"},\"thumbnailUrl\":\"https:\\\/\\\/wolf-publishing.com\\\/wp-content\\\/uploads\\\/2021\\\/01\\\/5-Flames-300x91.png\",\"datePublished\":\"2023-05-08T18:18:14+00:00\",\"dateModified\":\"2023-08-15T13:11:11+00:00\",\"breadcrumb\":{\"@id\":\"https:\\\/\\\/wolf-publishing.com\\\/de\\\/das-gluecksspiel-der-gouvernante\\\/#breadcrumb\"},\"inLanguage\":\"de\",\"potentialAction\":[{\"@type\":\"ReadAction\",\"target\":[\"https:\\\/\\\/wolf-publishing.com\\\/de\\\/das-gluecksspiel-der-gouvernante\\\/\"]}]},{\"@type\":\"ImageObject\",\"inLanguage\":\"de\",\"@id\":\"https:\\\/\\\/wolf-publishing.com\\\/de\\\/das-gluecksspiel-der-gouvernante\\\/#primaryimage\",\"url\":\"https:\\\/\\\/wolf-publishing.com\\\/wp-content\\\/uploads\\\/2021\\\/01\\\/5-Flames-300x91.png\",\"contentUrl\":\"https:\\\/\\\/wolf-publishing.com\\\/wp-content\\\/uploads\\\/2021\\\/01\\\/5-Flames-300x91.png\"},{\"@type\":\"BreadcrumbList\",\"@id\":\"https:\\\/\\\/wolf-publishing.com\\\/de\\\/das-gluecksspiel-der-gouvernante\\\/#breadcrumb\",\"itemListElement\":[{\"@type\":\"ListItem\",\"position\":1,\"name\":\"Home\",\"item\":\"https:\\\/\\\/wolf-publishing.com\\\/de\\\/home\\\/\"},{\"@type\":\"ListItem\",\"position\":2,\"name\":\"Das Gl\u00fccksspiel der Gouvernante\"}]},{\"@type\":\"WebSite\",\"@id\":\"https:\\\/\\\/wolf-publishing.com\\\/de\\\/#website\",\"url\":\"https:\\\/\\\/wolf-publishing.com\\\/de\\\/\",\"name\":\"WOLF Publishing\",\"description\":\"Where Storytelling Lives.\",\"publisher\":{\"@id\":\"https:\\\/\\\/wolf-publishing.com\\\/de\\\/#organization\"},\"potentialAction\":[{\"@type\":\"SearchAction\",\"target\":{\"@type\":\"EntryPoint\",\"urlTemplate\":\"https:\\\/\\\/wolf-publishing.com\\\/de\\\/?s={search_term_string}\"},\"query-input\":{\"@type\":\"PropertyValueSpecification\",\"valueRequired\":true,\"valueName\":\"search_term_string\"}}],\"inLanguage\":\"de\"},{\"@type\":\"Organization\",\"@id\":\"https:\\\/\\\/wolf-publishing.com\\\/de\\\/#organization\",\"name\":\"WOLF Publishing\",\"url\":\"https:\\\/\\\/wolf-publishing.com\\\/de\\\/\",\"logo\":{\"@type\":\"ImageObject\",\"inLanguage\":\"de\",\"@id\":\"https:\\\/\\\/wolf-publishing.com\\\/de\\\/#\\\/schema\\\/logo\\\/image\\\/\",\"url\":\"http:\\\/\\\/wolf-publishing.com\\\/wp-content\\\/uploads\\\/2021\\\/01\\\/BlackLogoFlat-e1609705874221.png\",\"contentUrl\":\"http:\\\/\\\/wolf-publishing.com\\\/wp-content\\\/uploads\\\/2021\\\/01\\\/BlackLogoFlat-e1609705874221.png\",\"width\":300,\"height\":180,\"caption\":\"WOLF Publishing\"},\"image\":{\"@id\":\"https:\\\/\\\/wolf-publishing.com\\\/de\\\/#\\\/schema\\\/logo\\\/image\\\/\"},\"sameAs\":[\"https:\\\/\\\/www.facebook.com\\\/WOLFPublishing.WhereStorytellingLives\",\"https:\\\/\\\/www.instagram.com\\\/wolf.publishing\\\/\"]}]}<\/script>\n<!-- \/ Yoast SEO plugin. -->","yoast_head_json":{"title":"Das Gl\u00fccksspiel der Gouvernante &#8211; WOLF Publishing","robots":{"index":"index","follow":"follow","max-snippet":"max-snippet:-1","max-image-preview":"max-image-preview:large","max-video-preview":"max-video-preview:-1"},"canonical":"https:\/\/wolf-publishing.com\/de\/das-gluecksspiel-der-gouvernante\/","og_locale":"de_DE","og_type":"article","og_title":"Das Gl\u00fccksspiel der Gouvernante &#8211; WOLF Publishing","og_description":"Eine Weihnachtsnovelle der Duchess Society Tracy Sumner In der \u00dcbersetzung von Sarah Zahn Eine Frau aus einer anderen Welt&#8230; Die amerikanische Erbin Francine Shaw h\u00e4tte sich nie tr\u00e4umen lassen, dass sie einmal eine Gouvernante werden w\u00fcrde! Aber verzweifelte Zeiten erfordern&#8230; Continue Reading&#8230;","og_url":"https:\/\/wolf-publishing.com\/de\/das-gluecksspiel-der-gouvernante\/","og_site_name":"WOLF Publishing","article_publisher":"https:\/\/www.facebook.com\/WOLFPublishing.WhereStorytellingLives","article_modified_time":"2023-08-15T13:11:11+00:00","og_image":[{"url":"https:\/\/wolf-publishing.com\/wp-content\/uploads\/2021\/01\/5-Flames-300x91.png","type":"","width":"","height":""}],"twitter_card":"summary_large_image","twitter_misc":{"Gesch\u00e4tzte Lesezeit":"3\u00a0Minuten"},"schema":{"@context":"https:\/\/schema.org","@graph":[{"@type":"WebPage","@id":"https:\/\/wolf-publishing.com\/de\/das-gluecksspiel-der-gouvernante\/","url":"https:\/\/wolf-publishing.com\/de\/das-gluecksspiel-der-gouvernante\/","name":"Das Gl\u00fccksspiel der Gouvernante &#8211; WOLF Publishing","isPartOf":{"@id":"https:\/\/wolf-publishing.com\/de\/#website"},"primaryImageOfPage":{"@id":"https:\/\/wolf-publishing.com\/de\/das-gluecksspiel-der-gouvernante\/#primaryimage"},"image":{"@id":"https:\/\/wolf-publishing.com\/de\/das-gluecksspiel-der-gouvernante\/#primaryimage"},"thumbnailUrl":"https:\/\/wolf-publishing.com\/wp-content\/uploads\/2021\/01\/5-Flames-300x91.png","datePublished":"2023-05-08T18:18:14+00:00","dateModified":"2023-08-15T13:11:11+00:00","breadcrumb":{"@id":"https:\/\/wolf-publishing.com\/de\/das-gluecksspiel-der-gouvernante\/#breadcrumb"},"inLanguage":"de","potentialAction":[{"@type":"ReadAction","target":["https:\/\/wolf-publishing.com\/de\/das-gluecksspiel-der-gouvernante\/"]}]},{"@type":"ImageObject","inLanguage":"de","@id":"https:\/\/wolf-publishing.com\/de\/das-gluecksspiel-der-gouvernante\/#primaryimage","url":"https:\/\/wolf-publishing.com\/wp-content\/uploads\/2021\/01\/5-Flames-300x91.png","contentUrl":"https:\/\/wolf-publishing.com\/wp-content\/uploads\/2021\/01\/5-Flames-300x91.png"},{"@type":"BreadcrumbList","@id":"https:\/\/wolf-publishing.com\/de\/das-gluecksspiel-der-gouvernante\/#breadcrumb","itemListElement":[{"@type":"ListItem","position":1,"name":"Home","item":"https:\/\/wolf-publishing.com\/de\/home\/"},{"@type":"ListItem","position":2,"name":"Das Gl\u00fccksspiel der Gouvernante"}]},{"@type":"WebSite","@id":"https:\/\/wolf-publishing.com\/de\/#website","url":"https:\/\/wolf-publishing.com\/de\/","name":"WOLF Publishing","description":"Where Storytelling Lives.","publisher":{"@id":"https:\/\/wolf-publishing.com\/de\/#organization"},"potentialAction":[{"@type":"SearchAction","target":{"@type":"EntryPoint","urlTemplate":"https:\/\/wolf-publishing.com\/de\/?s={search_term_string}"},"query-input":{"@type":"PropertyValueSpecification","valueRequired":true,"valueName":"search_term_string"}}],"inLanguage":"de"},{"@type":"Organization","@id":"https:\/\/wolf-publishing.com\/de\/#organization","name":"WOLF Publishing","url":"https:\/\/wolf-publishing.com\/de\/","logo":{"@type":"ImageObject","inLanguage":"de","@id":"https:\/\/wolf-publishing.com\/de\/#\/schema\/logo\/image\/","url":"http:\/\/wolf-publishing.com\/wp-content\/uploads\/2021\/01\/BlackLogoFlat-e1609705874221.png","contentUrl":"http:\/\/wolf-publishing.com\/wp-content\/uploads\/2021\/01\/BlackLogoFlat-e1609705874221.png","width":300,"height":180,"caption":"WOLF Publishing"},"image":{"@id":"https:\/\/wolf-publishing.com\/de\/#\/schema\/logo\/image\/"},"sameAs":["https:\/\/www.facebook.com\/WOLFPublishing.WhereStorytellingLives","https:\/\/www.instagram.com\/wolf.publishing\/"]}]}},"_links":{"self":[{"href":"https:\/\/wolf-publishing.com\/de\/wp-json\/wp\/v2\/pages\/3054","targetHints":{"allow":["GET"]}}],"collection":[{"href":"https:\/\/wolf-publishing.com\/de\/wp-json\/wp\/v2\/pages"}],"about":[{"href":"https:\/\/wolf-publishing.com\/de\/wp-json\/wp\/v2\/types\/page"}],"author":[{"embeddable":true,"href":"https:\/\/wolf-publishing.com\/de\/wp-json\/wp\/v2\/users\/1"}],"replies":[{"embeddable":true,"href":"https:\/\/wolf-publishing.com\/de\/wp-json\/wp\/v2\/comments?post=3054"}],"version-history":[{"count":5,"href":"https:\/\/wolf-publishing.com\/de\/wp-json\/wp\/v2\/pages\/3054\/revisions"}],"predecessor-version":[{"id":3140,"href":"https:\/\/wolf-publishing.com\/de\/wp-json\/wp\/v2\/pages\/3054\/revisions\/3140"}],"wp:attachment":[{"href":"https:\/\/wolf-publishing.com\/de\/wp-json\/wp\/v2\/media?parent=3054"}],"curies":[{"name":"wp","href":"https:\/\/api.w.org\/{rel}","templated":true}]}}