{"id":3135,"date":"2023-08-15T13:06:35","date_gmt":"2023-08-15T13:06:35","guid":{"rendered":"https:\/\/wolf-publishing.com\/?page_id=3135"},"modified":"2023-08-15T13:06:37","modified_gmt":"2023-08-15T13:06:37","slug":"eine-kuehne-lady-fuer-den-duke","status":"publish","type":"page","link":"https:\/\/wolf-publishing.com\/de\/eine-kuehne-lady-fuer-den-duke\/","title":{"rendered":"Eine k\u00fchne Lady f\u00fcr den Duke"},"content":{"rendered":"\n<div class=\"wp-block-columns is-layout-flex wp-container-core-columns-is-layout-9d6595d7 wp-block-columns-is-layout-flex\">\n<div class=\"wp-block-column is-layout-flow wp-block-column-is-layout-flow\" style=\"flex-basis:66.66%\">\n<h2 class=\"wp-block-heading\" id=\"2-die-verliebten-whickertons\">#2 Die Duchess Society<\/h2>\n\n\n\n<p class=\"has-luminous-vivid-amber-color has-text-color\">Tracy Sumner <\/p>\n\n\n\n<p><em>In der \u00dcbersetzung von <a href=\"https:\/\/wolf-publishing.com\/de\/sarah-zahn\/\" target=\"_blank\" rel=\"noreferrer noopener\">Sarah Zahn<\/a><\/em><\/p>\n\n\n\n<figure class=\"wp-block-image size-medium is-resized\"><img loading=\"lazy\" decoding=\"async\" src=\"https:\/\/wolf-publishing.com\/wp-content\/uploads\/2021\/01\/5-Flames-300x91.png\" alt=\"\" class=\"wp-image-531\" style=\"width:75px;height:23px\" width=\"75\" height=\"23\" srcset=\"https:\/\/wolf-publishing.com\/wp-content\/uploads\/2021\/01\/5-Flames-300x91.png 300w, https:\/\/wolf-publishing.com\/wp-content\/uploads\/2021\/01\/5-Flames-768x234.png 768w, https:\/\/wolf-publishing.com\/wp-content\/uploads\/2021\/01\/5-Flames.png 984w\" sizes=\"auto, (max-width: 75px) 100vw, 75px\" \/><\/figure>\n\n\n\n<p><strong>In dieser \u201eenemies to lovers\u201c-Regency-Romanze der USA Today Bestseller Autorin Tracy Sumner schlie\u00dfen eine k\u00fchne Lady und ein r\u00fccksichtloser Duke ein leidenschaftliches B\u00fcndnis, um zu bekommen, was sie wollen.<\/strong><\/p>\n\n\n\n<p><em>Er wusste es beim ersten Blick.<\/em><br><em>Sie wusste es beim ersten Kuss.<\/em><\/p>\n\n\n\n<p>Helena Astley, vom\u00a0<em>ton<\/em>\u00a0nur die h\u00f6llische Lady genannt, hat gro\u00dfe Pl\u00e4ne: das Handelsimperium ihres Vaters zu kontrollieren und nach ihren eigenen Regeln zu leben. Ihr Plan l\u00e4uft bemerkenswert gut, bis ein un\u00fcberlegter Kuss mit dem Herzog, den sie nicht will, dem sie aber nicht widerstehen kann, ihr Leben f\u00fcr immer ver\u00e4ndert.<\/p>\n\n\n\n<p>Der abgebr\u00fchte Roan Darlington, Duke of Leighton, schert sich wenig um die Gesellschaft oder die Suche nach einer Herzogin. Die einzige Person, die ihn jemals herausgefordert hat, ist die unverbesserliche Helena Astley, die ihn immer in den Wahnsinn treibt. Die\u00a0<em>eine<\/em>\u00a0Frau, die er nie vergessen konnte. Als man sie in einer prek\u00e4ren Situation erwischt, bietet Roan ihr einen Ausweg an: eine Scheinehe, die sie nach Weihnachten aufl\u00f6sen kann.<\/p>\n\n\n\n<p>W\u00e4hrend sie gemeinsam eine Welt voller verbotener Leidenschaft entdecken, muss Helena entscheiden, ob sie ihr Herz, dem sie geschworen hat, es zur\u00fcckzuhalten, dem einzigen Mann \u00fcberl\u00e4sst, der m\u00e4chtig genug ist, es zu ergreifen. Und Roan muss sich fragen, ob er f\u00fcr eine leidenschaftliche Liebe alles riskieren will.<\/p>\n<\/div>\n\n\n\n<div class=\"wp-block-column is-layout-flow wp-block-column-is-layout-flow\" style=\"flex-basis:33.33%\">\n<figure class=\"wp-block-image size-full\"><a href=\"https:\/\/amzn.to\/3KD5v4Q\" target=\"_blank\" rel=\"noreferrer noopener\"><img loading=\"lazy\" decoding=\"async\" width=\"456\" height=\"666\" src=\"http:\/\/wolf-publishing.com\/wp-content\/uploads\/2023\/05\/VixenGermanEbook-72dpi.jpg\" alt=\"\" class=\"wp-image-3057\" srcset=\"https:\/\/wolf-publishing.com\/wp-content\/uploads\/2023\/05\/VixenGermanEbook-72dpi.jpg 456w, https:\/\/wolf-publishing.com\/wp-content\/uploads\/2023\/05\/VixenGermanEbook-72dpi-205x300.jpg 205w\" sizes=\"auto, (max-width: 456px) 100vw, 456px\" \/><\/a><\/figure>\n\n\n\n<div style=\"height:34px\" aria-hidden=\"true\" class=\"wp-block-spacer\"><\/div>\n\n\n\n<div class=\"wp-block-buttons is-layout-flex wp-block-buttons-is-layout-flex\">\n<div class=\"wp-block-button\"><a class=\"wp-block-button__link wp-element-button\" href=\"https:\/\/amzn.to\/3KD5v4Q\" target=\"_blank\" rel=\"noreferrer noopener\">E-Book<\/a><\/div>\n\n\n\n<div class=\"wp-block-button\"><a class=\"wp-block-button__link wp-element-button\" href=\"https:\/\/amzn.to\/449gFVZ\" target=\"_blank\" rel=\"noreferrer noopener\">Taschenbuch<\/a><\/div>\n\n\n\n<div class=\"wp-block-button\"><a class=\"wp-block-button__link wp-element-button\" href=\"https:\/\/amzn.to\/3OX8UOu\" target=\"_blank\" rel=\"noreferrer noopener\">Gebundene Ausgabe<\/a><\/div>\n<\/div>\n<\/div>\n<\/div>\n\n\n\n<div style=\"height:46px\" aria-hidden=\"true\" class=\"wp-block-spacer\"><\/div>\n\n\n<div class=\"wp-block-image\">\n<figure class=\"aligncenter size-full is-resized\"><img loading=\"lazy\" decoding=\"async\" src=\"http:\/\/wolf-publishing.com\/wp-content\/uploads\/2021\/01\/Separator-1.png\" alt=\"\" class=\"wp-image-541\" style=\"width:250px;height:75px\" width=\"250\" height=\"75\" srcset=\"https:\/\/wolf-publishing.com\/wp-content\/uploads\/2021\/01\/Separator-1.png 1000w, https:\/\/wolf-publishing.com\/wp-content\/uploads\/2021\/01\/Separator-1-300x90.png 300w, https:\/\/wolf-publishing.com\/wp-content\/uploads\/2021\/01\/Separator-1-768x230.png 768w\" sizes=\"auto, (max-width: 250px) 100vw, 250px\" \/><\/figure>\n<\/div>\n\n\n<div style=\"height:46px\" aria-hidden=\"true\" class=\"wp-block-spacer\"><\/div>\n\n\n\n<h2 class=\"wp-block-heading\">Die Duchess Society<\/h2>\n\n\n\n<div style=\"height:46px\" aria-hidden=\"true\" class=\"wp-block-spacer\"><\/div>\n\n\n\n<div class=\"wp-block-columns is-layout-flex wp-container-core-columns-is-layout-9d6595d7 wp-block-columns-is-layout-flex\">\n<div class=\"wp-block-column is-layout-flow wp-block-column-is-layout-flow\">\n<div class=\"wp-block-columns is-layout-flex wp-container-core-columns-is-layout-9d6595d7 wp-block-columns-is-layout-flex\">\n<div class=\"wp-block-column is-layout-flow wp-block-column-is-layout-flow\">\n<figure class=\"wp-block-image size-full\"><a href=\"https:\/\/wolf-publishing.com\/de\/die-wette-des-tollkuehnen-blaustrumpfs\/\"><img loading=\"lazy\" decoding=\"async\" width=\"1753\" height=\"2560\" src=\"https:\/\/wolf-publishing.com\/wp-content\/uploads\/2023\/05\/Die-Wette-des-tollkuhnen-Blaustrumpfs-Kindle.jpg\" alt=\"\" class=\"wp-image-3055\" srcset=\"https:\/\/wolf-publishing.com\/wp-content\/uploads\/2023\/05\/Die-Wette-des-tollkuhnen-Blaustrumpfs-Kindle.jpg 1753w, https:\/\/wolf-publishing.com\/wp-content\/uploads\/2023\/05\/Die-Wette-des-tollkuhnen-Blaustrumpfs-Kindle-205x300.jpg 205w, https:\/\/wolf-publishing.com\/wp-content\/uploads\/2023\/05\/Die-Wette-des-tollkuhnen-Blaustrumpfs-Kindle-701x1024.jpg 701w, https:\/\/wolf-publishing.com\/wp-content\/uploads\/2023\/05\/Die-Wette-des-tollkuhnen-Blaustrumpfs-Kindle-768x1122.jpg 768w, https:\/\/wolf-publishing.com\/wp-content\/uploads\/2023\/05\/Die-Wette-des-tollkuhnen-Blaustrumpfs-Kindle-1052x1536.jpg 1052w, https:\/\/wolf-publishing.com\/wp-content\/uploads\/2023\/05\/Die-Wette-des-tollkuhnen-Blaustrumpfs-Kindle-1402x2048.jpg 1402w\" sizes=\"auto, (max-width: 1753px) 100vw, 1753px\" \/><\/a><figcaption class=\"wp-element-caption\">Buch 1<\/figcaption><\/figure>\n<\/div>\n\n\n\n<div class=\"wp-block-column is-layout-flow wp-block-column-is-layout-flow\">\n<figure class=\"wp-block-image size-full\"><img loading=\"lazy\" decoding=\"async\" width=\"456\" height=\"666\" src=\"http:\/\/wolf-publishing.com\/wp-content\/uploads\/2023\/05\/VixenGermanEbook-72dpi.jpg\" alt=\"\" class=\"wp-image-3057\" srcset=\"https:\/\/wolf-publishing.com\/wp-content\/uploads\/2023\/05\/VixenGermanEbook-72dpi.jpg 456w, https:\/\/wolf-publishing.com\/wp-content\/uploads\/2023\/05\/VixenGermanEbook-72dpi-205x300.jpg 205w\" sizes=\"auto, (max-width: 456px) 100vw, 456px\" \/><figcaption class=\"wp-element-caption\">Buch 2<\/figcaption><\/figure>\n<\/div>\n\n\n\n<div class=\"wp-block-column is-layout-flow wp-block-column-is-layout-flow\">\n<figure class=\"wp-block-image size-full\"><img loading=\"lazy\" decoding=\"async\" width=\"456\" height=\"666\" src=\"http:\/\/wolf-publishing.com\/wp-content\/uploads\/2023\/05\/WallflowerGermanEbook-72dpi.jpg\" alt=\"\" class=\"wp-image-3059\" srcset=\"https:\/\/wolf-publishing.com\/wp-content\/uploads\/2023\/05\/WallflowerGermanEbook-72dpi.jpg 456w, https:\/\/wolf-publishing.com\/wp-content\/uploads\/2023\/05\/WallflowerGermanEbook-72dpi-205x300.jpg 205w\" sizes=\"auto, (max-width: 456px) 100vw, 456px\" \/><figcaption class=\"wp-element-caption\">Buch 3<\/figcaption><\/figure>\n<\/div>\n<\/div>\n<\/div>\n\n\n\n<div class=\"wp-block-column is-layout-flow wp-block-column-is-layout-flow\">\n<div class=\"wp-block-columns is-layout-flex wp-container-core-columns-is-layout-9d6595d7 wp-block-columns-is-layout-flex\">\n<div class=\"wp-block-column is-layout-flow wp-block-column-is-layout-flow\"><\/div>\n\n\n\n<div class=\"wp-block-column is-layout-flow wp-block-column-is-layout-flow\">\n<figure class=\"wp-block-image size-full\"><a href=\"https:\/\/wolf-publishing.com\/de\/das-gluecksspiel-der-gouvernante\/\"><img loading=\"lazy\" decoding=\"async\" width=\"1753\" height=\"2560\" src=\"https:\/\/wolf-publishing.com\/wp-content\/uploads\/2023\/01\/Das-Glucksspiel-der-Gouvernante-Kindle.jpg\" alt=\"\" class=\"wp-image-2890\" srcset=\"https:\/\/wolf-publishing.com\/wp-content\/uploads\/2023\/01\/Das-Glucksspiel-der-Gouvernante-Kindle.jpg 1753w, https:\/\/wolf-publishing.com\/wp-content\/uploads\/2023\/01\/Das-Glucksspiel-der-Gouvernante-Kindle-205x300.jpg 205w, https:\/\/wolf-publishing.com\/wp-content\/uploads\/2023\/01\/Das-Glucksspiel-der-Gouvernante-Kindle-701x1024.jpg 701w, https:\/\/wolf-publishing.com\/wp-content\/uploads\/2023\/01\/Das-Glucksspiel-der-Gouvernante-Kindle-768x1122.jpg 768w, https:\/\/wolf-publishing.com\/wp-content\/uploads\/2023\/01\/Das-Glucksspiel-der-Gouvernante-Kindle-1052x1536.jpg 1052w, https:\/\/wolf-publishing.com\/wp-content\/uploads\/2023\/01\/Das-Glucksspiel-der-Gouvernante-Kindle-1402x2048.jpg 1402w\" sizes=\"auto, (max-width: 1753px) 100vw, 1753px\" \/><\/a><figcaption class=\"wp-element-caption\"><em>Weihnachtsnovelle<\/em><\/figcaption><\/figure>\n<\/div>\n\n\n\n<div class=\"wp-block-column is-layout-flow wp-block-column-is-layout-flow\"><\/div>\n<\/div>\n<\/div>\n<\/div>\n","protected":false},"excerpt":{"rendered":"<p>#2 Die Duchess Society Tracy Sumner In der \u00dcbersetzung von Sarah Zahn In dieser \u201eenemies to lovers\u201c-Regency-Romanze der USA Today Bestseller Autorin Tracy Sumner schlie\u00dfen eine k\u00fchne Lady und ein r\u00fccksichtloser Duke ein leidenschaftliches B\u00fcndnis, um zu bekommen, was sie&#8230; <a class=\"di-continue-reading\" href=\"https:\/\/wolf-publishing.com\/de\/eine-kuehne-lady-fuer-den-duke\/\"> Continue Reading&#8230;<\/a><\/p>\n","protected":false},"author":1,"featured_media":0,"parent":0,"menu_order":0,"comment_status":"closed","ping_status":"closed","template":"","meta":{"footnotes":""},"class_list":["post-3135","page","type-page","status-publish","hentry"],"yoast_head":"<!-- This site is optimized with the Yoast SEO plugin v27.4 - https:\/\/yoast.com\/product\/yoast-seo-wordpress\/ -->\n<title>Eine k\u00fchne Lady f\u00fcr den Duke &#8211; WOLF Publishing<\/title>\n<meta name=\"robots\" content=\"index, follow, max-snippet:-1, max-image-preview:large, max-video-preview:-1\" \/>\n<link rel=\"canonical\" href=\"https:\/\/wolf-publishing.com\/de\/eine-kuehne-lady-fuer-den-duke\/\" \/>\n<meta property=\"og:locale\" content=\"de_DE\" \/>\n<meta property=\"og:type\" content=\"article\" \/>\n<meta property=\"og:title\" content=\"Eine k\u00fchne Lady f\u00fcr den Duke &#8211; WOLF Publishing\" \/>\n<meta property=\"og:description\" content=\"#2 Die Duchess Society Tracy Sumner In der \u00dcbersetzung von Sarah Zahn In dieser \u201eenemies to lovers\u201c-Regency-Romanze der USA Today Bestseller Autorin Tracy Sumner schlie\u00dfen eine k\u00fchne Lady und ein r\u00fccksichtloser Duke ein leidenschaftliches B\u00fcndnis, um zu bekommen, was sie&#8230; Continue Reading&#8230;\" \/>\n<meta property=\"og:url\" content=\"https:\/\/wolf-publishing.com\/de\/eine-kuehne-lady-fuer-den-duke\/\" \/>\n<meta property=\"og:site_name\" content=\"WOLF Publishing\" \/>\n<meta property=\"article:publisher\" content=\"https:\/\/www.facebook.com\/WOLFPublishing.WhereStorytellingLives\" \/>\n<meta property=\"article:modified_time\" content=\"2023-08-15T13:06:37+00:00\" \/>\n<meta property=\"og:image\" content=\"https:\/\/wolf-publishing.com\/wp-content\/uploads\/2021\/01\/5-Flames-300x91.png\" \/>\n<meta name=\"twitter:card\" content=\"summary_large_image\" \/>\n<meta name=\"twitter:label1\" content=\"Gesch\u00e4tzte Lesezeit\" \/>\n\t<meta name=\"twitter:data1\" content=\"3\u00a0Minuten\" \/>\n<script type=\"application\/ld+json\" class=\"yoast-schema-graph\">{\"@context\":\"https:\\\/\\\/schema.org\",\"@graph\":[{\"@type\":\"WebPage\",\"@id\":\"https:\\\/\\\/wolf-publishing.com\\\/de\\\/eine-kuehne-lady-fuer-den-duke\\\/\",\"url\":\"https:\\\/\\\/wolf-publishing.com\\\/de\\\/eine-kuehne-lady-fuer-den-duke\\\/\",\"name\":\"Eine k\u00fchne Lady f\u00fcr den Duke &#8211; WOLF Publishing\",\"isPartOf\":{\"@id\":\"https:\\\/\\\/wolf-publishing.com\\\/de\\\/#website\"},\"primaryImageOfPage\":{\"@id\":\"https:\\\/\\\/wolf-publishing.com\\\/de\\\/eine-kuehne-lady-fuer-den-duke\\\/#primaryimage\"},\"image\":{\"@id\":\"https:\\\/\\\/wolf-publishing.com\\\/de\\\/eine-kuehne-lady-fuer-den-duke\\\/#primaryimage\"},\"thumbnailUrl\":\"https:\\\/\\\/wolf-publishing.com\\\/wp-content\\\/uploads\\\/2021\\\/01\\\/5-Flames-300x91.png\",\"datePublished\":\"2023-08-15T13:06:35+00:00\",\"dateModified\":\"2023-08-15T13:06:37+00:00\",\"breadcrumb\":{\"@id\":\"https:\\\/\\\/wolf-publishing.com\\\/de\\\/eine-kuehne-lady-fuer-den-duke\\\/#breadcrumb\"},\"inLanguage\":\"de\",\"potentialAction\":[{\"@type\":\"ReadAction\",\"target\":[\"https:\\\/\\\/wolf-publishing.com\\\/de\\\/eine-kuehne-lady-fuer-den-duke\\\/\"]}]},{\"@type\":\"ImageObject\",\"inLanguage\":\"de\",\"@id\":\"https:\\\/\\\/wolf-publishing.com\\\/de\\\/eine-kuehne-lady-fuer-den-duke\\\/#primaryimage\",\"url\":\"https:\\\/\\\/wolf-publishing.com\\\/wp-content\\\/uploads\\\/2021\\\/01\\\/5-Flames-300x91.png\",\"contentUrl\":\"https:\\\/\\\/wolf-publishing.com\\\/wp-content\\\/uploads\\\/2021\\\/01\\\/5-Flames-300x91.png\"},{\"@type\":\"BreadcrumbList\",\"@id\":\"https:\\\/\\\/wolf-publishing.com\\\/de\\\/eine-kuehne-lady-fuer-den-duke\\\/#breadcrumb\",\"itemListElement\":[{\"@type\":\"ListItem\",\"position\":1,\"name\":\"Home\",\"item\":\"https:\\\/\\\/wolf-publishing.com\\\/de\\\/home\\\/\"},{\"@type\":\"ListItem\",\"position\":2,\"name\":\"Eine k\u00fchne Lady f\u00fcr den Duke\"}]},{\"@type\":\"WebSite\",\"@id\":\"https:\\\/\\\/wolf-publishing.com\\\/de\\\/#website\",\"url\":\"https:\\\/\\\/wolf-publishing.com\\\/de\\\/\",\"name\":\"WOLF Publishing\",\"description\":\"Where Storytelling Lives.\",\"publisher\":{\"@id\":\"https:\\\/\\\/wolf-publishing.com\\\/de\\\/#organization\"},\"potentialAction\":[{\"@type\":\"SearchAction\",\"target\":{\"@type\":\"EntryPoint\",\"urlTemplate\":\"https:\\\/\\\/wolf-publishing.com\\\/de\\\/?s={search_term_string}\"},\"query-input\":{\"@type\":\"PropertyValueSpecification\",\"valueRequired\":true,\"valueName\":\"search_term_string\"}}],\"inLanguage\":\"de\"},{\"@type\":\"Organization\",\"@id\":\"https:\\\/\\\/wolf-publishing.com\\\/de\\\/#organization\",\"name\":\"WOLF Publishing\",\"url\":\"https:\\\/\\\/wolf-publishing.com\\\/de\\\/\",\"logo\":{\"@type\":\"ImageObject\",\"inLanguage\":\"de\",\"@id\":\"https:\\\/\\\/wolf-publishing.com\\\/de\\\/#\\\/schema\\\/logo\\\/image\\\/\",\"url\":\"http:\\\/\\\/wolf-publishing.com\\\/wp-content\\\/uploads\\\/2021\\\/01\\\/BlackLogoFlat-e1609705874221.png\",\"contentUrl\":\"http:\\\/\\\/wolf-publishing.com\\\/wp-content\\\/uploads\\\/2021\\\/01\\\/BlackLogoFlat-e1609705874221.png\",\"width\":300,\"height\":180,\"caption\":\"WOLF Publishing\"},\"image\":{\"@id\":\"https:\\\/\\\/wolf-publishing.com\\\/de\\\/#\\\/schema\\\/logo\\\/image\\\/\"},\"sameAs\":[\"https:\\\/\\\/www.facebook.com\\\/WOLFPublishing.WhereStorytellingLives\",\"https:\\\/\\\/www.instagram.com\\\/wolf.publishing\\\/\"]}]}<\/script>\n<!-- \/ Yoast SEO plugin. -->","yoast_head_json":{"title":"Eine k\u00fchne Lady f\u00fcr den Duke &#8211; WOLF Publishing","robots":{"index":"index","follow":"follow","max-snippet":"max-snippet:-1","max-image-preview":"max-image-preview:large","max-video-preview":"max-video-preview:-1"},"canonical":"https:\/\/wolf-publishing.com\/de\/eine-kuehne-lady-fuer-den-duke\/","og_locale":"de_DE","og_type":"article","og_title":"Eine k\u00fchne Lady f\u00fcr den Duke &#8211; WOLF Publishing","og_description":"#2 Die Duchess Society Tracy Sumner In der \u00dcbersetzung von Sarah Zahn In dieser \u201eenemies to lovers\u201c-Regency-Romanze der USA Today Bestseller Autorin Tracy Sumner schlie\u00dfen eine k\u00fchne Lady und ein r\u00fccksichtloser Duke ein leidenschaftliches B\u00fcndnis, um zu bekommen, was sie&#8230; Continue Reading&#8230;","og_url":"https:\/\/wolf-publishing.com\/de\/eine-kuehne-lady-fuer-den-duke\/","og_site_name":"WOLF Publishing","article_publisher":"https:\/\/www.facebook.com\/WOLFPublishing.WhereStorytellingLives","article_modified_time":"2023-08-15T13:06:37+00:00","og_image":[{"url":"https:\/\/wolf-publishing.com\/wp-content\/uploads\/2021\/01\/5-Flames-300x91.png","type":"","width":"","height":""}],"twitter_card":"summary_large_image","twitter_misc":{"Gesch\u00e4tzte Lesezeit":"3\u00a0Minuten"},"schema":{"@context":"https:\/\/schema.org","@graph":[{"@type":"WebPage","@id":"https:\/\/wolf-publishing.com\/de\/eine-kuehne-lady-fuer-den-duke\/","url":"https:\/\/wolf-publishing.com\/de\/eine-kuehne-lady-fuer-den-duke\/","name":"Eine k\u00fchne Lady f\u00fcr den Duke &#8211; WOLF Publishing","isPartOf":{"@id":"https:\/\/wolf-publishing.com\/de\/#website"},"primaryImageOfPage":{"@id":"https:\/\/wolf-publishing.com\/de\/eine-kuehne-lady-fuer-den-duke\/#primaryimage"},"image":{"@id":"https:\/\/wolf-publishing.com\/de\/eine-kuehne-lady-fuer-den-duke\/#primaryimage"},"thumbnailUrl":"https:\/\/wolf-publishing.com\/wp-content\/uploads\/2021\/01\/5-Flames-300x91.png","datePublished":"2023-08-15T13:06:35+00:00","dateModified":"2023-08-15T13:06:37+00:00","breadcrumb":{"@id":"https:\/\/wolf-publishing.com\/de\/eine-kuehne-lady-fuer-den-duke\/#breadcrumb"},"inLanguage":"de","potentialAction":[{"@type":"ReadAction","target":["https:\/\/wolf-publishing.com\/de\/eine-kuehne-lady-fuer-den-duke\/"]}]},{"@type":"ImageObject","inLanguage":"de","@id":"https:\/\/wolf-publishing.com\/de\/eine-kuehne-lady-fuer-den-duke\/#primaryimage","url":"https:\/\/wolf-publishing.com\/wp-content\/uploads\/2021\/01\/5-Flames-300x91.png","contentUrl":"https:\/\/wolf-publishing.com\/wp-content\/uploads\/2021\/01\/5-Flames-300x91.png"},{"@type":"BreadcrumbList","@id":"https:\/\/wolf-publishing.com\/de\/eine-kuehne-lady-fuer-den-duke\/#breadcrumb","itemListElement":[{"@type":"ListItem","position":1,"name":"Home","item":"https:\/\/wolf-publishing.com\/de\/home\/"},{"@type":"ListItem","position":2,"name":"Eine k\u00fchne Lady f\u00fcr den Duke"}]},{"@type":"WebSite","@id":"https:\/\/wolf-publishing.com\/de\/#website","url":"https:\/\/wolf-publishing.com\/de\/","name":"WOLF Publishing","description":"Where Storytelling Lives.","publisher":{"@id":"https:\/\/wolf-publishing.com\/de\/#organization"},"potentialAction":[{"@type":"SearchAction","target":{"@type":"EntryPoint","urlTemplate":"https:\/\/wolf-publishing.com\/de\/?s={search_term_string}"},"query-input":{"@type":"PropertyValueSpecification","valueRequired":true,"valueName":"search_term_string"}}],"inLanguage":"de"},{"@type":"Organization","@id":"https:\/\/wolf-publishing.com\/de\/#organization","name":"WOLF Publishing","url":"https:\/\/wolf-publishing.com\/de\/","logo":{"@type":"ImageObject","inLanguage":"de","@id":"https:\/\/wolf-publishing.com\/de\/#\/schema\/logo\/image\/","url":"http:\/\/wolf-publishing.com\/wp-content\/uploads\/2021\/01\/BlackLogoFlat-e1609705874221.png","contentUrl":"http:\/\/wolf-publishing.com\/wp-content\/uploads\/2021\/01\/BlackLogoFlat-e1609705874221.png","width":300,"height":180,"caption":"WOLF Publishing"},"image":{"@id":"https:\/\/wolf-publishing.com\/de\/#\/schema\/logo\/image\/"},"sameAs":["https:\/\/www.facebook.com\/WOLFPublishing.WhereStorytellingLives","https:\/\/www.instagram.com\/wolf.publishing\/"]}]}},"_links":{"self":[{"href":"https:\/\/wolf-publishing.com\/de\/wp-json\/wp\/v2\/pages\/3135","targetHints":{"allow":["GET"]}}],"collection":[{"href":"https:\/\/wolf-publishing.com\/de\/wp-json\/wp\/v2\/pages"}],"about":[{"href":"https:\/\/wolf-publishing.com\/de\/wp-json\/wp\/v2\/types\/page"}],"author":[{"embeddable":true,"href":"https:\/\/wolf-publishing.com\/de\/wp-json\/wp\/v2\/users\/1"}],"replies":[{"embeddable":true,"href":"https:\/\/wolf-publishing.com\/de\/wp-json\/wp\/v2\/comments?post=3135"}],"version-history":[{"count":1,"href":"https:\/\/wolf-publishing.com\/de\/wp-json\/wp\/v2\/pages\/3135\/revisions"}],"predecessor-version":[{"id":3136,"href":"https:\/\/wolf-publishing.com\/de\/wp-json\/wp\/v2\/pages\/3135\/revisions\/3136"}],"wp:attachment":[{"href":"https:\/\/wolf-publishing.com\/de\/wp-json\/wp\/v2\/media?parent=3135"}],"curies":[{"name":"wp","href":"https:\/\/api.w.org\/{rel}","templated":true}]}}