{"id":3150,"date":"2023-08-15T13:30:01","date_gmt":"2023-08-15T13:30:01","guid":{"rendered":"https:\/\/wolf-publishing.com\/?page_id=3150"},"modified":"2023-09-01T15:02:14","modified_gmt":"2023-09-01T15:02:14","slug":"ein-wagnis-fuer-den-duke","status":"publish","type":"page","link":"https:\/\/wolf-publishing.com\/de\/ein-wagnis-fuer-den-duke\/","title":{"rendered":"Ein Wagnis f\u00fcr den Duke"},"content":{"rendered":"\n<div class=\"wp-block-columns is-layout-flex wp-container-core-columns-is-layout-9d6595d7 wp-block-columns-is-layout-flex\">\n<div class=\"wp-block-column is-layout-flow wp-block-column-is-layout-flow\" style=\"flex-basis:66.66%\">\n<h3 class=\"wp-block-heading\" id=\"2-die-verliebten-whickertons\">#1 Die waghalsigen Deb\u00fctantinnen<\/h3>\n\n\n\n<p class=\"has-luminous-vivid-amber-color has-text-color\">Charlie Lane<\/p>\n\n\n\n<p><em>In der \u00dcbersetzung von <\/em><a href=\"https:\/\/wolf-publishing.com\/de\/carolin-kern\/\">Carolin Kern<\/a><\/p>\n\n\n\n<figure class=\"wp-block-image size-medium is-resized\"><img loading=\"lazy\" decoding=\"async\" src=\"https:\/\/wolf-publishing.com\/wp-content\/uploads\/2021\/01\/5-Flames-300x91.png\" alt=\"\" class=\"wp-image-531\" style=\"width:75px;height:23px\" width=\"75\" height=\"23\" srcset=\"https:\/\/wolf-publishing.com\/wp-content\/uploads\/2021\/01\/5-Flames-300x91.png 300w, https:\/\/wolf-publishing.com\/wp-content\/uploads\/2021\/01\/5-Flames-768x234.png 768w, https:\/\/wolf-publishing.com\/wp-content\/uploads\/2021\/01\/5-Flames.png 984w\" sizes=\"auto, (max-width: 75px) 100vw, 75px\" \/><\/figure>\n\n\n\n<p><strong>In dieser Regency Romance von USA Today Bestseller Autorin Charlie Lane bringt eine Londoner Saison voll skandal\u00f6ser Mutproben eine deb\u00fctierende Lady und ihren Duke zu der Einsicht, dass Perfektion vor allem in der Liebe nicht der Weisheit letzter Schluss ist.<\/strong><\/p>\n\n\n\n<p><em>Ein rothaariger Blaustrumpf auf der Suche nach einem wohlhabenden Ehemann.<\/em><br><em>Ein gutaussehender Duke auf der Suche nach seiner perfekten Duchess.<\/em><br><em>Und eine Mutprobe, die zeigt, dass Gegens\u00e4tze sich nicht nur anziehen, sondern auch wunderbar erg\u00e4nzen k\u00f6nnen.<\/em><\/p>\n\n\n\n<p>In einer Welt, in der die Gesellschaft den Ton angibt, ist Lady Tabitha Hampton ein wahrer Meister ihres Faches: Ged\u00e4chtnis. Ihr Verstand ist ein lebendiger Dachboden voller verschlossener Truhen, jedes Fach gef\u00fcllt mit Wissen und Geheimnissen. Doch trotz ihrer beeindruckenden F\u00e4higkeiten als &#8222;Blaustrumpf&#8220; gelingt es ihr nicht, einen wohlhabenden Verehrer zu fesseln &#8211; und das, obwohl sie dringend einen braucht!<\/p>\n\n\n\n<p>Mit drei heiratsf\u00e4higen Schwestern, einem kr\u00e4nkelnden Vater und finanziellen Missgeschicken, die die Familie in den Ruin getrieben haben, steht Tabitha unter Zugzwang. Die L\u00f6sung? Eine vorteilhafte Heirat! Doch der strahlende Ritter in schimmernder R\u00fcstung ist niemand Geringeres als Arthur, Duke of Collingford. Ein Mann, der nach einer makellosen Herzogin sucht, um seine politischen Ambitionen voranzutreiben.<\/p>\n\n\n\n<p>Als der Duke in den Wirbel der Londoner Saison eintaucht, st\u00f6\u00dft er auf Tabitha &#8211; ein rothaariges Mauerbl\u00fcmchen, das unausstehlich ist wie ein Wespennest. Doch Tabitha ist nicht gewillt, sich in die Rolle der unsichtbaren Dame zu f\u00fcgen. Eine waghalsige Wette wird geschlossen: Kann sie die perfekte Duchess werden? Arthur l\u00e4sst sich auf das Spiel ein, bis ein unerwarteter Kuss alles auf den Kopf stellt.<\/p>\n\n\n\n<p>Zwischen ihnen prallen Welten aufeinander, doch die Anziehungskraft ist unbestreitbar. W\u00e4hrend die Funken fliegen und die Herzen Purzelb\u00e4ume schlagen, m\u00fcssen Tabitha und Arthur entscheiden, ob Liebe und Ambitionen wirklich so unvereinbar sind, wie sie dachten. Werden sie ihre Ziele opfern oder finden sie einen Weg, ihre Truhen voller Hoffnungen zu vereinen &#8211; vielleicht sogar mit einem kleinen Platz f\u00fcr die Liebe? Eine hinrei\u00dfende Geschichte, die beweist, dass die besten Romanzen immer dann entstehen, wenn man es am wenigsten erwartet!<\/p>\n<\/div>\n\n\n\n<div class=\"wp-block-column is-layout-flow wp-block-column-is-layout-flow\" style=\"flex-basis:33.33%\">\n<figure class=\"wp-block-image size-large\"><a href=\"https:\/\/amzn.to\/3L17lwG\" target=\"_blank\" rel=\"noreferrer noopener\"><img loading=\"lazy\" decoding=\"async\" width=\"701\" height=\"1024\" src=\"http:\/\/wolf-publishing.com\/wp-content\/uploads\/2023\/08\/Ein-Wagnis-fur-den-Duke-Kindle-701x1024.jpg\" alt=\"\" class=\"wp-image-3142\" srcset=\"https:\/\/wolf-publishing.com\/wp-content\/uploads\/2023\/08\/Ein-Wagnis-fur-den-Duke-Kindle-701x1024.jpg 701w, https:\/\/wolf-publishing.com\/wp-content\/uploads\/2023\/08\/Ein-Wagnis-fur-den-Duke-Kindle-205x300.jpg 205w, https:\/\/wolf-publishing.com\/wp-content\/uploads\/2023\/08\/Ein-Wagnis-fur-den-Duke-Kindle-768x1122.jpg 768w, https:\/\/wolf-publishing.com\/wp-content\/uploads\/2023\/08\/Ein-Wagnis-fur-den-Duke-Kindle-1052x1536.jpg 1052w, https:\/\/wolf-publishing.com\/wp-content\/uploads\/2023\/08\/Ein-Wagnis-fur-den-Duke-Kindle-1402x2048.jpg 1402w, https:\/\/wolf-publishing.com\/wp-content\/uploads\/2023\/08\/Ein-Wagnis-fur-den-Duke-Kindle.jpg 1753w\" sizes=\"auto, (max-width: 701px) 100vw, 701px\" \/><\/a><\/figure>\n\n\n\n<div style=\"height:34px\" aria-hidden=\"true\" class=\"wp-block-spacer\"><\/div>\n\n\n\n<div class=\"wp-block-buttons is-layout-flex wp-block-buttons-is-layout-flex\">\n<div class=\"wp-block-button\"><a class=\"wp-block-button__link wp-element-button\" href=\"https:\/\/amzn.to\/3L17lwG\" target=\"_blank\" rel=\"noreferrer noopener\">E-Book<\/a><\/div>\n\n\n\n<div class=\"wp-block-button\"><a class=\"wp-block-button__link wp-element-button\" href=\"https:\/\/amzn.to\/3R4xOgO\" target=\"_blank\" rel=\"noreferrer noopener\">Taschenbuch<\/a><\/div>\n\n\n\n<div class=\"wp-block-button\"><a class=\"wp-block-button__link wp-element-button\" href=\"https:\/\/amzn.to\/3QZU3o1\" target=\"_blank\" rel=\"noreferrer noopener\">Gebundene Ausgabe<\/a><\/div>\n<\/div>\n<\/div>\n<\/div>\n\n\n\n<div style=\"height:52px\" aria-hidden=\"true\" class=\"wp-block-spacer\"><\/div>\n\n\n<div class=\"wp-block-image\">\n<figure class=\"aligncenter size-full is-resized\"><img loading=\"lazy\" decoding=\"async\" src=\"http:\/\/wolf-publishing.com\/wp-content\/uploads\/2021\/01\/Separator-1.png\" alt=\"\" class=\"wp-image-541\" style=\"width:250px;height:75px\" width=\"250\" height=\"75\" srcset=\"https:\/\/wolf-publishing.com\/wp-content\/uploads\/2021\/01\/Separator-1.png 1000w, https:\/\/wolf-publishing.com\/wp-content\/uploads\/2021\/01\/Separator-1-300x90.png 300w, https:\/\/wolf-publishing.com\/wp-content\/uploads\/2021\/01\/Separator-1-768x230.png 768w\" sizes=\"auto, (max-width: 250px) 100vw, 250px\" \/><\/figure>\n<\/div>\n\n\n<div style=\"height:52px\" aria-hidden=\"true\" class=\"wp-block-spacer\"><\/div>\n\n\n\n<h2 class=\"wp-block-heading\">Die waghalsigen Deb\u00fctantinnen<\/h2>\n\n\n\n<div style=\"height:52px\" aria-hidden=\"true\" class=\"wp-block-spacer\"><\/div>\n\n\n\n<div class=\"wp-block-columns is-layout-flex wp-container-core-columns-is-layout-9d6595d7 wp-block-columns-is-layout-flex\">\n<div class=\"wp-block-column is-layout-flow wp-block-column-is-layout-flow\">\n<div class=\"wp-block-columns is-layout-flex wp-container-core-columns-is-layout-9d6595d7 wp-block-columns-is-layout-flex\">\n<div class=\"wp-block-column is-layout-flow wp-block-column-is-layout-flow\">\n<figure class=\"wp-block-image size-large\"><img loading=\"lazy\" decoding=\"async\" width=\"701\" height=\"1024\" src=\"http:\/\/wolf-publishing.com\/wp-content\/uploads\/2023\/08\/Ein-Wagnis-fur-den-Duke-Kindle-701x1024.jpg\" alt=\"\" class=\"wp-image-3142\" srcset=\"https:\/\/wolf-publishing.com\/wp-content\/uploads\/2023\/08\/Ein-Wagnis-fur-den-Duke-Kindle-701x1024.jpg 701w, https:\/\/wolf-publishing.com\/wp-content\/uploads\/2023\/08\/Ein-Wagnis-fur-den-Duke-Kindle-205x300.jpg 205w, https:\/\/wolf-publishing.com\/wp-content\/uploads\/2023\/08\/Ein-Wagnis-fur-den-Duke-Kindle-768x1122.jpg 768w, https:\/\/wolf-publishing.com\/wp-content\/uploads\/2023\/08\/Ein-Wagnis-fur-den-Duke-Kindle-1052x1536.jpg 1052w, https:\/\/wolf-publishing.com\/wp-content\/uploads\/2023\/08\/Ein-Wagnis-fur-den-Duke-Kindle-1402x2048.jpg 1402w, https:\/\/wolf-publishing.com\/wp-content\/uploads\/2023\/08\/Ein-Wagnis-fur-den-Duke-Kindle.jpg 1753w\" sizes=\"auto, (max-width: 701px) 100vw, 701px\" \/><figcaption class=\"wp-element-caption\">Buch 1<\/figcaption><\/figure>\n<\/div>\n\n\n\n<div class=\"wp-block-column is-layout-flow wp-block-column-is-layout-flow\">\n<figure class=\"wp-block-image size-full\"><img loading=\"lazy\" decoding=\"async\" width=\"456\" height=\"666\" src=\"http:\/\/wolf-publishing.com\/wp-content\/uploads\/2023\/08\/ADareTooFarEbook-Kopie.jpg\" alt=\"\" class=\"wp-image-3144\" srcset=\"https:\/\/wolf-publishing.com\/wp-content\/uploads\/2023\/08\/ADareTooFarEbook-Kopie.jpg 456w, https:\/\/wolf-publishing.com\/wp-content\/uploads\/2023\/08\/ADareTooFarEbook-Kopie-205x300.jpg 205w\" sizes=\"auto, (max-width: 456px) 100vw, 456px\" \/><figcaption class=\"wp-element-caption\">Buch 2<\/figcaption><\/figure>\n<\/div>\n\n\n\n<div class=\"wp-block-column is-layout-flow wp-block-column-is-layout-flow\">\n<figure class=\"wp-block-image size-full\"><img loading=\"lazy\" decoding=\"async\" width=\"456\" height=\"666\" src=\"http:\/\/wolf-publishing.com\/wp-content\/uploads\/2023\/08\/KissorDareGermanEbook-Kopie.jpg\" alt=\"\" class=\"wp-image-3148\" srcset=\"https:\/\/wolf-publishing.com\/wp-content\/uploads\/2023\/08\/KissorDareGermanEbook-Kopie.jpg 456w, https:\/\/wolf-publishing.com\/wp-content\/uploads\/2023\/08\/KissorDareGermanEbook-Kopie-205x300.jpg 205w\" sizes=\"auto, (max-width: 456px) 100vw, 456px\" \/><figcaption class=\"wp-element-caption\">Buch 3<\/figcaption><\/figure>\n<\/div>\n<\/div>\n<\/div>\n\n\n\n<div class=\"wp-block-column is-layout-flow wp-block-column-is-layout-flow\">\n<div class=\"wp-block-columns is-layout-flex wp-container-core-columns-is-layout-9d6595d7 wp-block-columns-is-layout-flex\">\n<div class=\"wp-block-column is-layout-flow wp-block-column-is-layout-flow\">\n<figure class=\"wp-block-image size-full\"><img loading=\"lazy\" decoding=\"async\" width=\"456\" height=\"666\" src=\"http:\/\/wolf-publishing.com\/wp-content\/uploads\/2023\/08\/DontYouDareGErmanEbook-Kopie.jpg\" alt=\"\" class=\"wp-image-3151\" srcset=\"https:\/\/wolf-publishing.com\/wp-content\/uploads\/2023\/08\/DontYouDareGErmanEbook-Kopie.jpg 456w, https:\/\/wolf-publishing.com\/wp-content\/uploads\/2023\/08\/DontYouDareGErmanEbook-Kopie-205x300.jpg 205w\" sizes=\"auto, (max-width: 456px) 100vw, 456px\" \/><figcaption class=\"wp-element-caption\">Buch 4<\/figcaption><\/figure>\n<\/div>\n\n\n\n<div class=\"wp-block-column is-layout-flow wp-block-column-is-layout-flow\">\n<figure class=\"wp-block-image size-full\"><img loading=\"lazy\" decoding=\"async\" width=\"456\" height=\"666\" src=\"http:\/\/wolf-publishing.com\/wp-content\/uploads\/2023\/08\/OnlyRakesWouldDareGermanEbook-Kopie.jpg\" alt=\"\" class=\"wp-image-3153\" srcset=\"https:\/\/wolf-publishing.com\/wp-content\/uploads\/2023\/08\/OnlyRakesWouldDareGermanEbook-Kopie.jpg 456w, https:\/\/wolf-publishing.com\/wp-content\/uploads\/2023\/08\/OnlyRakesWouldDareGermanEbook-Kopie-205x300.jpg 205w\" sizes=\"auto, (max-width: 456px) 100vw, 456px\" \/><figcaption class=\"wp-element-caption\">Buch 5<\/figcaption><\/figure>\n<\/div>\n\n\n\n<div class=\"wp-block-column is-layout-flow wp-block-column-is-layout-flow\">\n<figure class=\"wp-block-image size-full\"><img loading=\"lazy\" decoding=\"async\" width=\"456\" height=\"666\" src=\"http:\/\/wolf-publishing.com\/wp-content\/uploads\/2023\/08\/DoneRightGermanEbook-Kopie.jpg\" alt=\"\" class=\"wp-image-3155\" srcset=\"https:\/\/wolf-publishing.com\/wp-content\/uploads\/2023\/08\/DoneRightGermanEbook-Kopie.jpg 456w, https:\/\/wolf-publishing.com\/wp-content\/uploads\/2023\/08\/DoneRightGermanEbook-Kopie-205x300.jpg 205w\" sizes=\"auto, (max-width: 456px) 100vw, 456px\" \/><figcaption class=\"wp-element-caption\">Buch 6<\/figcaption><\/figure>\n<\/div>\n<\/div>\n<\/div>\n<\/div>\n\n\n\n<div style=\"height:27px\" aria-hidden=\"true\" class=\"wp-block-spacer\"><\/div>\n\n\n\n<div class=\"wp-block-columns is-layout-flex wp-container-core-columns-is-layout-9d6595d7 wp-block-columns-is-layout-flex\">\n<div class=\"wp-block-column is-layout-flow wp-block-column-is-layout-flow\">\n<div class=\"wp-block-columns is-layout-flex wp-container-core-columns-is-layout-9d6595d7 wp-block-columns-is-layout-flex\">\n<div class=\"wp-block-column is-layout-flow wp-block-column-is-layout-flow\">\n<figure class=\"wp-block-image size-large\"><a href=\"https:\/\/wolf-publishing.com\/de\/eine-hoechst-gewagte-weihnacht\/\"><img loading=\"lazy\" decoding=\"async\" width=\"701\" height=\"1024\" src=\"http:\/\/wolf-publishing.com\/wp-content\/uploads\/2022\/11\/Eine-hochst-gewagte-Weihnacht-Kindle-701x1024.jpg\" alt=\"\" class=\"wp-image-2601\" srcset=\"https:\/\/wolf-publishing.com\/wp-content\/uploads\/2022\/11\/Eine-hochst-gewagte-Weihnacht-Kindle-701x1024.jpg 701w, https:\/\/wolf-publishing.com\/wp-content\/uploads\/2022\/11\/Eine-hochst-gewagte-Weihnacht-Kindle-205x300.jpg 205w, https:\/\/wolf-publishing.com\/wp-content\/uploads\/2022\/11\/Eine-hochst-gewagte-Weihnacht-Kindle-768x1122.jpg 768w, https:\/\/wolf-publishing.com\/wp-content\/uploads\/2022\/11\/Eine-hochst-gewagte-Weihnacht-Kindle-1052x1536.jpg 1052w, https:\/\/wolf-publishing.com\/wp-content\/uploads\/2022\/11\/Eine-hochst-gewagte-Weihnacht-Kindle-1402x2048.jpg 1402w, https:\/\/wolf-publishing.com\/wp-content\/uploads\/2022\/11\/Eine-hochst-gewagte-Weihnacht-Kindle.jpg 1753w\" sizes=\"auto, (max-width: 701px) 100vw, 701px\" \/><\/a><figcaption class=\"wp-element-caption\"><em>Weihnachtsnovelle<\/em><\/figcaption><\/figure>\n<\/div>\n\n\n\n<div class=\"wp-block-column is-layout-flow wp-block-column-is-layout-flow\"><\/div>\n<\/div>\n<\/div>\n\n\n\n<div class=\"wp-block-column is-layout-flow wp-block-column-is-layout-flow\"><\/div>\n\n\n\n<div class=\"wp-block-column is-layout-flow wp-block-column-is-layout-flow\"><\/div>\n<\/div>\n","protected":false},"excerpt":{"rendered":"<p>#1 Die waghalsigen Deb\u00fctantinnen Charlie Lane In der \u00dcbersetzung von Carolin Kern In dieser Regency Romance von USA Today Bestseller Autorin Charlie Lane bringt eine Londoner Saison voll skandal\u00f6ser Mutproben eine deb\u00fctierende Lady und ihren Duke zu der Einsicht, dass&#8230; <a class=\"di-continue-reading\" href=\"https:\/\/wolf-publishing.com\/de\/ein-wagnis-fuer-den-duke\/\"> Continue Reading&#8230;<\/a><\/p>\n","protected":false},"author":1,"featured_media":0,"parent":0,"menu_order":0,"comment_status":"closed","ping_status":"closed","template":"","meta":{"footnotes":""},"class_list":["post-3150","page","type-page","status-publish","hentry"],"yoast_head":"<!-- This site is optimized with the Yoast SEO plugin v27.3 - https:\/\/yoast.com\/product\/yoast-seo-wordpress\/ -->\n<title>Ein Wagnis f\u00fcr den Duke &#8211; WOLF Publishing<\/title>\n<meta name=\"robots\" content=\"index, follow, max-snippet:-1, max-image-preview:large, max-video-preview:-1\" \/>\n<link rel=\"canonical\" href=\"https:\/\/wolf-publishing.com\/de\/ein-wagnis-fuer-den-duke\/\" \/>\n<meta property=\"og:locale\" content=\"de_DE\" \/>\n<meta property=\"og:type\" content=\"article\" \/>\n<meta property=\"og:title\" content=\"Ein Wagnis f\u00fcr den Duke &#8211; WOLF Publishing\" \/>\n<meta property=\"og:description\" content=\"#1 Die waghalsigen Deb\u00fctantinnen Charlie Lane In der \u00dcbersetzung von Carolin Kern In dieser Regency Romance von USA Today Bestseller Autorin Charlie Lane bringt eine Londoner Saison voll skandal\u00f6ser Mutproben eine deb\u00fctierende Lady und ihren Duke zu der Einsicht, dass&#8230; Continue Reading&#8230;\" \/>\n<meta property=\"og:url\" content=\"https:\/\/wolf-publishing.com\/de\/ein-wagnis-fuer-den-duke\/\" \/>\n<meta property=\"og:site_name\" content=\"WOLF Publishing\" \/>\n<meta property=\"article:publisher\" content=\"https:\/\/www.facebook.com\/WOLFPublishing.WhereStorytellingLives\" \/>\n<meta property=\"article:modified_time\" content=\"2023-09-01T15:02:14+00:00\" \/>\n<meta property=\"og:image\" content=\"https:\/\/wolf-publishing.com\/wp-content\/uploads\/2021\/01\/5-Flames-300x91.png\" \/>\n<meta name=\"twitter:card\" content=\"summary_large_image\" \/>\n<meta name=\"twitter:label1\" content=\"Gesch\u00e4tzte Lesezeit\" \/>\n\t<meta name=\"twitter:data1\" content=\"4\u00a0Minuten\" \/>\n<script type=\"application\/ld+json\" class=\"yoast-schema-graph\">{\"@context\":\"https:\\\/\\\/schema.org\",\"@graph\":[{\"@type\":\"WebPage\",\"@id\":\"https:\\\/\\\/wolf-publishing.com\\\/de\\\/ein-wagnis-fuer-den-duke\\\/\",\"url\":\"https:\\\/\\\/wolf-publishing.com\\\/de\\\/ein-wagnis-fuer-den-duke\\\/\",\"name\":\"Ein Wagnis f\u00fcr den Duke &#8211; WOLF Publishing\",\"isPartOf\":{\"@id\":\"https:\\\/\\\/wolf-publishing.com\\\/de\\\/#website\"},\"primaryImageOfPage\":{\"@id\":\"https:\\\/\\\/wolf-publishing.com\\\/de\\\/ein-wagnis-fuer-den-duke\\\/#primaryimage\"},\"image\":{\"@id\":\"https:\\\/\\\/wolf-publishing.com\\\/de\\\/ein-wagnis-fuer-den-duke\\\/#primaryimage\"},\"thumbnailUrl\":\"https:\\\/\\\/wolf-publishing.com\\\/wp-content\\\/uploads\\\/2021\\\/01\\\/5-Flames-300x91.png\",\"datePublished\":\"2023-08-15T13:30:01+00:00\",\"dateModified\":\"2023-09-01T15:02:14+00:00\",\"breadcrumb\":{\"@id\":\"https:\\\/\\\/wolf-publishing.com\\\/de\\\/ein-wagnis-fuer-den-duke\\\/#breadcrumb\"},\"inLanguage\":\"de\",\"potentialAction\":[{\"@type\":\"ReadAction\",\"target\":[\"https:\\\/\\\/wolf-publishing.com\\\/de\\\/ein-wagnis-fuer-den-duke\\\/\"]}]},{\"@type\":\"ImageObject\",\"inLanguage\":\"de\",\"@id\":\"https:\\\/\\\/wolf-publishing.com\\\/de\\\/ein-wagnis-fuer-den-duke\\\/#primaryimage\",\"url\":\"https:\\\/\\\/wolf-publishing.com\\\/wp-content\\\/uploads\\\/2021\\\/01\\\/5-Flames-300x91.png\",\"contentUrl\":\"https:\\\/\\\/wolf-publishing.com\\\/wp-content\\\/uploads\\\/2021\\\/01\\\/5-Flames-300x91.png\"},{\"@type\":\"BreadcrumbList\",\"@id\":\"https:\\\/\\\/wolf-publishing.com\\\/de\\\/ein-wagnis-fuer-den-duke\\\/#breadcrumb\",\"itemListElement\":[{\"@type\":\"ListItem\",\"position\":1,\"name\":\"Home\",\"item\":\"https:\\\/\\\/wolf-publishing.com\\\/de\\\/home\\\/\"},{\"@type\":\"ListItem\",\"position\":2,\"name\":\"Ein Wagnis f\u00fcr den Duke\"}]},{\"@type\":\"WebSite\",\"@id\":\"https:\\\/\\\/wolf-publishing.com\\\/de\\\/#website\",\"url\":\"https:\\\/\\\/wolf-publishing.com\\\/de\\\/\",\"name\":\"WOLF Publishing\",\"description\":\"Where Storytelling Lives.\",\"publisher\":{\"@id\":\"https:\\\/\\\/wolf-publishing.com\\\/de\\\/#organization\"},\"potentialAction\":[{\"@type\":\"SearchAction\",\"target\":{\"@type\":\"EntryPoint\",\"urlTemplate\":\"https:\\\/\\\/wolf-publishing.com\\\/de\\\/?s={search_term_string}\"},\"query-input\":{\"@type\":\"PropertyValueSpecification\",\"valueRequired\":true,\"valueName\":\"search_term_string\"}}],\"inLanguage\":\"de\"},{\"@type\":\"Organization\",\"@id\":\"https:\\\/\\\/wolf-publishing.com\\\/de\\\/#organization\",\"name\":\"WOLF Publishing\",\"url\":\"https:\\\/\\\/wolf-publishing.com\\\/de\\\/\",\"logo\":{\"@type\":\"ImageObject\",\"inLanguage\":\"de\",\"@id\":\"https:\\\/\\\/wolf-publishing.com\\\/de\\\/#\\\/schema\\\/logo\\\/image\\\/\",\"url\":\"http:\\\/\\\/wolf-publishing.com\\\/wp-content\\\/uploads\\\/2021\\\/01\\\/BlackLogoFlat-e1609705874221.png\",\"contentUrl\":\"http:\\\/\\\/wolf-publishing.com\\\/wp-content\\\/uploads\\\/2021\\\/01\\\/BlackLogoFlat-e1609705874221.png\",\"width\":300,\"height\":180,\"caption\":\"WOLF Publishing\"},\"image\":{\"@id\":\"https:\\\/\\\/wolf-publishing.com\\\/de\\\/#\\\/schema\\\/logo\\\/image\\\/\"},\"sameAs\":[\"https:\\\/\\\/www.facebook.com\\\/WOLFPublishing.WhereStorytellingLives\",\"https:\\\/\\\/www.instagram.com\\\/wolf.publishing\\\/\"]}]}<\/script>\n<!-- \/ Yoast SEO plugin. -->","yoast_head_json":{"title":"Ein Wagnis f\u00fcr den Duke &#8211; WOLF Publishing","robots":{"index":"index","follow":"follow","max-snippet":"max-snippet:-1","max-image-preview":"max-image-preview:large","max-video-preview":"max-video-preview:-1"},"canonical":"https:\/\/wolf-publishing.com\/de\/ein-wagnis-fuer-den-duke\/","og_locale":"de_DE","og_type":"article","og_title":"Ein Wagnis f\u00fcr den Duke &#8211; WOLF Publishing","og_description":"#1 Die waghalsigen Deb\u00fctantinnen Charlie Lane In der \u00dcbersetzung von Carolin Kern In dieser Regency Romance von USA Today Bestseller Autorin Charlie Lane bringt eine Londoner Saison voll skandal\u00f6ser Mutproben eine deb\u00fctierende Lady und ihren Duke zu der Einsicht, dass&#8230; Continue Reading&#8230;","og_url":"https:\/\/wolf-publishing.com\/de\/ein-wagnis-fuer-den-duke\/","og_site_name":"WOLF Publishing","article_publisher":"https:\/\/www.facebook.com\/WOLFPublishing.WhereStorytellingLives","article_modified_time":"2023-09-01T15:02:14+00:00","og_image":[{"url":"https:\/\/wolf-publishing.com\/wp-content\/uploads\/2021\/01\/5-Flames-300x91.png","type":"","width":"","height":""}],"twitter_card":"summary_large_image","twitter_misc":{"Gesch\u00e4tzte Lesezeit":"4\u00a0Minuten"},"schema":{"@context":"https:\/\/schema.org","@graph":[{"@type":"WebPage","@id":"https:\/\/wolf-publishing.com\/de\/ein-wagnis-fuer-den-duke\/","url":"https:\/\/wolf-publishing.com\/de\/ein-wagnis-fuer-den-duke\/","name":"Ein Wagnis f\u00fcr den Duke &#8211; WOLF Publishing","isPartOf":{"@id":"https:\/\/wolf-publishing.com\/de\/#website"},"primaryImageOfPage":{"@id":"https:\/\/wolf-publishing.com\/de\/ein-wagnis-fuer-den-duke\/#primaryimage"},"image":{"@id":"https:\/\/wolf-publishing.com\/de\/ein-wagnis-fuer-den-duke\/#primaryimage"},"thumbnailUrl":"https:\/\/wolf-publishing.com\/wp-content\/uploads\/2021\/01\/5-Flames-300x91.png","datePublished":"2023-08-15T13:30:01+00:00","dateModified":"2023-09-01T15:02:14+00:00","breadcrumb":{"@id":"https:\/\/wolf-publishing.com\/de\/ein-wagnis-fuer-den-duke\/#breadcrumb"},"inLanguage":"de","potentialAction":[{"@type":"ReadAction","target":["https:\/\/wolf-publishing.com\/de\/ein-wagnis-fuer-den-duke\/"]}]},{"@type":"ImageObject","inLanguage":"de","@id":"https:\/\/wolf-publishing.com\/de\/ein-wagnis-fuer-den-duke\/#primaryimage","url":"https:\/\/wolf-publishing.com\/wp-content\/uploads\/2021\/01\/5-Flames-300x91.png","contentUrl":"https:\/\/wolf-publishing.com\/wp-content\/uploads\/2021\/01\/5-Flames-300x91.png"},{"@type":"BreadcrumbList","@id":"https:\/\/wolf-publishing.com\/de\/ein-wagnis-fuer-den-duke\/#breadcrumb","itemListElement":[{"@type":"ListItem","position":1,"name":"Home","item":"https:\/\/wolf-publishing.com\/de\/home\/"},{"@type":"ListItem","position":2,"name":"Ein Wagnis f\u00fcr den Duke"}]},{"@type":"WebSite","@id":"https:\/\/wolf-publishing.com\/de\/#website","url":"https:\/\/wolf-publishing.com\/de\/","name":"WOLF Publishing","description":"Where Storytelling Lives.","publisher":{"@id":"https:\/\/wolf-publishing.com\/de\/#organization"},"potentialAction":[{"@type":"SearchAction","target":{"@type":"EntryPoint","urlTemplate":"https:\/\/wolf-publishing.com\/de\/?s={search_term_string}"},"query-input":{"@type":"PropertyValueSpecification","valueRequired":true,"valueName":"search_term_string"}}],"inLanguage":"de"},{"@type":"Organization","@id":"https:\/\/wolf-publishing.com\/de\/#organization","name":"WOLF Publishing","url":"https:\/\/wolf-publishing.com\/de\/","logo":{"@type":"ImageObject","inLanguage":"de","@id":"https:\/\/wolf-publishing.com\/de\/#\/schema\/logo\/image\/","url":"http:\/\/wolf-publishing.com\/wp-content\/uploads\/2021\/01\/BlackLogoFlat-e1609705874221.png","contentUrl":"http:\/\/wolf-publishing.com\/wp-content\/uploads\/2021\/01\/BlackLogoFlat-e1609705874221.png","width":300,"height":180,"caption":"WOLF Publishing"},"image":{"@id":"https:\/\/wolf-publishing.com\/de\/#\/schema\/logo\/image\/"},"sameAs":["https:\/\/www.facebook.com\/WOLFPublishing.WhereStorytellingLives","https:\/\/www.instagram.com\/wolf.publishing\/"]}]}},"_links":{"self":[{"href":"https:\/\/wolf-publishing.com\/de\/wp-json\/wp\/v2\/pages\/3150","targetHints":{"allow":["GET"]}}],"collection":[{"href":"https:\/\/wolf-publishing.com\/de\/wp-json\/wp\/v2\/pages"}],"about":[{"href":"https:\/\/wolf-publishing.com\/de\/wp-json\/wp\/v2\/types\/page"}],"author":[{"embeddable":true,"href":"https:\/\/wolf-publishing.com\/de\/wp-json\/wp\/v2\/users\/1"}],"replies":[{"embeddable":true,"href":"https:\/\/wolf-publishing.com\/de\/wp-json\/wp\/v2\/comments?post=3150"}],"version-history":[{"count":4,"href":"https:\/\/wolf-publishing.com\/de\/wp-json\/wp\/v2\/pages\/3150\/revisions"}],"predecessor-version":[{"id":3195,"href":"https:\/\/wolf-publishing.com\/de\/wp-json\/wp\/v2\/pages\/3150\/revisions\/3195"}],"wp:attachment":[{"href":"https:\/\/wolf-publishing.com\/de\/wp-json\/wp\/v2\/media?parent=3150"}],"curies":[{"name":"wp","href":"https:\/\/api.w.org\/{rel}","templated":true}]}}