{"id":3159,"date":"2023-08-15T13:34:54","date_gmt":"2023-08-15T13:34:54","guid":{"rendered":"https:\/\/wolf-publishing.com\/?page_id=3159"},"modified":"2023-08-15T13:38:01","modified_gmt":"2023-08-15T13:38:01","slug":"eine-hoechst-gewagte-weihnacht","status":"publish","type":"page","link":"https:\/\/wolf-publishing.com\/de\/eine-hoechst-gewagte-weihnacht\/","title":{"rendered":"Eine h\u00f6chst gewagte Weihnacht"},"content":{"rendered":"\n<div class=\"wp-block-columns is-layout-flex wp-container-core-columns-is-layout-9d6595d7 wp-block-columns-is-layout-flex\">\n<div class=\"wp-block-column is-layout-flow wp-block-column-is-layout-flow\" style=\"flex-basis:66.66%\">\n<h3 class=\"wp-block-heading\" id=\"2-die-verliebten-whickertons\">Eine Weihnachtsnovelle zur Reihe &#8218;Die waghalsigen Deb\u00fctantinnen&#8216;<\/h3>\n\n\n\n<p class=\"has-luminous-vivid-amber-color has-text-color\">Charlie Lane<\/p>\n\n\n\n<p><em>In der \u00dcbersetzung von <\/em>Anna Graph<\/p>\n\n\n\n<figure class=\"wp-block-image size-medium is-resized\"><img loading=\"lazy\" decoding=\"async\" src=\"https:\/\/wolf-publishing.com\/wp-content\/uploads\/2021\/01\/5-Flames-300x91.png\" alt=\"\" class=\"wp-image-531\" style=\"width:75px;height:23px\" width=\"75\" height=\"23\" srcset=\"https:\/\/wolf-publishing.com\/wp-content\/uploads\/2021\/01\/5-Flames-300x91.png 300w, https:\/\/wolf-publishing.com\/wp-content\/uploads\/2021\/01\/5-Flames-768x234.png 768w, https:\/\/wolf-publishing.com\/wp-content\/uploads\/2021\/01\/5-Flames.png 984w\" sizes=\"auto, (max-width: 75px) 100vw, 75px\" \/><\/figure>\n\n\n\n<p>Ladies sind f\u00fcr Balls\u00e4le bestimmt. Aber Lady Phillipa Hampton h\u00e4tte lieber den weiten Himmel Schottlands, wo sie nach Herzenslust malen kann. Sie w\u00e4re immer noch dort, h\u00e4tte sie nicht letzten Sommer den silber\u00e4ugigen Steward ihrer Gro\u00dfmutter gek\u00fcsst. Und erwischt worden w\u00e4re. Sie wurde zur\u00fcck nach London verbannt, aber Gro\u00dfmutters Weihnachtsreise in die Stadt bietet Pippa eine Gelegenheit, zu beweisen, dass sie sich nichts aus Bram Shaw macht, und sich ihren Weg zur\u00fcck in das Land zu erk\u00e4mpfen, das sie liebt.<\/p>\n\n\n\n<p>Stewards sind nicht f\u00fcr Ladies bestimmt, und Bram Shaw wei\u00df das. Aber er mag es nicht. Nicht, wenn sein Herz der kunstvollen und k\u00fchnen Lady Phillipa geh\u00f6rt, deren Gro\u00dfmutter eine Herzoginwitwe ist. Und Bram&#8217;s Arbeitgeber. Als Weihnachten ihn in die N\u00e4he der Frau bringt, deren Kuss er nicht vergessen kann, muss er seine Zuneigung verbergen oder er verliert seine Stellung im Haushalt der Dowager Duchess. Doch ein weiterer verlorener Job auf seiner langen Liste w\u00fcrde ihn das Erbe kosten, auf das er jahrelang hingearbeitet hat.<\/p>\n\n\n\n<p>Die Witwe h\u00e4lt zwei Herzen in ihren H\u00e4nden, und die gerissene alte Frau hetzt die ehemaligen Liebhaber gegeneinander auf. Derjenige, der f\u00fcr sie das interessanteste Weihnachtsgeschenk findet, gewinnt eine R\u00fcckkehr nach Schottland. Sie nimmt eine Begleiterin oder einen Steward mit, aber nicht beides.<\/p>\n\n\n\n<p><strong>\u00dcberf\u00fcllte Londoner Stra\u00dfen, exzentrische Ladenbesitzer, gewaltbereite Dienstm\u00e4dchen und chaotische Kaffeeh\u00e4user. Pippa und Bram trotzen allem, um das perfekte Geschenk zu finden.<\/strong><br><strong>Aber ein einziger Kuss kann alles ver\u00e4ndern. Aber manchmal kann wird das perfekte Geschenk nicht mit Geld erworben\u2026<\/strong><\/p>\n<\/div>\n\n\n\n<div class=\"wp-block-column is-layout-flow wp-block-column-is-layout-flow\" style=\"flex-basis:33.33%\">\n<figure class=\"wp-block-image size-large\"><a href=\"https:\/\/amzn.to\/3L3UVEr\"><img loading=\"lazy\" decoding=\"async\" width=\"701\" height=\"1024\" src=\"http:\/\/wolf-publishing.com\/wp-content\/uploads\/2022\/11\/Eine-hochst-gewagte-Weihnacht-Kindle-701x1024.jpg\" alt=\"\" class=\"wp-image-2601\" srcset=\"https:\/\/wolf-publishing.com\/wp-content\/uploads\/2022\/11\/Eine-hochst-gewagte-Weihnacht-Kindle-701x1024.jpg 701w, https:\/\/wolf-publishing.com\/wp-content\/uploads\/2022\/11\/Eine-hochst-gewagte-Weihnacht-Kindle-205x300.jpg 205w, https:\/\/wolf-publishing.com\/wp-content\/uploads\/2022\/11\/Eine-hochst-gewagte-Weihnacht-Kindle-768x1122.jpg 768w, https:\/\/wolf-publishing.com\/wp-content\/uploads\/2022\/11\/Eine-hochst-gewagte-Weihnacht-Kindle-1052x1536.jpg 1052w, https:\/\/wolf-publishing.com\/wp-content\/uploads\/2022\/11\/Eine-hochst-gewagte-Weihnacht-Kindle-1402x2048.jpg 1402w, https:\/\/wolf-publishing.com\/wp-content\/uploads\/2022\/11\/Eine-hochst-gewagte-Weihnacht-Kindle.jpg 1753w\" sizes=\"auto, (max-width: 701px) 100vw, 701px\" \/><\/a><\/figure>\n\n\n\n<div style=\"height:34px\" aria-hidden=\"true\" class=\"wp-block-spacer\"><\/div>\n\n\n\n<div class=\"wp-block-buttons is-layout-flex wp-block-buttons-is-layout-flex\">\n<div class=\"wp-block-button\"><a class=\"wp-block-button__link wp-element-button\" href=\"https:\/\/amzn.to\/3L3UVEr\">E-Book<\/a><\/div>\n\n\n\n<div class=\"wp-block-button\"><a class=\"wp-block-button__link wp-element-button\" href=\"https:\/\/amzn.to\/3L3UVEr\">Taschenbuch<\/a><\/div>\n\n\n\n<div class=\"wp-block-button\"><a class=\"wp-block-button__link wp-element-button\" href=\"https:\/\/amzn.to\/45qrALW\">Gebundene Ausgabe<\/a><\/div>\n<\/div>\n<\/div>\n<\/div>\n\n\n\n<div style=\"height:41px\" aria-hidden=\"true\" class=\"wp-block-spacer\"><\/div>\n\n\n<div class=\"wp-block-image\">\n<figure class=\"aligncenter size-full is-resized\"><img loading=\"lazy\" decoding=\"async\" src=\"http:\/\/wolf-publishing.com\/wp-content\/uploads\/2021\/01\/Separator-1.png\" alt=\"\" class=\"wp-image-541\" style=\"width:250px;height:75px\" width=\"250\" height=\"75\" srcset=\"https:\/\/wolf-publishing.com\/wp-content\/uploads\/2021\/01\/Separator-1.png 1000w, https:\/\/wolf-publishing.com\/wp-content\/uploads\/2021\/01\/Separator-1-300x90.png 300w, https:\/\/wolf-publishing.com\/wp-content\/uploads\/2021\/01\/Separator-1-768x230.png 768w\" sizes=\"auto, (max-width: 250px) 100vw, 250px\" \/><\/figure>\n<\/div>\n\n\n<div style=\"height:41px\" aria-hidden=\"true\" class=\"wp-block-spacer\"><\/div>\n\n\n\n<h2 class=\"wp-block-heading\">Die waghalsigen Deb\u00fctantinnen<\/h2>\n\n\n\n<div style=\"height:41px\" aria-hidden=\"true\" class=\"wp-block-spacer\"><\/div>\n\n\n\n<div class=\"wp-block-columns is-layout-flex wp-container-core-columns-is-layout-9d6595d7 wp-block-columns-is-layout-flex\">\n<div class=\"wp-block-column is-layout-flow wp-block-column-is-layout-flow\">\n<div class=\"wp-block-columns is-layout-flex wp-container-core-columns-is-layout-9d6595d7 wp-block-columns-is-layout-flex\">\n<div class=\"wp-block-column is-layout-flow wp-block-column-is-layout-flow\">\n<figure class=\"wp-block-image size-large\"><a href=\"https:\/\/wolf-publishing.com\/de\/ein-wagnis-fuer-den-duke\/\"><img loading=\"lazy\" decoding=\"async\" width=\"701\" height=\"1024\" src=\"http:\/\/wolf-publishing.com\/wp-content\/uploads\/2023\/08\/Ein-Wagnis-fur-den-Duke-Kindle-701x1024.jpg\" alt=\"\" class=\"wp-image-3142\" srcset=\"https:\/\/wolf-publishing.com\/wp-content\/uploads\/2023\/08\/Ein-Wagnis-fur-den-Duke-Kindle-701x1024.jpg 701w, https:\/\/wolf-publishing.com\/wp-content\/uploads\/2023\/08\/Ein-Wagnis-fur-den-Duke-Kindle-205x300.jpg 205w, https:\/\/wolf-publishing.com\/wp-content\/uploads\/2023\/08\/Ein-Wagnis-fur-den-Duke-Kindle-768x1122.jpg 768w, https:\/\/wolf-publishing.com\/wp-content\/uploads\/2023\/08\/Ein-Wagnis-fur-den-Duke-Kindle-1052x1536.jpg 1052w, https:\/\/wolf-publishing.com\/wp-content\/uploads\/2023\/08\/Ein-Wagnis-fur-den-Duke-Kindle-1402x2048.jpg 1402w, https:\/\/wolf-publishing.com\/wp-content\/uploads\/2023\/08\/Ein-Wagnis-fur-den-Duke-Kindle.jpg 1753w\" sizes=\"auto, (max-width: 701px) 100vw, 701px\" \/><\/a><figcaption class=\"wp-element-caption\">Buch 1<\/figcaption><\/figure>\n<\/div>\n\n\n\n<div class=\"wp-block-column is-layout-flow wp-block-column-is-layout-flow\">\n<figure class=\"wp-block-image size-full\"><img loading=\"lazy\" decoding=\"async\" width=\"456\" height=\"666\" src=\"http:\/\/wolf-publishing.com\/wp-content\/uploads\/2023\/08\/ADareTooFarEbook-Kopie.jpg\" alt=\"\" class=\"wp-image-3144\" srcset=\"https:\/\/wolf-publishing.com\/wp-content\/uploads\/2023\/08\/ADareTooFarEbook-Kopie.jpg 456w, https:\/\/wolf-publishing.com\/wp-content\/uploads\/2023\/08\/ADareTooFarEbook-Kopie-205x300.jpg 205w\" sizes=\"auto, (max-width: 456px) 100vw, 456px\" \/><figcaption class=\"wp-element-caption\">Buch 2<\/figcaption><\/figure>\n<\/div>\n\n\n\n<div class=\"wp-block-column is-layout-flow wp-block-column-is-layout-flow\">\n<figure class=\"wp-block-image size-full\"><img loading=\"lazy\" decoding=\"async\" width=\"456\" height=\"666\" src=\"http:\/\/wolf-publishing.com\/wp-content\/uploads\/2023\/08\/KissorDareGermanEbook-Kopie.jpg\" alt=\"\" class=\"wp-image-3148\" srcset=\"https:\/\/wolf-publishing.com\/wp-content\/uploads\/2023\/08\/KissorDareGermanEbook-Kopie.jpg 456w, https:\/\/wolf-publishing.com\/wp-content\/uploads\/2023\/08\/KissorDareGermanEbook-Kopie-205x300.jpg 205w\" sizes=\"auto, (max-width: 456px) 100vw, 456px\" \/><figcaption class=\"wp-element-caption\">Buch 3<\/figcaption><\/figure>\n<\/div>\n<\/div>\n<\/div>\n\n\n\n<div class=\"wp-block-column is-layout-flow wp-block-column-is-layout-flow\">\n<div class=\"wp-block-columns is-layout-flex wp-container-core-columns-is-layout-9d6595d7 wp-block-columns-is-layout-flex\">\n<div class=\"wp-block-column is-layout-flow wp-block-column-is-layout-flow\">\n<figure class=\"wp-block-image size-full\"><img loading=\"lazy\" decoding=\"async\" width=\"456\" height=\"666\" src=\"http:\/\/wolf-publishing.com\/wp-content\/uploads\/2023\/08\/DontYouDareGErmanEbook-Kopie.jpg\" alt=\"\" class=\"wp-image-3151\" srcset=\"https:\/\/wolf-publishing.com\/wp-content\/uploads\/2023\/08\/DontYouDareGErmanEbook-Kopie.jpg 456w, https:\/\/wolf-publishing.com\/wp-content\/uploads\/2023\/08\/DontYouDareGErmanEbook-Kopie-205x300.jpg 205w\" sizes=\"auto, (max-width: 456px) 100vw, 456px\" \/><figcaption class=\"wp-element-caption\">Buch 4<\/figcaption><\/figure>\n<\/div>\n\n\n\n<div class=\"wp-block-column is-layout-flow wp-block-column-is-layout-flow\">\n<figure class=\"wp-block-image size-full\"><img loading=\"lazy\" decoding=\"async\" width=\"456\" height=\"666\" src=\"http:\/\/wolf-publishing.com\/wp-content\/uploads\/2023\/08\/OnlyRakesWouldDareGermanEbook-Kopie.jpg\" alt=\"\" class=\"wp-image-3153\" srcset=\"https:\/\/wolf-publishing.com\/wp-content\/uploads\/2023\/08\/OnlyRakesWouldDareGermanEbook-Kopie.jpg 456w, https:\/\/wolf-publishing.com\/wp-content\/uploads\/2023\/08\/OnlyRakesWouldDareGermanEbook-Kopie-205x300.jpg 205w\" sizes=\"auto, (max-width: 456px) 100vw, 456px\" \/><figcaption class=\"wp-element-caption\">Buch 5<\/figcaption><\/figure>\n<\/div>\n\n\n\n<div class=\"wp-block-column is-layout-flow wp-block-column-is-layout-flow\">\n<figure class=\"wp-block-image size-full\"><img loading=\"lazy\" decoding=\"async\" width=\"456\" height=\"666\" src=\"http:\/\/wolf-publishing.com\/wp-content\/uploads\/2023\/08\/DoneRightGermanEbook-Kopie.jpg\" alt=\"\" class=\"wp-image-3155\" srcset=\"https:\/\/wolf-publishing.com\/wp-content\/uploads\/2023\/08\/DoneRightGermanEbook-Kopie.jpg 456w, https:\/\/wolf-publishing.com\/wp-content\/uploads\/2023\/08\/DoneRightGermanEbook-Kopie-205x300.jpg 205w\" sizes=\"auto, (max-width: 456px) 100vw, 456px\" \/><figcaption class=\"wp-element-caption\">Buch 6<\/figcaption><\/figure>\n<\/div>\n<\/div>\n<\/div>\n<\/div>\n\n\n\n<div style=\"height:41px\" aria-hidden=\"true\" class=\"wp-block-spacer\"><\/div>\n\n\n\n<div class=\"wp-block-columns is-layout-flex wp-container-core-columns-is-layout-9d6595d7 wp-block-columns-is-layout-flex\">\n<div class=\"wp-block-column is-layout-flow wp-block-column-is-layout-flow\">\n<div class=\"wp-block-columns is-layout-flex wp-container-core-columns-is-layout-9d6595d7 wp-block-columns-is-layout-flex\">\n<div class=\"wp-block-column is-layout-flow wp-block-column-is-layout-flow\">\n<figure class=\"wp-block-image size-large\"><img loading=\"lazy\" decoding=\"async\" width=\"701\" height=\"1024\" src=\"http:\/\/wolf-publishing.com\/wp-content\/uploads\/2022\/11\/Eine-hochst-gewagte-Weihnacht-Kindle-701x1024.jpg\" alt=\"\" class=\"wp-image-2601\" srcset=\"https:\/\/wolf-publishing.com\/wp-content\/uploads\/2022\/11\/Eine-hochst-gewagte-Weihnacht-Kindle-701x1024.jpg 701w, https:\/\/wolf-publishing.com\/wp-content\/uploads\/2022\/11\/Eine-hochst-gewagte-Weihnacht-Kindle-205x300.jpg 205w, https:\/\/wolf-publishing.com\/wp-content\/uploads\/2022\/11\/Eine-hochst-gewagte-Weihnacht-Kindle-768x1122.jpg 768w, https:\/\/wolf-publishing.com\/wp-content\/uploads\/2022\/11\/Eine-hochst-gewagte-Weihnacht-Kindle-1052x1536.jpg 1052w, https:\/\/wolf-publishing.com\/wp-content\/uploads\/2022\/11\/Eine-hochst-gewagte-Weihnacht-Kindle-1402x2048.jpg 1402w, https:\/\/wolf-publishing.com\/wp-content\/uploads\/2022\/11\/Eine-hochst-gewagte-Weihnacht-Kindle.jpg 1753w\" sizes=\"auto, (max-width: 701px) 100vw, 701px\" \/><figcaption class=\"wp-element-caption\"><em>Weihnachtsnovelle<\/em><\/figcaption><\/figure>\n<\/div>\n\n\n\n<div class=\"wp-block-column is-layout-flow wp-block-column-is-layout-flow\"><\/div>\n<\/div>\n<\/div>\n\n\n\n<div class=\"wp-block-column is-layout-flow wp-block-column-is-layout-flow\"><\/div>\n\n\n\n<div class=\"wp-block-column is-layout-flow wp-block-column-is-layout-flow\"><\/div>\n<\/div>\n","protected":false},"excerpt":{"rendered":"<p>Eine Weihnachtsnovelle zur Reihe &#8218;Die waghalsigen Deb\u00fctantinnen&#8216; Charlie Lane In der \u00dcbersetzung von Anna Graph Ladies sind f\u00fcr Balls\u00e4le bestimmt. Aber Lady Phillipa Hampton h\u00e4tte lieber den weiten Himmel Schottlands, wo sie nach Herzenslust malen kann. Sie w\u00e4re immer noch&#8230; <a class=\"di-continue-reading\" href=\"https:\/\/wolf-publishing.com\/de\/eine-hoechst-gewagte-weihnacht\/\"> Continue Reading&#8230;<\/a><\/p>\n","protected":false},"author":1,"featured_media":0,"parent":0,"menu_order":0,"comment_status":"closed","ping_status":"closed","template":"","meta":{"footnotes":""},"class_list":["post-3159","page","type-page","status-publish","hentry"],"yoast_head":"<!-- This site is optimized with the Yoast SEO plugin v27.3 - https:\/\/yoast.com\/product\/yoast-seo-wordpress\/ -->\n<title>Eine h\u00f6chst gewagte Weihnacht &#8211; WOLF Publishing<\/title>\n<meta name=\"robots\" content=\"index, follow, max-snippet:-1, max-image-preview:large, max-video-preview:-1\" \/>\n<link rel=\"canonical\" href=\"https:\/\/wolf-publishing.com\/de\/eine-hoechst-gewagte-weihnacht\/\" \/>\n<meta property=\"og:locale\" content=\"de_DE\" \/>\n<meta property=\"og:type\" content=\"article\" \/>\n<meta property=\"og:title\" content=\"Eine h\u00f6chst gewagte Weihnacht &#8211; WOLF Publishing\" \/>\n<meta property=\"og:description\" content=\"Eine Weihnachtsnovelle zur Reihe &#8218;Die waghalsigen Deb\u00fctantinnen&#8216; Charlie Lane In der \u00dcbersetzung von Anna Graph Ladies sind f\u00fcr Balls\u00e4le bestimmt. Aber Lady Phillipa Hampton h\u00e4tte lieber den weiten Himmel Schottlands, wo sie nach Herzenslust malen kann. Sie w\u00e4re immer noch&#8230; Continue Reading&#8230;\" \/>\n<meta property=\"og:url\" content=\"https:\/\/wolf-publishing.com\/de\/eine-hoechst-gewagte-weihnacht\/\" \/>\n<meta property=\"og:site_name\" content=\"WOLF Publishing\" \/>\n<meta property=\"article:publisher\" content=\"https:\/\/www.facebook.com\/WOLFPublishing.WhereStorytellingLives\" \/>\n<meta property=\"article:modified_time\" content=\"2023-08-15T13:38:01+00:00\" \/>\n<meta property=\"og:image\" content=\"https:\/\/wolf-publishing.com\/wp-content\/uploads\/2021\/01\/5-Flames-300x91.png\" \/>\n<meta name=\"twitter:card\" content=\"summary_large_image\" \/>\n<meta name=\"twitter:label1\" content=\"Gesch\u00e4tzte Lesezeit\" \/>\n\t<meta name=\"twitter:data1\" content=\"4\u00a0Minuten\" \/>\n<script type=\"application\/ld+json\" class=\"yoast-schema-graph\">{\"@context\":\"https:\\\/\\\/schema.org\",\"@graph\":[{\"@type\":\"WebPage\",\"@id\":\"https:\\\/\\\/wolf-publishing.com\\\/de\\\/eine-hoechst-gewagte-weihnacht\\\/\",\"url\":\"https:\\\/\\\/wolf-publishing.com\\\/de\\\/eine-hoechst-gewagte-weihnacht\\\/\",\"name\":\"Eine h\u00f6chst gewagte Weihnacht &#8211; WOLF Publishing\",\"isPartOf\":{\"@id\":\"https:\\\/\\\/wolf-publishing.com\\\/de\\\/#website\"},\"primaryImageOfPage\":{\"@id\":\"https:\\\/\\\/wolf-publishing.com\\\/de\\\/eine-hoechst-gewagte-weihnacht\\\/#primaryimage\"},\"image\":{\"@id\":\"https:\\\/\\\/wolf-publishing.com\\\/de\\\/eine-hoechst-gewagte-weihnacht\\\/#primaryimage\"},\"thumbnailUrl\":\"https:\\\/\\\/wolf-publishing.com\\\/wp-content\\\/uploads\\\/2021\\\/01\\\/5-Flames-300x91.png\",\"datePublished\":\"2023-08-15T13:34:54+00:00\",\"dateModified\":\"2023-08-15T13:38:01+00:00\",\"breadcrumb\":{\"@id\":\"https:\\\/\\\/wolf-publishing.com\\\/de\\\/eine-hoechst-gewagte-weihnacht\\\/#breadcrumb\"},\"inLanguage\":\"de\",\"potentialAction\":[{\"@type\":\"ReadAction\",\"target\":[\"https:\\\/\\\/wolf-publishing.com\\\/de\\\/eine-hoechst-gewagte-weihnacht\\\/\"]}]},{\"@type\":\"ImageObject\",\"inLanguage\":\"de\",\"@id\":\"https:\\\/\\\/wolf-publishing.com\\\/de\\\/eine-hoechst-gewagte-weihnacht\\\/#primaryimage\",\"url\":\"https:\\\/\\\/wolf-publishing.com\\\/wp-content\\\/uploads\\\/2021\\\/01\\\/5-Flames-300x91.png\",\"contentUrl\":\"https:\\\/\\\/wolf-publishing.com\\\/wp-content\\\/uploads\\\/2021\\\/01\\\/5-Flames-300x91.png\"},{\"@type\":\"BreadcrumbList\",\"@id\":\"https:\\\/\\\/wolf-publishing.com\\\/de\\\/eine-hoechst-gewagte-weihnacht\\\/#breadcrumb\",\"itemListElement\":[{\"@type\":\"ListItem\",\"position\":1,\"name\":\"Home\",\"item\":\"https:\\\/\\\/wolf-publishing.com\\\/de\\\/home\\\/\"},{\"@type\":\"ListItem\",\"position\":2,\"name\":\"Eine h\u00f6chst gewagte Weihnacht\"}]},{\"@type\":\"WebSite\",\"@id\":\"https:\\\/\\\/wolf-publishing.com\\\/de\\\/#website\",\"url\":\"https:\\\/\\\/wolf-publishing.com\\\/de\\\/\",\"name\":\"WOLF Publishing\",\"description\":\"Where Storytelling Lives.\",\"publisher\":{\"@id\":\"https:\\\/\\\/wolf-publishing.com\\\/de\\\/#organization\"},\"potentialAction\":[{\"@type\":\"SearchAction\",\"target\":{\"@type\":\"EntryPoint\",\"urlTemplate\":\"https:\\\/\\\/wolf-publishing.com\\\/de\\\/?s={search_term_string}\"},\"query-input\":{\"@type\":\"PropertyValueSpecification\",\"valueRequired\":true,\"valueName\":\"search_term_string\"}}],\"inLanguage\":\"de\"},{\"@type\":\"Organization\",\"@id\":\"https:\\\/\\\/wolf-publishing.com\\\/de\\\/#organization\",\"name\":\"WOLF Publishing\",\"url\":\"https:\\\/\\\/wolf-publishing.com\\\/de\\\/\",\"logo\":{\"@type\":\"ImageObject\",\"inLanguage\":\"de\",\"@id\":\"https:\\\/\\\/wolf-publishing.com\\\/de\\\/#\\\/schema\\\/logo\\\/image\\\/\",\"url\":\"http:\\\/\\\/wolf-publishing.com\\\/wp-content\\\/uploads\\\/2021\\\/01\\\/BlackLogoFlat-e1609705874221.png\",\"contentUrl\":\"http:\\\/\\\/wolf-publishing.com\\\/wp-content\\\/uploads\\\/2021\\\/01\\\/BlackLogoFlat-e1609705874221.png\",\"width\":300,\"height\":180,\"caption\":\"WOLF Publishing\"},\"image\":{\"@id\":\"https:\\\/\\\/wolf-publishing.com\\\/de\\\/#\\\/schema\\\/logo\\\/image\\\/\"},\"sameAs\":[\"https:\\\/\\\/www.facebook.com\\\/WOLFPublishing.WhereStorytellingLives\",\"https:\\\/\\\/www.instagram.com\\\/wolf.publishing\\\/\"]}]}<\/script>\n<!-- \/ Yoast SEO plugin. -->","yoast_head_json":{"title":"Eine h\u00f6chst gewagte Weihnacht &#8211; WOLF Publishing","robots":{"index":"index","follow":"follow","max-snippet":"max-snippet:-1","max-image-preview":"max-image-preview:large","max-video-preview":"max-video-preview:-1"},"canonical":"https:\/\/wolf-publishing.com\/de\/eine-hoechst-gewagte-weihnacht\/","og_locale":"de_DE","og_type":"article","og_title":"Eine h\u00f6chst gewagte Weihnacht &#8211; WOLF Publishing","og_description":"Eine Weihnachtsnovelle zur Reihe &#8218;Die waghalsigen Deb\u00fctantinnen&#8216; Charlie Lane In der \u00dcbersetzung von Anna Graph Ladies sind f\u00fcr Balls\u00e4le bestimmt. Aber Lady Phillipa Hampton h\u00e4tte lieber den weiten Himmel Schottlands, wo sie nach Herzenslust malen kann. Sie w\u00e4re immer noch&#8230; Continue Reading&#8230;","og_url":"https:\/\/wolf-publishing.com\/de\/eine-hoechst-gewagte-weihnacht\/","og_site_name":"WOLF Publishing","article_publisher":"https:\/\/www.facebook.com\/WOLFPublishing.WhereStorytellingLives","article_modified_time":"2023-08-15T13:38:01+00:00","og_image":[{"url":"https:\/\/wolf-publishing.com\/wp-content\/uploads\/2021\/01\/5-Flames-300x91.png","type":"","width":"","height":""}],"twitter_card":"summary_large_image","twitter_misc":{"Gesch\u00e4tzte Lesezeit":"4\u00a0Minuten"},"schema":{"@context":"https:\/\/schema.org","@graph":[{"@type":"WebPage","@id":"https:\/\/wolf-publishing.com\/de\/eine-hoechst-gewagte-weihnacht\/","url":"https:\/\/wolf-publishing.com\/de\/eine-hoechst-gewagte-weihnacht\/","name":"Eine h\u00f6chst gewagte Weihnacht &#8211; WOLF Publishing","isPartOf":{"@id":"https:\/\/wolf-publishing.com\/de\/#website"},"primaryImageOfPage":{"@id":"https:\/\/wolf-publishing.com\/de\/eine-hoechst-gewagte-weihnacht\/#primaryimage"},"image":{"@id":"https:\/\/wolf-publishing.com\/de\/eine-hoechst-gewagte-weihnacht\/#primaryimage"},"thumbnailUrl":"https:\/\/wolf-publishing.com\/wp-content\/uploads\/2021\/01\/5-Flames-300x91.png","datePublished":"2023-08-15T13:34:54+00:00","dateModified":"2023-08-15T13:38:01+00:00","breadcrumb":{"@id":"https:\/\/wolf-publishing.com\/de\/eine-hoechst-gewagte-weihnacht\/#breadcrumb"},"inLanguage":"de","potentialAction":[{"@type":"ReadAction","target":["https:\/\/wolf-publishing.com\/de\/eine-hoechst-gewagte-weihnacht\/"]}]},{"@type":"ImageObject","inLanguage":"de","@id":"https:\/\/wolf-publishing.com\/de\/eine-hoechst-gewagte-weihnacht\/#primaryimage","url":"https:\/\/wolf-publishing.com\/wp-content\/uploads\/2021\/01\/5-Flames-300x91.png","contentUrl":"https:\/\/wolf-publishing.com\/wp-content\/uploads\/2021\/01\/5-Flames-300x91.png"},{"@type":"BreadcrumbList","@id":"https:\/\/wolf-publishing.com\/de\/eine-hoechst-gewagte-weihnacht\/#breadcrumb","itemListElement":[{"@type":"ListItem","position":1,"name":"Home","item":"https:\/\/wolf-publishing.com\/de\/home\/"},{"@type":"ListItem","position":2,"name":"Eine h\u00f6chst gewagte Weihnacht"}]},{"@type":"WebSite","@id":"https:\/\/wolf-publishing.com\/de\/#website","url":"https:\/\/wolf-publishing.com\/de\/","name":"WOLF Publishing","description":"Where Storytelling Lives.","publisher":{"@id":"https:\/\/wolf-publishing.com\/de\/#organization"},"potentialAction":[{"@type":"SearchAction","target":{"@type":"EntryPoint","urlTemplate":"https:\/\/wolf-publishing.com\/de\/?s={search_term_string}"},"query-input":{"@type":"PropertyValueSpecification","valueRequired":true,"valueName":"search_term_string"}}],"inLanguage":"de"},{"@type":"Organization","@id":"https:\/\/wolf-publishing.com\/de\/#organization","name":"WOLF Publishing","url":"https:\/\/wolf-publishing.com\/de\/","logo":{"@type":"ImageObject","inLanguage":"de","@id":"https:\/\/wolf-publishing.com\/de\/#\/schema\/logo\/image\/","url":"http:\/\/wolf-publishing.com\/wp-content\/uploads\/2021\/01\/BlackLogoFlat-e1609705874221.png","contentUrl":"http:\/\/wolf-publishing.com\/wp-content\/uploads\/2021\/01\/BlackLogoFlat-e1609705874221.png","width":300,"height":180,"caption":"WOLF Publishing"},"image":{"@id":"https:\/\/wolf-publishing.com\/de\/#\/schema\/logo\/image\/"},"sameAs":["https:\/\/www.facebook.com\/WOLFPublishing.WhereStorytellingLives","https:\/\/www.instagram.com\/wolf.publishing\/"]}]}},"_links":{"self":[{"href":"https:\/\/wolf-publishing.com\/de\/wp-json\/wp\/v2\/pages\/3159","targetHints":{"allow":["GET"]}}],"collection":[{"href":"https:\/\/wolf-publishing.com\/de\/wp-json\/wp\/v2\/pages"}],"about":[{"href":"https:\/\/wolf-publishing.com\/de\/wp-json\/wp\/v2\/types\/page"}],"author":[{"embeddable":true,"href":"https:\/\/wolf-publishing.com\/de\/wp-json\/wp\/v2\/users\/1"}],"replies":[{"embeddable":true,"href":"https:\/\/wolf-publishing.com\/de\/wp-json\/wp\/v2\/comments?post=3159"}],"version-history":[{"count":3,"href":"https:\/\/wolf-publishing.com\/de\/wp-json\/wp\/v2\/pages\/3159\/revisions"}],"predecessor-version":[{"id":3167,"href":"https:\/\/wolf-publishing.com\/de\/wp-json\/wp\/v2\/pages\/3159\/revisions\/3167"}],"wp:attachment":[{"href":"https:\/\/wolf-publishing.com\/de\/wp-json\/wp\/v2\/media?parent=3159"}],"curies":[{"name":"wp","href":"https:\/\/api.w.org\/{rel}","templated":true}]}}