{"id":574,"date":"2021-05-11T17:10:08","date_gmt":"2021-05-11T17:10:08","guid":{"rendered":"https:\/\/wolf-publishing.com\/ueber-stephanie\/"},"modified":"2024-12-12T10:28:21","modified_gmt":"2024-12-12T10:28:21","slug":"ueber-stephanie","status":"publish","type":"page","link":"https:\/\/wolf-publishing.com\/de\/ueber-stephanie\/","title":{"rendered":"Stefanie Th\u00fcrw\u00e4chter"},"content":{"rendered":"<div class=\"wp-block-image\">\n<figure class=\"aligncenter size-large\"><img loading=\"lazy\" decoding=\"async\" width=\"1024\" height=\"311\" src=\"http:\/\/wolf-publishing.com\/wp-content\/uploads\/2024\/12\/fantastic_hummingbird_90859_photorealistic_photograph_of_a_dy_5c029933-46ca-4ef1-b205-0960fbabbd11_2-1024x311.png\" alt=\"\" class=\"wp-image-3519\" srcset=\"https:\/\/wolf-publishing.com\/wp-content\/uploads\/2024\/12\/fantastic_hummingbird_90859_photorealistic_photograph_of_a_dy_5c029933-46ca-4ef1-b205-0960fbabbd11_2-1024x311.png 1024w, https:\/\/wolf-publishing.com\/wp-content\/uploads\/2024\/12\/fantastic_hummingbird_90859_photorealistic_photograph_of_a_dy_5c029933-46ca-4ef1-b205-0960fbabbd11_2-300x91.png 300w, https:\/\/wolf-publishing.com\/wp-content\/uploads\/2024\/12\/fantastic_hummingbird_90859_photorealistic_photograph_of_a_dy_5c029933-46ca-4ef1-b205-0960fbabbd11_2-768x233.png 768w, https:\/\/wolf-publishing.com\/wp-content\/uploads\/2024\/12\/fantastic_hummingbird_90859_photorealistic_photograph_of_a_dy_5c029933-46ca-4ef1-b205-0960fbabbd11_2-1536x467.png 1536w, https:\/\/wolf-publishing.com\/wp-content\/uploads\/2024\/12\/fantastic_hummingbird_90859_photorealistic_photograph_of_a_dy_5c029933-46ca-4ef1-b205-0960fbabbd11_2.png 2000w\" sizes=\"auto, (max-width: 1024px) 100vw, 1024px\" \/><\/figure>\n<\/div>\n\n<div class=\"wp-block-image\">\n<figure class=\"alignleft size-large is-resized\"><img loading=\"lazy\" decoding=\"async\" width=\"1024\" height=\"842\" src=\"http:\/\/wolf-publishing.com\/wp-content\/uploads\/2021\/02\/Stephanie-Thurwachter-1024x842.jpg\" alt=\"\" class=\"wp-image-420\" style=\"width:256px;height:211px\" srcset=\"https:\/\/wolf-publishing.com\/wp-content\/uploads\/2021\/02\/Stephanie-Thurwachter-1024x842.jpg 1024w, https:\/\/wolf-publishing.com\/wp-content\/uploads\/2021\/02\/Stephanie-Thurwachter-300x247.jpg 300w, https:\/\/wolf-publishing.com\/wp-content\/uploads\/2021\/02\/Stephanie-Thurwachter-768x631.jpg 768w, https:\/\/wolf-publishing.com\/wp-content\/uploads\/2021\/02\/Stephanie-Thurwachter.jpg 1123w\" sizes=\"auto, (max-width: 1024px) 100vw, 1024px\" \/><\/figure>\n<\/div>\n\n\n<p>Stefanie liebt es, sich mit einem guten Buch einzukuscheln, sei es \u00fcber eine Weltreise, das Verlieben, das L\u00f6sen von Verbrechen, Reisen ins Weltall, das Fallen durch den Kaninchenbau und das Entdecken neuer Welten.<\/p>\n\n\n\n<p>W\u00e4hrend ihres Kommunikationsstudiums, in dem sie Einblicke in das PR-Management und den internationalen Markt erhielt, sowie ihrer Arbeit als Eventmanagerin, widmete sie sich in ihrer Freizeit ihrer einen wahren Leidenschaft: B\u00fcchern!<\/p>\n\n\n\n<p>In den letzten Jahren arbeitete sie als pers\u00f6nliche Assistentin f\u00fcr mehrere Autoren und spezialisierte sich darauf, die Do&#8217;s and Don&#8217;ts der Self-Publishing-Industrie kennen zu lernen.<\/p>\n","protected":false},"excerpt":{"rendered":"<p>Stefanie liebt es, sich mit einem guten Buch einzukuscheln, sei es \u00fcber eine Weltreise, das Verlieben, das L\u00f6sen von Verbrechen, Reisen ins Weltall, das Fallen durch den Kaninchenbau und das Entdecken neuer Welten. W\u00e4hrend ihres Kommunikationsstudiums, in dem sie Einblicke&#8230; <a class=\"di-continue-reading\" href=\"https:\/\/wolf-publishing.com\/de\/ueber-stephanie\/\"> Continue Reading&#8230;<\/a><\/p>\n","protected":false},"author":2,"featured_media":0,"parent":0,"menu_order":0,"comment_status":"closed","ping_status":"closed","template":"","meta":{"footnotes":""},"class_list":["post-574","page","type-page","status-publish","hentry"],"yoast_head":"<!-- This site is optimized with the Yoast SEO plugin v27.4 - https:\/\/yoast.com\/product\/yoast-seo-wordpress\/ -->\n<title>Stefanie Th\u00fcrw\u00e4chter &#8211; WOLF Publishing<\/title>\n<meta name=\"description\" content=\"Stephanie ist die Mitbegr\u00fcnderin von WOLF Publishing. Mit ihrer Schwester BREE WOLF l\u00e4sst sie Autorentr\u00e4ume wahr werden!\" \/>\n<meta name=\"robots\" content=\"index, follow, max-snippet:-1, max-image-preview:large, max-video-preview:-1\" \/>\n<link rel=\"canonical\" href=\"https:\/\/wolf-publishing.com\/de\/ueber-stephanie\/\" \/>\n<meta property=\"og:locale\" content=\"de_DE\" \/>\n<meta property=\"og:type\" content=\"article\" \/>\n<meta property=\"og:title\" content=\"Stefanie Th\u00fcrw\u00e4chter &#8211; WOLF Publishing\" \/>\n<meta property=\"og:description\" content=\"Stephanie ist die Mitbegr\u00fcnderin von WOLF Publishing. Mit ihrer Schwester BREE WOLF l\u00e4sst sie Autorentr\u00e4ume wahr werden!\" \/>\n<meta property=\"og:url\" content=\"https:\/\/wolf-publishing.com\/de\/ueber-stephanie\/\" \/>\n<meta property=\"og:site_name\" content=\"WOLF Publishing\" \/>\n<meta property=\"article:publisher\" content=\"https:\/\/www.facebook.com\/WOLFPublishing.WhereStorytellingLives\" \/>\n<meta property=\"article:modified_time\" content=\"2024-12-12T10:28:21+00:00\" \/>\n<meta property=\"og:image\" content=\"https:\/\/wolf-publishing.com\/wp-content\/uploads\/2024\/12\/fantastic_hummingbird_90859_photorealistic_photograph_of_a_dy_5c029933-46ca-4ef1-b205-0960fbabbd11_2.png\" \/>\n\t<meta property=\"og:image:width\" content=\"2000\" \/>\n\t<meta property=\"og:image:height\" content=\"608\" \/>\n\t<meta property=\"og:image:type\" content=\"image\/png\" \/>\n<meta name=\"twitter:card\" content=\"summary_large_image\" \/>\n<meta name=\"twitter:label1\" content=\"Gesch\u00e4tzte Lesezeit\" \/>\n\t<meta name=\"twitter:data1\" content=\"1\u00a0Minute\" \/>\n<script type=\"application\/ld+json\" class=\"yoast-schema-graph\">{\"@context\":\"https:\\\/\\\/schema.org\",\"@graph\":[{\"@type\":\"WebPage\",\"@id\":\"https:\\\/\\\/wolf-publishing.com\\\/de\\\/ueber-stephanie\\\/\",\"url\":\"https:\\\/\\\/wolf-publishing.com\\\/de\\\/ueber-stephanie\\\/\",\"name\":\"Stefanie Th\u00fcrw\u00e4chter &#8211; WOLF Publishing\",\"isPartOf\":{\"@id\":\"https:\\\/\\\/wolf-publishing.com\\\/de\\\/#website\"},\"primaryImageOfPage\":{\"@id\":\"https:\\\/\\\/wolf-publishing.com\\\/de\\\/ueber-stephanie\\\/#primaryimage\"},\"image\":{\"@id\":\"https:\\\/\\\/wolf-publishing.com\\\/de\\\/ueber-stephanie\\\/#primaryimage\"},\"thumbnailUrl\":\"http:\\\/\\\/wolf-publishing.com\\\/wp-content\\\/uploads\\\/2024\\\/12\\\/fantastic_hummingbird_90859_photorealistic_photograph_of_a_dy_5c029933-46ca-4ef1-b205-0960fbabbd11_2-1024x311.png\",\"datePublished\":\"2021-05-11T17:10:08+00:00\",\"dateModified\":\"2024-12-12T10:28:21+00:00\",\"description\":\"Stephanie ist die Mitbegr\u00fcnderin von WOLF Publishing. Mit ihrer Schwester BREE WOLF l\u00e4sst sie Autorentr\u00e4ume wahr werden!\",\"breadcrumb\":{\"@id\":\"https:\\\/\\\/wolf-publishing.com\\\/de\\\/ueber-stephanie\\\/#breadcrumb\"},\"inLanguage\":\"de\",\"potentialAction\":[{\"@type\":\"ReadAction\",\"target\":[\"https:\\\/\\\/wolf-publishing.com\\\/de\\\/ueber-stephanie\\\/\"]}]},{\"@type\":\"ImageObject\",\"inLanguage\":\"de\",\"@id\":\"https:\\\/\\\/wolf-publishing.com\\\/de\\\/ueber-stephanie\\\/#primaryimage\",\"url\":\"http:\\\/\\\/wolf-publishing.com\\\/wp-content\\\/uploads\\\/2024\\\/12\\\/fantastic_hummingbird_90859_photorealistic_photograph_of_a_dy_5c029933-46ca-4ef1-b205-0960fbabbd11_2-1024x311.png\",\"contentUrl\":\"http:\\\/\\\/wolf-publishing.com\\\/wp-content\\\/uploads\\\/2024\\\/12\\\/fantastic_hummingbird_90859_photorealistic_photograph_of_a_dy_5c029933-46ca-4ef1-b205-0960fbabbd11_2-1024x311.png\"},{\"@type\":\"BreadcrumbList\",\"@id\":\"https:\\\/\\\/wolf-publishing.com\\\/de\\\/ueber-stephanie\\\/#breadcrumb\",\"itemListElement\":[{\"@type\":\"ListItem\",\"position\":1,\"name\":\"Home\",\"item\":\"https:\\\/\\\/wolf-publishing.com\\\/de\\\/home\\\/\"},{\"@type\":\"ListItem\",\"position\":2,\"name\":\"Stefanie Th\u00fcrw\u00e4chter\"}]},{\"@type\":\"WebSite\",\"@id\":\"https:\\\/\\\/wolf-publishing.com\\\/de\\\/#website\",\"url\":\"https:\\\/\\\/wolf-publishing.com\\\/de\\\/\",\"name\":\"WOLF Publishing\",\"description\":\"Where Storytelling Lives.\",\"publisher\":{\"@id\":\"https:\\\/\\\/wolf-publishing.com\\\/de\\\/#organization\"},\"potentialAction\":[{\"@type\":\"SearchAction\",\"target\":{\"@type\":\"EntryPoint\",\"urlTemplate\":\"https:\\\/\\\/wolf-publishing.com\\\/de\\\/?s={search_term_string}\"},\"query-input\":{\"@type\":\"PropertyValueSpecification\",\"valueRequired\":true,\"valueName\":\"search_term_string\"}}],\"inLanguage\":\"de\"},{\"@type\":\"Organization\",\"@id\":\"https:\\\/\\\/wolf-publishing.com\\\/de\\\/#organization\",\"name\":\"WOLF Publishing\",\"url\":\"https:\\\/\\\/wolf-publishing.com\\\/de\\\/\",\"logo\":{\"@type\":\"ImageObject\",\"inLanguage\":\"de\",\"@id\":\"https:\\\/\\\/wolf-publishing.com\\\/de\\\/#\\\/schema\\\/logo\\\/image\\\/\",\"url\":\"http:\\\/\\\/wolf-publishing.com\\\/wp-content\\\/uploads\\\/2021\\\/01\\\/BlackLogoFlat-e1609705874221.png\",\"contentUrl\":\"http:\\\/\\\/wolf-publishing.com\\\/wp-content\\\/uploads\\\/2021\\\/01\\\/BlackLogoFlat-e1609705874221.png\",\"width\":300,\"height\":180,\"caption\":\"WOLF Publishing\"},\"image\":{\"@id\":\"https:\\\/\\\/wolf-publishing.com\\\/de\\\/#\\\/schema\\\/logo\\\/image\\\/\"},\"sameAs\":[\"https:\\\/\\\/www.facebook.com\\\/WOLFPublishing.WhereStorytellingLives\",\"https:\\\/\\\/www.instagram.com\\\/wolf.publishing\\\/\"]}]}<\/script>\n<!-- \/ Yoast SEO plugin. -->","yoast_head_json":{"title":"Stefanie Th\u00fcrw\u00e4chter &#8211; WOLF Publishing","description":"Stephanie ist die Mitbegr\u00fcnderin von WOLF Publishing. Mit ihrer Schwester BREE WOLF l\u00e4sst sie Autorentr\u00e4ume wahr werden!","robots":{"index":"index","follow":"follow","max-snippet":"max-snippet:-1","max-image-preview":"max-image-preview:large","max-video-preview":"max-video-preview:-1"},"canonical":"https:\/\/wolf-publishing.com\/de\/ueber-stephanie\/","og_locale":"de_DE","og_type":"article","og_title":"Stefanie Th\u00fcrw\u00e4chter &#8211; WOLF Publishing","og_description":"Stephanie ist die Mitbegr\u00fcnderin von WOLF Publishing. Mit ihrer Schwester BREE WOLF l\u00e4sst sie Autorentr\u00e4ume wahr werden!","og_url":"https:\/\/wolf-publishing.com\/de\/ueber-stephanie\/","og_site_name":"WOLF Publishing","article_publisher":"https:\/\/www.facebook.com\/WOLFPublishing.WhereStorytellingLives","article_modified_time":"2024-12-12T10:28:21+00:00","og_image":[{"width":2000,"height":608,"url":"https:\/\/wolf-publishing.com\/wp-content\/uploads\/2024\/12\/fantastic_hummingbird_90859_photorealistic_photograph_of_a_dy_5c029933-46ca-4ef1-b205-0960fbabbd11_2.png","type":"image\/png"}],"twitter_card":"summary_large_image","twitter_misc":{"Gesch\u00e4tzte Lesezeit":"1\u00a0Minute"},"schema":{"@context":"https:\/\/schema.org","@graph":[{"@type":"WebPage","@id":"https:\/\/wolf-publishing.com\/de\/ueber-stephanie\/","url":"https:\/\/wolf-publishing.com\/de\/ueber-stephanie\/","name":"Stefanie Th\u00fcrw\u00e4chter &#8211; WOLF Publishing","isPartOf":{"@id":"https:\/\/wolf-publishing.com\/de\/#website"},"primaryImageOfPage":{"@id":"https:\/\/wolf-publishing.com\/de\/ueber-stephanie\/#primaryimage"},"image":{"@id":"https:\/\/wolf-publishing.com\/de\/ueber-stephanie\/#primaryimage"},"thumbnailUrl":"http:\/\/wolf-publishing.com\/wp-content\/uploads\/2024\/12\/fantastic_hummingbird_90859_photorealistic_photograph_of_a_dy_5c029933-46ca-4ef1-b205-0960fbabbd11_2-1024x311.png","datePublished":"2021-05-11T17:10:08+00:00","dateModified":"2024-12-12T10:28:21+00:00","description":"Stephanie ist die Mitbegr\u00fcnderin von WOLF Publishing. Mit ihrer Schwester BREE WOLF l\u00e4sst sie Autorentr\u00e4ume wahr werden!","breadcrumb":{"@id":"https:\/\/wolf-publishing.com\/de\/ueber-stephanie\/#breadcrumb"},"inLanguage":"de","potentialAction":[{"@type":"ReadAction","target":["https:\/\/wolf-publishing.com\/de\/ueber-stephanie\/"]}]},{"@type":"ImageObject","inLanguage":"de","@id":"https:\/\/wolf-publishing.com\/de\/ueber-stephanie\/#primaryimage","url":"http:\/\/wolf-publishing.com\/wp-content\/uploads\/2024\/12\/fantastic_hummingbird_90859_photorealistic_photograph_of_a_dy_5c029933-46ca-4ef1-b205-0960fbabbd11_2-1024x311.png","contentUrl":"http:\/\/wolf-publishing.com\/wp-content\/uploads\/2024\/12\/fantastic_hummingbird_90859_photorealistic_photograph_of_a_dy_5c029933-46ca-4ef1-b205-0960fbabbd11_2-1024x311.png"},{"@type":"BreadcrumbList","@id":"https:\/\/wolf-publishing.com\/de\/ueber-stephanie\/#breadcrumb","itemListElement":[{"@type":"ListItem","position":1,"name":"Home","item":"https:\/\/wolf-publishing.com\/de\/home\/"},{"@type":"ListItem","position":2,"name":"Stefanie Th\u00fcrw\u00e4chter"}]},{"@type":"WebSite","@id":"https:\/\/wolf-publishing.com\/de\/#website","url":"https:\/\/wolf-publishing.com\/de\/","name":"WOLF Publishing","description":"Where Storytelling Lives.","publisher":{"@id":"https:\/\/wolf-publishing.com\/de\/#organization"},"potentialAction":[{"@type":"SearchAction","target":{"@type":"EntryPoint","urlTemplate":"https:\/\/wolf-publishing.com\/de\/?s={search_term_string}"},"query-input":{"@type":"PropertyValueSpecification","valueRequired":true,"valueName":"search_term_string"}}],"inLanguage":"de"},{"@type":"Organization","@id":"https:\/\/wolf-publishing.com\/de\/#organization","name":"WOLF Publishing","url":"https:\/\/wolf-publishing.com\/de\/","logo":{"@type":"ImageObject","inLanguage":"de","@id":"https:\/\/wolf-publishing.com\/de\/#\/schema\/logo\/image\/","url":"http:\/\/wolf-publishing.com\/wp-content\/uploads\/2021\/01\/BlackLogoFlat-e1609705874221.png","contentUrl":"http:\/\/wolf-publishing.com\/wp-content\/uploads\/2021\/01\/BlackLogoFlat-e1609705874221.png","width":300,"height":180,"caption":"WOLF Publishing"},"image":{"@id":"https:\/\/wolf-publishing.com\/de\/#\/schema\/logo\/image\/"},"sameAs":["https:\/\/www.facebook.com\/WOLFPublishing.WhereStorytellingLives","https:\/\/www.instagram.com\/wolf.publishing\/"]}]}},"_links":{"self":[{"href":"https:\/\/wolf-publishing.com\/de\/wp-json\/wp\/v2\/pages\/574","targetHints":{"allow":["GET"]}}],"collection":[{"href":"https:\/\/wolf-publishing.com\/de\/wp-json\/wp\/v2\/pages"}],"about":[{"href":"https:\/\/wolf-publishing.com\/de\/wp-json\/wp\/v2\/types\/page"}],"author":[{"embeddable":true,"href":"https:\/\/wolf-publishing.com\/de\/wp-json\/wp\/v2\/users\/2"}],"replies":[{"embeddable":true,"href":"https:\/\/wolf-publishing.com\/de\/wp-json\/wp\/v2\/comments?post=574"}],"version-history":[{"count":39,"href":"https:\/\/wolf-publishing.com\/de\/wp-json\/wp\/v2\/pages\/574\/revisions"}],"predecessor-version":[{"id":3605,"href":"https:\/\/wolf-publishing.com\/de\/wp-json\/wp\/v2\/pages\/574\/revisions\/3605"}],"wp:attachment":[{"href":"https:\/\/wolf-publishing.com\/de\/wp-json\/wp\/v2\/media?parent=574"}],"curies":[{"name":"wp","href":"https:\/\/api.w.org\/{rel}","templated":true}]}}