{"id":600,"date":"2021-05-12T20:08:34","date_gmt":"2021-05-12T20:08:34","guid":{"rendered":"https:\/\/wolf-publishing.com\/ueber-uns\/"},"modified":"2024-12-12T10:30:36","modified_gmt":"2024-12-12T10:30:36","slug":"ueber-uns","status":"publish","type":"page","link":"https:\/\/wolf-publishing.com\/de\/ueber-uns\/","title":{"rendered":"\u00dcBER UNS"},"content":{"rendered":"<div class=\"wp-block-image\">\n<figure class=\"aligncenter size-large\"><img loading=\"lazy\" decoding=\"async\" width=\"1024\" height=\"311\" src=\"http:\/\/wolf-publishing.com\/wp-content\/uploads\/2024\/12\/fantastic_hummingbird_90859_photorealistic_photograph_of_a_dy_5c029933-46ca-4ef1-b205-0960fbabbd11_2-1024x311.png\" alt=\"\" class=\"wp-image-3519\" srcset=\"https:\/\/wolf-publishing.com\/wp-content\/uploads\/2024\/12\/fantastic_hummingbird_90859_photorealistic_photograph_of_a_dy_5c029933-46ca-4ef1-b205-0960fbabbd11_2-1024x311.png 1024w, https:\/\/wolf-publishing.com\/wp-content\/uploads\/2024\/12\/fantastic_hummingbird_90859_photorealistic_photograph_of_a_dy_5c029933-46ca-4ef1-b205-0960fbabbd11_2-300x91.png 300w, https:\/\/wolf-publishing.com\/wp-content\/uploads\/2024\/12\/fantastic_hummingbird_90859_photorealistic_photograph_of_a_dy_5c029933-46ca-4ef1-b205-0960fbabbd11_2-768x233.png 768w, https:\/\/wolf-publishing.com\/wp-content\/uploads\/2024\/12\/fantastic_hummingbird_90859_photorealistic_photograph_of_a_dy_5c029933-46ca-4ef1-b205-0960fbabbd11_2-1536x467.png 1536w, https:\/\/wolf-publishing.com\/wp-content\/uploads\/2024\/12\/fantastic_hummingbird_90859_photorealistic_photograph_of_a_dy_5c029933-46ca-4ef1-b205-0960fbabbd11_2.png 2000w\" sizes=\"auto, (max-width: 1024px) 100vw, 1024px\" \/><\/figure>\n<\/div>\n\n\n<div style=\"height:50px\" aria-hidden=\"true\" class=\"wp-block-spacer\"><\/div>\n\n\n<h2><span style=\"color: #d99d46;\"><i>Zwei Schwestern. Zwei Pers\u00f6nlichkeiten. Eine gro\u00dfe Liebe!<\/i><\/span><\/h2>\n<p><img loading=\"lazy\" decoding=\"async\" class=\"alignnone wp-image-540\" src=\"http:\/\/wolf-publishing.com\/wp-content\/uploads\/2021\/01\/Site-Spacer-300x150.png\" alt=\"\" width=\"60\" height=\"30\" srcset=\"https:\/\/wolf-publishing.com\/wp-content\/uploads\/2021\/01\/Site-Spacer-300x150.png 300w, https:\/\/wolf-publishing.com\/wp-content\/uploads\/2021\/01\/Site-Spacer.png 600w\" sizes=\"auto, (max-width: 60px) 100vw, 60px\" \/><\/p>\n<h3><span style=\"color: #d99d46;\"><i>Die gro\u00dfe Schwester:<\/i><\/span><\/h3>\n<p><span style=\"font-weight: 400;\"><a href=\"https:\/\/wolf-publishing.com\/de\/ueber-bree\/\" target=\"_blank\" rel=\"noopener noreferrer\">Bree Wolf<\/a>, die Tr\u00e4umerin, die Schriftstellerin, der kreative Kopf!<\/span><span style=\"font-weight: 400;\">Sie war schon immer sprachbegeistert und man findet sie selten ohne ein Buch in der Hand oder mit den Fingern an der Tastatur.<\/span><\/p>\n<p><img loading=\"lazy\" decoding=\"async\" class=\"alignnone wp-image-540\" src=\"http:\/\/wolf-publishing.com\/wp-content\/uploads\/2021\/01\/Site-Spacer-300x150.png\" alt=\"\" width=\"60\" height=\"30\" srcset=\"https:\/\/wolf-publishing.com\/wp-content\/uploads\/2021\/01\/Site-Spacer-300x150.png 300w, https:\/\/wolf-publishing.com\/wp-content\/uploads\/2021\/01\/Site-Spacer.png 600w\" sizes=\"auto, (max-width: 60px) 100vw, 60px\" \/><\/p>\n<h3><span style=\"color: #d99d46;\"><i>Die kleine Schwester:<\/i><\/span><span style=\"font-weight: 400;\"><span style=\"color: #d99d46;\">:<\/span><\/span> <\/h3>\n<p><span style=\"font-weight: 400;\"><a href=\"https:\/\/wolf-publishing.com\/de\/ueber-stephanie\/\" target=\"_blank\" rel=\"noopener noreferrer\">Stefanie Th\u00fcrw\u00e4chter<\/a> (M\u00e4dchenname: Wolf), die &#8222;Macherin&#8220;, die Planerin, die Organisatorin! Tr\u00e4ume wahr werden lassen, das wollte sie schon immer, f\u00fcr sich und f\u00fcr andere.<\/span><\/p>\n<p><img loading=\"lazy\" decoding=\"async\" class=\"alignnone wp-image-540\" src=\"http:\/\/wolf-publishing.com\/wp-content\/uploads\/2021\/01\/Site-Spacer-300x150.png\" alt=\"\" width=\"60\" height=\"30\" srcset=\"https:\/\/wolf-publishing.com\/wp-content\/uploads\/2021\/01\/Site-Spacer-300x150.png 300w, https:\/\/wolf-publishing.com\/wp-content\/uploads\/2021\/01\/Site-Spacer.png 600w\" sizes=\"auto, (max-width: 60px) 100vw, 60px\" \/><\/p>\n<h3><span style=\"color: #d99d46;\"><i>Eine gro\u00dfe Liebe: <\/i><\/span> <span style=\"font-weight: 400;\">B\u00fccher!<\/span><\/h3>\n<p><span style=\"font-weight: 400;\">B\u00fccher waren schon immer unser gemeinsames Hauptinteresse. F\u00fcr Bree war es aber nicht genug, sie zu lesen. Sie hatte immer das Gef\u00fchl, ihre eigenen Geschichten erz\u00e4hlen zu m\u00fcssen und begann schon als Teenager zu schreiben.&nbsp;<\/span><\/p>\n<p><span style=\"font-weight: 400;\">Stefanie verschlang alles, was Bree ihr unter die Nase hielt.&nbsp;<\/span><\/p>\n<p><span style=\"font-weight: 400;\">Seit einigen Jahren arbeiten wir nun eng zusammen: Schreiben &amp; Ver\u00f6ffentlichen! Jede von uns arbeitet nach ihren St\u00e4rken! Jede vervollst\u00e4ndigt die andere!&nbsp;<\/span><\/p>\n<p><span style=\"font-weight: 400;\">Das ist es, was <\/span><a href=\"http:\/\/wolf-publishing.com\/\" target=\"_blank\" rel=\"noopener noreferrer\"><b>WOLF Publishing <\/b><\/a><span style=\"font-weight: 400;\">ausmacht: Eine Einladung, Teil unserer Verlagsfamilie zu werden! <\/span><\/p>\n<p><span style=\"font-weight: 400;\">Wir wollen Autoren helfen, ihre Tr\u00e4ume zu verwirklichen! Das Schreiben ist die eine Seite, das Verlegen und Vermarkten eine ganz andere. Bei WOLF Publishing vereinen wir beide Seiten: Zusammen sind wir eins!&nbsp;<\/span><\/p>\n<p><span style=\"font-weight: 400;\">Unser Hauptziel ist es, die besten und sch\u00f6nsten Geschichten mit Lesern auf der ganzen Welt zu teilen, Lesern wie uns! Geschichten, die uns eintauchen lassen in eine Welt voller Tr\u00e4ume, Romantik, herzlicher Emotionen, liebenswerter und witziger Charaktere, etwas Humor als auch etwas Mystery! Denn wir wollen Alles! Die besten historischen Liebesromane!<\/span><\/p>\n<p><span style=\"font-weight: 400;\">****<\/span><\/p>\n<p><i><span style=\"font-weight: 400;\">Historische Romantik ohne Grenzen!&nbsp;<\/span><\/i><\/p>\n<p><span style=\"font-weight: 400;\">Wir planen, uns auf deutsche Ausgaben zu spezialisieren &#8211; im Original oder in \u00dcbersetzung!&nbsp;<\/span><\/p>","protected":false},"excerpt":{"rendered":"<p>Zwei Schwestern. Zwei Pers\u00f6nlichkeiten. Eine gro\u00dfe Liebe! Die gro\u00dfe Schwester: Bree Wolf, die Tr\u00e4umerin, die Schriftstellerin, der kreative Kopf!Sie war schon immer sprachbegeistert und man findet sie selten ohne ein Buch in der Hand oder mit den Fingern an der&#8230; <a class=\"di-continue-reading\" href=\"https:\/\/wolf-publishing.com\/de\/ueber-uns\/\"> Continue Reading&#8230;<\/a><\/p>\n","protected":false},"author":1,"featured_media":0,"parent":0,"menu_order":0,"comment_status":"closed","ping_status":"closed","template":"","meta":{"footnotes":""},"class_list":["post-600","page","type-page","status-publish","hentry"],"yoast_head":"<!-- This site is optimized with the Yoast SEO plugin v27.4 - https:\/\/yoast.com\/product\/yoast-seo-wordpress\/ -->\n<title>\u00dcBER UNS &#8211; WOLF Publishing<\/title>\n<meta name=\"description\" content=\"Verlag f\u00fcr historische Liebesromane Zwei Schwestern. Zwei Pers\u00f6nlichkeiten. Eine gro\u00dfe Liebe! Die besten historischen Liebesromane!\" \/>\n<meta name=\"robots\" content=\"index, follow, max-snippet:-1, max-image-preview:large, max-video-preview:-1\" \/>\n<link rel=\"canonical\" href=\"https:\/\/wolf-publishing.com\/de\/ueber-uns\/\" \/>\n<meta property=\"og:locale\" content=\"de_DE\" \/>\n<meta property=\"og:type\" content=\"article\" \/>\n<meta property=\"og:title\" content=\"\u00dcBER UNS &#8211; WOLF Publishing\" \/>\n<meta property=\"og:description\" content=\"Verlag f\u00fcr historische Liebesromane Zwei Schwestern. Zwei Pers\u00f6nlichkeiten. Eine gro\u00dfe Liebe! Die besten historischen Liebesromane!\" \/>\n<meta property=\"og:url\" content=\"https:\/\/wolf-publishing.com\/de\/ueber-uns\/\" \/>\n<meta property=\"og:site_name\" content=\"WOLF Publishing\" \/>\n<meta property=\"article:publisher\" content=\"https:\/\/www.facebook.com\/WOLFPublishing.WhereStorytellingLives\" \/>\n<meta property=\"article:modified_time\" content=\"2024-12-12T10:30:36+00:00\" \/>\n<meta property=\"og:image\" content=\"https:\/\/wolf-publishing.com\/wp-content\/uploads\/2024\/12\/fantastic_hummingbird_90859_photorealistic_photograph_of_a_dy_5c029933-46ca-4ef1-b205-0960fbabbd11_2.png\" \/>\n\t<meta property=\"og:image:width\" content=\"2000\" \/>\n\t<meta property=\"og:image:height\" content=\"608\" \/>\n\t<meta property=\"og:image:type\" content=\"image\/png\" \/>\n<meta name=\"twitter:card\" content=\"summary_large_image\" \/>\n<meta name=\"twitter:label1\" content=\"Gesch\u00e4tzte Lesezeit\" \/>\n\t<meta name=\"twitter:data1\" content=\"2\u00a0Minuten\" \/>\n<script type=\"application\/ld+json\" class=\"yoast-schema-graph\">{\"@context\":\"https:\\\/\\\/schema.org\",\"@graph\":[{\"@type\":\"WebPage\",\"@id\":\"https:\\\/\\\/wolf-publishing.com\\\/de\\\/ueber-uns\\\/\",\"url\":\"https:\\\/\\\/wolf-publishing.com\\\/de\\\/ueber-uns\\\/\",\"name\":\"\u00dcBER UNS &#8211; WOLF Publishing\",\"isPartOf\":{\"@id\":\"https:\\\/\\\/wolf-publishing.com\\\/de\\\/#website\"},\"primaryImageOfPage\":{\"@id\":\"https:\\\/\\\/wolf-publishing.com\\\/de\\\/ueber-uns\\\/#primaryimage\"},\"image\":{\"@id\":\"https:\\\/\\\/wolf-publishing.com\\\/de\\\/ueber-uns\\\/#primaryimage\"},\"thumbnailUrl\":\"http:\\\/\\\/wolf-publishing.com\\\/wp-content\\\/uploads\\\/2024\\\/12\\\/fantastic_hummingbird_90859_photorealistic_photograph_of_a_dy_5c029933-46ca-4ef1-b205-0960fbabbd11_2-1024x311.png\",\"datePublished\":\"2021-05-12T20:08:34+00:00\",\"dateModified\":\"2024-12-12T10:30:36+00:00\",\"description\":\"Verlag f\u00fcr historische Liebesromane Zwei Schwestern. Zwei Pers\u00f6nlichkeiten. Eine gro\u00dfe Liebe! Die besten historischen Liebesromane!\",\"breadcrumb\":{\"@id\":\"https:\\\/\\\/wolf-publishing.com\\\/de\\\/ueber-uns\\\/#breadcrumb\"},\"inLanguage\":\"de\",\"potentialAction\":[{\"@type\":\"ReadAction\",\"target\":[\"https:\\\/\\\/wolf-publishing.com\\\/de\\\/ueber-uns\\\/\"]}]},{\"@type\":\"ImageObject\",\"inLanguage\":\"de\",\"@id\":\"https:\\\/\\\/wolf-publishing.com\\\/de\\\/ueber-uns\\\/#primaryimage\",\"url\":\"http:\\\/\\\/wolf-publishing.com\\\/wp-content\\\/uploads\\\/2024\\\/12\\\/fantastic_hummingbird_90859_photorealistic_photograph_of_a_dy_5c029933-46ca-4ef1-b205-0960fbabbd11_2-1024x311.png\",\"contentUrl\":\"http:\\\/\\\/wolf-publishing.com\\\/wp-content\\\/uploads\\\/2024\\\/12\\\/fantastic_hummingbird_90859_photorealistic_photograph_of_a_dy_5c029933-46ca-4ef1-b205-0960fbabbd11_2-1024x311.png\"},{\"@type\":\"BreadcrumbList\",\"@id\":\"https:\\\/\\\/wolf-publishing.com\\\/de\\\/ueber-uns\\\/#breadcrumb\",\"itemListElement\":[{\"@type\":\"ListItem\",\"position\":1,\"name\":\"Home\",\"item\":\"https:\\\/\\\/wolf-publishing.com\\\/de\\\/home\\\/\"},{\"@type\":\"ListItem\",\"position\":2,\"name\":\"\u00dcBER UNS\"}]},{\"@type\":\"WebSite\",\"@id\":\"https:\\\/\\\/wolf-publishing.com\\\/de\\\/#website\",\"url\":\"https:\\\/\\\/wolf-publishing.com\\\/de\\\/\",\"name\":\"WOLF Publishing\",\"description\":\"Where Storytelling Lives.\",\"publisher\":{\"@id\":\"https:\\\/\\\/wolf-publishing.com\\\/de\\\/#organization\"},\"potentialAction\":[{\"@type\":\"SearchAction\",\"target\":{\"@type\":\"EntryPoint\",\"urlTemplate\":\"https:\\\/\\\/wolf-publishing.com\\\/de\\\/?s={search_term_string}\"},\"query-input\":{\"@type\":\"PropertyValueSpecification\",\"valueRequired\":true,\"valueName\":\"search_term_string\"}}],\"inLanguage\":\"de\"},{\"@type\":\"Organization\",\"@id\":\"https:\\\/\\\/wolf-publishing.com\\\/de\\\/#organization\",\"name\":\"WOLF Publishing\",\"url\":\"https:\\\/\\\/wolf-publishing.com\\\/de\\\/\",\"logo\":{\"@type\":\"ImageObject\",\"inLanguage\":\"de\",\"@id\":\"https:\\\/\\\/wolf-publishing.com\\\/de\\\/#\\\/schema\\\/logo\\\/image\\\/\",\"url\":\"http:\\\/\\\/wolf-publishing.com\\\/wp-content\\\/uploads\\\/2021\\\/01\\\/BlackLogoFlat-e1609705874221.png\",\"contentUrl\":\"http:\\\/\\\/wolf-publishing.com\\\/wp-content\\\/uploads\\\/2021\\\/01\\\/BlackLogoFlat-e1609705874221.png\",\"width\":300,\"height\":180,\"caption\":\"WOLF Publishing\"},\"image\":{\"@id\":\"https:\\\/\\\/wolf-publishing.com\\\/de\\\/#\\\/schema\\\/logo\\\/image\\\/\"},\"sameAs\":[\"https:\\\/\\\/www.facebook.com\\\/WOLFPublishing.WhereStorytellingLives\",\"https:\\\/\\\/www.instagram.com\\\/wolf.publishing\\\/\"]}]}<\/script>\n<!-- \/ Yoast SEO plugin. -->","yoast_head_json":{"title":"\u00dcBER UNS &#8211; WOLF Publishing","description":"Verlag f\u00fcr historische Liebesromane Zwei Schwestern. Zwei Pers\u00f6nlichkeiten. Eine gro\u00dfe Liebe! Die besten historischen Liebesromane!","robots":{"index":"index","follow":"follow","max-snippet":"max-snippet:-1","max-image-preview":"max-image-preview:large","max-video-preview":"max-video-preview:-1"},"canonical":"https:\/\/wolf-publishing.com\/de\/ueber-uns\/","og_locale":"de_DE","og_type":"article","og_title":"\u00dcBER UNS &#8211; WOLF Publishing","og_description":"Verlag f\u00fcr historische Liebesromane Zwei Schwestern. Zwei Pers\u00f6nlichkeiten. Eine gro\u00dfe Liebe! Die besten historischen Liebesromane!","og_url":"https:\/\/wolf-publishing.com\/de\/ueber-uns\/","og_site_name":"WOLF Publishing","article_publisher":"https:\/\/www.facebook.com\/WOLFPublishing.WhereStorytellingLives","article_modified_time":"2024-12-12T10:30:36+00:00","og_image":[{"width":2000,"height":608,"url":"https:\/\/wolf-publishing.com\/wp-content\/uploads\/2024\/12\/fantastic_hummingbird_90859_photorealistic_photograph_of_a_dy_5c029933-46ca-4ef1-b205-0960fbabbd11_2.png","type":"image\/png"}],"twitter_card":"summary_large_image","twitter_misc":{"Gesch\u00e4tzte Lesezeit":"2\u00a0Minuten"},"schema":{"@context":"https:\/\/schema.org","@graph":[{"@type":"WebPage","@id":"https:\/\/wolf-publishing.com\/de\/ueber-uns\/","url":"https:\/\/wolf-publishing.com\/de\/ueber-uns\/","name":"\u00dcBER UNS &#8211; WOLF Publishing","isPartOf":{"@id":"https:\/\/wolf-publishing.com\/de\/#website"},"primaryImageOfPage":{"@id":"https:\/\/wolf-publishing.com\/de\/ueber-uns\/#primaryimage"},"image":{"@id":"https:\/\/wolf-publishing.com\/de\/ueber-uns\/#primaryimage"},"thumbnailUrl":"http:\/\/wolf-publishing.com\/wp-content\/uploads\/2024\/12\/fantastic_hummingbird_90859_photorealistic_photograph_of_a_dy_5c029933-46ca-4ef1-b205-0960fbabbd11_2-1024x311.png","datePublished":"2021-05-12T20:08:34+00:00","dateModified":"2024-12-12T10:30:36+00:00","description":"Verlag f\u00fcr historische Liebesromane Zwei Schwestern. Zwei Pers\u00f6nlichkeiten. Eine gro\u00dfe Liebe! Die besten historischen Liebesromane!","breadcrumb":{"@id":"https:\/\/wolf-publishing.com\/de\/ueber-uns\/#breadcrumb"},"inLanguage":"de","potentialAction":[{"@type":"ReadAction","target":["https:\/\/wolf-publishing.com\/de\/ueber-uns\/"]}]},{"@type":"ImageObject","inLanguage":"de","@id":"https:\/\/wolf-publishing.com\/de\/ueber-uns\/#primaryimage","url":"http:\/\/wolf-publishing.com\/wp-content\/uploads\/2024\/12\/fantastic_hummingbird_90859_photorealistic_photograph_of_a_dy_5c029933-46ca-4ef1-b205-0960fbabbd11_2-1024x311.png","contentUrl":"http:\/\/wolf-publishing.com\/wp-content\/uploads\/2024\/12\/fantastic_hummingbird_90859_photorealistic_photograph_of_a_dy_5c029933-46ca-4ef1-b205-0960fbabbd11_2-1024x311.png"},{"@type":"BreadcrumbList","@id":"https:\/\/wolf-publishing.com\/de\/ueber-uns\/#breadcrumb","itemListElement":[{"@type":"ListItem","position":1,"name":"Home","item":"https:\/\/wolf-publishing.com\/de\/home\/"},{"@type":"ListItem","position":2,"name":"\u00dcBER UNS"}]},{"@type":"WebSite","@id":"https:\/\/wolf-publishing.com\/de\/#website","url":"https:\/\/wolf-publishing.com\/de\/","name":"WOLF Publishing","description":"Where Storytelling Lives.","publisher":{"@id":"https:\/\/wolf-publishing.com\/de\/#organization"},"potentialAction":[{"@type":"SearchAction","target":{"@type":"EntryPoint","urlTemplate":"https:\/\/wolf-publishing.com\/de\/?s={search_term_string}"},"query-input":{"@type":"PropertyValueSpecification","valueRequired":true,"valueName":"search_term_string"}}],"inLanguage":"de"},{"@type":"Organization","@id":"https:\/\/wolf-publishing.com\/de\/#organization","name":"WOLF Publishing","url":"https:\/\/wolf-publishing.com\/de\/","logo":{"@type":"ImageObject","inLanguage":"de","@id":"https:\/\/wolf-publishing.com\/de\/#\/schema\/logo\/image\/","url":"http:\/\/wolf-publishing.com\/wp-content\/uploads\/2021\/01\/BlackLogoFlat-e1609705874221.png","contentUrl":"http:\/\/wolf-publishing.com\/wp-content\/uploads\/2021\/01\/BlackLogoFlat-e1609705874221.png","width":300,"height":180,"caption":"WOLF Publishing"},"image":{"@id":"https:\/\/wolf-publishing.com\/de\/#\/schema\/logo\/image\/"},"sameAs":["https:\/\/www.facebook.com\/WOLFPublishing.WhereStorytellingLives","https:\/\/www.instagram.com\/wolf.publishing\/"]}]}},"_links":{"self":[{"href":"https:\/\/wolf-publishing.com\/de\/wp-json\/wp\/v2\/pages\/600","targetHints":{"allow":["GET"]}}],"collection":[{"href":"https:\/\/wolf-publishing.com\/de\/wp-json\/wp\/v2\/pages"}],"about":[{"href":"https:\/\/wolf-publishing.com\/de\/wp-json\/wp\/v2\/types\/page"}],"author":[{"embeddable":true,"href":"https:\/\/wolf-publishing.com\/de\/wp-json\/wp\/v2\/users\/1"}],"replies":[{"embeddable":true,"href":"https:\/\/wolf-publishing.com\/de\/wp-json\/wp\/v2\/comments?post=600"}],"version-history":[{"count":35,"href":"https:\/\/wolf-publishing.com\/de\/wp-json\/wp\/v2\/pages\/600\/revisions"}],"predecessor-version":[{"id":3608,"href":"https:\/\/wolf-publishing.com\/de\/wp-json\/wp\/v2\/pages\/600\/revisions\/3608"}],"wp:attachment":[{"href":"https:\/\/wolf-publishing.com\/de\/wp-json\/wp\/v2\/media?parent=600"}],"curies":[{"name":"wp","href":"https:\/\/api.w.org\/{rel}","templated":true}]}}