{"id":636,"date":"2021-05-12T20:38:02","date_gmt":"2021-05-12T20:38:02","guid":{"rendered":"https:\/\/wolf-publishing.com\/jennifer-monroe\/"},"modified":"2024-12-12T10:28:03","modified_gmt":"2024-12-12T10:28:03","slug":"jennifer-monroe","status":"publish","type":"page","link":"https:\/\/wolf-publishing.com\/de\/jennifer-monroe\/","title":{"rendered":"Jennifer Monroe"},"content":{"rendered":"\n<figure class=\"wp-block-image size-large\"><img loading=\"lazy\" decoding=\"async\" width=\"1024\" height=\"311\" src=\"http:\/\/wolf-publishing.com\/wp-content\/uploads\/2024\/12\/fantastic_hummingbird_90859_photorealistic_photograph_of_a_dy_5c029933-46ca-4ef1-b205-0960fbabbd11_2-1024x311.png\" alt=\"\" class=\"wp-image-3519\" srcset=\"https:\/\/wolf-publishing.com\/wp-content\/uploads\/2024\/12\/fantastic_hummingbird_90859_photorealistic_photograph_of_a_dy_5c029933-46ca-4ef1-b205-0960fbabbd11_2-1024x311.png 1024w, https:\/\/wolf-publishing.com\/wp-content\/uploads\/2024\/12\/fantastic_hummingbird_90859_photorealistic_photograph_of_a_dy_5c029933-46ca-4ef1-b205-0960fbabbd11_2-300x91.png 300w, https:\/\/wolf-publishing.com\/wp-content\/uploads\/2024\/12\/fantastic_hummingbird_90859_photorealistic_photograph_of_a_dy_5c029933-46ca-4ef1-b205-0960fbabbd11_2-768x233.png 768w, https:\/\/wolf-publishing.com\/wp-content\/uploads\/2024\/12\/fantastic_hummingbird_90859_photorealistic_photograph_of_a_dy_5c029933-46ca-4ef1-b205-0960fbabbd11_2-1536x467.png 1536w, https:\/\/wolf-publishing.com\/wp-content\/uploads\/2024\/12\/fantastic_hummingbird_90859_photorealistic_photograph_of_a_dy_5c029933-46ca-4ef1-b205-0960fbabbd11_2.png 2000w\" sizes=\"auto, (max-width: 1024px) 100vw, 1024px\" \/><\/figure>\n\n\n\n<div style=\"height:41px\" aria-hidden=\"true\" class=\"wp-block-spacer\"><\/div>\n\n\n\n<div class=\"wp-block-columns is-layout-flex wp-container-core-columns-is-layout-9d6595d7 wp-block-columns-is-layout-flex\">\n<div class=\"wp-block-column is-layout-flow wp-block-column-is-layout-flow\" style=\"flex-basis:33.33%\">\n<figure class=\"wp-block-image size-large\"><img loading=\"lazy\" decoding=\"async\" width=\"1024\" height=\"1024\" src=\"https:\/\/wolf-publishing.com\/wp-content\/uploads\/2022\/08\/Monroe-Logo-Aug-2022-1024x1024.jpg\" alt=\"\" class=\"wp-image-2408\" srcset=\"https:\/\/wolf-publishing.com\/wp-content\/uploads\/2022\/08\/Monroe-Logo-Aug-2022-1024x1024.jpg 1024w, https:\/\/wolf-publishing.com\/wp-content\/uploads\/2022\/08\/Monroe-Logo-Aug-2022-300x300.jpg 300w, https:\/\/wolf-publishing.com\/wp-content\/uploads\/2022\/08\/Monroe-Logo-Aug-2022-150x150.jpg 150w, https:\/\/wolf-publishing.com\/wp-content\/uploads\/2022\/08\/Monroe-Logo-Aug-2022-768x768.jpg 768w, https:\/\/wolf-publishing.com\/wp-content\/uploads\/2022\/08\/Monroe-Logo-Aug-2022-1536x1536.jpg 1536w, https:\/\/wolf-publishing.com\/wp-content\/uploads\/2022\/08\/Monroe-Logo-Aug-2022-2048x2048.jpg 2048w, https:\/\/wolf-publishing.com\/wp-content\/uploads\/2022\/08\/Monroe-Logo-Aug-2022-90x90.jpg 90w\" sizes=\"auto, (max-width: 1024px) 100vw, 1024px\" \/><\/figure>\n<\/div>\n\n\n\n<div class=\"wp-block-column is-layout-flow wp-block-column-is-layout-flow\" style=\"flex-basis:66.66%\">\n<p><em>USA Today<\/em> Bestsellerautorin Jennifer Monroe schreibt historische Liebesromane, denen man nicht widerstehen kann. In ihren Geschichten geht es um die erste gro\u00dfe Liebe, zweite Chancen, schneidige Herz\u00f6ge sowie willensstarke Ladys. Jedes Umbl\u00e4ttern einer Seite verspricht ein Abenteuer in der Liebe sowie ein langes n\u00e4chtliches Leseerlebnis.<\/p>\n\n\n\n<p>Mit \u00fcber zwanzig ver\u00f6ffentlichten B\u00fcchern ist ihre neunteilige Reihe The Secrets of Scarlett Hall, welche die Geschichten der Lambert-Kinder erz\u00e4hlt, nach wie vor ein Favorit bei ihren Lesern.<\/p>\n\n\n\n<p>Das erste Buch aus Jennifer&#8217;s neuer <strong>The Sisterhood of Secrets <\/strong>Reihe wurde im November 2021 ver\u00f6ffentlicht. <\/p>\n\n\n\n<p>Besuchen Sie Jennifer auf <a class=\"\" href=\"http:\/\/www.jennifermonroeromance.com\" target=\"_blank\" rel=\"noreferrer noopener\">www.jennifermonroeromance.com.<\/a><\/p>\n<\/div>\n<\/div>\n\n\n<div class=\"wp-block-image\">\n<figure class=\"aligncenter size-medium is-resized\"><img loading=\"lazy\" decoding=\"async\" width=\"300\" height=\"90\" src=\"https:\/\/wolf-publishing.com\/wp-content\/uploads\/2021\/01\/Separator-1-300x90.png\" alt=\"\" class=\"wp-image-193\" style=\"width:225px;height:68px\" srcset=\"https:\/\/wolf-publishing.com\/wp-content\/uploads\/2021\/01\/Separator-1-300x90.png 300w, https:\/\/wolf-publishing.com\/wp-content\/uploads\/2021\/01\/Separator-1-768x230.png 768w, https:\/\/wolf-publishing.com\/wp-content\/uploads\/2021\/01\/Separator-1.png 1000w\" sizes=\"auto, (max-width: 300px) 100vw, 300px\" \/><\/figure>\n<\/div>\n\n\n<div style=\"height:29px\" aria-hidden=\"true\" class=\"wp-block-spacer\"><\/div>\n\n\n\n<h2 class=\"wp-block-heading\" id=\"the-sisterhood-of-secrets-series\">Schwestern des Herzens<\/h2>\n\n\n\n<div style=\"height:31px\" aria-hidden=\"true\" class=\"wp-block-spacer\"><\/div>\n\n\n\n<div class=\"wp-block-columns is-layout-flex wp-container-core-columns-is-layout-9d6595d7 wp-block-columns-is-layout-flex\">\n<div class=\"wp-block-column is-layout-flow wp-block-column-is-layout-flow\">\n<div class=\"wp-block-columns is-layout-flex wp-container-core-columns-is-layout-9d6595d7 wp-block-columns-is-layout-flex\">\n<div class=\"wp-block-column is-layout-flow wp-block-column-is-layout-flow\">\n<figure class=\"wp-block-image size-large\"><a href=\"https:\/\/amzn.to\/3D8SIGt\"><img loading=\"lazy\" decoding=\"async\" width=\"683\" height=\"1024\" src=\"http:\/\/wolf-publishing.com\/wp-content\/uploads\/2024\/12\/JM_Gentleman-zum-Fest-683x1024.jpg\" alt=\"\" class=\"wp-image-3524\" srcset=\"https:\/\/wolf-publishing.com\/wp-content\/uploads\/2024\/12\/JM_Gentleman-zum-Fest-683x1024.jpg 683w, https:\/\/wolf-publishing.com\/wp-content\/uploads\/2024\/12\/JM_Gentleman-zum-Fest-200x300.jpg 200w, https:\/\/wolf-publishing.com\/wp-content\/uploads\/2024\/12\/JM_Gentleman-zum-Fest-768x1152.jpg 768w, https:\/\/wolf-publishing.com\/wp-content\/uploads\/2024\/12\/JM_Gentleman-zum-Fest-1024x1536.jpg 1024w, https:\/\/wolf-publishing.com\/wp-content\/uploads\/2024\/12\/JM_Gentleman-zum-Fest.jpg 1200w\" sizes=\"auto, (max-width: 683px) 100vw, 683px\" \/><\/a><\/figure>\n<\/div>\n\n\n\n<div class=\"wp-block-column is-layout-flow wp-block-column-is-layout-flow\"><\/div>\n\n\n\n<div class=\"wp-block-column is-layout-flow wp-block-column-is-layout-flow\"><\/div>\n<\/div>\n<\/div>\n\n\n\n<div class=\"wp-block-column is-layout-flow wp-block-column-is-layout-flow\">\n<div class=\"wp-block-columns is-layout-flex wp-container-core-columns-is-layout-9d6595d7 wp-block-columns-is-layout-flex\">\n<div class=\"wp-block-column is-layout-flow wp-block-column-is-layout-flow\"><\/div>\n\n\n\n<div class=\"wp-block-column is-layout-flow wp-block-column-is-layout-flow\"><\/div>\n\n\n\n<div class=\"wp-block-column is-layout-flow wp-block-column-is-layout-flow\"><\/div>\n<\/div>\n<\/div>\n<\/div>\n\n\n\n<h3 class=\"wp-block-heading\" id=\"q-a-with-jennifer\">Fragen &amp; Antworten mit Jennifer<\/h3>\n\n\n\n<div style=\"height:20px\" aria-hidden=\"true\" class=\"wp-block-spacer\"><\/div>\n\n\n\n<blockquote class=\"wp-block-quote is-layout-flow wp-block-quote-is-layout-flow\">\n<p>W\u00fcrden Sie gerne in der Zeit und an den Orten leben, \u00fcber die Sie in Ihren B\u00fcchern schreiben? <\/p>\n<cite>Ich w\u00fcrde es tun, aber ich bin mir nicht sicher, ob ich all die modernen Annehmlichkeiten dieses Zeitalters aufgeben m\u00f6chte. Ich muss zugeben, dass ich die Kleidung wundersch\u00f6n finde, deshalb w\u00fcrde ich gerne einmal ein Kleid aus dieser Zeit tragen.<br><br><\/cite><\/blockquote>\n\n\n\n<blockquote class=\"wp-block-quote is-layout-flow wp-block-quote-is-layout-flow\">\n<p>Welches ist das erste Buch, das Sie zum Weinen gebracht hat?<\/p>\n<cite>Das ist eine einfache Frage \u2013 Charlotte\u2019s Web. Ich habe mir die Augen ausgeheult.<br><br><\/cite><\/blockquote>\n\n\n\n<blockquote class=\"wp-block-quote is-layout-flow wp-block-quote-is-layout-flow\">\n<p>Was brauchen Sie an Ihrem Schreibplatz, damit Sie konzentriert bleiben?<\/p>\n<cite>Abgesehen von meinem Kaffee ist Ruhe das, was ich am Meisten ben\u00f6tige. Ich bin leicht ablenkbar, deshalb brauche ich absolute Ruhe zum Arbeiten. Zum Gl\u00fcck habe ich mein eigenes B\u00fcro und kann die T\u00fcr schlie\u00dfen, wenn ich Ruhe brauche.<\/cite><\/blockquote>\n\n\n\n<blockquote class=\"wp-block-quote is-layout-flow wp-block-quote-is-layout-flow\">\n<p>Wie hat die Ver\u00f6ffentlichung Ihres ersten Buches Ihren Ablauf des Schreibens ver\u00e4ndert?<\/p>\n<cite>Mein erstes Buch zu schreiben hat Spa\u00df gemacht, aber ich habe gelernt, dass das Fehlen einer intensiven Charakterentwicklung einer Geschichte sehr schaden kann. Seitdem habe ich mich darauf konzentriert, zu zeigen, wie meine Figuren wachsen und aus ihren Fehlern lernen k\u00f6nnen. Bei einigen sind die Entwicklungen durchaus gr\u00f6\u00dfer als bei anderen. Nehmen Sie zum Beispiel Juliet Lambert aus meiner &#8222;Secrets of Scarlett Hall&#8220;-Reihe. Sie lernt bis zum Ende der Reihe eine Menge und ist wahrscheinlich einer meiner Lieblingscharaktere eben wegen dieser Entwicklung, die sie macht.<\/cite><\/blockquote>\n\n\n\n<div class=\"wp-block-columns is-layout-flex wp-container-core-columns-is-layout-9d6595d7 wp-block-columns-is-layout-flex\">\n<div class=\"wp-block-column is-layout-flow wp-block-column-is-layout-flow\" style=\"flex-basis:33.33%\"><\/div>\n\n\n\n<div class=\"wp-block-column is-layout-flow wp-block-column-is-layout-flow\" style=\"flex-basis:66.66%\"><\/div>\n<\/div>\n","protected":false},"excerpt":{"rendered":"<p>USA Today Bestsellerautorin Jennifer Monroe schreibt historische Liebesromane, denen man nicht widerstehen kann. In ihren Geschichten geht es um die erste gro\u00dfe Liebe, zweite Chancen, schneidige Herz\u00f6ge sowie willensstarke Ladys. Jedes Umbl\u00e4ttern einer Seite verspricht ein Abenteuer in der Liebe&#8230; <a class=\"di-continue-reading\" href=\"https:\/\/wolf-publishing.com\/de\/jennifer-monroe\/\"> Continue Reading&#8230;<\/a><\/p>\n","protected":false},"author":1,"featured_media":0,"parent":0,"menu_order":0,"comment_status":"closed","ping_status":"closed","template":"","meta":{"footnotes":""},"class_list":["post-636","page","type-page","status-publish","hentry"],"yoast_head":"<!-- This site is optimized with the Yoast SEO plugin v27.4 - https:\/\/yoast.com\/product\/yoast-seo-wordpress\/ -->\n<title>Jennifer Monroe &#8211; WOLF Publishing<\/title>\n<meta name=\"description\" content=\"Autorin der neuen The Sisterhood of Secrets Reihe. Jennifer Monroe schreibt Regency-Romane mit Herz!\" \/>\n<meta name=\"robots\" content=\"index, follow, max-snippet:-1, max-image-preview:large, max-video-preview:-1\" \/>\n<link rel=\"canonical\" href=\"https:\/\/wolf-publishing.com\/de\/jennifer-monroe\/\" \/>\n<meta property=\"og:locale\" content=\"de_DE\" \/>\n<meta property=\"og:type\" content=\"article\" \/>\n<meta property=\"og:title\" content=\"Jennifer Monroe &#8211; WOLF Publishing\" \/>\n<meta property=\"og:description\" content=\"Autorin der neuen The Sisterhood of Secrets Reihe. Jennifer Monroe schreibt Regency-Romane mit Herz!\" \/>\n<meta property=\"og:url\" content=\"https:\/\/wolf-publishing.com\/de\/jennifer-monroe\/\" \/>\n<meta property=\"og:site_name\" content=\"WOLF Publishing\" \/>\n<meta property=\"article:publisher\" content=\"https:\/\/www.facebook.com\/WOLFPublishing.WhereStorytellingLives\" \/>\n<meta property=\"article:modified_time\" content=\"2024-12-12T10:28:03+00:00\" \/>\n<meta property=\"og:image\" content=\"https:\/\/wolf-publishing.com\/wp-content\/uploads\/2024\/12\/fantastic_hummingbird_90859_photorealistic_photograph_of_a_dy_5c029933-46ca-4ef1-b205-0960fbabbd11_2.png\" \/>\n\t<meta property=\"og:image:width\" content=\"2000\" \/>\n\t<meta property=\"og:image:height\" content=\"608\" \/>\n\t<meta property=\"og:image:type\" content=\"image\/png\" \/>\n<meta name=\"twitter:card\" content=\"summary_large_image\" \/>\n<meta name=\"twitter:label1\" content=\"Gesch\u00e4tzte Lesezeit\" \/>\n\t<meta name=\"twitter:data1\" content=\"2\u00a0Minuten\" \/>\n<script type=\"application\/ld+json\" class=\"yoast-schema-graph\">{\"@context\":\"https:\\\/\\\/schema.org\",\"@graph\":[{\"@type\":\"WebPage\",\"@id\":\"https:\\\/\\\/wolf-publishing.com\\\/de\\\/jennifer-monroe\\\/\",\"url\":\"https:\\\/\\\/wolf-publishing.com\\\/de\\\/jennifer-monroe\\\/\",\"name\":\"Jennifer Monroe &#8211; WOLF Publishing\",\"isPartOf\":{\"@id\":\"https:\\\/\\\/wolf-publishing.com\\\/de\\\/#website\"},\"primaryImageOfPage\":{\"@id\":\"https:\\\/\\\/wolf-publishing.com\\\/de\\\/jennifer-monroe\\\/#primaryimage\"},\"image\":{\"@id\":\"https:\\\/\\\/wolf-publishing.com\\\/de\\\/jennifer-monroe\\\/#primaryimage\"},\"thumbnailUrl\":\"http:\\\/\\\/wolf-publishing.com\\\/wp-content\\\/uploads\\\/2024\\\/12\\\/fantastic_hummingbird_90859_photorealistic_photograph_of_a_dy_5c029933-46ca-4ef1-b205-0960fbabbd11_2-1024x311.png\",\"datePublished\":\"2021-05-12T20:38:02+00:00\",\"dateModified\":\"2024-12-12T10:28:03+00:00\",\"description\":\"Autorin der neuen The Sisterhood of Secrets Reihe. Jennifer Monroe schreibt Regency-Romane mit Herz!\",\"breadcrumb\":{\"@id\":\"https:\\\/\\\/wolf-publishing.com\\\/de\\\/jennifer-monroe\\\/#breadcrumb\"},\"inLanguage\":\"de\",\"potentialAction\":[{\"@type\":\"ReadAction\",\"target\":[\"https:\\\/\\\/wolf-publishing.com\\\/de\\\/jennifer-monroe\\\/\"]}]},{\"@type\":\"ImageObject\",\"inLanguage\":\"de\",\"@id\":\"https:\\\/\\\/wolf-publishing.com\\\/de\\\/jennifer-monroe\\\/#primaryimage\",\"url\":\"http:\\\/\\\/wolf-publishing.com\\\/wp-content\\\/uploads\\\/2024\\\/12\\\/fantastic_hummingbird_90859_photorealistic_photograph_of_a_dy_5c029933-46ca-4ef1-b205-0960fbabbd11_2-1024x311.png\",\"contentUrl\":\"http:\\\/\\\/wolf-publishing.com\\\/wp-content\\\/uploads\\\/2024\\\/12\\\/fantastic_hummingbird_90859_photorealistic_photograph_of_a_dy_5c029933-46ca-4ef1-b205-0960fbabbd11_2-1024x311.png\"},{\"@type\":\"BreadcrumbList\",\"@id\":\"https:\\\/\\\/wolf-publishing.com\\\/de\\\/jennifer-monroe\\\/#breadcrumb\",\"itemListElement\":[{\"@type\":\"ListItem\",\"position\":1,\"name\":\"Home\",\"item\":\"https:\\\/\\\/wolf-publishing.com\\\/de\\\/home\\\/\"},{\"@type\":\"ListItem\",\"position\":2,\"name\":\"Jennifer Monroe\"}]},{\"@type\":\"WebSite\",\"@id\":\"https:\\\/\\\/wolf-publishing.com\\\/de\\\/#website\",\"url\":\"https:\\\/\\\/wolf-publishing.com\\\/de\\\/\",\"name\":\"WOLF Publishing\",\"description\":\"Where Storytelling Lives.\",\"publisher\":{\"@id\":\"https:\\\/\\\/wolf-publishing.com\\\/de\\\/#organization\"},\"potentialAction\":[{\"@type\":\"SearchAction\",\"target\":{\"@type\":\"EntryPoint\",\"urlTemplate\":\"https:\\\/\\\/wolf-publishing.com\\\/de\\\/?s={search_term_string}\"},\"query-input\":{\"@type\":\"PropertyValueSpecification\",\"valueRequired\":true,\"valueName\":\"search_term_string\"}}],\"inLanguage\":\"de\"},{\"@type\":\"Organization\",\"@id\":\"https:\\\/\\\/wolf-publishing.com\\\/de\\\/#organization\",\"name\":\"WOLF Publishing\",\"url\":\"https:\\\/\\\/wolf-publishing.com\\\/de\\\/\",\"logo\":{\"@type\":\"ImageObject\",\"inLanguage\":\"de\",\"@id\":\"https:\\\/\\\/wolf-publishing.com\\\/de\\\/#\\\/schema\\\/logo\\\/image\\\/\",\"url\":\"http:\\\/\\\/wolf-publishing.com\\\/wp-content\\\/uploads\\\/2021\\\/01\\\/BlackLogoFlat-e1609705874221.png\",\"contentUrl\":\"http:\\\/\\\/wolf-publishing.com\\\/wp-content\\\/uploads\\\/2021\\\/01\\\/BlackLogoFlat-e1609705874221.png\",\"width\":300,\"height\":180,\"caption\":\"WOLF Publishing\"},\"image\":{\"@id\":\"https:\\\/\\\/wolf-publishing.com\\\/de\\\/#\\\/schema\\\/logo\\\/image\\\/\"},\"sameAs\":[\"https:\\\/\\\/www.facebook.com\\\/WOLFPublishing.WhereStorytellingLives\",\"https:\\\/\\\/www.instagram.com\\\/wolf.publishing\\\/\"]}]}<\/script>\n<!-- \/ Yoast SEO plugin. -->","yoast_head_json":{"title":"Jennifer Monroe &#8211; WOLF Publishing","description":"Autorin der neuen The Sisterhood of Secrets Reihe. Jennifer Monroe schreibt Regency-Romane mit Herz!","robots":{"index":"index","follow":"follow","max-snippet":"max-snippet:-1","max-image-preview":"max-image-preview:large","max-video-preview":"max-video-preview:-1"},"canonical":"https:\/\/wolf-publishing.com\/de\/jennifer-monroe\/","og_locale":"de_DE","og_type":"article","og_title":"Jennifer Monroe &#8211; WOLF Publishing","og_description":"Autorin der neuen The Sisterhood of Secrets Reihe. Jennifer Monroe schreibt Regency-Romane mit Herz!","og_url":"https:\/\/wolf-publishing.com\/de\/jennifer-monroe\/","og_site_name":"WOLF Publishing","article_publisher":"https:\/\/www.facebook.com\/WOLFPublishing.WhereStorytellingLives","article_modified_time":"2024-12-12T10:28:03+00:00","og_image":[{"width":2000,"height":608,"url":"https:\/\/wolf-publishing.com\/wp-content\/uploads\/2024\/12\/fantastic_hummingbird_90859_photorealistic_photograph_of_a_dy_5c029933-46ca-4ef1-b205-0960fbabbd11_2.png","type":"image\/png"}],"twitter_card":"summary_large_image","twitter_misc":{"Gesch\u00e4tzte Lesezeit":"2\u00a0Minuten"},"schema":{"@context":"https:\/\/schema.org","@graph":[{"@type":"WebPage","@id":"https:\/\/wolf-publishing.com\/de\/jennifer-monroe\/","url":"https:\/\/wolf-publishing.com\/de\/jennifer-monroe\/","name":"Jennifer Monroe &#8211; WOLF Publishing","isPartOf":{"@id":"https:\/\/wolf-publishing.com\/de\/#website"},"primaryImageOfPage":{"@id":"https:\/\/wolf-publishing.com\/de\/jennifer-monroe\/#primaryimage"},"image":{"@id":"https:\/\/wolf-publishing.com\/de\/jennifer-monroe\/#primaryimage"},"thumbnailUrl":"http:\/\/wolf-publishing.com\/wp-content\/uploads\/2024\/12\/fantastic_hummingbird_90859_photorealistic_photograph_of_a_dy_5c029933-46ca-4ef1-b205-0960fbabbd11_2-1024x311.png","datePublished":"2021-05-12T20:38:02+00:00","dateModified":"2024-12-12T10:28:03+00:00","description":"Autorin der neuen The Sisterhood of Secrets Reihe. Jennifer Monroe schreibt Regency-Romane mit Herz!","breadcrumb":{"@id":"https:\/\/wolf-publishing.com\/de\/jennifer-monroe\/#breadcrumb"},"inLanguage":"de","potentialAction":[{"@type":"ReadAction","target":["https:\/\/wolf-publishing.com\/de\/jennifer-monroe\/"]}]},{"@type":"ImageObject","inLanguage":"de","@id":"https:\/\/wolf-publishing.com\/de\/jennifer-monroe\/#primaryimage","url":"http:\/\/wolf-publishing.com\/wp-content\/uploads\/2024\/12\/fantastic_hummingbird_90859_photorealistic_photograph_of_a_dy_5c029933-46ca-4ef1-b205-0960fbabbd11_2-1024x311.png","contentUrl":"http:\/\/wolf-publishing.com\/wp-content\/uploads\/2024\/12\/fantastic_hummingbird_90859_photorealistic_photograph_of_a_dy_5c029933-46ca-4ef1-b205-0960fbabbd11_2-1024x311.png"},{"@type":"BreadcrumbList","@id":"https:\/\/wolf-publishing.com\/de\/jennifer-monroe\/#breadcrumb","itemListElement":[{"@type":"ListItem","position":1,"name":"Home","item":"https:\/\/wolf-publishing.com\/de\/home\/"},{"@type":"ListItem","position":2,"name":"Jennifer Monroe"}]},{"@type":"WebSite","@id":"https:\/\/wolf-publishing.com\/de\/#website","url":"https:\/\/wolf-publishing.com\/de\/","name":"WOLF Publishing","description":"Where Storytelling Lives.","publisher":{"@id":"https:\/\/wolf-publishing.com\/de\/#organization"},"potentialAction":[{"@type":"SearchAction","target":{"@type":"EntryPoint","urlTemplate":"https:\/\/wolf-publishing.com\/de\/?s={search_term_string}"},"query-input":{"@type":"PropertyValueSpecification","valueRequired":true,"valueName":"search_term_string"}}],"inLanguage":"de"},{"@type":"Organization","@id":"https:\/\/wolf-publishing.com\/de\/#organization","name":"WOLF Publishing","url":"https:\/\/wolf-publishing.com\/de\/","logo":{"@type":"ImageObject","inLanguage":"de","@id":"https:\/\/wolf-publishing.com\/de\/#\/schema\/logo\/image\/","url":"http:\/\/wolf-publishing.com\/wp-content\/uploads\/2021\/01\/BlackLogoFlat-e1609705874221.png","contentUrl":"http:\/\/wolf-publishing.com\/wp-content\/uploads\/2021\/01\/BlackLogoFlat-e1609705874221.png","width":300,"height":180,"caption":"WOLF Publishing"},"image":{"@id":"https:\/\/wolf-publishing.com\/de\/#\/schema\/logo\/image\/"},"sameAs":["https:\/\/www.facebook.com\/WOLFPublishing.WhereStorytellingLives","https:\/\/www.instagram.com\/wolf.publishing\/"]}]}},"_links":{"self":[{"href":"https:\/\/wolf-publishing.com\/de\/wp-json\/wp\/v2\/pages\/636","targetHints":{"allow":["GET"]}}],"collection":[{"href":"https:\/\/wolf-publishing.com\/de\/wp-json\/wp\/v2\/pages"}],"about":[{"href":"https:\/\/wolf-publishing.com\/de\/wp-json\/wp\/v2\/types\/page"}],"author":[{"embeddable":true,"href":"https:\/\/wolf-publishing.com\/de\/wp-json\/wp\/v2\/users\/1"}],"replies":[{"embeddable":true,"href":"https:\/\/wolf-publishing.com\/de\/wp-json\/wp\/v2\/comments?post=636"}],"version-history":[{"count":46,"href":"https:\/\/wolf-publishing.com\/de\/wp-json\/wp\/v2\/pages\/636\/revisions"}],"predecessor-version":[{"id":3604,"href":"https:\/\/wolf-publishing.com\/de\/wp-json\/wp\/v2\/pages\/636\/revisions\/3604"}],"wp:attachment":[{"href":"https:\/\/wolf-publishing.com\/de\/wp-json\/wp\/v2\/media?parent=636"}],"curies":[{"name":"wp","href":"https:\/\/api.w.org\/{rel}","templated":true}]}}