{"id":656,"date":"2021-05-12T20:56:28","date_gmt":"2021-05-12T20:56:28","guid":{"rendered":"https:\/\/wolf-publishing.com\/einsendungen\/"},"modified":"2023-06-13T09:52:55","modified_gmt":"2023-06-13T09:52:55","slug":"einsendungen","status":"publish","type":"page","link":"https:\/\/wolf-publishing.com\/de\/einsendungen\/","title":{"rendered":"MANUSKRIPT EINREICHEN"},"content":{"rendered":"<div class=\"wp-block-image\">\n<figure class=\"aligncenter size-large\"><img decoding=\"async\" src=\"http:\/\/wolf-publishing.com\/wp-content\/uploads\/2021\/06\/WP-Header-Summer-German-1024x272.jpg\" alt=\"\" class=\"wp-image-876\"\/><\/figure>\n<\/div>\n<h1 class=\"wp-block-heading\">Reichen Sie Ihr Manuskript bei uns ein!<\/h1>\n\n<p>Wir wollen Ihre B\u00fccher ver\u00f6ffentlichen!<\/p>\n\n<p>Zum gegenw\u00e4rtigen Zeitpunkt ver\u00f6ffentlichen wir ausschlie\u00dflich historische Liebesromane.<\/p>\n\n<p>Reichen Sie die ersten 3 Kapitel Ihrer Geschichte im E-Mail-Text ein. Wenn uns gef\u00e4llt, was wir sehen, werden wir um mehr bitten! <\/p>\n\n<p>Bitte f\u00fcgen Sie eine zusammenfassende \u00dcbersicht mit der Gesamtwortzahl bei als auch ein paar Abs\u00e4tze \u00fcber Sie, damit wir Sie kennenlernen k\u00f6nnen! <\/p>\n\n<p>Wir werden versuchen, auf alle Einsendungen zu antworten, k\u00f6nnen dies aber nicht garantieren. <\/p>\n\n<p>Senden Sie alle Anfragen an: <a href=\"mailto:info@wolf-publishing.com\" target=\"_blank\" rel=\"noreferrer noopener\">info@wolf-publishing.com<\/a><\/p>\n","protected":false},"excerpt":{"rendered":"<p>Reichen Sie Ihr Manuskript bei uns ein! Wir wollen Ihre B\u00fccher ver\u00f6ffentlichen! Zum gegenw\u00e4rtigen Zeitpunkt ver\u00f6ffentlichen wir ausschlie\u00dflich historische Liebesromane. Reichen Sie die ersten 3 Kapitel Ihrer Geschichte im E-Mail-Text ein. Wenn uns gef\u00e4llt, was wir sehen, werden wir um&#8230; <a class=\"di-continue-reading\" href=\"https:\/\/wolf-publishing.com\/de\/einsendungen\/\"> Continue Reading&#8230;<\/a><\/p>\n","protected":false},"author":2,"featured_media":0,"parent":0,"menu_order":0,"comment_status":"closed","ping_status":"closed","template":"","meta":{"footnotes":""},"class_list":["post-656","page","type-page","status-publish","hentry"],"yoast_head":"<!-- This site is optimized with the Yoast SEO plugin v27.3 - https:\/\/yoast.com\/product\/yoast-seo-wordpress\/ -->\n<title>Reichen Sie Ihr Manuskript bei uns ein! &#8211; WOLF Publishing<\/title>\n<meta name=\"description\" content=\"Wir wollen Ihre B\u00fccher ver\u00f6ffentlichen! Lassen Sie uns Ihnen helfen, Ihre Schriftsteller-Karriere zu beginnen!\" \/>\n<meta name=\"robots\" content=\"index, follow, max-snippet:-1, max-image-preview:large, max-video-preview:-1\" \/>\n<link rel=\"canonical\" href=\"https:\/\/wolf-publishing.com\/de\/einsendungen\/\" \/>\n<meta property=\"og:locale\" content=\"de_DE\" \/>\n<meta property=\"og:type\" content=\"article\" \/>\n<meta property=\"og:title\" content=\"Reichen Sie Ihr Manuskript bei uns ein! &#8211; WOLF Publishing\" \/>\n<meta property=\"og:description\" content=\"Wir wollen Ihre B\u00fccher ver\u00f6ffentlichen! Lassen Sie uns Ihnen helfen, Ihre Schriftsteller-Karriere zu beginnen!\" \/>\n<meta property=\"og:url\" content=\"https:\/\/wolf-publishing.com\/de\/einsendungen\/\" \/>\n<meta property=\"og:site_name\" content=\"WOLF Publishing\" \/>\n<meta property=\"article:publisher\" content=\"https:\/\/www.facebook.com\/WOLFPublishing.WhereStorytellingLives\" \/>\n<meta property=\"article:modified_time\" content=\"2023-06-13T09:52:55+00:00\" \/>\n<meta property=\"og:image\" content=\"http:\/\/wolf-publishing.com\/wp-content\/uploads\/2021\/10\/WP-Header-Summer-1024x272.jpg\" \/>\n<meta name=\"twitter:card\" content=\"summary_large_image\" \/>\n<meta name=\"twitter:label1\" content=\"Gesch\u00e4tzte Lesezeit\" \/>\n\t<meta name=\"twitter:data1\" content=\"1\u00a0Minute\" \/>\n<script type=\"application\/ld+json\" class=\"yoast-schema-graph\">{\"@context\":\"https:\\\/\\\/schema.org\",\"@graph\":[{\"@type\":\"WebPage\",\"@id\":\"https:\\\/\\\/wolf-publishing.com\\\/de\\\/einsendungen\\\/\",\"url\":\"https:\\\/\\\/wolf-publishing.com\\\/de\\\/einsendungen\\\/\",\"name\":\"Reichen Sie Ihr Manuskript bei uns ein! &#8211; WOLF Publishing\",\"isPartOf\":{\"@id\":\"https:\\\/\\\/wolf-publishing.com\\\/de\\\/#website\"},\"primaryImageOfPage\":{\"@id\":\"https:\\\/\\\/wolf-publishing.com\\\/de\\\/einsendungen\\\/#primaryimage\"},\"image\":{\"@id\":\"https:\\\/\\\/wolf-publishing.com\\\/de\\\/einsendungen\\\/#primaryimage\"},\"thumbnailUrl\":\"http:\\\/\\\/wolf-publishing.com\\\/wp-content\\\/uploads\\\/2021\\\/06\\\/WP-Header-Summer-German-1024x272.jpg\",\"datePublished\":\"2021-05-12T20:56:28+00:00\",\"dateModified\":\"2023-06-13T09:52:55+00:00\",\"description\":\"Wir wollen Ihre B\u00fccher ver\u00f6ffentlichen! Lassen Sie uns Ihnen helfen, Ihre Schriftsteller-Karriere zu beginnen!\",\"breadcrumb\":{\"@id\":\"https:\\\/\\\/wolf-publishing.com\\\/de\\\/einsendungen\\\/#breadcrumb\"},\"inLanguage\":\"de\",\"potentialAction\":[{\"@type\":\"ReadAction\",\"target\":[\"https:\\\/\\\/wolf-publishing.com\\\/de\\\/einsendungen\\\/\"]}]},{\"@type\":\"ImageObject\",\"inLanguage\":\"de\",\"@id\":\"https:\\\/\\\/wolf-publishing.com\\\/de\\\/einsendungen\\\/#primaryimage\",\"url\":\"http:\\\/\\\/wolf-publishing.com\\\/wp-content\\\/uploads\\\/2021\\\/06\\\/WP-Header-Summer-German-1024x272.jpg\",\"contentUrl\":\"http:\\\/\\\/wolf-publishing.com\\\/wp-content\\\/uploads\\\/2021\\\/06\\\/WP-Header-Summer-German-1024x272.jpg\"},{\"@type\":\"BreadcrumbList\",\"@id\":\"https:\\\/\\\/wolf-publishing.com\\\/de\\\/einsendungen\\\/#breadcrumb\",\"itemListElement\":[{\"@type\":\"ListItem\",\"position\":1,\"name\":\"Home\",\"item\":\"https:\\\/\\\/wolf-publishing.com\\\/de\\\/home\\\/\"},{\"@type\":\"ListItem\",\"position\":2,\"name\":\"MANUSKRIPT EINREICHEN\"}]},{\"@type\":\"WebSite\",\"@id\":\"https:\\\/\\\/wolf-publishing.com\\\/de\\\/#website\",\"url\":\"https:\\\/\\\/wolf-publishing.com\\\/de\\\/\",\"name\":\"WOLF Publishing\",\"description\":\"Where Storytelling Lives.\",\"publisher\":{\"@id\":\"https:\\\/\\\/wolf-publishing.com\\\/de\\\/#organization\"},\"potentialAction\":[{\"@type\":\"SearchAction\",\"target\":{\"@type\":\"EntryPoint\",\"urlTemplate\":\"https:\\\/\\\/wolf-publishing.com\\\/de\\\/?s={search_term_string}\"},\"query-input\":{\"@type\":\"PropertyValueSpecification\",\"valueRequired\":true,\"valueName\":\"search_term_string\"}}],\"inLanguage\":\"de\"},{\"@type\":\"Organization\",\"@id\":\"https:\\\/\\\/wolf-publishing.com\\\/de\\\/#organization\",\"name\":\"WOLF Publishing\",\"url\":\"https:\\\/\\\/wolf-publishing.com\\\/de\\\/\",\"logo\":{\"@type\":\"ImageObject\",\"inLanguage\":\"de\",\"@id\":\"https:\\\/\\\/wolf-publishing.com\\\/de\\\/#\\\/schema\\\/logo\\\/image\\\/\",\"url\":\"http:\\\/\\\/wolf-publishing.com\\\/wp-content\\\/uploads\\\/2021\\\/01\\\/BlackLogoFlat-e1609705874221.png\",\"contentUrl\":\"http:\\\/\\\/wolf-publishing.com\\\/wp-content\\\/uploads\\\/2021\\\/01\\\/BlackLogoFlat-e1609705874221.png\",\"width\":300,\"height\":180,\"caption\":\"WOLF Publishing\"},\"image\":{\"@id\":\"https:\\\/\\\/wolf-publishing.com\\\/de\\\/#\\\/schema\\\/logo\\\/image\\\/\"},\"sameAs\":[\"https:\\\/\\\/www.facebook.com\\\/WOLFPublishing.WhereStorytellingLives\",\"https:\\\/\\\/www.instagram.com\\\/wolf.publishing\\\/\"]}]}<\/script>\n<!-- \/ Yoast SEO plugin. -->","yoast_head_json":{"title":"Reichen Sie Ihr Manuskript bei uns ein! &#8211; WOLF Publishing","description":"Wir wollen Ihre B\u00fccher ver\u00f6ffentlichen! Lassen Sie uns Ihnen helfen, Ihre Schriftsteller-Karriere zu beginnen!","robots":{"index":"index","follow":"follow","max-snippet":"max-snippet:-1","max-image-preview":"max-image-preview:large","max-video-preview":"max-video-preview:-1"},"canonical":"https:\/\/wolf-publishing.com\/de\/einsendungen\/","og_locale":"de_DE","og_type":"article","og_title":"Reichen Sie Ihr Manuskript bei uns ein! &#8211; WOLF Publishing","og_description":"Wir wollen Ihre B\u00fccher ver\u00f6ffentlichen! Lassen Sie uns Ihnen helfen, Ihre Schriftsteller-Karriere zu beginnen!","og_url":"https:\/\/wolf-publishing.com\/de\/einsendungen\/","og_site_name":"WOLF Publishing","article_publisher":"https:\/\/www.facebook.com\/WOLFPublishing.WhereStorytellingLives","article_modified_time":"2023-06-13T09:52:55+00:00","og_image":[{"url":"http:\/\/wolf-publishing.com\/wp-content\/uploads\/2021\/10\/WP-Header-Summer-1024x272.jpg","type":"","width":"","height":""}],"twitter_card":"summary_large_image","twitter_misc":{"Gesch\u00e4tzte Lesezeit":"1\u00a0Minute"},"schema":{"@context":"https:\/\/schema.org","@graph":[{"@type":"WebPage","@id":"https:\/\/wolf-publishing.com\/de\/einsendungen\/","url":"https:\/\/wolf-publishing.com\/de\/einsendungen\/","name":"Reichen Sie Ihr Manuskript bei uns ein! &#8211; WOLF Publishing","isPartOf":{"@id":"https:\/\/wolf-publishing.com\/de\/#website"},"primaryImageOfPage":{"@id":"https:\/\/wolf-publishing.com\/de\/einsendungen\/#primaryimage"},"image":{"@id":"https:\/\/wolf-publishing.com\/de\/einsendungen\/#primaryimage"},"thumbnailUrl":"http:\/\/wolf-publishing.com\/wp-content\/uploads\/2021\/06\/WP-Header-Summer-German-1024x272.jpg","datePublished":"2021-05-12T20:56:28+00:00","dateModified":"2023-06-13T09:52:55+00:00","description":"Wir wollen Ihre B\u00fccher ver\u00f6ffentlichen! Lassen Sie uns Ihnen helfen, Ihre Schriftsteller-Karriere zu beginnen!","breadcrumb":{"@id":"https:\/\/wolf-publishing.com\/de\/einsendungen\/#breadcrumb"},"inLanguage":"de","potentialAction":[{"@type":"ReadAction","target":["https:\/\/wolf-publishing.com\/de\/einsendungen\/"]}]},{"@type":"ImageObject","inLanguage":"de","@id":"https:\/\/wolf-publishing.com\/de\/einsendungen\/#primaryimage","url":"http:\/\/wolf-publishing.com\/wp-content\/uploads\/2021\/06\/WP-Header-Summer-German-1024x272.jpg","contentUrl":"http:\/\/wolf-publishing.com\/wp-content\/uploads\/2021\/06\/WP-Header-Summer-German-1024x272.jpg"},{"@type":"BreadcrumbList","@id":"https:\/\/wolf-publishing.com\/de\/einsendungen\/#breadcrumb","itemListElement":[{"@type":"ListItem","position":1,"name":"Home","item":"https:\/\/wolf-publishing.com\/de\/home\/"},{"@type":"ListItem","position":2,"name":"MANUSKRIPT EINREICHEN"}]},{"@type":"WebSite","@id":"https:\/\/wolf-publishing.com\/de\/#website","url":"https:\/\/wolf-publishing.com\/de\/","name":"WOLF Publishing","description":"Where Storytelling Lives.","publisher":{"@id":"https:\/\/wolf-publishing.com\/de\/#organization"},"potentialAction":[{"@type":"SearchAction","target":{"@type":"EntryPoint","urlTemplate":"https:\/\/wolf-publishing.com\/de\/?s={search_term_string}"},"query-input":{"@type":"PropertyValueSpecification","valueRequired":true,"valueName":"search_term_string"}}],"inLanguage":"de"},{"@type":"Organization","@id":"https:\/\/wolf-publishing.com\/de\/#organization","name":"WOLF Publishing","url":"https:\/\/wolf-publishing.com\/de\/","logo":{"@type":"ImageObject","inLanguage":"de","@id":"https:\/\/wolf-publishing.com\/de\/#\/schema\/logo\/image\/","url":"http:\/\/wolf-publishing.com\/wp-content\/uploads\/2021\/01\/BlackLogoFlat-e1609705874221.png","contentUrl":"http:\/\/wolf-publishing.com\/wp-content\/uploads\/2021\/01\/BlackLogoFlat-e1609705874221.png","width":300,"height":180,"caption":"WOLF Publishing"},"image":{"@id":"https:\/\/wolf-publishing.com\/de\/#\/schema\/logo\/image\/"},"sameAs":["https:\/\/www.facebook.com\/WOLFPublishing.WhereStorytellingLives","https:\/\/www.instagram.com\/wolf.publishing\/"]}]}},"_links":{"self":[{"href":"https:\/\/wolf-publishing.com\/de\/wp-json\/wp\/v2\/pages\/656","targetHints":{"allow":["GET"]}}],"collection":[{"href":"https:\/\/wolf-publishing.com\/de\/wp-json\/wp\/v2\/pages"}],"about":[{"href":"https:\/\/wolf-publishing.com\/de\/wp-json\/wp\/v2\/types\/page"}],"author":[{"embeddable":true,"href":"https:\/\/wolf-publishing.com\/de\/wp-json\/wp\/v2\/users\/2"}],"replies":[{"embeddable":true,"href":"https:\/\/wolf-publishing.com\/de\/wp-json\/wp\/v2\/comments?post=656"}],"version-history":[{"count":26,"href":"https:\/\/wolf-publishing.com\/de\/wp-json\/wp\/v2\/pages\/656\/revisions"}],"predecessor-version":[{"id":3122,"href":"https:\/\/wolf-publishing.com\/de\/wp-json\/wp\/v2\/pages\/656\/revisions\/3122"}],"wp:attachment":[{"href":"https:\/\/wolf-publishing.com\/de\/wp-json\/wp\/v2\/media?parent=656"}],"curies":[{"name":"wp","href":"https:\/\/api.w.org\/{rel}","templated":true}]}}