{"id":924,"date":"2021-06-21T17:47:50","date_gmt":"2021-06-21T17:47:50","guid":{"rendered":"https:\/\/wolf-publishing.com\/meredith-bond\/"},"modified":"2023-03-20T10:27:57","modified_gmt":"2023-03-20T10:27:57","slug":"meredith-bond","status":"publish","type":"page","link":"https:\/\/wolf-publishing.com\/de\/meredith-bond\/","title":{"rendered":"Meredith Bond"},"content":{"rendered":"\n<figure class=\"wp-block-image size-large\"><img loading=\"lazy\" decoding=\"async\" width=\"1024\" height=\"272\" src=\"http:\/\/wolf-publishing.com\/wp-content\/uploads\/2022\/03\/WP-Header-Spring-German-1024x272.jpg\" alt=\"\" class=\"wp-image-1718\" srcset=\"https:\/\/wolf-publishing.com\/wp-content\/uploads\/2022\/03\/WP-Header-Spring-German-1024x272.jpg 1024w, https:\/\/wolf-publishing.com\/wp-content\/uploads\/2022\/03\/WP-Header-Spring-German-300x80.jpg 300w, https:\/\/wolf-publishing.com\/wp-content\/uploads\/2022\/03\/WP-Header-Spring-German-768x204.jpg 768w, https:\/\/wolf-publishing.com\/wp-content\/uploads\/2022\/03\/WP-Header-Spring-German.jpg 1350w\" sizes=\"auto, (max-width: 1024px) 100vw, 1024px\" \/><\/figure>\n\n\n\n<div style=\"height:36px\" aria-hidden=\"true\" class=\"wp-block-spacer\"><\/div>\n\n\n\n<div class=\"wp-block-columns is-layout-flex wp-container-core-columns-is-layout-9d6595d7 wp-block-columns-is-layout-flex\">\n<div class=\"wp-block-column is-layout-flow wp-block-column-is-layout-flow\" style=\"flex-basis:33.33%\">\n<figure class=\"wp-block-image size-medium\"><img loading=\"lazy\" decoding=\"async\" width=\"284\" height=\"300\" src=\"https:\/\/wolf-publishing.com\/wp-content\/uploads\/2021\/06\/Outdoor-Professional-284x300.jpeg\" alt=\"\" class=\"wp-image-894\" srcset=\"https:\/\/wolf-publishing.com\/wp-content\/uploads\/2021\/06\/Outdoor-Professional-284x300.jpeg 284w, https:\/\/wolf-publishing.com\/wp-content\/uploads\/2021\/06\/Outdoor-Professional.jpeg 480w\" sizes=\"auto, (max-width: 284px) 100vw, 284px\" \/><\/figure>\n<\/div>\n\n\n\n<div class=\"wp-block-column is-layout-flow wp-block-column-is-layout-flow\" style=\"flex-basis:66.66%\">\n<p><em>USA Today<\/em>Bestseller Autorin Meredith Bonds B\u00fccher bewegen sich auf der sch\u00f6nen Grenze zwischen historischem Liebesroman und Fantasy. Die preisgekr\u00f6nte Autorin schreibt lustige, traditionelle Regency-Romanzen, mittelalterliche Artus-Romanzen und Regency-Romanzen mit einem Hauch von Magie. Meredith ist bekannt f\u00fcr ihre Charaktere, die man schnell ins Herz schlie\u00dft, und liebt es, ihre Leser auf eine Reise mitzunehmen, die sie so schnell nicht vergessen werden. <\/p>\n\n\n\n<p>Merediths neue <strong>The Royals &amp; Rebels Series<\/strong> wurde im Winter 2022 mit WOLF Publishing ver\u00f6ffentlicht.<\/p>\n\n\n\n<p>Besuchen Sie Meredith auf <a href=\"http:\/\/www.meredithbond.com\" target=\"_blank\" rel=\"noreferrer noopener\">www.meredithbond.com<\/a>.<\/p>\n<\/div>\n<\/div>\n\n\n\n<div style=\"height:33px\" aria-hidden=\"true\" class=\"wp-block-spacer\"><\/div>\n\n\n<div class=\"wp-block-image\">\n<figure class=\"aligncenter size-medium is-resized\"><img loading=\"lazy\" decoding=\"async\" src=\"https:\/\/wolf-publishing.com\/wp-content\/uploads\/2021\/01\/Separator-1-300x90.png\" alt=\"\" class=\"wp-image-193\" width=\"150\" height=\"45\" srcset=\"https:\/\/wolf-publishing.com\/wp-content\/uploads\/2021\/01\/Separator-1-300x90.png 300w, https:\/\/wolf-publishing.com\/wp-content\/uploads\/2021\/01\/Separator-1-768x230.png 768w, https:\/\/wolf-publishing.com\/wp-content\/uploads\/2021\/01\/Separator-1.png 1000w\" sizes=\"auto, (max-width: 150px) 100vw, 150px\" \/><\/figure>\n<\/div>\n\n\n<div style=\"height:33px\" aria-hidden=\"true\" class=\"wp-block-spacer\"><\/div>\n\n\n\n<h2 class=\"wp-block-heading\">Die Royals &amp; Rebels Reihe<\/h2>\n\n\n\n<div style=\"height:33px\" aria-hidden=\"true\" class=\"wp-block-spacer\"><\/div>\n\n\n\n<div class=\"wp-block-columns is-layout-flex wp-container-core-columns-is-layout-9d6595d7 wp-block-columns-is-layout-flex\">\n<div class=\"wp-block-column is-layout-flow wp-block-column-is-layout-flow\">\n<figure class=\"wp-block-image size-large\"><a href=\"https:\/\/wolf-publishing.com\/in-lieu-of-a-princess\/\"><img loading=\"lazy\" decoding=\"async\" width=\"701\" height=\"1024\" src=\"https:\/\/wolf-publishing.com\/wp-content\/uploads\/2022\/09\/PrincessEbookNewLogo-701x1024.jpg\" alt=\"\" class=\"wp-image-2474\" srcset=\"https:\/\/wolf-publishing.com\/wp-content\/uploads\/2022\/09\/PrincessEbookNewLogo-701x1024.jpg 701w, https:\/\/wolf-publishing.com\/wp-content\/uploads\/2022\/09\/PrincessEbookNewLogo-205x300.jpg 205w, https:\/\/wolf-publishing.com\/wp-content\/uploads\/2022\/09\/PrincessEbookNewLogo-768x1122.jpg 768w, https:\/\/wolf-publishing.com\/wp-content\/uploads\/2022\/09\/PrincessEbookNewLogo-1052x1536.jpg 1052w, https:\/\/wolf-publishing.com\/wp-content\/uploads\/2022\/09\/PrincessEbookNewLogo-1402x2048.jpg 1402w, https:\/\/wolf-publishing.com\/wp-content\/uploads\/2022\/09\/PrincessEbookNewLogo-scaled.jpg 1753w\" sizes=\"auto, (max-width: 701px) 100vw, 701px\" \/><\/a><\/figure>\n<\/div>\n\n\n\n<div class=\"wp-block-column is-layout-flow wp-block-column-is-layout-flow\">\n<figure class=\"wp-block-image size-large\"><img loading=\"lazy\" decoding=\"async\" width=\"701\" height=\"1024\" src=\"https:\/\/wolf-publishing.com\/wp-content\/uploads\/2022\/09\/RunEbookNewLogo-701x1024.jpg\" alt=\"\" class=\"wp-image-2476\" srcset=\"https:\/\/wolf-publishing.com\/wp-content\/uploads\/2022\/09\/RunEbookNewLogo-701x1024.jpg 701w, https:\/\/wolf-publishing.com\/wp-content\/uploads\/2022\/09\/RunEbookNewLogo-205x300.jpg 205w, https:\/\/wolf-publishing.com\/wp-content\/uploads\/2022\/09\/RunEbookNewLogo-768x1122.jpg 768w, https:\/\/wolf-publishing.com\/wp-content\/uploads\/2022\/09\/RunEbookNewLogo-1052x1536.jpg 1052w, https:\/\/wolf-publishing.com\/wp-content\/uploads\/2022\/09\/RunEbookNewLogo-1402x2048.jpg 1402w, https:\/\/wolf-publishing.com\/wp-content\/uploads\/2022\/09\/RunEbookNewLogo-scaled.jpg 1753w\" sizes=\"auto, (max-width: 701px) 100vw, 701px\" \/><\/figure>\n<\/div>\n\n\n\n<div class=\"wp-block-column is-layout-flow wp-block-column-is-layout-flow\">\n<figure class=\"wp-block-image size-large\"><img loading=\"lazy\" decoding=\"async\" width=\"701\" height=\"1024\" src=\"https:\/\/wolf-publishing.com\/wp-content\/uploads\/2022\/09\/SpiesEbookUpdateLogo-701x1024.jpg\" alt=\"\" class=\"wp-image-2478\" srcset=\"https:\/\/wolf-publishing.com\/wp-content\/uploads\/2022\/09\/SpiesEbookUpdateLogo-701x1024.jpg 701w, https:\/\/wolf-publishing.com\/wp-content\/uploads\/2022\/09\/SpiesEbookUpdateLogo-205x300.jpg 205w, https:\/\/wolf-publishing.com\/wp-content\/uploads\/2022\/09\/SpiesEbookUpdateLogo-768x1122.jpg 768w, https:\/\/wolf-publishing.com\/wp-content\/uploads\/2022\/09\/SpiesEbookUpdateLogo-1052x1536.jpg 1052w, https:\/\/wolf-publishing.com\/wp-content\/uploads\/2022\/09\/SpiesEbookUpdateLogo-1402x2048.jpg 1402w, https:\/\/wolf-publishing.com\/wp-content\/uploads\/2022\/09\/SpiesEbookUpdateLogo-scaled.jpg 1753w\" sizes=\"auto, (max-width: 701px) 100vw, 701px\" \/><\/figure>\n<\/div>\n<\/div>\n\n\n\n<div style=\"height:33px\" aria-hidden=\"true\" class=\"wp-block-spacer\"><\/div>\n\n\n\n<h2 class=\"wp-block-heading\">Fragen &amp; Antworten mit Meredith<\/h2>\n\n\n\n<div style=\"height:34px\" aria-hidden=\"true\" class=\"wp-block-spacer\"><\/div>\n\n\n\n<blockquote class=\"wp-block-quote is-layout-flow wp-block-quote-is-layout-flow\">\n<p>Glauben Sie, dass jemand ein Schriftsteller sein kann, wenn er keine starken Emotionen hat?<\/p>\n<cite>Nicht wirklich. Der ganze Sinn des Schreibens (meiner Meinung nach) ist es, den Leser emotional zu bewegen (entweder mit Freude, Hass, Liebe, Aufregung, etc.). Wenn Sie diese Emotionen nicht selbst f\u00fchlen, wie k\u00f6nnen Sie dann andere durch Ihre Worte dazu bringen, sie zu f\u00fchlen?<\/cite><\/blockquote>\n\n\n\n<blockquote class=\"wp-block-quote is-layout-flow wp-block-quote-is-layout-flow\">\n<p>Was kommt f\u00fcr Sie zuerst &#8211; die Handlung oder die Charaktere &#8211; und warum? <\/p>\n<cite>Charaktere. Fr\u00fcher war es eher die Handlung, und manchmal kann ich nicht anders, als an eine gewisse Handlung zu denken, aber die Charaktere sind das Herz einer Geschichte.<br><br><\/cite><\/blockquote>\n\n\n\n<blockquote class=\"wp-block-quote is-layout-flow wp-block-quote-is-layout-flow\">\n<p>Welches ist das erste Buch, das Sie zum Weinen gebracht hat? <\/p>\n<cite>Von meinen B\u00fcchern: &#8218;My Lord Ghost&#8216;. Es ist die Geschichte einer Frau, die auf einen Landsitz f\u00e4hrt und dort den &#8222;Geist&#8220; trifft, der dort lebt. Er hat eine so unglaublich r\u00fchrende Geschichte und ist dabei so unheimlich mutig, dass man einfach mit ihm mitf\u00fchlen muss.<\/cite><\/blockquote>\n","protected":false},"excerpt":{"rendered":"<p>USA TodayBestseller Autorin Meredith Bonds B\u00fccher bewegen sich auf der sch\u00f6nen Grenze zwischen historischem Liebesroman und Fantasy. Die preisgekr\u00f6nte Autorin schreibt lustige, traditionelle Regency-Romanzen, mittelalterliche Artus-Romanzen und Regency-Romanzen mit einem Hauch von Magie. Meredith ist bekannt f\u00fcr ihre Charaktere, die&#8230; <a class=\"di-continue-reading\" href=\"https:\/\/wolf-publishing.com\/de\/meredith-bond\/\"> Continue Reading&#8230;<\/a><\/p>\n","protected":false},"author":1,"featured_media":0,"parent":0,"menu_order":0,"comment_status":"closed","ping_status":"closed","template":"","meta":{"footnotes":""},"class_list":["post-924","page","type-page","status-publish","hentry"],"yoast_head":"<!-- This site is optimized with the Yoast SEO plugin v27.4 - https:\/\/yoast.com\/product\/yoast-seo-wordpress\/ -->\n<title>Meredith Bond &#8211; WOLF Publishing<\/title>\n<meta name=\"description\" content=\"Eine preisgekr\u00f6nte Autorin lustiger Regency-Romanzen.\" \/>\n<meta name=\"robots\" content=\"index, follow, max-snippet:-1, max-image-preview:large, max-video-preview:-1\" \/>\n<link rel=\"canonical\" href=\"https:\/\/wolf-publishing.com\/de\/meredith-bond\/\" \/>\n<meta property=\"og:locale\" content=\"de_DE\" \/>\n<meta property=\"og:type\" content=\"article\" \/>\n<meta property=\"og:title\" content=\"Meredith Bond &#8211; WOLF Publishing\" \/>\n<meta property=\"og:description\" content=\"Eine preisgekr\u00f6nte Autorin lustiger Regency-Romanzen.\" \/>\n<meta property=\"og:url\" content=\"https:\/\/wolf-publishing.com\/de\/meredith-bond\/\" \/>\n<meta property=\"og:site_name\" content=\"WOLF Publishing\" \/>\n<meta property=\"article:publisher\" content=\"https:\/\/www.facebook.com\/WOLFPublishing.WhereStorytellingLives\" \/>\n<meta property=\"article:modified_time\" content=\"2023-03-20T10:27:57+00:00\" \/>\n<meta property=\"og:image\" content=\"http:\/\/wolf-publishing.com\/wp-content\/uploads\/2022\/03\/WP-Header-Spring-German-1024x272.jpg\" \/>\n<meta name=\"twitter:card\" content=\"summary_large_image\" \/>\n<meta name=\"twitter:label1\" content=\"Gesch\u00e4tzte Lesezeit\" \/>\n\t<meta name=\"twitter:data1\" content=\"3\u00a0Minuten\" \/>\n<script type=\"application\/ld+json\" class=\"yoast-schema-graph\">{\"@context\":\"https:\\\/\\\/schema.org\",\"@graph\":[{\"@type\":\"WebPage\",\"@id\":\"https:\\\/\\\/wolf-publishing.com\\\/de\\\/meredith-bond\\\/\",\"url\":\"https:\\\/\\\/wolf-publishing.com\\\/de\\\/meredith-bond\\\/\",\"name\":\"Meredith Bond &#8211; WOLF Publishing\",\"isPartOf\":{\"@id\":\"https:\\\/\\\/wolf-publishing.com\\\/de\\\/#website\"},\"primaryImageOfPage\":{\"@id\":\"https:\\\/\\\/wolf-publishing.com\\\/de\\\/meredith-bond\\\/#primaryimage\"},\"image\":{\"@id\":\"https:\\\/\\\/wolf-publishing.com\\\/de\\\/meredith-bond\\\/#primaryimage\"},\"thumbnailUrl\":\"http:\\\/\\\/wolf-publishing.com\\\/wp-content\\\/uploads\\\/2022\\\/03\\\/WP-Header-Spring-German-1024x272.jpg\",\"datePublished\":\"2021-06-21T17:47:50+00:00\",\"dateModified\":\"2023-03-20T10:27:57+00:00\",\"description\":\"Eine preisgekr\u00f6nte Autorin lustiger Regency-Romanzen.\",\"breadcrumb\":{\"@id\":\"https:\\\/\\\/wolf-publishing.com\\\/de\\\/meredith-bond\\\/#breadcrumb\"},\"inLanguage\":\"de\",\"potentialAction\":[{\"@type\":\"ReadAction\",\"target\":[\"https:\\\/\\\/wolf-publishing.com\\\/de\\\/meredith-bond\\\/\"]}]},{\"@type\":\"ImageObject\",\"inLanguage\":\"de\",\"@id\":\"https:\\\/\\\/wolf-publishing.com\\\/de\\\/meredith-bond\\\/#primaryimage\",\"url\":\"http:\\\/\\\/wolf-publishing.com\\\/wp-content\\\/uploads\\\/2022\\\/03\\\/WP-Header-Spring-German-1024x272.jpg\",\"contentUrl\":\"http:\\\/\\\/wolf-publishing.com\\\/wp-content\\\/uploads\\\/2022\\\/03\\\/WP-Header-Spring-German-1024x272.jpg\"},{\"@type\":\"BreadcrumbList\",\"@id\":\"https:\\\/\\\/wolf-publishing.com\\\/de\\\/meredith-bond\\\/#breadcrumb\",\"itemListElement\":[{\"@type\":\"ListItem\",\"position\":1,\"name\":\"Home\",\"item\":\"https:\\\/\\\/wolf-publishing.com\\\/de\\\/home\\\/\"},{\"@type\":\"ListItem\",\"position\":2,\"name\":\"Meredith Bond\"}]},{\"@type\":\"WebSite\",\"@id\":\"https:\\\/\\\/wolf-publishing.com\\\/de\\\/#website\",\"url\":\"https:\\\/\\\/wolf-publishing.com\\\/de\\\/\",\"name\":\"WOLF Publishing\",\"description\":\"Where Storytelling Lives.\",\"publisher\":{\"@id\":\"https:\\\/\\\/wolf-publishing.com\\\/de\\\/#organization\"},\"potentialAction\":[{\"@type\":\"SearchAction\",\"target\":{\"@type\":\"EntryPoint\",\"urlTemplate\":\"https:\\\/\\\/wolf-publishing.com\\\/de\\\/?s={search_term_string}\"},\"query-input\":{\"@type\":\"PropertyValueSpecification\",\"valueRequired\":true,\"valueName\":\"search_term_string\"}}],\"inLanguage\":\"de\"},{\"@type\":\"Organization\",\"@id\":\"https:\\\/\\\/wolf-publishing.com\\\/de\\\/#organization\",\"name\":\"WOLF Publishing\",\"url\":\"https:\\\/\\\/wolf-publishing.com\\\/de\\\/\",\"logo\":{\"@type\":\"ImageObject\",\"inLanguage\":\"de\",\"@id\":\"https:\\\/\\\/wolf-publishing.com\\\/de\\\/#\\\/schema\\\/logo\\\/image\\\/\",\"url\":\"http:\\\/\\\/wolf-publishing.com\\\/wp-content\\\/uploads\\\/2021\\\/01\\\/BlackLogoFlat-e1609705874221.png\",\"contentUrl\":\"http:\\\/\\\/wolf-publishing.com\\\/wp-content\\\/uploads\\\/2021\\\/01\\\/BlackLogoFlat-e1609705874221.png\",\"width\":300,\"height\":180,\"caption\":\"WOLF Publishing\"},\"image\":{\"@id\":\"https:\\\/\\\/wolf-publishing.com\\\/de\\\/#\\\/schema\\\/logo\\\/image\\\/\"},\"sameAs\":[\"https:\\\/\\\/www.facebook.com\\\/WOLFPublishing.WhereStorytellingLives\",\"https:\\\/\\\/www.instagram.com\\\/wolf.publishing\\\/\"]}]}<\/script>\n<!-- \/ Yoast SEO plugin. -->","yoast_head_json":{"title":"Meredith Bond &#8211; WOLF Publishing","description":"Eine preisgekr\u00f6nte Autorin lustiger Regency-Romanzen.","robots":{"index":"index","follow":"follow","max-snippet":"max-snippet:-1","max-image-preview":"max-image-preview:large","max-video-preview":"max-video-preview:-1"},"canonical":"https:\/\/wolf-publishing.com\/de\/meredith-bond\/","og_locale":"de_DE","og_type":"article","og_title":"Meredith Bond &#8211; WOLF Publishing","og_description":"Eine preisgekr\u00f6nte Autorin lustiger Regency-Romanzen.","og_url":"https:\/\/wolf-publishing.com\/de\/meredith-bond\/","og_site_name":"WOLF Publishing","article_publisher":"https:\/\/www.facebook.com\/WOLFPublishing.WhereStorytellingLives","article_modified_time":"2023-03-20T10:27:57+00:00","og_image":[{"url":"http:\/\/wolf-publishing.com\/wp-content\/uploads\/2022\/03\/WP-Header-Spring-German-1024x272.jpg","type":"","width":"","height":""}],"twitter_card":"summary_large_image","twitter_misc":{"Gesch\u00e4tzte Lesezeit":"3\u00a0Minuten"},"schema":{"@context":"https:\/\/schema.org","@graph":[{"@type":"WebPage","@id":"https:\/\/wolf-publishing.com\/de\/meredith-bond\/","url":"https:\/\/wolf-publishing.com\/de\/meredith-bond\/","name":"Meredith Bond &#8211; WOLF Publishing","isPartOf":{"@id":"https:\/\/wolf-publishing.com\/de\/#website"},"primaryImageOfPage":{"@id":"https:\/\/wolf-publishing.com\/de\/meredith-bond\/#primaryimage"},"image":{"@id":"https:\/\/wolf-publishing.com\/de\/meredith-bond\/#primaryimage"},"thumbnailUrl":"http:\/\/wolf-publishing.com\/wp-content\/uploads\/2022\/03\/WP-Header-Spring-German-1024x272.jpg","datePublished":"2021-06-21T17:47:50+00:00","dateModified":"2023-03-20T10:27:57+00:00","description":"Eine preisgekr\u00f6nte Autorin lustiger Regency-Romanzen.","breadcrumb":{"@id":"https:\/\/wolf-publishing.com\/de\/meredith-bond\/#breadcrumb"},"inLanguage":"de","potentialAction":[{"@type":"ReadAction","target":["https:\/\/wolf-publishing.com\/de\/meredith-bond\/"]}]},{"@type":"ImageObject","inLanguage":"de","@id":"https:\/\/wolf-publishing.com\/de\/meredith-bond\/#primaryimage","url":"http:\/\/wolf-publishing.com\/wp-content\/uploads\/2022\/03\/WP-Header-Spring-German-1024x272.jpg","contentUrl":"http:\/\/wolf-publishing.com\/wp-content\/uploads\/2022\/03\/WP-Header-Spring-German-1024x272.jpg"},{"@type":"BreadcrumbList","@id":"https:\/\/wolf-publishing.com\/de\/meredith-bond\/#breadcrumb","itemListElement":[{"@type":"ListItem","position":1,"name":"Home","item":"https:\/\/wolf-publishing.com\/de\/home\/"},{"@type":"ListItem","position":2,"name":"Meredith Bond"}]},{"@type":"WebSite","@id":"https:\/\/wolf-publishing.com\/de\/#website","url":"https:\/\/wolf-publishing.com\/de\/","name":"WOLF Publishing","description":"Where Storytelling Lives.","publisher":{"@id":"https:\/\/wolf-publishing.com\/de\/#organization"},"potentialAction":[{"@type":"SearchAction","target":{"@type":"EntryPoint","urlTemplate":"https:\/\/wolf-publishing.com\/de\/?s={search_term_string}"},"query-input":{"@type":"PropertyValueSpecification","valueRequired":true,"valueName":"search_term_string"}}],"inLanguage":"de"},{"@type":"Organization","@id":"https:\/\/wolf-publishing.com\/de\/#organization","name":"WOLF Publishing","url":"https:\/\/wolf-publishing.com\/de\/","logo":{"@type":"ImageObject","inLanguage":"de","@id":"https:\/\/wolf-publishing.com\/de\/#\/schema\/logo\/image\/","url":"http:\/\/wolf-publishing.com\/wp-content\/uploads\/2021\/01\/BlackLogoFlat-e1609705874221.png","contentUrl":"http:\/\/wolf-publishing.com\/wp-content\/uploads\/2021\/01\/BlackLogoFlat-e1609705874221.png","width":300,"height":180,"caption":"WOLF Publishing"},"image":{"@id":"https:\/\/wolf-publishing.com\/de\/#\/schema\/logo\/image\/"},"sameAs":["https:\/\/www.facebook.com\/WOLFPublishing.WhereStorytellingLives","https:\/\/www.instagram.com\/wolf.publishing\/"]}]}},"_links":{"self":[{"href":"https:\/\/wolf-publishing.com\/de\/wp-json\/wp\/v2\/pages\/924","targetHints":{"allow":["GET"]}}],"collection":[{"href":"https:\/\/wolf-publishing.com\/de\/wp-json\/wp\/v2\/pages"}],"about":[{"href":"https:\/\/wolf-publishing.com\/de\/wp-json\/wp\/v2\/types\/page"}],"author":[{"embeddable":true,"href":"https:\/\/wolf-publishing.com\/de\/wp-json\/wp\/v2\/users\/1"}],"replies":[{"embeddable":true,"href":"https:\/\/wolf-publishing.com\/de\/wp-json\/wp\/v2\/comments?post=924"}],"version-history":[{"count":25,"href":"https:\/\/wolf-publishing.com\/de\/wp-json\/wp\/v2\/pages\/924\/revisions"}],"predecessor-version":[{"id":3003,"href":"https:\/\/wolf-publishing.com\/de\/wp-json\/wp\/v2\/pages\/924\/revisions\/3003"}],"wp:attachment":[{"href":"https:\/\/wolf-publishing.com\/de\/wp-json\/wp\/v2\/media?parent=924"}],"curies":[{"name":"wp","href":"https:\/\/api.w.org\/{rel}","templated":true}]}}